{"id":8820,"date":"2023-08-04T15:38:35","date_gmt":"2023-08-04T13:38:35","guid":{"rendered":"https:\/\/localhost\/?page_id=8820"},"modified":"2024-06-17T13:49:48","modified_gmt":"2024-06-17T11:49:48","slug":"karrier-jelentkezes","status":"publish","type":"page","link":"https:\/\/artofinfo.eu\/hu\/karrier-jelentkezes\/","title":{"rendered":"Karrier az ArtOfInfo-n\u00e1l"},"content":{"rendered":"<section class=\"l-section wpb_row us_custom_6e704393 height_medium with_img\"><div class=\"l-section-img\" data-img-width=\"1600\" data-img-height=\"400\" style=\"background-image: url(https:\/\/artofinfo.eu\/wp-content\/uploads\/2023\/06\/szolg-teteje.png);\"><\/div><div class=\"l-section-h i-cf\"><div class=\"g-cols vc_row via_flex valign_top type_default stacking_default\"><div class=\"vc_col-sm-12 wpb_column vc_column_container\"><div class=\"vc_column-inner\"><div class=\"wpb_wrapper\">[vc_custom_heading text=&#8221;L\u00e9gy csapatunk tagja! Jelentkezz!&#8221; font_container=&#8221;tag:h2|font_size:40px|text_align:center|color:%23ffffff&#8221; use_theme_fonts=&#8221;yes&#8221; css=&#8221;%7B%22default%22%3A%7B%22font-weight%22%3A%22800%22%7D%7D&#8221;]<div class=\"w-separator size_medium\"><\/div><\/div><\/div><\/div><\/div><\/div><\/section><section class=\"l-section wpb_row height_medium\"><div class=\"l-section-h i-cf\"><div class=\"g-cols vc_row via_flex valign_top type_default stacking_default\"><div class=\"vc_col-sm-6 wpb_column vc_column_container\"><div class=\"vc_column-inner\"><div class=\"wpb_wrapper\">\n<div class=\"wpcf7 no-js\" id=\"wpcf7-f7-o1\" lang=\"hu-HU\" dir=\"ltr\" data-wpcf7-id=\"7\">\n<div class=\"screen-reader-response\"><p role=\"status\" aria-live=\"polite\" aria-atomic=\"true\"><\/p> <ul><\/ul><\/div>\n<form action=\"\/hu\/wp-json\/wp\/v2\/pages\/8820#wpcf7-f7-o1\" method=\"post\" class=\"wpcf7-form init\" aria-label=\"Kapcsolatfelv\u00e9teli \u0171rlap\" enctype=\"multipart\/form-data\" novalidate=\"novalidate\" data-status=\"init\">\n<div style=\"display: none;\">\n<input type=\"hidden\" name=\"_wpcf7\" value=\"7\" \/>\n<input type=\"hidden\" name=\"_wpcf7_version\" value=\"6.0.5\" \/>\n<input type=\"hidden\" name=\"_wpcf7_locale\" value=\"hu_HU\" \/>\n<input type=\"hidden\" name=\"_wpcf7_unit_tag\" value=\"wpcf7-f7-o1\" \/>\n<input type=\"hidden\" name=\"_wpcf7_container_post\" value=\"0\" \/>\n<input type=\"hidden\" name=\"_wpcf7_posted_data_hash\" value=\"\" \/>\n<\/div>\n<p><label> <b>N\u00e9v<\/b><br \/>\n<span class=\"wpcf7-form-control-wrap\" data-name=\"your-name\"><input size=\"40\" maxlength=\"400\" class=\"wpcf7-form-control wpcf7-text wpcf7-validates-as-required\" aria-required=\"true\" aria-invalid=\"false\" value=\"\" type=\"text\" name=\"your-name\" \/><\/span> <\/label>\n<\/p>\n<p><label> <b>Email c\u00edm<\/b><br \/>\n<span class=\"wpcf7-form-control-wrap\" data-name=\"your-email\"><input size=\"40\" maxlength=\"400\" class=\"wpcf7-form-control wpcf7-email wpcf7-validates-as-required wpcf7-text wpcf7-validates-as-email\" aria-required=\"true\" aria-invalid=\"false\" value=\"\" type=\"email\" name=\"your-email\" \/><\/span> <\/label>\n<\/p>\n<p><label> <b>Telefonsz\u00e1m<\/b><br \/>\n<span class=\"wpcf7-form-control-wrap\" data-name=\"tel-873\"><input size=\"40\" maxlength=\"400\" class=\"wpcf7-form-control wpcf7-tel wpcf7-validates-as-required wpcf7-text wpcf7-validates-as-tel\" aria-required=\"true\" aria-invalid=\"false\" value=\"\" type=\"tel\" name=\"tel-873\" \/><\/span><\/label>\n<\/p>\n<p><label> <b>LinkedIn profil<\/b> (opcion\u00e1lis)<br \/>\n<span class=\"wpcf7-form-control-wrap\" data-name=\"Linkedin\"><input size=\"40\" maxlength=\"400\" class=\"wpcf7-form-control wpcf7-url wpcf7-text wpcf7-validates-as-url\" aria-invalid=\"false\" value=\"\" type=\"url\" name=\"Linkedin\" \/><\/span><\/label>\n<\/p>\n<p><label> <b>Egy\u00e9b k\u00f6zlend\u0151<\/b> (opcion\u00e1lis)<br \/>\n<span class=\"wpcf7-form-control-wrap\" data-name=\"your-message\"><textarea cols=\"40\" rows=\"10\" maxlength=\"2000\" class=\"wpcf7-form-control wpcf7-textarea\" aria-invalid=\"false\" name=\"your-message\"><\/textarea><\/span> <\/label>\n<\/p>\n<p><label> <b>\u00d6n\u00e9letrajz felt\u00f6lt\u00e9se<\/b> (Csak doc, docx, pdf, jpg \u00e9s png kiterjeszt\u00e9s\u0171 f\u00e1jlokat lehet felt\u00f6lteni.)<br \/>\n<span class=\"wpcf7-form-control-wrap\" data-name=\"file-431\"><input size=\"40\" class=\"wpcf7-form-control wpcf7-file wpcf7-validates-as-required\" accept=\".pdf,.doc,.docx,.jpg,.jpeg,.png\" aria-required=\"true\" aria-invalid=\"false\" type=\"file\" name=\"file-431\" \/><\/span><\/label>\n<\/p>\n<p><span class=\"wpcf7-form-control-wrap\" data-name=\"adatkezelesi-tajekoztato\"><span class=\"wpcf7-form-control wpcf7-acceptance\"><span class=\"wpcf7-list-item\"><label><input type=\"checkbox\" name=\"adatkezelesi-tajekoztato\" value=\"1\" aria-invalid=\"false\" \/><span class=\"wpcf7-list-item-label\">Az <strong><a href=\"https:\/\/artofinfo.eu\/wp-content\/uploads\/2023\/10\/aoi-adatkezelesi-tajekoztato-2023.pdf\">adatkezel\u00e9si t\u00e1j\u00e9koztat\u00f3<\/a><\/strong> ismeret\u00e9ben hozz\u00e1j\u00e1rulok a szem\u00e9lyes adataim kezel\u00e9s\u00e9hez.<\/span><\/label><\/span><\/span><\/span>\n<\/p>\n<p class=\"aiowps-captcha hide-when-displaying-tfa-input\"><label for=\"aiowps-captcha-answer\">K\u00e9rj\u00fck, adja meg a v\u00e1laszt sz\u00e1mjegyekkel:<\/label>\n<\/p>\n<div class=\"aiowps-captcha-equation hide-when-displaying-tfa-input\">\n\t<p><strong>\u00f6t &#215; n\u00e9gy = <input type=\"hidden\" name=\"aiowps-captcha-string-info\" class=\"aiowps-captcha-string-info\" value=\"ffch7do37h\" \/><input type=\"hidden\" name=\"aiowps-captcha-temp-string\" class=\"aiowps-captcha-temp-string\" value=\"1775343692\" \/><input type=\"text\" size=\"2\" class=\"aiowps-captcha-answer\" name=\"aiowps-captcha-answer\" value=\"\" autocomplete=\"off\" \/><\/strong>\n\t<\/p>\n<\/div>\n<p><span class='wpcf7-form-control-wrap' data-name='aiowps-captcha'><\/span>\n<\/p>\n<div class=\"recaptcha-aoi-wrap\"><div class=\"g-recaptcha\" data-sitekey=\"6LfIRKEsAAAAACEpcqi-YJw33Dw1GnLu188sBZA2\"><\/div><\/div>\n<p><input class=\"wpcf7-form-control wpcf7-submit has-spinner\" type=\"submit\" value=\"K\u00fcld\u00e9s\" \/>\n<\/p><div class=\"wpcf7-response-output\" aria-hidden=\"true\"><\/div>\n<\/form>\n<\/div>\n<\/div><\/div><\/div><div class=\"vc_col-sm-6 wpb_column vc_column_container\"><div class=\"vc_column-inner\"><div class=\"wpb_wrapper\"><div class=\"w-image align_none\"><div class=\"w-image-h\"><img loading=\"lazy\" decoding=\"async\" width=\"802\" height=\"694\" src=\"https:\/\/artofinfo.eu\/wp-content\/uploads\/2023\/06\/egyedi-felso.jpg\" class=\"attachment-full size-full\" alt=\"Ipar 4.0 ARTofINFO\" srcset=\"https:\/\/artofinfo.eu\/wp-content\/uploads\/2023\/06\/egyedi-felso.jpg 802w, https:\/\/artofinfo.eu\/wp-content\/uploads\/2023\/06\/egyedi-felso-300x260.jpg 300w, https:\/\/artofinfo.eu\/wp-content\/uploads\/2023\/06\/egyedi-felso-600x519.jpg 600w\" sizes=\"auto, (max-width: 802px) 100vw, 802px\" \/><\/div><\/div><\/div><\/div><\/div><\/div><\/div><\/section>\n","protected":false},"excerpt":{"rendered":"[vc_custom_heading text=\"L\u00e9gy csapatunk tagja! Jelentkezz!\" font_container=\"tag:h2|font_size:40px|text_align:center|color:%23ffffff\" use_theme_fonts=\"yes\" css=\"%7B%22default%22%3A%7B%22font-weight%22%3A%22800%22%7D%7D\"] N\u00e9v Email c\u00edm Telefonsz\u00e1m LinkedIn profil (opcion\u00e1lis) Egy\u00e9b k\u00f6zlend\u0151 (opcion\u00e1lis) \u00d6n\u00e9letrajz felt\u00f6lt\u00e9se (Csak doc, docx, pdf, jpg \u00e9s png kiterjeszt\u00e9s\u0171 f\u00e1jlokat lehet felt\u00f6lteni.) Az adatkezel\u00e9si t\u00e1j\u00e9koztat\u00f3 ismeret\u00e9ben hozz\u00e1j\u00e1rulok a szem\u00e9lyes adataim kezel\u00e9s\u00e9hez. K\u00e9rj\u00fck, adja meg a v\u00e1laszt sz\u00e1mjegyekkel: hat &#8722; 1 =","protected":false},"author":123457,"featured_media":0,"parent":0,"menu_order":0,"comment_status":"closed","ping_status":"closed","template":"","meta":{"_acf_changed":false,"footnotes":""},"class_list":["post-8820","page","type-page","status-publish","hentry"],"acf":[],"yoast_head":"<!-- This site is optimized with the Yoast SEO Premium plugin v24.7 (Yoast SEO v24.7) - https:\/\/yoast.com\/wordpress\/plugins\/seo\/ -->\n<title>ArtOfInfo \u00e1ll\u00e1sra jelentkez\u00e9s<\/title>\n<meta name=\"description\" content=\"Karrier lehet\u0151s\u00e9g budapesti fejleszt\u0151 k\u00f6zpontunkban. \u00d6sszetart\u00f3 csapat, j\u00f3 hangulat, szakmai fejl\u0151d\u00e9si lehet\u0151s\u00e9g.\" \/>\n<meta name=\"robots\" content=\"index, follow, max-snippet:-1, max-image-preview:large, max-video-preview:-1\" \/>\n<link rel=\"canonical\" href=\"https:\/\/artofinfo.eu\/en\/career-application\/\" \/>\n<meta property=\"og:locale\" content=\"hu_HU\" \/>\n<meta property=\"og:type\" content=\"article\" \/>\n<meta property=\"og:title\" content=\"Karrier az ArtOfInfo-n\u00e1l\" \/>\n<meta property=\"og:description\" content=\"Karrier lehet\u0151s\u00e9g budapesti fejleszt\u0151 k\u00f6zpontunkban. \u00d6sszetart\u00f3 csapat, j\u00f3 hangulat, szakmai fejl\u0151d\u00e9si lehet\u0151s\u00e9g.\" \/>\n<meta property=\"og:url\" content=\"https:\/\/artofinfo.eu\/en\/career-application\/\" \/>\n<meta property=\"og:site_name\" content=\"ArtOfInfo\" \/>\n<meta property=\"article:publisher\" content=\"https:\/\/www.facebook.com\/artofinfo\/\" \/>\n<meta property=\"article:modified_time\" content=\"2024-06-17T11:49:48+00:00\" \/>\n<meta name=\"twitter:card\" content=\"summary_large_image\" \/>\n<meta name=\"twitter:label1\" content=\"Becs\u00fclt olvas\u00e1si id\u0151\" \/>\n\t<meta name=\"twitter:data1\" content=\"1 perc\" \/>\n<script type=\"application\/ld+json\" class=\"yoast-schema-graph\">{\"@context\":\"https:\/\/schema.org\",\"@graph\":[{\"@type\":\"WebPage\",\"@id\":\"https:\/\/artofinfo.eu\/en\/career-application\/\",\"url\":\"https:\/\/artofinfo.eu\/en\/career-application\/\",\"name\":\"ArtOfInfo \u00e1ll\u00e1sra jelentkez\u00e9s\",\"isPartOf\":{\"@id\":\"https:\/\/artofinfo.eu\/en\/#website\"},\"datePublished\":\"2023-08-04T13:38:35+00:00\",\"dateModified\":\"2024-06-17T11:49:48+00:00\",\"description\":\"Karrier lehet\u0151s\u00e9g budapesti fejleszt\u0151 k\u00f6zpontunkban. \u00d6sszetart\u00f3 csapat, j\u00f3 hangulat, szakmai fejl\u0151d\u00e9si lehet\u0151s\u00e9g.\",\"breadcrumb\":{\"@id\":\"https:\/\/artofinfo.eu\/en\/career-application\/#breadcrumb\"},\"inLanguage\":\"hu\",\"potentialAction\":[{\"@type\":\"ReadAction\",\"target\":[\"https:\/\/artofinfo.eu\/en\/career-application\/\"]}]},{\"@type\":\"BreadcrumbList\",\"@id\":\"https:\/\/artofinfo.eu\/en\/career-application\/#breadcrumb\",\"itemListElement\":[{\"@type\":\"ListItem\",\"position\":1,\"name\":\"Home\",\"item\":\"https:\/\/artofinfo.eu\/hu\/\"},{\"@type\":\"ListItem\",\"position\":2,\"name\":\"Karrier az ArtOfInfo-n\u00e1l\"}]},{\"@type\":\"WebSite\",\"@id\":\"https:\/\/artofinfo.eu\/en\/#website\",\"url\":\"https:\/\/artofinfo.eu\/en\/\",\"name\":\"artofinfo\",\"description\":\"\",\"publisher\":{\"@id\":\"https:\/\/artofinfo.eu\/en\/#organization\"},\"potentialAction\":[{\"@type\":\"SearchAction\",\"target\":{\"@type\":\"EntryPoint\",\"urlTemplate\":\"https:\/\/artofinfo.eu\/en\/?s={search_term_string}\"},\"query-input\":{\"@type\":\"PropertyValueSpecification\",\"valueRequired\":true,\"valueName\":\"search_term_string\"}}],\"inLanguage\":\"hu\"},{\"@type\":\"Organization\",\"@id\":\"https:\/\/artofinfo.eu\/en\/#organization\",\"name\":\"ARTofINFO Kft.\",\"url\":\"https:\/\/artofinfo.eu\/en\/\",\"logo\":{\"@type\":\"ImageObject\",\"inLanguage\":\"hu\",\"@id\":\"https:\/\/artofinfo.eu\/en\/#\/schema\/logo\/image\/\",\"url\":\"https:\/\/artofinfo.eu\/wp-content\/uploads\/2023\/09\/artofinfo_logo_website.svg\",\"contentUrl\":\"https:\/\/artofinfo.eu\/wp-content\/uploads\/2023\/09\/artofinfo_logo_website.svg\",\"width\":\"1024\",\"height\":\"1024\",\"caption\":\"ARTofINFO Kft.\"},\"image\":{\"@id\":\"https:\/\/artofinfo.eu\/en\/#\/schema\/logo\/image\/\"},\"sameAs\":[\"https:\/\/www.facebook.com\/artofinfo\/\",\"https:\/\/www.instagram.com\/artofinfokft\/\",\"https:\/\/hu.linkedin.com\/company\/artofinfo\",\"https:\/\/dreamjobs.hu\/hu\/company\/artofinfo-kft\"]}]}<\/script>\n<!-- \/ Yoast SEO Premium plugin. -->","yoast_head_json":{"title":"ArtOfInfo \u00e1ll\u00e1sra jelentkez\u00e9s","description":"Karrier lehet\u0151s\u00e9g budapesti fejleszt\u0151 k\u00f6zpontunkban. \u00d6sszetart\u00f3 csapat, j\u00f3 hangulat, szakmai fejl\u0151d\u00e9si lehet\u0151s\u00e9g.","robots":{"index":"index","follow":"follow","max-snippet":"max-snippet:-1","max-image-preview":"max-image-preview:large","max-video-preview":"max-video-preview:-1"},"canonical":"https:\/\/artofinfo.eu\/en\/career-application\/","og_locale":"hu_HU","og_type":"article","og_title":"Karrier az ArtOfInfo-n\u00e1l","og_description":"Karrier lehet\u0151s\u00e9g budapesti fejleszt\u0151 k\u00f6zpontunkban. \u00d6sszetart\u00f3 csapat, j\u00f3 hangulat, szakmai fejl\u0151d\u00e9si lehet\u0151s\u00e9g.","og_url":"https:\/\/artofinfo.eu\/en\/career-application\/","og_site_name":"ArtOfInfo","article_publisher":"https:\/\/www.facebook.com\/artofinfo\/","article_modified_time":"2024-06-17T11:49:48+00:00","twitter_card":"summary_large_image","twitter_misc":{"Becs\u00fclt olvas\u00e1si id\u0151":"1 perc"},"schema":{"@context":"https:\/\/schema.org","@graph":[{"@type":"WebPage","@id":"https:\/\/artofinfo.eu\/en\/career-application\/","url":"https:\/\/artofinfo.eu\/en\/career-application\/","name":"ArtOfInfo \u00e1ll\u00e1sra jelentkez\u00e9s","isPartOf":{"@id":"https:\/\/artofinfo.eu\/en\/#website"},"datePublished":"2023-08-04T13:38:35+00:00","dateModified":"2024-06-17T11:49:48+00:00","description":"Karrier lehet\u0151s\u00e9g budapesti fejleszt\u0151 k\u00f6zpontunkban. \u00d6sszetart\u00f3 csapat, j\u00f3 hangulat, szakmai fejl\u0151d\u00e9si lehet\u0151s\u00e9g.","breadcrumb":{"@id":"https:\/\/artofinfo.eu\/en\/career-application\/#breadcrumb"},"inLanguage":"hu","potentialAction":[{"@type":"ReadAction","target":["https:\/\/artofinfo.eu\/en\/career-application\/"]}]},{"@type":"BreadcrumbList","@id":"https:\/\/artofinfo.eu\/en\/career-application\/#breadcrumb","itemListElement":[{"@type":"ListItem","position":1,"name":"Home","item":"https:\/\/artofinfo.eu\/hu\/"},{"@type":"ListItem","position":2,"name":"Karrier az ArtOfInfo-n\u00e1l"}]},{"@type":"WebSite","@id":"https:\/\/artofinfo.eu\/en\/#website","url":"https:\/\/artofinfo.eu\/en\/","name":"artofinfo","description":"","publisher":{"@id":"https:\/\/artofinfo.eu\/en\/#organization"},"potentialAction":[{"@type":"SearchAction","target":{"@type":"EntryPoint","urlTemplate":"https:\/\/artofinfo.eu\/en\/?s={search_term_string}"},"query-input":{"@type":"PropertyValueSpecification","valueRequired":true,"valueName":"search_term_string"}}],"inLanguage":"hu"},{"@type":"Organization","@id":"https:\/\/artofinfo.eu\/en\/#organization","name":"ARTofINFO Kft.","url":"https:\/\/artofinfo.eu\/en\/","logo":{"@type":"ImageObject","inLanguage":"hu","@id":"https:\/\/artofinfo.eu\/en\/#\/schema\/logo\/image\/","url":"https:\/\/artofinfo.eu\/wp-content\/uploads\/2023\/09\/artofinfo_logo_website.svg","contentUrl":"https:\/\/artofinfo.eu\/wp-content\/uploads\/2023\/09\/artofinfo_logo_website.svg","width":"1024","height":"1024","caption":"ARTofINFO Kft."},"image":{"@id":"https:\/\/artofinfo.eu\/en\/#\/schema\/logo\/image\/"},"sameAs":["https:\/\/www.facebook.com\/artofinfo\/","https:\/\/www.instagram.com\/artofinfokft\/","https:\/\/hu.linkedin.com\/company\/artofinfo","https:\/\/dreamjobs.hu\/hu\/company\/artofinfo-kft"]}]}},"_links":{"self":[{"href":"https:\/\/artofinfo.eu\/hu\/wp-json\/wp\/v2\/pages\/8820","targetHints":{"allow":["GET"]}}],"collection":[{"href":"https:\/\/artofinfo.eu\/hu\/wp-json\/wp\/v2\/pages"}],"about":[{"href":"https:\/\/artofinfo.eu\/hu\/wp-json\/wp\/v2\/types\/page"}],"author":[{"embeddable":true,"href":"https:\/\/artofinfo.eu\/hu\/wp-json\/wp\/v2\/users\/123457"}],"replies":[{"embeddable":true,"href":"https:\/\/artofinfo.eu\/hu\/wp-json\/wp\/v2\/comments?post=8820"}],"version-history":[{"count":9,"href":"https:\/\/artofinfo.eu\/hu\/wp-json\/wp\/v2\/pages\/8820\/revisions"}],"predecessor-version":[{"id":12565,"href":"https:\/\/artofinfo.eu\/hu\/wp-json\/wp\/v2\/pages\/8820\/revisions\/12565"}],"wp:attachment":[{"href":"https:\/\/artofinfo.eu\/hu\/wp-json\/wp\/v2\/media?parent=8820"}],"curies":[{"name":"wp","href":"https:\/\/api.w.org\/{rel}","templated":true}]}}