{"id":8813,"date":"2023-08-04T15:09:32","date_gmt":"2023-08-04T13:09:32","guid":{"rendered":"https:\/\/localhost\/?page_id=8813"},"modified":"2026-04-01T12:26:25","modified_gmt":"2026-04-01T10:26:25","slug":"ingyenes-konzultacio","status":"publish","type":"page","link":"https:\/\/artofinfo.eu\/hu\/ingyenes-konzultacio\/","title":{"rendered":"Ingyenes konzult\u00e1ci\u00f3"},"content":{"rendered":"<section class=\"l-section wpb_row us_custom_6e704393 height_medium with_img\"><div class=\"l-section-img\" data-img-width=\"1600\" data-img-height=\"400\" style=\"background-image: url(https:\/\/artofinfo.eu\/wp-content\/uploads\/2023\/06\/szolg-teteje.png);\"><\/div><div class=\"l-section-h i-cf\"><div class=\"g-cols vc_row via_flex valign_top type_default stacking_default\"><div class=\"vc_col-sm-12 wpb_column vc_column_container\"><div class=\"vc_column-inner\"><div class=\"wpb_wrapper\">[vc_custom_heading text=&#8221;Mi megtal\u00e1ljuk a legjobb megold\u00e1st az<br \/>\n\u00fczleti ig\u00e9nyeidre&#8221; font_container=&#8221;tag:h2|font_size:40px|text_align:center|color:%23ffffff&#8221; use_theme_fonts=&#8221;yes&#8221; css=&#8221;%7B%22default%22%3A%7B%22font-weight%22%3A%22800%22%7D%7D&#8221;]<div class=\"g-cols wpb_row via_flex valign_top type_default stacking_default\"><div class=\"vc_col-sm-3 wpb_column vc_column_container\"><div class=\"vc_column-inner\"><div class=\"wpb_wrapper\"><\/div><\/div><\/div><div class=\"vc_col-sm-6 wpb_column vc_column_container\"><div class=\"vc_column-inner\"><div class=\"wpb_wrapper\"><div class=\"wpb_text_column\"><div class=\"wpb_wrapper\"><p style=\"text-align: center;\"><span style=\"color: #ffffff;\">Szak\u00e9rt\u0151ink seg\u00edts\u00e9g\u00e9vel ingyenes konzult\u00e1ci\u00f3s workshopot biztos\u00edtunk, hogy kider\u00edts\u00fck, pontosan hogy tudjuk t\u00e1mogatni v\u00e1llalkoz\u00e1sodat! <\/span><\/p>\n<\/div><\/div><\/div><\/div><\/div><div class=\"vc_col-sm-3 wpb_column vc_column_container\"><div class=\"vc_column-inner\"><div class=\"wpb_wrapper\"><\/div><\/div><\/div><\/div><\/div><\/div><\/div><\/div><\/div><\/section><section class=\"l-section wpb_row height_medium\"><div class=\"l-section-h i-cf\"><div class=\"g-cols vc_row via_flex valign_top type_default stacking_default\"><div class=\"vc_col-sm-6 wpb_column vc_column_container\"><div class=\"vc_column-inner\"><div class=\"wpb_wrapper\">\n<div class=\"wpcf7 no-js\" id=\"wpcf7-f9701-o1\" lang=\"hu-HU\" dir=\"ltr\" data-wpcf7-id=\"9701\">\n<div class=\"screen-reader-response\"><p role=\"status\" aria-live=\"polite\" aria-atomic=\"true\"><\/p> <ul><\/ul><\/div>\n<form action=\"\/hu\/wp-json\/wp\/v2\/pages\/8813#wpcf7-f9701-o1\" method=\"post\" class=\"wpcf7-form init\" aria-label=\"Kapcsolatfelv\u00e9teli \u0171rlap\" novalidate=\"novalidate\" data-status=\"init\">\n<div style=\"display: none;\">\n<input type=\"hidden\" name=\"_wpcf7\" value=\"9701\" \/>\n<input type=\"hidden\" name=\"_wpcf7_version\" value=\"6.0.5\" \/>\n<input type=\"hidden\" name=\"_wpcf7_locale\" value=\"hu_HU\" \/>\n<input type=\"hidden\" name=\"_wpcf7_unit_tag\" value=\"wpcf7-f9701-o1\" \/>\n<input type=\"hidden\" name=\"_wpcf7_container_post\" value=\"0\" \/>\n<input type=\"hidden\" name=\"_wpcf7_posted_data_hash\" value=\"\" \/>\n<\/div>\n<p><label> <b>N\u00e9v<\/b><br \/>\n<span class=\"wpcf7-form-control-wrap\" data-name=\"your-name\"><input size=\"40\" maxlength=\"400\" class=\"wpcf7-form-control wpcf7-text wpcf7-validates-as-required\" autocomplete=\"name\" aria-required=\"true\" aria-invalid=\"false\" value=\"\" type=\"text\" name=\"your-name\" \/><\/span> <\/label>\n<\/p>\n<p><label> <b>E-mail<\/b><br \/>\n<span class=\"wpcf7-form-control-wrap\" data-name=\"your-email\"><input size=\"40\" maxlength=\"400\" class=\"wpcf7-form-control wpcf7-email wpcf7-validates-as-required wpcf7-text wpcf7-validates-as-email\" autocomplete=\"email\" aria-required=\"true\" aria-invalid=\"false\" value=\"\" type=\"email\" name=\"your-email\" \/><\/span> <\/label>\n<\/p>\n<p><label> <b>Telefonsz\u00e1m<\/b><br \/>\n<span class=\"wpcf7-form-control-wrap\" data-name=\"your-phone\"><input size=\"40\" maxlength=\"400\" class=\"wpcf7-form-control wpcf7-text wpcf7-validates-as-required\" aria-required=\"true\" aria-invalid=\"false\" value=\"\" type=\"text\" name=\"your-phone\" \/><\/span> <\/label>\n<\/p>\n<p><label> <b>C\u00e9g neve<\/b><br \/>\n<span class=\"wpcf7-form-control-wrap\" data-name=\"your-company\"><input size=\"40\" maxlength=\"400\" class=\"wpcf7-form-control wpcf7-text wpcf7-validates-as-required\" aria-required=\"true\" aria-invalid=\"false\" value=\"\" type=\"text\" name=\"your-company\" \/><\/span> <\/label>\n<\/p>\n<p><label> <b>Konkr\u00e9t \u00fczleti ig\u00e9ny megnevez\u00e9se<\/b><br \/>\n<span class=\"wpcf7-form-control-wrap\" data-name=\"your-message\"><textarea cols=\"40\" rows=\"10\" maxlength=\"2000\" class=\"wpcf7-form-control wpcf7-textarea wpcf7-validates-as-required\" aria-required=\"true\" aria-invalid=\"false\" name=\"your-message\"><\/textarea><\/span> <\/label>\n<\/p>\n<p><span class=\"wpcf7-form-control-wrap\" data-name=\"adatkezelesi-tajekoztato\"><span class=\"wpcf7-form-control wpcf7-acceptance\"><span class=\"wpcf7-list-item\"><label><input type=\"checkbox\" name=\"adatkezelesi-tajekoztato\" value=\"1\" aria-invalid=\"false\" \/><span class=\"wpcf7-list-item-label\">Az <strong><a href=\"https:\/\/artofinfo.eu\/wp-content\/uploads\/2023\/10\/aoi-adatkezelesi-tajekoztato-2023.pdf\">adatkezel\u00e9si t\u00e1j\u00e9koztat\u00f3<\/a><\/strong> ismeret\u00e9ben hozz\u00e1j\u00e1rulok a szem\u00e9lyes adataim kezel\u00e9s\u00e9hez.<\/span><\/label><\/span><\/span><\/span>\n<\/p>\n<div class=\"recaptcha-aoi-wrap\"><div class=\"g-recaptcha\" data-sitekey=\"6LfIRKEsAAAAACEpcqi-YJw33Dw1GnLu188sBZA2\"><\/div><\/div>\n<p class=\"aiowps-captcha hide-when-displaying-tfa-input\"><label for=\"aiowps-captcha-answer\">K\u00e9rj\u00fck, adja meg a v\u00e1laszt sz\u00e1mjegyekkel:<\/label>\n<\/p>\n<div class=\"aiowps-captcha-equation hide-when-displaying-tfa-input\">\n\t<p><strong>9 &#43; 12 = <input type=\"hidden\" name=\"aiowps-captcha-string-info\" class=\"aiowps-captcha-string-info\" value=\"y4mhci5qh2\" \/><input type=\"hidden\" name=\"aiowps-captcha-temp-string\" class=\"aiowps-captcha-temp-string\" value=\"1775732544\" \/><input type=\"text\" size=\"2\" class=\"aiowps-captcha-answer\" name=\"aiowps-captcha-answer\" value=\"\" autocomplete=\"off\" \/><\/strong>\n\t<\/p>\n<\/div>\n<p><span class='wpcf7-form-control-wrap' data-name='aiowps-captcha'><\/span><input class=\"wpcf7-form-control wpcf7-submit has-spinner\" type=\"submit\" value=\"K\u00fcld\u00e9s\" \/>\n<\/p><div class=\"wpcf7-response-output\" aria-hidden=\"true\"><\/div>\n<\/form>\n<\/div>\n<\/div><\/div><\/div><div class=\"vc_col-sm-6 wpb_column vc_column_container\"><div class=\"vc_column-inner\"><div class=\"wpb_wrapper\"><div class=\"w-image align_none\"><div class=\"w-image-h\"><img loading=\"lazy\" decoding=\"async\" width=\"802\" height=\"694\" src=\"https:\/\/artofinfo.eu\/wp-content\/uploads\/2023\/06\/egyedi-felso.jpg\" class=\"attachment-full size-full\" alt=\"Ipar 4.0 ARTofINFO\" srcset=\"https:\/\/artofinfo.eu\/wp-content\/uploads\/2023\/06\/egyedi-felso.jpg 802w, https:\/\/artofinfo.eu\/wp-content\/uploads\/2023\/06\/egyedi-felso-300x260.jpg 300w, https:\/\/artofinfo.eu\/wp-content\/uploads\/2023\/06\/egyedi-felso-600x519.jpg 600w\" sizes=\"auto, (max-width: 802px) 100vw, 802px\" \/><\/div><\/div><\/div><\/div><\/div><\/div><\/div><\/section>\n","protected":false},"excerpt":{"rendered":"[vc_custom_heading text=\"Mi megtal\u00e1ljuk a legjobb megold\u00e1st az \u00fczleti ig\u00e9nyeidre\" font_container=\"tag:h2|font_size:40px|text_align:center|color:%23ffffff\" use_theme_fonts=\"yes\" css=\"%7B%22default%22%3A%7B%22font-weight%22%3A%22800%22%7D%7D\"]Szak\u00e9rt\u0151ink seg\u00edts\u00e9g\u00e9vel ingyenes konzult\u00e1ci\u00f3s workshopot biztos\u00edtunk, hogy kider\u00edts\u00fck, pontosan hogy tudjuk t\u00e1mogatni v\u00e1llalkoz\u00e1sodat! N\u00e9v E-mail Telefonsz\u00e1m C\u00e9g neve Konkr\u00e9t \u00fczleti ig\u00e9ny megnevez\u00e9se Az adatkezel\u00e9si t\u00e1j\u00e9koztat\u00f3 ismeret\u00e9ben hozz\u00e1j\u00e1rulok a szem\u00e9lyes adataim kezel\u00e9s\u00e9hez. K\u00e9rj\u00fck, adja meg a v\u00e1laszt sz\u00e1mjegyekkel: 18 &#8722; 8 =","protected":false},"author":123457,"featured_media":11068,"parent":0,"menu_order":0,"comment_status":"closed","ping_status":"closed","template":"","meta":{"_acf_changed":false,"footnotes":""},"class_list":["post-8813","page","type-page","status-publish","has-post-thumbnail","hentry"],"acf":[],"yoast_head":"<!-- This site is optimized with the Yoast SEO Premium plugin v24.7 (Yoast SEO v24.7) - https:\/\/yoast.com\/wordpress\/plugins\/seo\/ -->\n<title>Ingyenes konzult\u00e1ci\u00f3 I ARTofINFO<\/title>\n<meta name=\"description\" content=\"Szak\u00e9rt\u0151ink seg\u00edts\u00e9g\u00e9vel ingyenes konzult\u00e1ci\u00f3s workshopot biztos\u00edtunk. Vedd fel vel\u00fcnk a kapcsolatot m\u00e9g ma!\" \/>\n<meta name=\"robots\" content=\"index, follow, max-snippet:-1, max-image-preview:large, max-video-preview:-1\" \/>\n<link rel=\"canonical\" href=\"https:\/\/artofinfo.eu\/hu\/ingyenes-konzultacio\/\" \/>\n<meta property=\"og:locale\" content=\"hu_HU\" \/>\n<meta property=\"og:type\" content=\"article\" \/>\n<meta property=\"og:title\" content=\"Ingyenes konzult\u00e1ci\u00f3\" \/>\n<meta property=\"og:description\" content=\"Szak\u00e9rt\u0151ink seg\u00edts\u00e9g\u00e9vel ingyenes konzult\u00e1ci\u00f3s workshopot biztos\u00edtunk. Vedd fel vel\u00fcnk a kapcsolatot m\u00e9g ma!\" \/>\n<meta property=\"og:url\" content=\"https:\/\/artofinfo.eu\/hu\/ingyenes-konzultacio\/\" \/>\n<meta property=\"og:site_name\" content=\"ArtOfInfo\" \/>\n<meta property=\"article:publisher\" content=\"https:\/\/www.facebook.com\/artofinfo\/\" \/>\n<meta property=\"article:modified_time\" content=\"2026-04-01T10:26:25+00:00\" \/>\n<meta property=\"og:image\" content=\"https:\/\/artofinfo.eu\/wp-content\/uploads\/2024\/01\/usiness-people-meeting-discuss-situation-marketing.jpg\" \/>\n\t<meta property=\"og:image:width\" content=\"2000\" \/>\n\t<meta property=\"og:image:height\" content=\"1217\" \/>\n\t<meta property=\"og:image:type\" content=\"image\/jpeg\" \/>\n<meta name=\"twitter:card\" content=\"summary_large_image\" \/>\n<meta name=\"twitter:label1\" content=\"Becs\u00fclt olvas\u00e1si id\u0151\" \/>\n\t<meta name=\"twitter:data1\" content=\"1 perc\" \/>\n<script type=\"application\/ld+json\" class=\"yoast-schema-graph\">{\"@context\":\"https:\/\/schema.org\",\"@graph\":[{\"@type\":\"WebPage\",\"@id\":\"https:\/\/artofinfo.eu\/hu\/ingyenes-konzultacio\/\",\"url\":\"https:\/\/artofinfo.eu\/hu\/ingyenes-konzultacio\/\",\"name\":\"Ingyenes konzult\u00e1ci\u00f3 I ARTofINFO\",\"isPartOf\":{\"@id\":\"https:\/\/artofinfo.eu\/en\/#website\"},\"primaryImageOfPage\":{\"@id\":\"https:\/\/artofinfo.eu\/hu\/ingyenes-konzultacio\/#primaryimage\"},\"image\":{\"@id\":\"https:\/\/artofinfo.eu\/hu\/ingyenes-konzultacio\/#primaryimage\"},\"thumbnailUrl\":\"https:\/\/artofinfo.eu\/wp-content\/uploads\/2024\/01\/usiness-people-meeting-discuss-situation-marketing.jpg\",\"datePublished\":\"2023-08-04T13:09:32+00:00\",\"dateModified\":\"2026-04-01T10:26:25+00:00\",\"description\":\"Szak\u00e9rt\u0151ink seg\u00edts\u00e9g\u00e9vel ingyenes konzult\u00e1ci\u00f3s workshopot biztos\u00edtunk. Vedd fel vel\u00fcnk a kapcsolatot m\u00e9g ma!\",\"breadcrumb\":{\"@id\":\"https:\/\/artofinfo.eu\/hu\/ingyenes-konzultacio\/#breadcrumb\"},\"inLanguage\":\"hu\",\"potentialAction\":[{\"@type\":\"ReadAction\",\"target\":[\"https:\/\/artofinfo.eu\/hu\/ingyenes-konzultacio\/\"]}]},{\"@type\":\"ImageObject\",\"inLanguage\":\"hu\",\"@id\":\"https:\/\/artofinfo.eu\/hu\/ingyenes-konzultacio\/#primaryimage\",\"url\":\"https:\/\/artofinfo.eu\/wp-content\/uploads\/2024\/01\/usiness-people-meeting-discuss-situation-marketing.jpg\",\"contentUrl\":\"https:\/\/artofinfo.eu\/wp-content\/uploads\/2024\/01\/usiness-people-meeting-discuss-situation-marketing.jpg\",\"width\":2000,\"height\":1217,\"caption\":\"ARTofINFO konzult\u00e1ci\u00f3\"},{\"@type\":\"BreadcrumbList\",\"@id\":\"https:\/\/artofinfo.eu\/hu\/ingyenes-konzultacio\/#breadcrumb\",\"itemListElement\":[{\"@type\":\"ListItem\",\"position\":1,\"name\":\"Home\",\"item\":\"https:\/\/artofinfo.eu\/hu\/\"},{\"@type\":\"ListItem\",\"position\":2,\"name\":\"Ingyenes konzult\u00e1ci\u00f3\"}]},{\"@type\":\"WebSite\",\"@id\":\"https:\/\/artofinfo.eu\/en\/#website\",\"url\":\"https:\/\/artofinfo.eu\/en\/\",\"name\":\"artofinfo\",\"description\":\"\",\"publisher\":{\"@id\":\"https:\/\/artofinfo.eu\/en\/#organization\"},\"potentialAction\":[{\"@type\":\"SearchAction\",\"target\":{\"@type\":\"EntryPoint\",\"urlTemplate\":\"https:\/\/artofinfo.eu\/en\/?s={search_term_string}\"},\"query-input\":{\"@type\":\"PropertyValueSpecification\",\"valueRequired\":true,\"valueName\":\"search_term_string\"}}],\"inLanguage\":\"hu\"},{\"@type\":\"Organization\",\"@id\":\"https:\/\/artofinfo.eu\/en\/#organization\",\"name\":\"ARTofINFO Kft.\",\"url\":\"https:\/\/artofinfo.eu\/en\/\",\"logo\":{\"@type\":\"ImageObject\",\"inLanguage\":\"hu\",\"@id\":\"https:\/\/artofinfo.eu\/en\/#\/schema\/logo\/image\/\",\"url\":\"https:\/\/artofinfo.eu\/wp-content\/uploads\/2023\/09\/artofinfo_logo_website.svg\",\"contentUrl\":\"https:\/\/artofinfo.eu\/wp-content\/uploads\/2023\/09\/artofinfo_logo_website.svg\",\"width\":\"1024\",\"height\":\"1024\",\"caption\":\"ARTofINFO Kft.\"},\"image\":{\"@id\":\"https:\/\/artofinfo.eu\/en\/#\/schema\/logo\/image\/\"},\"sameAs\":[\"https:\/\/www.facebook.com\/artofinfo\/\",\"https:\/\/www.instagram.com\/artofinfokft\/\",\"https:\/\/hu.linkedin.com\/company\/artofinfo\",\"https:\/\/dreamjobs.hu\/hu\/company\/artofinfo-kft\"]}]}<\/script>\n<!-- \/ Yoast SEO Premium plugin. -->","yoast_head_json":{"title":"Ingyenes konzult\u00e1ci\u00f3 I ARTofINFO","description":"Szak\u00e9rt\u0151ink seg\u00edts\u00e9g\u00e9vel ingyenes konzult\u00e1ci\u00f3s workshopot biztos\u00edtunk. Vedd fel vel\u00fcnk a kapcsolatot m\u00e9g ma!","robots":{"index":"index","follow":"follow","max-snippet":"max-snippet:-1","max-image-preview":"max-image-preview:large","max-video-preview":"max-video-preview:-1"},"canonical":"https:\/\/artofinfo.eu\/hu\/ingyenes-konzultacio\/","og_locale":"hu_HU","og_type":"article","og_title":"Ingyenes konzult\u00e1ci\u00f3","og_description":"Szak\u00e9rt\u0151ink seg\u00edts\u00e9g\u00e9vel ingyenes konzult\u00e1ci\u00f3s workshopot biztos\u00edtunk. Vedd fel vel\u00fcnk a kapcsolatot m\u00e9g ma!","og_url":"https:\/\/artofinfo.eu\/hu\/ingyenes-konzultacio\/","og_site_name":"ArtOfInfo","article_publisher":"https:\/\/www.facebook.com\/artofinfo\/","article_modified_time":"2026-04-01T10:26:25+00:00","og_image":[{"width":2000,"height":1217,"url":"https:\/\/artofinfo.eu\/wp-content\/uploads\/2024\/01\/usiness-people-meeting-discuss-situation-marketing.jpg","type":"image\/jpeg"}],"twitter_card":"summary_large_image","twitter_misc":{"Becs\u00fclt olvas\u00e1si id\u0151":"1 perc"},"schema":{"@context":"https:\/\/schema.org","@graph":[{"@type":"WebPage","@id":"https:\/\/artofinfo.eu\/hu\/ingyenes-konzultacio\/","url":"https:\/\/artofinfo.eu\/hu\/ingyenes-konzultacio\/","name":"Ingyenes konzult\u00e1ci\u00f3 I ARTofINFO","isPartOf":{"@id":"https:\/\/artofinfo.eu\/en\/#website"},"primaryImageOfPage":{"@id":"https:\/\/artofinfo.eu\/hu\/ingyenes-konzultacio\/#primaryimage"},"image":{"@id":"https:\/\/artofinfo.eu\/hu\/ingyenes-konzultacio\/#primaryimage"},"thumbnailUrl":"https:\/\/artofinfo.eu\/wp-content\/uploads\/2024\/01\/usiness-people-meeting-discuss-situation-marketing.jpg","datePublished":"2023-08-04T13:09:32+00:00","dateModified":"2026-04-01T10:26:25+00:00","description":"Szak\u00e9rt\u0151ink seg\u00edts\u00e9g\u00e9vel ingyenes konzult\u00e1ci\u00f3s workshopot biztos\u00edtunk. Vedd fel vel\u00fcnk a kapcsolatot m\u00e9g ma!","breadcrumb":{"@id":"https:\/\/artofinfo.eu\/hu\/ingyenes-konzultacio\/#breadcrumb"},"inLanguage":"hu","potentialAction":[{"@type":"ReadAction","target":["https:\/\/artofinfo.eu\/hu\/ingyenes-konzultacio\/"]}]},{"@type":"ImageObject","inLanguage":"hu","@id":"https:\/\/artofinfo.eu\/hu\/ingyenes-konzultacio\/#primaryimage","url":"https:\/\/artofinfo.eu\/wp-content\/uploads\/2024\/01\/usiness-people-meeting-discuss-situation-marketing.jpg","contentUrl":"https:\/\/artofinfo.eu\/wp-content\/uploads\/2024\/01\/usiness-people-meeting-discuss-situation-marketing.jpg","width":2000,"height":1217,"caption":"ARTofINFO konzult\u00e1ci\u00f3"},{"@type":"BreadcrumbList","@id":"https:\/\/artofinfo.eu\/hu\/ingyenes-konzultacio\/#breadcrumb","itemListElement":[{"@type":"ListItem","position":1,"name":"Home","item":"https:\/\/artofinfo.eu\/hu\/"},{"@type":"ListItem","position":2,"name":"Ingyenes konzult\u00e1ci\u00f3"}]},{"@type":"WebSite","@id":"https:\/\/artofinfo.eu\/en\/#website","url":"https:\/\/artofinfo.eu\/en\/","name":"artofinfo","description":"","publisher":{"@id":"https:\/\/artofinfo.eu\/en\/#organization"},"potentialAction":[{"@type":"SearchAction","target":{"@type":"EntryPoint","urlTemplate":"https:\/\/artofinfo.eu\/en\/?s={search_term_string}"},"query-input":{"@type":"PropertyValueSpecification","valueRequired":true,"valueName":"search_term_string"}}],"inLanguage":"hu"},{"@type":"Organization","@id":"https:\/\/artofinfo.eu\/en\/#organization","name":"ARTofINFO Kft.","url":"https:\/\/artofinfo.eu\/en\/","logo":{"@type":"ImageObject","inLanguage":"hu","@id":"https:\/\/artofinfo.eu\/en\/#\/schema\/logo\/image\/","url":"https:\/\/artofinfo.eu\/wp-content\/uploads\/2023\/09\/artofinfo_logo_website.svg","contentUrl":"https:\/\/artofinfo.eu\/wp-content\/uploads\/2023\/09\/artofinfo_logo_website.svg","width":"1024","height":"1024","caption":"ARTofINFO Kft."},"image":{"@id":"https:\/\/artofinfo.eu\/en\/#\/schema\/logo\/image\/"},"sameAs":["https:\/\/www.facebook.com\/artofinfo\/","https:\/\/www.instagram.com\/artofinfokft\/","https:\/\/hu.linkedin.com\/company\/artofinfo","https:\/\/dreamjobs.hu\/hu\/company\/artofinfo-kft"]}]}},"_links":{"self":[{"href":"https:\/\/artofinfo.eu\/hu\/wp-json\/wp\/v2\/pages\/8813","targetHints":{"allow":["GET"]}}],"collection":[{"href":"https:\/\/artofinfo.eu\/hu\/wp-json\/wp\/v2\/pages"}],"about":[{"href":"https:\/\/artofinfo.eu\/hu\/wp-json\/wp\/v2\/types\/page"}],"author":[{"embeddable":true,"href":"https:\/\/artofinfo.eu\/hu\/wp-json\/wp\/v2\/users\/123457"}],"replies":[{"embeddable":true,"href":"https:\/\/artofinfo.eu\/hu\/wp-json\/wp\/v2\/comments?post=8813"}],"version-history":[{"count":20,"href":"https:\/\/artofinfo.eu\/hu\/wp-json\/wp\/v2\/pages\/8813\/revisions"}],"predecessor-version":[{"id":9702,"href":"https:\/\/artofinfo.eu\/hu\/wp-json\/wp\/v2\/pages\/8813\/revisions\/9702"}],"wp:featuredmedia":[{"embeddable":true,"href":"https:\/\/artofinfo.eu\/hu\/wp-json\/wp\/v2\/media\/11068"}],"wp:attachment":[{"href":"https:\/\/artofinfo.eu\/hu\/wp-json\/wp\/v2\/media?parent=8813"}],"curies":[{"name":"wp","href":"https:\/\/api.w.org\/{rel}","templated":true}]}}