{"id":8218,"date":"2023-06-07T14:57:13","date_gmt":"2023-06-07T12:57:13","guid":{"rendered":"https:\/\/localhost\/?page_id=8218"},"modified":"2026-03-09T10:55:26","modified_gmt":"2026-03-09T08:55:26","slug":"dicom-gateway","status":"publish","type":"page","link":"https:\/\/artofinfo.eu\/hu\/termekeink\/dicom-gateway\/","title":{"rendered":"DICOM Gateway"},"content":{"rendered":"<section class=\"l-section wpb_row us_custom_6e704393 height_medium with_img\"><div class=\"l-section-img\" data-img-width=\"1600\" data-img-height=\"400\" style=\"background-image: url(https:\/\/artofinfo.eu\/wp-content\/uploads\/2023\/06\/szolg-teteje.png);background-repeat: no-repeat;\"><\/div><div class=\"l-section-h i-cf\"><div class=\"g-cols vc_row via_flex valign_top type_default stacking_default\"><div class=\"vc_col-sm-12 wpb_column vc_column_container\"><div class=\"vc_column-inner\"><div class=\"wpb_wrapper\">[vc_custom_heading text=&#8221;Optimaliz\u00e1ld a digit\u00e1lis k\u00e9palkot\u00e1st \u00e9s cs\u00f6kkentsd a k\u00f6lts\u00e9geket!&#8221; font_container=&#8221;tag:h2|font_size:40px|text_align:center|color:%23ffffff&#8221; use_theme_fonts=&#8221;yes&#8221; css=&#8221;%7B%22default%22%3A%7B%22font-weight%22%3A%22800%22%7D%7D&#8221;]<div class=\"g-cols wpb_row via_flex valign_top type_default stacking_default\"><div class=\"vc_col-sm-3 wpb_column vc_column_container\"><div class=\"vc_column-inner\"><div class=\"wpb_wrapper\"><\/div><\/div><\/div><div class=\"vc_col-sm-6 wpb_column vc_column_container\"><div class=\"vc_column-inner\"><div class=\"wpb_wrapper\"><div class=\"wpb_text_column\"><div class=\"wpb_wrapper\"><p style=\"text-align: center;\"><span style=\"color: #ffffff;\">\u00c9lvonalbeli technol\u00f3gi\u00e1nkkal optimaliz\u00e1lhatod a k\u00e9p\u00e1tviteli infrastrukt\u00far\u00e1t, \u00e9s cs\u00f6kkentheted a k\u00f6lts\u00e9geidet. DICOM Gateway megold\u00e1sunk kik\u00fcsz\u00f6b\u00f6li a technikai akad\u00e1lyokat, egy\u00fattal kiz\u00e1rja az esetleges adatveszt\u00e9st. <\/span><\/p>\n<\/div><\/div><\/div><\/div><\/div><div class=\"vc_col-sm-3 wpb_column vc_column_container\"><div class=\"vc_column-inner\"><div class=\"wpb_wrapper\"><\/div><\/div><\/div><\/div><\/div><\/div><\/div><\/div><\/div><\/section><section class=\"l-section wpb_row height_medium\"><div class=\"l-section-h i-cf\"><div class=\"g-cols vc_row via_flex valign_top type_default stacking_default\"><div class=\"vc_col-sm-6 wpb_column vc_column_container\"><div class=\"vc_column-inner\"><div class=\"wpb_wrapper\"><div class=\"w-separator size_medium\"><\/div><div class=\"wpb_text_column\"><div class=\"wpb_wrapper\"><p><strong><img loading=\"lazy\" decoding=\"async\" class=\"alignnone size-full wp-image-8221\" src=\"\/wp-content\/uploads\/2023\/09\/haromszog.svg\" alt=\"H\u00e1romsz\u00f6g\" width=\"14\" height=\"16\" \/> A radiol\u00f3giai k\u00e9pek eloszt\u00e1s\u00e1t k\u00f6zpontilag kezelheted<\/strong>, a teljes h\u00e1l\u00f3zat nyomon k\u00f6vethet\u0151.<\/p>\n<p><strong><img loading=\"lazy\" decoding=\"async\" class=\"alignnone size-full wp-image-8221\" src=\"\/wp-content\/uploads\/2023\/09\/haromszog.svg\" alt=\"H\u00e1romsz\u00f6g\" width=\"14\" height=\"16\" \/> A k\u00e9peket megoszthatod harmadik f\u00e9llel<\/strong> (pl. sug\u00e1rz\u00e1si d\u00f3zis felm\u00e9r\u00e9s\u00e9t, k\u00e9pszkennel\u00e9st mesters\u00e9ges intelligencia algoritmusokkal).<\/p>\n<p><strong><img loading=\"lazy\" decoding=\"async\" class=\"alignnone size-full wp-image-8221\" src=\"\/wp-content\/uploads\/2023\/09\/haromszog.svg\" alt=\"H\u00e1romsz\u00f6g\" width=\"14\" height=\"16\" \/> Cs\u00f6kkentheted a h\u00e1l\u00f3zati s\u00e1vsz\u00e9less\u00e9get <\/strong><\/p>\n<p><strong><img loading=\"lazy\" decoding=\"async\" class=\"alignnone size-full wp-image-8221\" src=\"\/wp-content\/uploads\/2023\/09\/haromszog.svg\" alt=\"H\u00e1romsz\u00f6g\" width=\"14\" height=\"16\" \/> Megold\u00e1sunk megfelel a jogi \/ GDPR el\u0151\u00edr\u00e1soknak<\/strong>, p\u00e9ld\u00e1ul a tanulm\u00e1nyok anonimiz\u00e1l\u00e1s\u00e1nak t\u00e1mogat\u00e1s\u00e1val, a betegek beleegyez\u00e9s\u00e9nek ellen\u0151rz\u00e9s\u00e9vel.<\/p>\n<p><strong> <img loading=\"lazy\" decoding=\"async\" class=\"alignnone size-full wp-image-8221\" src=\"\/wp-content\/uploads\/2023\/09\/haromszog.svg\" alt=\"H\u00e1romsz\u00f6g\" width=\"14\" height=\"16\" \/> Z\u00f6kken\u0151mentesen integr\u00e1lhat\u00f3k az eg\u00e9szs\u00e9g\u00fcgyi rendszerek elemei<\/strong> (pl. teleradiol\u00f3giai platform, betegport\u00e1l, k\u00f3rh\u00e1zi inform\u00e1ci\u00f3s rendszer, radiol\u00f3giai inform\u00e1ci\u00f3s rendszer).<\/p>\n<p><strong><img loading=\"lazy\" decoding=\"async\" class=\"alignnone size-full wp-image-8221\" src=\"\/wp-content\/uploads\/2023\/09\/haromszog.svg\" alt=\"H\u00e1romsz\u00f6g\" width=\"14\" height=\"16\" \/> A k\u00e9pek biztons\u00e1gosan \u00e1tvihet\u0151k<\/strong> nyilv\u00e1nos h\u00e1l\u00f3zaton kereszt\u00fcl.<\/p>\n<\/div><\/div><\/div><\/div><\/div><div class=\"vc_col-sm-6 wpb_column vc_column_container\"><div class=\"vc_column-inner\"><div class=\"wpb_wrapper\"><div class=\"w-image align_left\"><div class=\"w-image-h\"><img loading=\"lazy\" decoding=\"async\" width=\"779\" height=\"697\" src=\"https:\/\/artofinfo.eu\/wp-content\/uploads\/2023\/08\/aoi-gateway-web.png\" class=\"attachment-large size-large\" alt=\"Eg\u00e9szs\u00e9g\u00fcgy szoftverfejleszt\u00e9s ARTofINFO\" srcset=\"https:\/\/artofinfo.eu\/wp-content\/uploads\/2023\/08\/aoi-gateway-web.png 779w, https:\/\/artofinfo.eu\/wp-content\/uploads\/2023\/08\/aoi-gateway-web-300x268.png 300w, https:\/\/artofinfo.eu\/wp-content\/uploads\/2023\/08\/aoi-gateway-web-600x537.png 600w\" sizes=\"auto, (max-width: 779px) 100vw, 779px\" \/><\/div><\/div><\/div><\/div><\/div><\/div><\/div><\/section><section class=\"l-section wpb_row height_medium\"><div class=\"l-section-h i-cf\"><div class=\"g-cols vc_row via_flex valign_top type_default stacking_default\"><div class=\"vc_col-sm-6 wpb_column vc_column_container\"><div class=\"vc_column-inner\"><div class=\"wpb_wrapper\">[vc_custom_heading text=&#8221;Alapfunkci\u00f3k&#8221; font_container=&#8221;tag:h4|text_align:left|color:%23ffffff&#8221; use_theme_fonts=&#8221;yes&#8221; css=&#8221;%7B%22default%22%3A%7B%22font-weight%22%3A%22800%22%2C%22text-transform%22%3A%22uppercase%22%2C%22background-color%22%3A%22%23F1B517%22%2C%22padding-left%22%3A%2230px%22%2C%22padding-top%22%3A%2210px%22%2C%22padding-bottom%22%3A%2210px%22%2C%22padding-right%22%3A%2210px%22%7D%7D&#8221;]<div class=\"wpb_text_column us_custom_15a09563\"><div class=\"wpb_wrapper\"><div>\u2022 T\u00f6bbf\u00e9le konfigur\u00e1lhat\u00f3 modalit\u00e1s\u00fa forr\u00e1s, c\u00e9l\u00e1llom\u00e1s<\/div>\n<div>\u2022 Rugalmasan konfigur\u00e1lhat\u00f3 \u00e9s szkriptelhet\u0151 \u00fatv\u00e1laszt\u00e1si szab\u00e1lyok<\/div>\n<div>\u2022 C\u00edmkemorfiz\u00e1l\u00e1s, sz\u0171r\u00e9s, valid\u00e1l\u00e1s<\/div>\n<div>\u2022 Dekompoz\u00edci\u00f3s lehet\u0151s\u00e9gek<\/div>\n<div>\u2022 Hibaelh\u00e1r\u00edt\u00e1s kezel\u00e9se<\/div>\n<div>\u2022 Sz\u00e1mos anonimiz\u00e1l\u00e1si, \u00e1l-anonimiz\u00e1l\u00e1si lehet\u0151s\u00e9g<\/div>\n<div>\u2022 Szerepk\u00f6r alap\u00fa hozz\u00e1f\u00e9r\u00e9s-szab\u00e1lyoz\u00e1s<\/div>\n<\/div><\/div><\/div><\/div><\/div><div class=\"vc_col-sm-6 wpb_column vc_column_container\"><div class=\"vc_column-inner\"><div class=\"wpb_wrapper\">[vc_custom_heading text=&#8221;Speci\u00e1lis funkci\u00f3k&#8221; font_container=&#8221;tag:h4|text_align:left|color:%23ffffff&#8221; use_theme_fonts=&#8221;yes&#8221; css=&#8221;%7B%22default%22%3A%7B%22font-weight%22%3A%22800%22%2C%22text-transform%22%3A%22uppercase%22%2C%22background-color%22%3A%22%23FA3B42%22%2C%22padding-left%22%3A%2230px%22%2C%22padding-top%22%3A%2210px%22%2C%22padding-bottom%22%3A%2210px%22%2C%22padding-right%22%3A%2210px%22%7D%7D&#8221;]<div class=\"wpb_text_column us_custom_9842fbf7\"><div class=\"wpb_wrapper\"><p>\u2022 Message priority handling<br \/>\n\u2022 Archiv\u00e1l\u00e1si lehet\u0151s\u00e9gek<br \/>\n\u2022 \u00datv\u00e1laszt\u00e1si szab\u00e1ly \u00e9rv\u00e9nyes\u00edt\u00e9se<br \/>\n\u2022 Biztons\u00e1gos tov\u00e1bb\u00edt\u00e1s TLS haszn\u00e1lat\u00e1val<br \/>\n\u2022 M\u0171szerfal a rendszer fel\u00fcgyelethez<br \/>\n\u2022 Dinamikus t\u00f6m\u00f6r\u00edt\u00e9s<br \/>\n\u2022 Konfigur\u00e1lhat\u00f3 e-mail \u00e9rtes\u00edt\u00e9sek<br \/>\n\u2022 A konfigur\u00e1ci\u00f3ban bek\u00f6vetkezett v\u00e1ltoz\u00e1sok ellen\u0151rz\u00e9si nyomvonala<br \/>\n\u2022 A node-konfigur\u00e1ci\u00f3k k\u00f6zponti biztons\u00e1gi ment\u00e9se<\/p>\n<\/div><\/div><\/div><\/div><\/div><\/div><\/div><\/section><section class=\"l-section wpb_row height_medium\"><div class=\"l-section-h i-cf\"><div class=\"g-cols vc_row via_flex valign_top type_default stacking_default\"><div class=\"vc_col-sm-12 wpb_column vc_column_container\"><div class=\"vc_column-inner\"><div class=\"wpb_wrapper\"><div class=\"w-html\"><style>\n#page-content > section:nth-child(3) > div > div > div:nth-child(1) > div > div > div {\nmin-height:340px!important;\n}\n#page-content > section:nth-child(3) > div > div > div:nth-child(2) > div > div > div {\nmin-height:340px!important;\n}\n<\/style><\/div><\/div><\/div><\/div><\/div><\/div><\/section>\n","protected":false},"excerpt":{"rendered":"[vc_custom_heading text=\"Optimaliz\u00e1ld a digit\u00e1lis k\u00e9palkot\u00e1st \u00e9s cs\u00f6kkentsd a k\u00f6lts\u00e9geket!\" font_container=\"tag:h2|font_size:40px|text_align:center|color:%23ffffff\" use_theme_fonts=\"yes\" css=\"%7B%22default%22%3A%7B%22font-weight%22%3A%22800%22%7D%7D\"]\u00c9lvonalbeli technol\u00f3gi\u00e1nkkal optimaliz\u00e1lhatod a k\u00e9p\u00e1tviteli infrastrukt\u00far\u00e1t, \u00e9s cs\u00f6kkentheted a k\u00f6lts\u00e9geidet. DICOM Gateway megold\u00e1sunk kik\u00fcsz\u00f6b\u00f6li a technikai akad\u00e1lyokat, egy\u00fattal kiz\u00e1rja az esetleges adatveszt\u00e9st. A radiol\u00f3giai k\u00e9pek eloszt\u00e1s\u00e1t k\u00f6zpontilag kezelheted, a teljes h\u00e1l\u00f3zat nyomon k\u00f6vethet\u0151. A k\u00e9peket megoszthatod harmadik f\u00e9llel (pl. sug\u00e1rz\u00e1si d\u00f3zis felm\u00e9r\u00e9s\u00e9t, k\u00e9pszkennel\u00e9st mesters\u00e9ges...","protected":false},"author":123457,"featured_media":9527,"parent":11611,"menu_order":0,"comment_status":"closed","ping_status":"closed","template":"","meta":{"_acf_changed":false,"footnotes":""},"class_list":["post-8218","page","type-page","status-publish","has-post-thumbnail","hentry"],"acf":[],"yoast_head":"<!-- This site is optimized with the Yoast SEO Premium plugin v24.7 (Yoast SEO v24.7) - https:\/\/yoast.com\/wordpress\/plugins\/seo\/ -->\n<title>DICOM Gateway I ARTofINFO<\/title>\n<meta name=\"description\" content=\"DICOM Gateway megold\u00e1sunk optimaliz\u00e1lja a digit\u00e1lis k\u00e9palkot\u00e1st, \u00e9s cs\u00f6kkenti a k\u00f6lts\u00e9geket.\" \/>\n<meta name=\"robots\" content=\"index, follow, max-snippet:-1, max-image-preview:large, max-video-preview:-1\" \/>\n<link rel=\"canonical\" href=\"https:\/\/artofinfo.eu\/hu\/termekeink\/dicom-gateway\/\" \/>\n<meta property=\"og:locale\" content=\"hu_HU\" \/>\n<meta property=\"og:type\" content=\"article\" \/>\n<meta property=\"og:title\" content=\"DICOM Gateway\" \/>\n<meta property=\"og:description\" content=\"DICOM Gateway megold\u00e1sunk optimaliz\u00e1lja a digit\u00e1lis k\u00e9palkot\u00e1st, \u00e9s cs\u00f6kkenti a k\u00f6lts\u00e9geket.\" \/>\n<meta property=\"og:url\" content=\"https:\/\/artofinfo.eu\/hu\/termekeink\/dicom-gateway\/\" \/>\n<meta property=\"og:site_name\" content=\"ArtOfInfo\" \/>\n<meta property=\"article:publisher\" content=\"https:\/\/www.facebook.com\/artofinfo\/\" \/>\n<meta property=\"article:modified_time\" content=\"2026-03-09T08:55:26+00:00\" \/>\n<meta property=\"og:image\" content=\"https:\/\/artofinfo.eu\/wp-content\/uploads\/2023\/08\/aoi-gateway-web.png\" \/>\n\t<meta property=\"og:image:width\" content=\"779\" \/>\n\t<meta property=\"og:image:height\" content=\"697\" \/>\n\t<meta property=\"og:image:type\" content=\"image\/png\" \/>\n<meta name=\"twitter:card\" content=\"summary_large_image\" \/>\n<meta name=\"twitter:label1\" content=\"Becs\u00fclt olvas\u00e1si id\u0151\" \/>\n\t<meta name=\"twitter:data1\" content=\"3 perc\" \/>\n<script type=\"application\/ld+json\" class=\"yoast-schema-graph\">{\"@context\":\"https:\/\/schema.org\",\"@graph\":[{\"@type\":\"WebPage\",\"@id\":\"https:\/\/artofinfo.eu\/hu\/termekeink\/dicom-gateway\/\",\"url\":\"https:\/\/artofinfo.eu\/hu\/termekeink\/dicom-gateway\/\",\"name\":\"DICOM Gateway I ARTofINFO\",\"isPartOf\":{\"@id\":\"https:\/\/artofinfo.eu\/en\/#website\"},\"primaryImageOfPage\":{\"@id\":\"https:\/\/artofinfo.eu\/hu\/termekeink\/dicom-gateway\/#primaryimage\"},\"image\":{\"@id\":\"https:\/\/artofinfo.eu\/hu\/termekeink\/dicom-gateway\/#primaryimage\"},\"thumbnailUrl\":\"https:\/\/artofinfo.eu\/wp-content\/uploads\/2023\/08\/aoi-gateway-web.png\",\"datePublished\":\"2023-06-07T12:57:13+00:00\",\"dateModified\":\"2026-03-09T08:55:26+00:00\",\"description\":\"DICOM Gateway megold\u00e1sunk optimaliz\u00e1lja a digit\u00e1lis k\u00e9palkot\u00e1st, \u00e9s cs\u00f6kkenti a k\u00f6lts\u00e9geket.\",\"breadcrumb\":{\"@id\":\"https:\/\/artofinfo.eu\/hu\/termekeink\/dicom-gateway\/#breadcrumb\"},\"inLanguage\":\"hu\",\"potentialAction\":[{\"@type\":\"ReadAction\",\"target\":[\"https:\/\/artofinfo.eu\/hu\/termekeink\/dicom-gateway\/\"]}]},{\"@type\":\"ImageObject\",\"inLanguage\":\"hu\",\"@id\":\"https:\/\/artofinfo.eu\/hu\/termekeink\/dicom-gateway\/#primaryimage\",\"url\":\"https:\/\/artofinfo.eu\/wp-content\/uploads\/2023\/08\/aoi-gateway-web.png\",\"contentUrl\":\"https:\/\/artofinfo.eu\/wp-content\/uploads\/2023\/08\/aoi-gateway-web.png\",\"width\":779,\"height\":697,\"caption\":\"Eg\u00e9szs\u00e9g\u00fcgy szoftverfejleszt\u00e9s ARTofINFO\"},{\"@type\":\"BreadcrumbList\",\"@id\":\"https:\/\/artofinfo.eu\/hu\/termekeink\/dicom-gateway\/#breadcrumb\",\"itemListElement\":[{\"@type\":\"ListItem\",\"position\":1,\"name\":\"Home\",\"item\":\"https:\/\/artofinfo.eu\/hu\/\"},{\"@type\":\"ListItem\",\"position\":2,\"name\":\"Term\u00e9keink\",\"item\":\"https:\/\/artofinfo.eu\/en\/products\/\"},{\"@type\":\"ListItem\",\"position\":3,\"name\":\"DICOM Gateway\"}]},{\"@type\":\"WebSite\",\"@id\":\"https:\/\/artofinfo.eu\/en\/#website\",\"url\":\"https:\/\/artofinfo.eu\/en\/\",\"name\":\"artofinfo\",\"description\":\"\",\"publisher\":{\"@id\":\"https:\/\/artofinfo.eu\/en\/#organization\"},\"potentialAction\":[{\"@type\":\"SearchAction\",\"target\":{\"@type\":\"EntryPoint\",\"urlTemplate\":\"https:\/\/artofinfo.eu\/en\/?s={search_term_string}\"},\"query-input\":{\"@type\":\"PropertyValueSpecification\",\"valueRequired\":true,\"valueName\":\"search_term_string\"}}],\"inLanguage\":\"hu\"},{\"@type\":\"Organization\",\"@id\":\"https:\/\/artofinfo.eu\/en\/#organization\",\"name\":\"ARTofINFO Kft.\",\"url\":\"https:\/\/artofinfo.eu\/en\/\",\"logo\":{\"@type\":\"ImageObject\",\"inLanguage\":\"hu\",\"@id\":\"https:\/\/artofinfo.eu\/en\/#\/schema\/logo\/image\/\",\"url\":\"https:\/\/artofinfo.eu\/wp-content\/uploads\/2023\/09\/artofinfo_logo_website.svg\",\"contentUrl\":\"https:\/\/artofinfo.eu\/wp-content\/uploads\/2023\/09\/artofinfo_logo_website.svg\",\"width\":\"1024\",\"height\":\"1024\",\"caption\":\"ARTofINFO Kft.\"},\"image\":{\"@id\":\"https:\/\/artofinfo.eu\/en\/#\/schema\/logo\/image\/\"},\"sameAs\":[\"https:\/\/www.facebook.com\/artofinfo\/\",\"https:\/\/www.instagram.com\/artofinfokft\/\",\"https:\/\/hu.linkedin.com\/company\/artofinfo\",\"https:\/\/dreamjobs.hu\/hu\/company\/artofinfo-kft\"]}]}<\/script>\n<!-- \/ Yoast SEO Premium plugin. -->","yoast_head_json":{"title":"DICOM Gateway I ARTofINFO","description":"DICOM Gateway megold\u00e1sunk optimaliz\u00e1lja a digit\u00e1lis k\u00e9palkot\u00e1st, \u00e9s cs\u00f6kkenti a k\u00f6lts\u00e9geket.","robots":{"index":"index","follow":"follow","max-snippet":"max-snippet:-1","max-image-preview":"max-image-preview:large","max-video-preview":"max-video-preview:-1"},"canonical":"https:\/\/artofinfo.eu\/hu\/termekeink\/dicom-gateway\/","og_locale":"hu_HU","og_type":"article","og_title":"DICOM Gateway","og_description":"DICOM Gateway megold\u00e1sunk optimaliz\u00e1lja a digit\u00e1lis k\u00e9palkot\u00e1st, \u00e9s cs\u00f6kkenti a k\u00f6lts\u00e9geket.","og_url":"https:\/\/artofinfo.eu\/hu\/termekeink\/dicom-gateway\/","og_site_name":"ArtOfInfo","article_publisher":"https:\/\/www.facebook.com\/artofinfo\/","article_modified_time":"2026-03-09T08:55:26+00:00","og_image":[{"width":779,"height":697,"url":"https:\/\/artofinfo.eu\/wp-content\/uploads\/2023\/08\/aoi-gateway-web.png","type":"image\/png"}],"twitter_card":"summary_large_image","twitter_misc":{"Becs\u00fclt olvas\u00e1si id\u0151":"3 perc"},"schema":{"@context":"https:\/\/schema.org","@graph":[{"@type":"WebPage","@id":"https:\/\/artofinfo.eu\/hu\/termekeink\/dicom-gateway\/","url":"https:\/\/artofinfo.eu\/hu\/termekeink\/dicom-gateway\/","name":"DICOM Gateway I ARTofINFO","isPartOf":{"@id":"https:\/\/artofinfo.eu\/en\/#website"},"primaryImageOfPage":{"@id":"https:\/\/artofinfo.eu\/hu\/termekeink\/dicom-gateway\/#primaryimage"},"image":{"@id":"https:\/\/artofinfo.eu\/hu\/termekeink\/dicom-gateway\/#primaryimage"},"thumbnailUrl":"https:\/\/artofinfo.eu\/wp-content\/uploads\/2023\/08\/aoi-gateway-web.png","datePublished":"2023-06-07T12:57:13+00:00","dateModified":"2026-03-09T08:55:26+00:00","description":"DICOM Gateway megold\u00e1sunk optimaliz\u00e1lja a digit\u00e1lis k\u00e9palkot\u00e1st, \u00e9s cs\u00f6kkenti a k\u00f6lts\u00e9geket.","breadcrumb":{"@id":"https:\/\/artofinfo.eu\/hu\/termekeink\/dicom-gateway\/#breadcrumb"},"inLanguage":"hu","potentialAction":[{"@type":"ReadAction","target":["https:\/\/artofinfo.eu\/hu\/termekeink\/dicom-gateway\/"]}]},{"@type":"ImageObject","inLanguage":"hu","@id":"https:\/\/artofinfo.eu\/hu\/termekeink\/dicom-gateway\/#primaryimage","url":"https:\/\/artofinfo.eu\/wp-content\/uploads\/2023\/08\/aoi-gateway-web.png","contentUrl":"https:\/\/artofinfo.eu\/wp-content\/uploads\/2023\/08\/aoi-gateway-web.png","width":779,"height":697,"caption":"Eg\u00e9szs\u00e9g\u00fcgy szoftverfejleszt\u00e9s ARTofINFO"},{"@type":"BreadcrumbList","@id":"https:\/\/artofinfo.eu\/hu\/termekeink\/dicom-gateway\/#breadcrumb","itemListElement":[{"@type":"ListItem","position":1,"name":"Home","item":"https:\/\/artofinfo.eu\/hu\/"},{"@type":"ListItem","position":2,"name":"Term\u00e9keink","item":"https:\/\/artofinfo.eu\/en\/products\/"},{"@type":"ListItem","position":3,"name":"DICOM Gateway"}]},{"@type":"WebSite","@id":"https:\/\/artofinfo.eu\/en\/#website","url":"https:\/\/artofinfo.eu\/en\/","name":"artofinfo","description":"","publisher":{"@id":"https:\/\/artofinfo.eu\/en\/#organization"},"potentialAction":[{"@type":"SearchAction","target":{"@type":"EntryPoint","urlTemplate":"https:\/\/artofinfo.eu\/en\/?s={search_term_string}"},"query-input":{"@type":"PropertyValueSpecification","valueRequired":true,"valueName":"search_term_string"}}],"inLanguage":"hu"},{"@type":"Organization","@id":"https:\/\/artofinfo.eu\/en\/#organization","name":"ARTofINFO Kft.","url":"https:\/\/artofinfo.eu\/en\/","logo":{"@type":"ImageObject","inLanguage":"hu","@id":"https:\/\/artofinfo.eu\/en\/#\/schema\/logo\/image\/","url":"https:\/\/artofinfo.eu\/wp-content\/uploads\/2023\/09\/artofinfo_logo_website.svg","contentUrl":"https:\/\/artofinfo.eu\/wp-content\/uploads\/2023\/09\/artofinfo_logo_website.svg","width":"1024","height":"1024","caption":"ARTofINFO Kft."},"image":{"@id":"https:\/\/artofinfo.eu\/en\/#\/schema\/logo\/image\/"},"sameAs":["https:\/\/www.facebook.com\/artofinfo\/","https:\/\/www.instagram.com\/artofinfokft\/","https:\/\/hu.linkedin.com\/company\/artofinfo","https:\/\/dreamjobs.hu\/hu\/company\/artofinfo-kft"]}]}},"_links":{"self":[{"href":"https:\/\/artofinfo.eu\/hu\/wp-json\/wp\/v2\/pages\/8218","targetHints":{"allow":["GET"]}}],"collection":[{"href":"https:\/\/artofinfo.eu\/hu\/wp-json\/wp\/v2\/pages"}],"about":[{"href":"https:\/\/artofinfo.eu\/hu\/wp-json\/wp\/v2\/types\/page"}],"author":[{"embeddable":true,"href":"https:\/\/artofinfo.eu\/hu\/wp-json\/wp\/v2\/users\/123457"}],"replies":[{"embeddable":true,"href":"https:\/\/artofinfo.eu\/hu\/wp-json\/wp\/v2\/comments?post=8218"}],"version-history":[{"count":37,"href":"https:\/\/artofinfo.eu\/hu\/wp-json\/wp\/v2\/pages\/8218\/revisions"}],"predecessor-version":[{"id":14362,"href":"https:\/\/artofinfo.eu\/hu\/wp-json\/wp\/v2\/pages\/8218\/revisions\/14362"}],"up":[{"embeddable":true,"href":"https:\/\/artofinfo.eu\/hu\/wp-json\/wp\/v2\/pages\/11611"}],"wp:featuredmedia":[{"embeddable":true,"href":"https:\/\/artofinfo.eu\/hu\/wp-json\/wp\/v2\/media\/9527"}],"wp:attachment":[{"href":"https:\/\/artofinfo.eu\/hu\/wp-json\/wp\/v2\/media?parent=8218"}],"curies":[{"name":"wp","href":"https:\/\/api.w.org\/{rel}","templated":true}]}}