{"id":8197,"date":"2023-06-07T14:36:11","date_gmt":"2023-06-07T12:36:11","guid":{"rendered":"https:\/\/localhost\/?page_id=8197"},"modified":"2024-04-05T08:59:22","modified_gmt":"2024-04-05T06:59:22","slug":"iparagi-megoldasaink","status":"publish","type":"page","link":"https:\/\/artofinfo.eu\/hu\/iparagi-megoldasaink\/","title":{"rendered":"Ipar\u00e1gi megold\u00e1saink"},"content":{"rendered":"<section class=\"l-section wpb_row us_custom_6e704393 height_medium with_img\"><div class=\"l-section-img\" data-img-width=\"1600\" data-img-height=\"400\" style=\"background-image: url(https:\/\/artofinfo.eu\/wp-content\/uploads\/2023\/06\/szolg-teteje.png);\"><\/div><div class=\"l-section-h i-cf\"><div class=\"g-cols vc_row via_flex valign_top type_default stacking_default\"><div class=\"vc_col-sm-12 wpb_column vc_column_container\"><div class=\"vc_column-inner\"><div class=\"wpb_wrapper\">[vc_custom_heading text=&#8221;Ipar\u00e1gi megold\u00e1sainkkal t\u00e1mogatjuk c\u00e9ged<br \/>\nm\u0171k\u00f6d\u00e9s\u00e9t&#8221; font_container=&#8221;tag:h2|font_size:40px|text_align:center|color:%23ffffff&#8221; use_theme_fonts=&#8221;yes&#8221; css=&#8221;%7B%22default%22%3A%7B%22font-weight%22%3A%22800%22%7D%7D&#8221;]<div class=\"g-cols wpb_row via_flex valign_top type_default stacking_default\"><div class=\"vc_col-sm-3 wpb_column vc_column_container\"><div class=\"vc_column-inner\"><div class=\"wpb_wrapper\"><\/div><\/div><\/div><div class=\"vc_col-sm-6 wpb_column vc_column_container\"><div class=\"vc_column-inner\"><div class=\"wpb_wrapper\"><div class=\"wpb_text_column us_custom_8b3d6790 has_text_color\"><div class=\"wpb_wrapper\"><p style=\"text-align: center;\"><span class=\"TextRun SCXW80374364 BCX8\" lang=\"HU-HU\" xml:lang=\"HU-HU\" data-contrast=\"none\"><span class=\"NormalTextRun SCXW80374364 BCX8\">Digit\u00e1lis megold\u00e1saink nemcsak az \u00fczleti hat\u00e9konys\u00e1godat n\u00f6velik, hanem cs\u00f6kkentik a k\u00f6lts\u00e9geidet, \u00e9s a legfejlettebb eszk\u00f6z\u00f6kkel t\u00e1mogatj\u00e1k a c\u00e9ged m\u0171k\u00f6d\u00e9s\u00e9t, legyen az a p\u00e9nz\u00fcgyi,\u00a0eg\u00e9szs\u00e9g\u00fcgyi, gy\u00e1rt\u00f3i vagy a logisztikai szektorban.<\/span><\/span><span class=\"EOP SCXW80374364 BCX8\" data-ccp-props=\"{&quot;201341983&quot;:0,&quot;335559739&quot;:160,&quot;335559740&quot;:259}\">\u00a0<\/span><\/p>\n<\/div><\/div><\/div><\/div><\/div><div class=\"vc_col-sm-3 wpb_column vc_column_container\"><div class=\"vc_column-inner\"><div class=\"wpb_wrapper\"><\/div><\/div><\/div><\/div><\/div><\/div><\/div><\/div><\/div><\/section><section class=\"l-section wpb_row height_small\"><div class=\"l-section-h i-cf\"><div class=\"g-cols vc_row via_flex valign_top type_default stacking_default\"><div class=\"vc_col-sm-4 wpb_column vc_column_container\"><div class=\"vc_column-inner us_custom_82f46ca6\"><div class=\"wpb_wrapper\"><div class=\"w-image align_center\"><a href=\"\/iparagi-megoldasaink\/bankolas-es-biztositas\/\" aria-label=\"Link\" class=\"w-image-h\"><img loading=\"lazy\" decoding=\"async\" width=\"64\" height=\"68\" src=\"https:\/\/artofinfo.eu\/wp-content\/uploads\/2023\/06\/ipar1.png\" class=\"attachment-large size-large\" alt=\"Bankol\u00e1s \u00e9s biztos\u00edt\u00e1s: Er\u0151s\u00edtsd az \u00fcgyf\u00e9l\u00e9lm\u00e9nyt, \u00e9s k\u00f6zben cs\u00f6kkentsd a k\u00f6lts\u00e9geket\" \/><\/a><\/div>[vc_custom_heading text=&#8221;Bankol\u00e1s \u00e9s biztos\u00edt\u00e1s: Fokozd az \u00fcgyf\u00e9l\u00e9lm\u00e9nyt, mik\u00f6zben cs\u00f6kkented a k\u00f6lts\u00e9geket&#8221; font_container=&#8221;tag:h4|text_align:center|color:%23000000&#8243; use_theme_fonts=&#8221;yes&#8221; css=&#8221;%7B%22default%22%3A%7B%22font-weight%22%3A%22800%22%7D%7D&#8221; link=&#8221;url:%20%2Fiparagi-megoldasaink%2Fbankolas-es-biztositas%2F&#8221;]<div class=\"wpb_text_column\"><div class=\"wpb_wrapper\"><p style=\"text-align: center;\"><span class=\"TextRun SCXW54732918 BCX8\" lang=\"HU-HU\" xml:lang=\"HU-HU\" data-contrast=\"auto\"><span class=\"NormalTextRun SCXW54732918 BCX8\">Digit\u00e1lis p\u00e9nz\u00fcgyi-technol\u00f3giai IT-szolg\u00e1ltat\u00e1sainkkal nem<\/span><span class=\"NormalTextRun SCXW54732918 BCX8\">csak a felt\u00f6rekv\u0151 technol\u00f3gi\u00e1kkal \u00e9s a n\u00f6vekv\u0151 \u00fcgyf\u00e9lelv\u00e1r\u00e1sokkal tarthatsz l\u00e9p\u00e9st, hanem a folyamatosan v\u00e1ltoz\u00f3 szab\u00e1lyoz\u00e1sokkal is. N\u00f6velheted az \u00fczleti hat\u00e9konys\u00e1got, mik\u00f6zben a k\u00f6lts\u00e9gek cs\u00f6kkennek. Agilis megold\u00e1saink seg\u00edts\u00e9g\u00e9vel javul a c\u00e9ged \u00e1ltal ny\u00fajtott \u00fcgyf\u00e9l\u00e9lm\u00e9ny, \u00e9s ez\u00e1ltal a megtart\u00e1s ar\u00e1nya is.<\/span><\/span><\/p>\n<\/div><\/div><div class=\"w-separator hide_on_tablets hide_on_mobiles size_custom\" style=\"height:40px\"><\/div><div class=\"w-btn-wrapper align_center\"><a class=\"w-btn us-btn-style_22 icon_atright\" href=\"\/iparagi-megoldasaink\/bankolas-es-biztositas\/\"><span class=\"w-btn-label\">B\u0151vebben<\/span><i class=\"fas fa-arrow-right\"><\/i><\/a><\/div><div class=\"w-image us_custom_7ba9f492 align_center\"><a href=\"\/szolgaltatasaink\/egyedi-szoftverfejlesztesi-megoldasok\/\" aria-label=\"Link\" class=\"w-image-h\"><img loading=\"lazy\" decoding=\"async\" width=\"62\" height=\"10\" src=\"https:\/\/artofinfo.eu\/wp-content\/uploads\/2023\/08\/bovebben1.jpg\" class=\"attachment-large size-large\" alt=\"B\u0151vebben\" \/><\/a><\/div><\/div><\/div><\/div><div class=\"vc_col-sm-4 wpb_column vc_column_container\"><div class=\"vc_column-inner us_custom_48ca9f35\"><div class=\"wpb_wrapper\"><div class=\"w-image align_center\"><a href=\"\/iparagi-megoldasaink\/egeszsegugy\/\" aria-label=\"Link\" class=\"w-image-h\"><img loading=\"lazy\" decoding=\"async\" width=\"71\" height=\"69\" src=\"https:\/\/artofinfo.eu\/wp-content\/uploads\/2023\/06\/ipar2.png\" class=\"attachment-large size-large\" alt=\"Eg\u00e9szs\u00e9g\u00fcgy: N\u00f6veld a bizalomszintet \u00e9s a kiszolg\u00e1l\u00e1s min\u0151s\u00e9gi fok\u00e1t \u00fajgener\u00e1ci\u00f3s digit\u00e1lis megold\u00e1sainkkal\" \/><\/a><\/div>[vc_custom_heading text=&#8221;Eg\u00e9szs\u00e9g\u00fcgy: N\u00f6veld a bizalomszintet \u00e9s a kiszolg\u00e1l\u00e1s min\u0151s\u00e9g\u00e9t \u00fajgener\u00e1ci\u00f3s digit\u00e1lis megold\u00e1sainkkal&#8221; font_container=&#8221;tag:h4|text_align:center|color:%23000000&#8243; use_theme_fonts=&#8221;yes&#8221; css=&#8221;%7B%22default%22%3A%7B%22font-weight%22%3A%22800%22%7D%7D&#8221; link=&#8221;url:%2Fiparagi-megoldasaink%2Fegeszsegugy%2F&#8221;]<div class=\"wpb_text_column\"><div class=\"wpb_wrapper\"><p style=\"text-align: center;\"><span class=\"TextRun SCXW29086665 BCX8\" lang=\"HU-HU\" xml:lang=\"HU-HU\" data-contrast=\"auto\"><span class=\"NormalTextRun SCXW29086665 BCX8\">Megold\u00e1saink seg\u00edts\u00e9g\u00e9vel a p\u00e1ciensekb\u0151l tudatos \u00fcgyfelek lesznek, akik nagyobb szerepet v\u00e1llalnak az eg\u00e9szs\u00e9g\u00fck \u00e9rdek\u00e9ben. Naprak\u00e9sz szaktud\u00e1sunkat \u00e9s tapasztalatunkat vezet\u0151 multinacion\u00e1lis eg\u00e9szs\u00e9g\u00fcgyi szervezetek sz\u00e1m\u00e1ra ny\u00fajtott szolg\u00e1ltat\u00e1s<\/span><span class=\"NormalTextRun SCXW29086665 BCX8\">ain<\/span><span class=\"NormalTextRun SCXW29086665 BCX8\">kon kereszt\u00fcl szerezt\u00fck.<\/span><\/span><\/p>\n<\/div><\/div><div class=\"w-separator hide_on_tablets hide_on_mobiles size_custom\" style=\"height:60px\"><\/div><div class=\"w-btn-wrapper align_center\"><a class=\"w-btn us-btn-style_22 icon_atright\" href=\"\/iparagi-megoldasaink\/egeszsegugy\/\"><span class=\"w-btn-label\">B\u0151vebben<\/span><i class=\"fas fa-arrow-right\"><\/i><\/a><\/div><div class=\"w-image us_custom_7ba9f492 align_center\"><a href=\"\/szolgaltatasaink\/egyedi-szoftverfejlesztesi-megoldasok\/\" aria-label=\"Link\" class=\"w-image-h\"><img loading=\"lazy\" decoding=\"async\" width=\"62\" height=\"10\" src=\"https:\/\/artofinfo.eu\/wp-content\/uploads\/2023\/08\/bovebben2.jpg\" class=\"attachment-large size-large\" alt=\"B\u0151vebben\" \/><\/a><\/div><\/div><\/div><\/div><div class=\"vc_col-sm-4 wpb_column vc_column_container\"><div class=\"vc_column-inner us_custom_2c8e4991\"><div class=\"wpb_wrapper\"><div class=\"w-image align_center\"><a href=\"\/iparagi-megoldasaink\/ipar-4-0\/\" aria-label=\"Link\" class=\"w-image-h\"><img loading=\"lazy\" decoding=\"async\" width=\"65\" height=\"65\" src=\"https:\/\/artofinfo.eu\/wp-content\/uploads\/2023\/06\/ipar3.png\" class=\"attachment-large size-large\" alt=\"Ipar 4.0: Tedd hat\u00e9konyabb\u00e1 a c\u00e9gm\u0171k\u00f6d\u00e9st id\u0151t\u00e1ll\u00f3 \u00e9s sk\u00e1l\u00e1zhat\u00f3 megold\u00e1sainkkal\" \/><\/a><\/div>[vc_custom_heading text=&#8221;Ipar 4.0: Tedd hat\u00e9konyabb\u00e1 a c\u00e9gm\u0171k\u00f6d\u00e9st id\u0151t\u00e1ll\u00f3 \u00e9s sk\u00e1l\u00e1zhat\u00f3 megold\u00e1sainkkal&#8221; font_container=&#8221;tag:h4|text_align:center|color:%23000000&#8243; use_theme_fonts=&#8221;yes&#8221; css=&#8221;%7B%22default%22%3A%7B%22font-weight%22%3A%22800%22%7D%7D&#8221; link=&#8221;url:%2Fiparagi-megoldasaink%2Fipar-4-0%2F&#8221;]<div class=\"wpb_text_column\"><div class=\"wpb_wrapper\"><p style=\"text-align: center;\">K\u00f6lts\u00e9ghat\u00e9kony \u00e9s megb\u00edzhat\u00f3 IndusTech szolg\u00e1ltat\u00e1saink r\u00e9v\u00e9n egyszerre \u00e1ll rendelkez\u00e9sedre az IoT rendszerek funkcionalit\u00e1sa, a mesters\u00e9ges intelligencia, illetve az adatelemz\u0151 \u00e9s -feldolgoz\u00f3 rendszerek k\u00e9pess\u00e9ge. T\u00e1mogatunk a c\u00e9ged \u00e9rt\u00e9kteremt\u00e9s\u00e9ben k\u00f6nnyen integr\u00e1lhat\u00f3 eszk\u00f6z\u00f6k \u00e9s hat\u00e9kony folyamatok \u00e1ltal.<\/p>\n<\/div><\/div><div class=\"w-separator size_custom\" style=\"height:70px\"><\/div><div class=\"w-btn-wrapper align_center\"><a class=\"w-btn us-btn-style_22 icon_atright\" href=\"\/iparagi-megoldasaink\/ipar-4-0\/\"><span class=\"w-btn-label\">B\u0151vebben<\/span><i class=\"fas fa-arrow-right\"><\/i><\/a><\/div><div class=\"w-image us_custom_7ba9f492 align_center\"><a href=\"\/szolgaltatasaink\/egyedi-szoftverfejlesztesi-megoldasok\/\" aria-label=\"Link\" class=\"w-image-h\"><img loading=\"lazy\" decoding=\"async\" width=\"62\" height=\"10\" src=\"https:\/\/artofinfo.eu\/wp-content\/uploads\/2023\/08\/zoldcsik2.jpg\" class=\"attachment-large size-large\" alt=\"Z\u00f6ld\" \/><\/a><\/div><\/div><\/div><\/div><\/div><\/div><\/section><section class=\"l-section wpb_row height_medium\"><div class=\"l-section-h i-cf\"><div class=\"g-cols vc_row via_flex valign_top type_default stacking_default\"><div class=\"vc_col-sm-12 wpb_column vc_column_container\"><div class=\"vc_column-inner\"><div class=\"wpb_wrapper\"><div class=\"w-actionbox color_primary controls_right\"><div class=\"w-actionbox-text\"><h2 class=\"w-actionbox-title\">Ingyenes konzult\u00e1ci\u00f3!<\/h2><div class=\"w-actionbox-description\"><p>Szak\u00e9rt\u0151ink seg\u00edts\u00e9g\u00e9vel ingyenes konzult\u00e1ci\u00f3s workshopot biztos\u00edtunk, hogy kider\u00edthess\u00fck, hogy pontosan hogyan tudjuk t\u00e1mogatni v\u00e1llalkoz\u00e1sodat!<\/p>\n<\/div><\/div><div class=\"w-actionbox-controls\"><a class=\"w-btn us-btn-style_1 icon_atleft\" href=\"\/ingyenes-konzultacio\/\" style=\"font-size:1.5rem;\"><i class=\"fas fa-envelope\"><\/i><span class=\"w-btn-label\">\u00c9rdekel!<\/span><\/a><\/div><\/div><\/div><\/div><\/div><\/div><\/div><\/section>\n","protected":false},"excerpt":{"rendered":"[vc_custom_heading text=\"Ipar\u00e1gi megold\u00e1sainkkal t\u00e1mogatjuk c\u00e9ged m\u0171k\u00f6d\u00e9s\u00e9t\" font_container=\"tag:h2|font_size:40px|text_align:center|color:%23ffffff\" use_theme_fonts=\"yes\" css=\"%7B%22default%22%3A%7B%22font-weight%22%3A%22800%22%7D%7D\"]Digit\u00e1lis megold\u00e1saink nemcsak az \u00fczleti hat\u00e9konys\u00e1godat n\u00f6velik, hanem cs\u00f6kkentik a k\u00f6lts\u00e9geidet, \u00e9s a legfejlettebb eszk\u00f6z\u00f6kkel t\u00e1mogatj\u00e1k a c\u00e9ged m\u0171k\u00f6d\u00e9s\u00e9t, legyen az a p\u00e9nz\u00fcgyi,\u00a0eg\u00e9szs\u00e9g\u00fcgyi, gy\u00e1rt\u00f3i vagy a logisztikai szektorban.\u00a0 [vc_custom_heading text=\"Bankol\u00e1s \u00e9s biztos\u00edt\u00e1s: Fokozd az \u00fcgyf\u00e9l\u00e9lm\u00e9nyt, mik\u00f6zben cs\u00f6kkented a k\u00f6lts\u00e9geket\" font_container=\"tag:h4|text_align:center|color:%23000000\" use_theme_fonts=\"yes\" css=\"%7B%22default%22%3A%7B%22font-weight%22%3A%22800%22%7D%7D\" link=\"url:%20%2Fiparagi-megoldasaink%2Fbankolas-es-biztositas%2F\"]Digit\u00e1lis p\u00e9nz\u00fcgyi-technol\u00f3giai IT-szolg\u00e1ltat\u00e1sainkkal nemcsak a...","protected":false},"author":123457,"featured_media":0,"parent":0,"menu_order":0,"comment_status":"closed","ping_status":"closed","template":"","meta":{"_acf_changed":false,"footnotes":""},"class_list":["post-8197","page","type-page","status-publish","hentry"],"acf":[],"yoast_head":"<!-- This site is optimized with the Yoast SEO Premium plugin v24.7 (Yoast SEO v24.7) - https:\/\/yoast.com\/wordpress\/plugins\/seo\/ -->\n<title>Ipar\u00e1gi megold\u00e1saink I ARTofINFO<\/title>\n<meta name=\"description\" content=\"Ipar\u00e1gi megold\u00e1sainkkal t\u00e1mogatjuk c\u00e9ged m\u0171k\u00f6d\u00e9s\u00e9t legyen az a p\u00e9nz\u00fcgyi, eg\u00e9szs\u00e9g\u00fcgyi, gy\u00e1rt\u00f3i vagy a logisztikai szektorban.\" \/>\n<meta name=\"robots\" content=\"index, follow, max-snippet:-1, max-image-preview:large, max-video-preview:-1\" \/>\n<link rel=\"canonical\" href=\"https:\/\/artofinfo.eu\/en\/sector-specific-solutions\/\" \/>\n<meta property=\"og:locale\" content=\"hu_HU\" \/>\n<meta property=\"og:type\" content=\"article\" \/>\n<meta property=\"og:title\" content=\"Ipar\u00e1gi megold\u00e1saink\" \/>\n<meta property=\"og:description\" content=\"Ipar\u00e1gi megold\u00e1sainkkal t\u00e1mogatjuk c\u00e9ged m\u0171k\u00f6d\u00e9s\u00e9t legyen az a p\u00e9nz\u00fcgyi, eg\u00e9szs\u00e9g\u00fcgyi, gy\u00e1rt\u00f3i vagy a logisztikai szektorban.\" \/>\n<meta property=\"og:url\" content=\"https:\/\/artofinfo.eu\/en\/sector-specific-solutions\/\" \/>\n<meta property=\"og:site_name\" content=\"ArtOfInfo\" \/>\n<meta property=\"article:publisher\" content=\"https:\/\/www.facebook.com\/artofinfo\/\" \/>\n<meta property=\"article:modified_time\" content=\"2024-04-05T06:59:22+00:00\" \/>\n<meta name=\"twitter:card\" content=\"summary_large_image\" \/>\n<meta name=\"twitter:label1\" content=\"Becs\u00fclt olvas\u00e1si id\u0151\" \/>\n\t<meta name=\"twitter:data1\" content=\"2 perc\" \/>\n<script type=\"application\/ld+json\" class=\"yoast-schema-graph\">{\"@context\":\"https:\/\/schema.org\",\"@graph\":[{\"@type\":\"WebPage\",\"@id\":\"https:\/\/artofinfo.eu\/en\/sector-specific-solutions\/\",\"url\":\"https:\/\/artofinfo.eu\/en\/sector-specific-solutions\/\",\"name\":\"Ipar\u00e1gi megold\u00e1saink I ARTofINFO\",\"isPartOf\":{\"@id\":\"https:\/\/artofinfo.eu\/en\/#website\"},\"datePublished\":\"2023-06-07T12:36:11+00:00\",\"dateModified\":\"2024-04-05T06:59:22+00:00\",\"description\":\"Ipar\u00e1gi megold\u00e1sainkkal t\u00e1mogatjuk c\u00e9ged m\u0171k\u00f6d\u00e9s\u00e9t legyen az a p\u00e9nz\u00fcgyi, eg\u00e9szs\u00e9g\u00fcgyi, gy\u00e1rt\u00f3i vagy a logisztikai szektorban.\",\"breadcrumb\":{\"@id\":\"https:\/\/artofinfo.eu\/en\/sector-specific-solutions\/#breadcrumb\"},\"inLanguage\":\"hu\",\"potentialAction\":[{\"@type\":\"ReadAction\",\"target\":[\"https:\/\/artofinfo.eu\/en\/sector-specific-solutions\/\"]}]},{\"@type\":\"BreadcrumbList\",\"@id\":\"https:\/\/artofinfo.eu\/en\/sector-specific-solutions\/#breadcrumb\",\"itemListElement\":[{\"@type\":\"ListItem\",\"position\":1,\"name\":\"Home\",\"item\":\"https:\/\/artofinfo.eu\/hu\/\"},{\"@type\":\"ListItem\",\"position\":2,\"name\":\"Ipar\u00e1gi megold\u00e1saink\"}]},{\"@type\":\"WebSite\",\"@id\":\"https:\/\/artofinfo.eu\/en\/#website\",\"url\":\"https:\/\/artofinfo.eu\/en\/\",\"name\":\"artofinfo\",\"description\":\"\",\"publisher\":{\"@id\":\"https:\/\/artofinfo.eu\/en\/#organization\"},\"potentialAction\":[{\"@type\":\"SearchAction\",\"target\":{\"@type\":\"EntryPoint\",\"urlTemplate\":\"https:\/\/artofinfo.eu\/en\/?s={search_term_string}\"},\"query-input\":{\"@type\":\"PropertyValueSpecification\",\"valueRequired\":true,\"valueName\":\"search_term_string\"}}],\"inLanguage\":\"hu\"},{\"@type\":\"Organization\",\"@id\":\"https:\/\/artofinfo.eu\/en\/#organization\",\"name\":\"ARTofINFO Kft.\",\"url\":\"https:\/\/artofinfo.eu\/en\/\",\"logo\":{\"@type\":\"ImageObject\",\"inLanguage\":\"hu\",\"@id\":\"https:\/\/artofinfo.eu\/en\/#\/schema\/logo\/image\/\",\"url\":\"https:\/\/artofinfo.eu\/wp-content\/uploads\/2023\/09\/artofinfo_logo_website.svg\",\"contentUrl\":\"https:\/\/artofinfo.eu\/wp-content\/uploads\/2023\/09\/artofinfo_logo_website.svg\",\"width\":\"1024\",\"height\":\"1024\",\"caption\":\"ARTofINFO Kft.\"},\"image\":{\"@id\":\"https:\/\/artofinfo.eu\/en\/#\/schema\/logo\/image\/\"},\"sameAs\":[\"https:\/\/www.facebook.com\/artofinfo\/\",\"https:\/\/www.instagram.com\/artofinfokft\/\",\"https:\/\/hu.linkedin.com\/company\/artofinfo\",\"https:\/\/dreamjobs.hu\/hu\/company\/artofinfo-kft\"]}]}<\/script>\n<!-- \/ Yoast SEO Premium plugin. -->","yoast_head_json":{"title":"Ipar\u00e1gi megold\u00e1saink I ARTofINFO","description":"Ipar\u00e1gi megold\u00e1sainkkal t\u00e1mogatjuk c\u00e9ged m\u0171k\u00f6d\u00e9s\u00e9t legyen az a p\u00e9nz\u00fcgyi, eg\u00e9szs\u00e9g\u00fcgyi, gy\u00e1rt\u00f3i vagy a logisztikai szektorban.","robots":{"index":"index","follow":"follow","max-snippet":"max-snippet:-1","max-image-preview":"max-image-preview:large","max-video-preview":"max-video-preview:-1"},"canonical":"https:\/\/artofinfo.eu\/en\/sector-specific-solutions\/","og_locale":"hu_HU","og_type":"article","og_title":"Ipar\u00e1gi megold\u00e1saink","og_description":"Ipar\u00e1gi megold\u00e1sainkkal t\u00e1mogatjuk c\u00e9ged m\u0171k\u00f6d\u00e9s\u00e9t legyen az a p\u00e9nz\u00fcgyi, eg\u00e9szs\u00e9g\u00fcgyi, gy\u00e1rt\u00f3i vagy a logisztikai szektorban.","og_url":"https:\/\/artofinfo.eu\/en\/sector-specific-solutions\/","og_site_name":"ArtOfInfo","article_publisher":"https:\/\/www.facebook.com\/artofinfo\/","article_modified_time":"2024-04-05T06:59:22+00:00","twitter_card":"summary_large_image","twitter_misc":{"Becs\u00fclt olvas\u00e1si id\u0151":"2 perc"},"schema":{"@context":"https:\/\/schema.org","@graph":[{"@type":"WebPage","@id":"https:\/\/artofinfo.eu\/en\/sector-specific-solutions\/","url":"https:\/\/artofinfo.eu\/en\/sector-specific-solutions\/","name":"Ipar\u00e1gi megold\u00e1saink I ARTofINFO","isPartOf":{"@id":"https:\/\/artofinfo.eu\/en\/#website"},"datePublished":"2023-06-07T12:36:11+00:00","dateModified":"2024-04-05T06:59:22+00:00","description":"Ipar\u00e1gi megold\u00e1sainkkal t\u00e1mogatjuk c\u00e9ged m\u0171k\u00f6d\u00e9s\u00e9t legyen az a p\u00e9nz\u00fcgyi, eg\u00e9szs\u00e9g\u00fcgyi, gy\u00e1rt\u00f3i vagy a logisztikai szektorban.","breadcrumb":{"@id":"https:\/\/artofinfo.eu\/en\/sector-specific-solutions\/#breadcrumb"},"inLanguage":"hu","potentialAction":[{"@type":"ReadAction","target":["https:\/\/artofinfo.eu\/en\/sector-specific-solutions\/"]}]},{"@type":"BreadcrumbList","@id":"https:\/\/artofinfo.eu\/en\/sector-specific-solutions\/#breadcrumb","itemListElement":[{"@type":"ListItem","position":1,"name":"Home","item":"https:\/\/artofinfo.eu\/hu\/"},{"@type":"ListItem","position":2,"name":"Ipar\u00e1gi megold\u00e1saink"}]},{"@type":"WebSite","@id":"https:\/\/artofinfo.eu\/en\/#website","url":"https:\/\/artofinfo.eu\/en\/","name":"artofinfo","description":"","publisher":{"@id":"https:\/\/artofinfo.eu\/en\/#organization"},"potentialAction":[{"@type":"SearchAction","target":{"@type":"EntryPoint","urlTemplate":"https:\/\/artofinfo.eu\/en\/?s={search_term_string}"},"query-input":{"@type":"PropertyValueSpecification","valueRequired":true,"valueName":"search_term_string"}}],"inLanguage":"hu"},{"@type":"Organization","@id":"https:\/\/artofinfo.eu\/en\/#organization","name":"ARTofINFO Kft.","url":"https:\/\/artofinfo.eu\/en\/","logo":{"@type":"ImageObject","inLanguage":"hu","@id":"https:\/\/artofinfo.eu\/en\/#\/schema\/logo\/image\/","url":"https:\/\/artofinfo.eu\/wp-content\/uploads\/2023\/09\/artofinfo_logo_website.svg","contentUrl":"https:\/\/artofinfo.eu\/wp-content\/uploads\/2023\/09\/artofinfo_logo_website.svg","width":"1024","height":"1024","caption":"ARTofINFO Kft."},"image":{"@id":"https:\/\/artofinfo.eu\/en\/#\/schema\/logo\/image\/"},"sameAs":["https:\/\/www.facebook.com\/artofinfo\/","https:\/\/www.instagram.com\/artofinfokft\/","https:\/\/hu.linkedin.com\/company\/artofinfo","https:\/\/dreamjobs.hu\/hu\/company\/artofinfo-kft"]}]}},"_links":{"self":[{"href":"https:\/\/artofinfo.eu\/hu\/wp-json\/wp\/v2\/pages\/8197","targetHints":{"allow":["GET"]}}],"collection":[{"href":"https:\/\/artofinfo.eu\/hu\/wp-json\/wp\/v2\/pages"}],"about":[{"href":"https:\/\/artofinfo.eu\/hu\/wp-json\/wp\/v2\/types\/page"}],"author":[{"embeddable":true,"href":"https:\/\/artofinfo.eu\/hu\/wp-json\/wp\/v2\/users\/123457"}],"replies":[{"embeddable":true,"href":"https:\/\/artofinfo.eu\/hu\/wp-json\/wp\/v2\/comments?post=8197"}],"version-history":[{"count":20,"href":"https:\/\/artofinfo.eu\/hu\/wp-json\/wp\/v2\/pages\/8197\/revisions"}],"predecessor-version":[{"id":10559,"href":"https:\/\/artofinfo.eu\/hu\/wp-json\/wp\/v2\/pages\/8197\/revisions\/10559"}],"wp:attachment":[{"href":"https:\/\/artofinfo.eu\/hu\/wp-json\/wp\/v2\/media?parent=8197"}],"curies":[{"name":"wp","href":"https:\/\/api.w.org\/{rel}","templated":true}]}}