{"id":8175,"date":"2023-06-07T13:36:51","date_gmt":"2023-06-07T11:36:51","guid":{"rendered":"https:\/\/localhost\/?page_id=8175"},"modified":"2024-04-05T09:06:16","modified_gmt":"2024-04-05T07:06:16","slug":"szolgaltatasaink","status":"publish","type":"page","link":"https:\/\/artofinfo.eu\/hu\/szolgaltatasaink\/","title":{"rendered":"Szolg\u00e1ltat\u00e1saink"},"content":{"rendered":"<section class=\"l-section wpb_row us_custom_6e704393 height_medium with_img\"><div class=\"l-section-img\" data-img-width=\"1600\" data-img-height=\"400\" style=\"background-image: url(https:\/\/artofinfo.eu\/wp-content\/uploads\/2023\/06\/szolg-teteje.png);\"><\/div><div class=\"l-section-h i-cf\"><div class=\"g-cols vc_row via_flex valign_top type_default stacking_default\"><div class=\"vc_col-sm-12 wpb_column vc_column_container\"><div class=\"vc_column-inner\"><div class=\"wpb_wrapper\">[vc_custom_heading text=&#8221;Mi megtal\u00e1ljuk a legjobb megold\u00e1st az<br \/>\n\u00fczleti ig\u00e9nyeidre&#8221; font_container=&#8221;tag:h2|font_size:40px|text_align:center|color:%23ffffff&#8221; use_theme_fonts=&#8221;yes&#8221; css=&#8221;%7B%22default%22%3A%7B%22font-weight%22%3A%22800%22%7D%7D&#8221;]<div class=\"g-cols wpb_row via_flex valign_top type_default stacking_default\"><div class=\"vc_col-sm-3 wpb_column vc_column_container\"><div class=\"vc_column-inner\"><div class=\"wpb_wrapper\"><\/div><\/div><\/div><div class=\"vc_col-sm-6 wpb_column vc_column_container\"><div class=\"vc_column-inner\"><div class=\"wpb_wrapper\"><div class=\"wpb_text_column us_custom_096488a5 has_text_color\"><div class=\"wpb_wrapper\"><p style=\"text-align: center;\"><span class=\"TextRun SCXW943090 BCX8\" lang=\"HU-HU\" xml:lang=\"HU-HU\" data-contrast=\"auto\"><span class=\"NormalTextRun SCXW943090 BCX8\">Szolg\u00e1ltat\u00e1saink sor\u00e1n a legfontosabb c\u00e9lunk a fenntarthat\u00f3s\u00e1g \u00e9s a folyamatos \u00fcgyf\u00e9l\u00e9lm\u00e9ny biztos\u00edt\u00e1sa. Ipar\u00e1gi tapasztalattal \u00e9s m\u00e9ly szaktud\u00e1ssal rendelkez\u0151 munkat\u00e1rsaink r\u00f6vid id\u0151n bel\u00fcl a legjobb megold\u00e1st k\u00edn\u00e1lj\u00e1k az \u00fczleti ig\u00e9nyeidre.<\/span><\/span><\/p>\n<\/div><\/div><\/div><\/div><\/div><div class=\"vc_col-sm-3 wpb_column vc_column_container\"><div class=\"vc_column-inner\"><div class=\"wpb_wrapper\"><\/div><\/div><\/div><\/div><\/div><\/div><\/div><\/div><\/div><\/section><section class=\"l-section wpb_row height_small\"><div class=\"l-section-h i-cf\"><div class=\"g-cols vc_row via_flex valign_top type_default stacking_default\"><div class=\"vc_col-sm-4 wpb_column vc_column_container\"><div class=\"vc_column-inner us_custom_82f46ca6\"><div class=\"wpb_wrapper\"><div class=\"w-image align_center\"><a href=\"\/szolgaltatasaink\/egyedi-szoftverfejlesztesi-megoldasok\/\" aria-label=\"Link\" class=\"w-image-h\"><img loading=\"lazy\" decoding=\"async\" width=\"64\" height=\"78\" src=\"https:\/\/artofinfo.eu\/wp-content\/uploads\/2023\/06\/szolgaltatas1.png\" class=\"attachment-large size-large\" alt=\"Egyedi szoftverfejleszt\u00e9si megold\u00e1sok\" \/><\/a><\/div>[vc_custom_heading text=&#8221;Egyedi szoftverfejleszt\u00e9si megold\u00e1sok&#8221; font_container=&#8221;tag:h4|text_align:center|color:%23000000&#8243; use_theme_fonts=&#8221;yes&#8221; css=&#8221;%7B%22default%22%3A%7B%22font-weight%22%3A%22800%22%7D%7D&#8221; link=&#8221;url:%2Fszolgaltatasaink%2Fegyedi-szoftverfejlesztesi-megoldasok%2F&#8221;]<div class=\"wpb_text_column\"><div class=\"wpb_wrapper\"><p style=\"text-align: center;\">A technol\u00f3giai megval\u00f3s\u00edt\u00e1s ne szabjon g\u00e1tat az \u00fczleti lehet\u0151s\u00e9geidnek! B\u00e1rmilyen egy\u00e9ni ig\u00e9nyed is mer\u00fclj\u00f6n fel a digit\u00e1lis megold\u00e1sokkal kapcsolatban, szakembereink bevon\u00e1s\u00e1val magas min\u0151s\u00e9gben val\u00f3s\u00edtjuk meg az elk\u00e9pzel\u00e9seidet.<\/p>\n<\/div><\/div><div class=\"w-separator hide_on_tablets hide_on_mobiles size_custom\" style=\"height:120px\"><\/div><div class=\"w-btn-wrapper align_center\"><a class=\"w-btn us-btn-style_22 icon_atright\" href=\"\/szolgaltatasaink\/egyedi-szoftverfejlesztesi-megoldasok\/\"><span class=\"w-btn-label\">B\u0151vebben<\/span><i class=\"fas fa-arrow-right\"><\/i><\/a><\/div><div class=\"w-image us_custom_7ba9f492 align_center\"><a href=\"\/szolgaltatasaink\/egyedi-szoftverfejlesztesi-megoldasok\/\" aria-label=\"Link\" class=\"w-image-h\"><img loading=\"lazy\" decoding=\"async\" width=\"62\" height=\"10\" src=\"https:\/\/artofinfo.eu\/wp-content\/uploads\/2023\/08\/bovebben1.jpg\" class=\"attachment-large size-large\" alt=\"B\u0151vebben\" \/><\/a><\/div><\/div><\/div><\/div><div class=\"vc_col-sm-4 wpb_column vc_column_container\"><div class=\"vc_column-inner us_custom_48ca9f35\"><div class=\"wpb_wrapper\"><div class=\"w-image align_center\"><a href=\"\/szolgaltatasaink\/professzionalis-eroforras-gazdalkodas\/\" aria-label=\"Link\" class=\"w-image-h\"><img loading=\"lazy\" decoding=\"async\" width=\"70\" height=\"71\" src=\"https:\/\/artofinfo.eu\/wp-content\/uploads\/2023\/06\/szolgaltatas2.png\" class=\"attachment-large size-large\" alt=\"Er\u0151forr\u00e1s gazd\u00e1lkod\u00e1s\" \/><\/a><\/div>[vc_custom_heading text=&#8221;Professzion\u00e1lis er\u0151forr\u00e1s gazd\u00e1lkod\u00e1s&#8221; font_container=&#8221;tag:h4|text_align:center|color:%23000000&#8243; use_theme_fonts=&#8221;yes&#8221; css=&#8221;%7B%22default%22%3A%7B%22font-weight%22%3A%22800%22%7D%7D&#8221; link=&#8221;url:%2Fszolgaltatasaink%2Fprofesszionalis-eroforras-gazdalkodas%2F&#8221;]<div class=\"wpb_text_column\"><div class=\"wpb_wrapper\"><p style=\"text-align: center;\">Felejtsd el a szakemberhi\u00e1nyt: seg\u00edt\u00fcnk a szakmai kih\u00edv\u00e1sok megval\u00f3s\u00edt\u00e1s\u00e1ban. Ha a te c\u00e9ged digit\u00e1lis fejl\u0151d\u00e9s\u00e9t is lass\u00edtja az informatikai szakemberek hi\u00e1nya, mi azonnali megold\u00e1st ny\u00fajtunk! Seg\u00edt\u00fcnk, hogy a sz\u00fcks\u00e9ges er\u0151forr\u00e1s<br \/>\nmindig rendelkez\u00e9sre \u00e1lljon c\u00e9ged fejl\u0151d\u00e9s\u00e9hez, \u00e9s a kapacit\u00e1s hi\u00e1nya se szabjon g\u00e1tat a n\u00f6veked\u00e9s\u00e9nek.<\/p>\n<\/div><\/div><div class=\"w-separator hide_on_tablets hide_on_mobiles size_custom\" style=\"height:70px\"><\/div><div class=\"w-btn-wrapper align_center\"><a class=\"w-btn us-btn-style_22 icon_atright\" href=\"\/szolgaltatasaink\/professzionalis-eroforras-gazdalkodas\/\"><span class=\"w-btn-label\">B\u0151vebben<\/span><i class=\"fas fa-arrow-right\"><\/i><\/a><\/div><div class=\"w-image us_custom_7ba9f492 align_center\"><a href=\"\/szolgaltatasaink\/egyedi-szoftverfejlesztesi-megoldasok\/\" aria-label=\"Link\" class=\"w-image-h\"><img loading=\"lazy\" decoding=\"async\" width=\"62\" height=\"10\" src=\"https:\/\/artofinfo.eu\/wp-content\/uploads\/2023\/08\/bovebben2.jpg\" class=\"attachment-large size-large\" alt=\"B\u0151vebben\" \/><\/a><\/div><\/div><\/div><\/div><div class=\"vc_col-sm-4 wpb_column vc_column_container\"><div class=\"vc_column-inner us_custom_2c8e4991\"><div class=\"wpb_wrapper\"><div class=\"w-image align_center\"><a href=\"\/szolgaltatasaink\/tamogatas-es-karbantartas\/\" aria-label=\"Link\" class=\"w-image-h\"><img loading=\"lazy\" decoding=\"async\" width=\"71\" height=\"69\" src=\"https:\/\/artofinfo.eu\/wp-content\/uploads\/2023\/06\/szolgaltatas3.png\" class=\"attachment-large size-large\" alt=\"Karbantart\u00e1s \u00e9s t\u00e1mogat\u00e1s a hossz\u00fa t\u00e1v\u00fa m\u0171k\u00f6d\u00e9s\u00e9rt\" \/><\/a><\/div>[vc_custom_heading text=&#8221;Karbantart\u00e1s \u00e9s t\u00e1mogat\u00e1s a hossz\u00fa t\u00e1v\u00fa m\u0171k\u00f6d\u00e9s\u00e9rt&#8221; font_container=&#8221;tag:h4|text_align:center|color:%23000000&#8243; use_theme_fonts=&#8221;yes&#8221; css=&#8221;%7B%22default%22%3A%7B%22font-weight%22%3A%22800%22%7D%7D&#8221; link=&#8221;url:%2Fszolgaltatasaink%2Ftamogatas-es-karbantartas%2F&#8221;]<div class=\"wpb_text_column\"><div class=\"wpb_wrapper\"><p style=\"text-align: center;\">Stabiliz\u00e1ld \u00e9s moderniz\u00e1ld rendszereid m\u0171k\u00f6d\u00e9s\u00e9t! Ha azt tapasztalod, hogy a megl\u00e9v\u0151 rendszerek \u00e9letben tart\u00e1sa, fejleszt\u00e9se \u00e9s m\u0171k\u00f6d\u00e9si k\u00f6lts\u00e9g\u00e9nek optimaliz\u00e1l\u00e1sa m\u00e1r folyamatos kih\u00edv\u00e1s el\u00e9 \u00e1ll\u00edtja az informatikai oszt\u00e1lyodat, fordulj hozz\u00e1nk bizalommal. Megold\u00e1saink hossz\u00fa t\u00e1von fenntarthat\u00f3, megb\u00edzhat\u00f3 szolg\u00e1ltat\u00e1st ny\u00fajtanak az ilyen helyzetekben.<\/p>\n<\/div><\/div><div class=\"w-separator size_medium\"><\/div><div class=\"w-btn-wrapper align_center\"><a class=\"w-btn us-btn-style_22 icon_atright\" href=\"\/szolgaltatasaink\/tamogatas-es-karbantartas\/\"><span class=\"w-btn-label\">B\u0151vebben<\/span><i class=\"fas fa-arrow-right\"><\/i><\/a><\/div><div class=\"w-image us_custom_7ba9f492 align_center\"><a href=\"\/szolgaltatasaink\/egyedi-szoftverfejlesztesi-megoldasok\/\" aria-label=\"Link\" class=\"w-image-h\"><img loading=\"lazy\" decoding=\"async\" width=\"62\" height=\"10\" src=\"https:\/\/artofinfo.eu\/wp-content\/uploads\/2023\/08\/zoldcsik2.jpg\" class=\"attachment-large size-large\" alt=\"Z\u00f6ld\" \/><\/a><\/div><\/div><\/div><\/div><\/div><\/div><\/section><section class=\"l-section wpb_row height_medium\"><div class=\"l-section-h i-cf\"><div class=\"g-cols vc_row via_flex valign_top type_default stacking_default\"><div class=\"vc_col-sm-12 wpb_column vc_column_container\"><div class=\"vc_column-inner\"><div class=\"wpb_wrapper\"><div class=\"w-actionbox color_primary controls_right\"><div class=\"w-actionbox-text\"><h2 class=\"w-actionbox-title\">Ingyenes konzult\u00e1ci\u00f3!<\/h2><div class=\"w-actionbox-description\"><p><span class=\"TextRun SCXW157262369 BCX8\" lang=\"HU-HU\" xml:lang=\"HU-HU\" data-contrast=\"auto\"><span class=\"NormalTextRun SCXW157262369 BCX8\">Szak\u00e9rt\u0151ink seg\u00edts\u00e9g\u00e9vel ingyenes konzult\u00e1ci\u00f3s workshopot biztos\u00edtunk, hogy kider\u00edthess\u00fck, hogy pontosan hogyan tudjuk t\u00e1mogatni v\u00e1llalkoz\u00e1sodat!<\/span><\/span><\/p>\n<\/div><\/div><div class=\"w-actionbox-controls\"><a class=\"w-btn us-btn-style_1 icon_atleft\" href=\"\/ingyenes-konzultacio\/\" style=\"font-size:1.5rem;\"><i class=\"fas fa-envelope\"><\/i><span class=\"w-btn-label\">\u00c9rdekel!<\/span><\/a><\/div><\/div><\/div><\/div><\/div><\/div><\/div><\/section>\n","protected":false},"excerpt":{"rendered":"[vc_custom_heading text=\"Mi megtal\u00e1ljuk a legjobb megold\u00e1st az \u00fczleti ig\u00e9nyeidre\" font_container=\"tag:h2|font_size:40px|text_align:center|color:%23ffffff\" use_theme_fonts=\"yes\" css=\"%7B%22default%22%3A%7B%22font-weight%22%3A%22800%22%7D%7D\"]Szolg\u00e1ltat\u00e1saink sor\u00e1n a legfontosabb c\u00e9lunk a fenntarthat\u00f3s\u00e1g \u00e9s a folyamatos \u00fcgyf\u00e9l\u00e9lm\u00e9ny biztos\u00edt\u00e1sa. Ipar\u00e1gi tapasztalattal \u00e9s m\u00e9ly szaktud\u00e1ssal rendelkez\u0151 munkat\u00e1rsaink r\u00f6vid id\u0151n bel\u00fcl a legjobb megold\u00e1st k\u00edn\u00e1lj\u00e1k az \u00fczleti ig\u00e9nyeidre. [vc_custom_heading text=\"Egyedi szoftverfejleszt\u00e9si megold\u00e1sok\" font_container=\"tag:h4|text_align:center|color:%23000000\" use_theme_fonts=\"yes\" css=\"%7B%22default%22%3A%7B%22font-weight%22%3A%22800%22%7D%7D\" link=\"url:%2Fszolgaltatasaink%2Fegyedi-szoftverfejlesztesi-megoldasok%2F\"]A technol\u00f3giai megval\u00f3s\u00edt\u00e1s ne szabjon g\u00e1tat az \u00fczleti...","protected":false},"author":123457,"featured_media":11654,"parent":0,"menu_order":0,"comment_status":"closed","ping_status":"closed","template":"","meta":{"_acf_changed":false,"footnotes":""},"class_list":["post-8175","page","type-page","status-publish","has-post-thumbnail","hentry"],"acf":[],"yoast_head":"<!-- This site is optimized with the Yoast SEO Premium plugin v24.7 (Yoast SEO v24.7) - https:\/\/yoast.com\/wordpress\/plugins\/seo\/ -->\n<title>Szolg\u00e1ltat\u00e1saink I ARTofINFO<\/title>\n<meta name=\"description\" content=\"Egyedi szoftverfejleszt\u00e9si megold\u00e1sok, professzion\u00e1lis er\u0151forr\u00e1s gazd\u00e1lkod\u00e1s, szoftver karbantart\u00e1s \u00e9s t\u00e1mogat\u00e1s a hossz\u00fa t\u00e1v\u00fa m\u0171k\u00f6d\u00e9s\u00e9rt.\" \/>\n<meta name=\"robots\" content=\"index, follow, max-snippet:-1, max-image-preview:large, max-video-preview:-1\" \/>\n<link rel=\"canonical\" href=\"https:\/\/artofinfo.eu\/en\/services\/\" \/>\n<meta property=\"og:locale\" content=\"hu_HU\" \/>\n<meta property=\"og:type\" content=\"article\" \/>\n<meta property=\"og:title\" content=\"Szolg\u00e1ltat\u00e1saink\" \/>\n<meta property=\"og:description\" content=\"Egyedi szoftverfejleszt\u00e9si megold\u00e1sok, professzion\u00e1lis er\u0151forr\u00e1s gazd\u00e1lkod\u00e1s, szoftver karbantart\u00e1s \u00e9s t\u00e1mogat\u00e1s a hossz\u00fa t\u00e1v\u00fa m\u0171k\u00f6d\u00e9s\u00e9rt.\" \/>\n<meta property=\"og:url\" content=\"https:\/\/artofinfo.eu\/en\/services\/\" \/>\n<meta property=\"og:site_name\" content=\"ArtOfInfo\" \/>\n<meta property=\"article:publisher\" content=\"https:\/\/www.facebook.com\/artofinfo\/\" \/>\n<meta property=\"article:modified_time\" content=\"2024-04-05T07:06:16+00:00\" \/>\n<meta property=\"og:image\" content=\"https:\/\/artofinfo.eu\/wp-content\/uploads\/2024\/03\/IMG_9684_11zon.jpg\" \/>\n\t<meta property=\"og:image:width\" content=\"4272\" \/>\n\t<meta property=\"og:image:height\" content=\"2848\" \/>\n\t<meta property=\"og:image:type\" content=\"image\/jpeg\" \/>\n<meta name=\"twitter:card\" content=\"summary_large_image\" \/>\n<meta name=\"twitter:label1\" content=\"Becs\u00fclt olvas\u00e1si id\u0151\" \/>\n\t<meta name=\"twitter:data1\" content=\"2 perc\" \/>\n<script type=\"application\/ld+json\" class=\"yoast-schema-graph\">{\"@context\":\"https:\/\/schema.org\",\"@graph\":[{\"@type\":\"WebPage\",\"@id\":\"https:\/\/artofinfo.eu\/en\/services\/\",\"url\":\"https:\/\/artofinfo.eu\/en\/services\/\",\"name\":\"Szolg\u00e1ltat\u00e1saink I ARTofINFO\",\"isPartOf\":{\"@id\":\"https:\/\/artofinfo.eu\/en\/#website\"},\"primaryImageOfPage\":{\"@id\":\"https:\/\/artofinfo.eu\/en\/services\/#primaryimage\"},\"image\":{\"@id\":\"https:\/\/artofinfo.eu\/en\/services\/#primaryimage\"},\"thumbnailUrl\":\"https:\/\/artofinfo.eu\/wp-content\/uploads\/2024\/03\/IMG_9684_11zon.jpg\",\"datePublished\":\"2023-06-07T11:36:51+00:00\",\"dateModified\":\"2024-04-05T07:06:16+00:00\",\"description\":\"Egyedi szoftverfejleszt\u00e9si megold\u00e1sok, professzion\u00e1lis er\u0151forr\u00e1s gazd\u00e1lkod\u00e1s, szoftver karbantart\u00e1s \u00e9s t\u00e1mogat\u00e1s a hossz\u00fa t\u00e1v\u00fa m\u0171k\u00f6d\u00e9s\u00e9rt.\",\"breadcrumb\":{\"@id\":\"https:\/\/artofinfo.eu\/en\/services\/#breadcrumb\"},\"inLanguage\":\"hu\",\"potentialAction\":[{\"@type\":\"ReadAction\",\"target\":[\"https:\/\/artofinfo.eu\/en\/services\/\"]}]},{\"@type\":\"ImageObject\",\"inLanguage\":\"hu\",\"@id\":\"https:\/\/artofinfo.eu\/en\/services\/#primaryimage\",\"url\":\"https:\/\/artofinfo.eu\/wp-content\/uploads\/2024\/03\/IMG_9684_11zon.jpg\",\"contentUrl\":\"https:\/\/artofinfo.eu\/wp-content\/uploads\/2024\/03\/IMG_9684_11zon.jpg\",\"width\":4272,\"height\":2848,\"caption\":\"Szolg\u00e1ltat\u00e1saink_ARTofINFO_Meeting\"},{\"@type\":\"BreadcrumbList\",\"@id\":\"https:\/\/artofinfo.eu\/en\/services\/#breadcrumb\",\"itemListElement\":[{\"@type\":\"ListItem\",\"position\":1,\"name\":\"Home\",\"item\":\"https:\/\/artofinfo.eu\/hu\/\"},{\"@type\":\"ListItem\",\"position\":2,\"name\":\"Szolg\u00e1ltat\u00e1saink\"}]},{\"@type\":\"WebSite\",\"@id\":\"https:\/\/artofinfo.eu\/en\/#website\",\"url\":\"https:\/\/artofinfo.eu\/en\/\",\"name\":\"artofinfo\",\"description\":\"\",\"publisher\":{\"@id\":\"https:\/\/artofinfo.eu\/en\/#organization\"},\"potentialAction\":[{\"@type\":\"SearchAction\",\"target\":{\"@type\":\"EntryPoint\",\"urlTemplate\":\"https:\/\/artofinfo.eu\/en\/?s={search_term_string}\"},\"query-input\":{\"@type\":\"PropertyValueSpecification\",\"valueRequired\":true,\"valueName\":\"search_term_string\"}}],\"inLanguage\":\"hu\"},{\"@type\":\"Organization\",\"@id\":\"https:\/\/artofinfo.eu\/en\/#organization\",\"name\":\"ARTofINFO Kft.\",\"url\":\"https:\/\/artofinfo.eu\/en\/\",\"logo\":{\"@type\":\"ImageObject\",\"inLanguage\":\"hu\",\"@id\":\"https:\/\/artofinfo.eu\/en\/#\/schema\/logo\/image\/\",\"url\":\"https:\/\/artofinfo.eu\/wp-content\/uploads\/2023\/09\/artofinfo_logo_website.svg\",\"contentUrl\":\"https:\/\/artofinfo.eu\/wp-content\/uploads\/2023\/09\/artofinfo_logo_website.svg\",\"width\":\"1024\",\"height\":\"1024\",\"caption\":\"ARTofINFO Kft.\"},\"image\":{\"@id\":\"https:\/\/artofinfo.eu\/en\/#\/schema\/logo\/image\/\"},\"sameAs\":[\"https:\/\/www.facebook.com\/artofinfo\/\",\"https:\/\/www.instagram.com\/artofinfokft\/\",\"https:\/\/hu.linkedin.com\/company\/artofinfo\",\"https:\/\/dreamjobs.hu\/hu\/company\/artofinfo-kft\"]}]}<\/script>\n<!-- \/ Yoast SEO Premium plugin. -->","yoast_head_json":{"title":"Szolg\u00e1ltat\u00e1saink I ARTofINFO","description":"Egyedi szoftverfejleszt\u00e9si megold\u00e1sok, professzion\u00e1lis er\u0151forr\u00e1s gazd\u00e1lkod\u00e1s, szoftver karbantart\u00e1s \u00e9s t\u00e1mogat\u00e1s a hossz\u00fa t\u00e1v\u00fa m\u0171k\u00f6d\u00e9s\u00e9rt.","robots":{"index":"index","follow":"follow","max-snippet":"max-snippet:-1","max-image-preview":"max-image-preview:large","max-video-preview":"max-video-preview:-1"},"canonical":"https:\/\/artofinfo.eu\/en\/services\/","og_locale":"hu_HU","og_type":"article","og_title":"Szolg\u00e1ltat\u00e1saink","og_description":"Egyedi szoftverfejleszt\u00e9si megold\u00e1sok, professzion\u00e1lis er\u0151forr\u00e1s gazd\u00e1lkod\u00e1s, szoftver karbantart\u00e1s \u00e9s t\u00e1mogat\u00e1s a hossz\u00fa t\u00e1v\u00fa m\u0171k\u00f6d\u00e9s\u00e9rt.","og_url":"https:\/\/artofinfo.eu\/en\/services\/","og_site_name":"ArtOfInfo","article_publisher":"https:\/\/www.facebook.com\/artofinfo\/","article_modified_time":"2024-04-05T07:06:16+00:00","og_image":[{"width":4272,"height":2848,"url":"https:\/\/artofinfo.eu\/wp-content\/uploads\/2024\/03\/IMG_9684_11zon.jpg","type":"image\/jpeg"}],"twitter_card":"summary_large_image","twitter_misc":{"Becs\u00fclt olvas\u00e1si id\u0151":"2 perc"},"schema":{"@context":"https:\/\/schema.org","@graph":[{"@type":"WebPage","@id":"https:\/\/artofinfo.eu\/en\/services\/","url":"https:\/\/artofinfo.eu\/en\/services\/","name":"Szolg\u00e1ltat\u00e1saink I ARTofINFO","isPartOf":{"@id":"https:\/\/artofinfo.eu\/en\/#website"},"primaryImageOfPage":{"@id":"https:\/\/artofinfo.eu\/en\/services\/#primaryimage"},"image":{"@id":"https:\/\/artofinfo.eu\/en\/services\/#primaryimage"},"thumbnailUrl":"https:\/\/artofinfo.eu\/wp-content\/uploads\/2024\/03\/IMG_9684_11zon.jpg","datePublished":"2023-06-07T11:36:51+00:00","dateModified":"2024-04-05T07:06:16+00:00","description":"Egyedi szoftverfejleszt\u00e9si megold\u00e1sok, professzion\u00e1lis er\u0151forr\u00e1s gazd\u00e1lkod\u00e1s, szoftver karbantart\u00e1s \u00e9s t\u00e1mogat\u00e1s a hossz\u00fa t\u00e1v\u00fa m\u0171k\u00f6d\u00e9s\u00e9rt.","breadcrumb":{"@id":"https:\/\/artofinfo.eu\/en\/services\/#breadcrumb"},"inLanguage":"hu","potentialAction":[{"@type":"ReadAction","target":["https:\/\/artofinfo.eu\/en\/services\/"]}]},{"@type":"ImageObject","inLanguage":"hu","@id":"https:\/\/artofinfo.eu\/en\/services\/#primaryimage","url":"https:\/\/artofinfo.eu\/wp-content\/uploads\/2024\/03\/IMG_9684_11zon.jpg","contentUrl":"https:\/\/artofinfo.eu\/wp-content\/uploads\/2024\/03\/IMG_9684_11zon.jpg","width":4272,"height":2848,"caption":"Szolg\u00e1ltat\u00e1saink_ARTofINFO_Meeting"},{"@type":"BreadcrumbList","@id":"https:\/\/artofinfo.eu\/en\/services\/#breadcrumb","itemListElement":[{"@type":"ListItem","position":1,"name":"Home","item":"https:\/\/artofinfo.eu\/hu\/"},{"@type":"ListItem","position":2,"name":"Szolg\u00e1ltat\u00e1saink"}]},{"@type":"WebSite","@id":"https:\/\/artofinfo.eu\/en\/#website","url":"https:\/\/artofinfo.eu\/en\/","name":"artofinfo","description":"","publisher":{"@id":"https:\/\/artofinfo.eu\/en\/#organization"},"potentialAction":[{"@type":"SearchAction","target":{"@type":"EntryPoint","urlTemplate":"https:\/\/artofinfo.eu\/en\/?s={search_term_string}"},"query-input":{"@type":"PropertyValueSpecification","valueRequired":true,"valueName":"search_term_string"}}],"inLanguage":"hu"},{"@type":"Organization","@id":"https:\/\/artofinfo.eu\/en\/#organization","name":"ARTofINFO Kft.","url":"https:\/\/artofinfo.eu\/en\/","logo":{"@type":"ImageObject","inLanguage":"hu","@id":"https:\/\/artofinfo.eu\/en\/#\/schema\/logo\/image\/","url":"https:\/\/artofinfo.eu\/wp-content\/uploads\/2023\/09\/artofinfo_logo_website.svg","contentUrl":"https:\/\/artofinfo.eu\/wp-content\/uploads\/2023\/09\/artofinfo_logo_website.svg","width":"1024","height":"1024","caption":"ARTofINFO Kft."},"image":{"@id":"https:\/\/artofinfo.eu\/en\/#\/schema\/logo\/image\/"},"sameAs":["https:\/\/www.facebook.com\/artofinfo\/","https:\/\/www.instagram.com\/artofinfokft\/","https:\/\/hu.linkedin.com\/company\/artofinfo","https:\/\/dreamjobs.hu\/hu\/company\/artofinfo-kft"]}]}},"_links":{"self":[{"href":"https:\/\/artofinfo.eu\/hu\/wp-json\/wp\/v2\/pages\/8175","targetHints":{"allow":["GET"]}}],"collection":[{"href":"https:\/\/artofinfo.eu\/hu\/wp-json\/wp\/v2\/pages"}],"about":[{"href":"https:\/\/artofinfo.eu\/hu\/wp-json\/wp\/v2\/types\/page"}],"author":[{"embeddable":true,"href":"https:\/\/artofinfo.eu\/hu\/wp-json\/wp\/v2\/users\/123457"}],"replies":[{"embeddable":true,"href":"https:\/\/artofinfo.eu\/hu\/wp-json\/wp\/v2\/comments?post=8175"}],"version-history":[{"count":30,"href":"https:\/\/artofinfo.eu\/hu\/wp-json\/wp\/v2\/pages\/8175\/revisions"}],"predecessor-version":[{"id":10553,"href":"https:\/\/artofinfo.eu\/hu\/wp-json\/wp\/v2\/pages\/8175\/revisions\/10553"}],"wp:featuredmedia":[{"embeddable":true,"href":"https:\/\/artofinfo.eu\/hu\/wp-json\/wp\/v2\/media\/11654"}],"wp:attachment":[{"href":"https:\/\/artofinfo.eu\/hu\/wp-json\/wp\/v2\/media?parent=8175"}],"curies":[{"name":"wp","href":"https:\/\/api.w.org\/{rel}","templated":true}]}}