{"id":14323,"date":"2025-10-28T14:38:26","date_gmt":"2025-10-28T12:38:26","guid":{"rendered":"https:\/\/artofinfo.eu\/partnerseg\/"},"modified":"2025-10-28T15:04:55","modified_gmt":"2025-10-28T13:04:55","slug":"partnerseg","status":"publish","type":"page","link":"https:\/\/artofinfo.eu\/hu\/partnerseg\/","title":{"rendered":"Partners\u00e9g"},"content":{"rendered":"<section class=\"l-section wpb_row us_custom_e8f92dda has_text_color height_medium with_img parallax_ver with_shape\"><div class=\"l-section-img\" data-img-width=\"1920\" data-img-height=\"870\" style=\"background-image: url(https:\/\/artofinfo.eu\/wp-content\/uploads\/2025\/10\/partnership-collaboration-banner.webp);background-position: bottom center;background-repeat: no-repeat;\"><\/div><div class=\"l-section-overlay\" style=\"background:rgba(4,157,253,0.65)\"><\/div><div class=\"l-section-shape type_triangle-2 pos_bottom\" style=\"height:5vmin;color:var(--color-header-top-bg)\"><svg xmlns=\"http:\/\/www.w3.org\/2000\/svg\" viewBox=\"0 0 64 8\" preserveAspectRatio=\"none\" width=\"100%\" height=\"100%\">\n\t<path fill=\"currentColor\" d=\"M64 8 L0 8 L0 0 L48 7.9 L64 0 Z\"\/>\n<\/svg><\/div><div class=\"l-section-h i-cf\"><div class=\"g-cols vc_row via_flex valign_middle type_default stacking_default\" style=\"--additional-gap:1.5rem;\"><div class=\"vc_col-sm-12 wpb_column vc_column_container\"><div class=\"vc_column-inner us_custom_9403bef5\"><div class=\"wpb_wrapper\">[vc_custom_heading text=&#8221;Partners\u00e9g&#8221; font_container=&#8221;tag:h1|font_size:2rem|text_align:center&#8221; use_theme_fonts=&#8221;yes&#8221; css=&#8221;%7B%22default%22%3A%7B%22margin-bottom%22%3A%221rem%22%7D%7D&#8221;]<div class=\"w-image us_custom_5477c780 align_none\"><div class=\"w-image-h\"><img loading=\"lazy\" decoding=\"async\" width=\"1024\" height=\"1024\" src=\"https:\/\/artofinfo.eu\/wp-content\/uploads\/2023\/09\/elvalaszto-sarga-1.svg\" class=\"attachment-large size-large\" alt=\"\" \/><\/div><\/div>[vc_custom_heading text=&#8221;Hisz\u00fcnk az egy\u00fcttm\u0171k\u00f6d\u00e9sben \u00e9s a partners\u00e9gben. Partnereink term\u00e9kei \u00e9s szolg\u00e1ltat\u00e1sai a legkorszer\u0171bb technol\u00f3gi\u00e1t k\u00e9pviselik, kateg\u00f3ri\u00e1jukban kiemelked\u0151ek, \u00e9s sz\u00e1mos esetben bizony\u00edtott\u00e1k megb\u00edzhat\u00f3s\u00e1gukat. Ez\u00e9rt ezeket a term\u00e9keket \u00e9s szolg\u00e1ltat\u00e1sokat haszn\u00e1ljuk mindennapi gyakorlatunk sor\u00e1n, illetve ezeket az alaposan kipr\u00f3b\u00e1lt \u00e9s bev\u00e1lt megold\u00e1sokat aj\u00e1nljuk \u00fcgyfeleinknek is.  &#8221; font_container=&#8221;tag:p|font_size:1rem|text_align:center&#8221; use_theme_fonts=&#8221;yes&#8221;]<\/div><\/div><\/div><\/div><\/div><\/section><section class=\"l-section wpb_row height_medium color_alternate with_shape\"><div class=\"l-section-shape type_tilt pos_bottom\" style=\"height:5vmin;color:var(--color-header-middle-bg)\"><svg xmlns=\"http:\/\/www.w3.org\/2000\/svg\" viewBox=\"0 0 64 8\" preserveAspectRatio=\"none\" width=\"100%\" height=\"100%\">\n\t<path fill=\"currentColor\" d=\"M64 7.9 L64 10 L0 10 L0 0 Z\"\/>\n<\/svg><\/div><div class=\"l-section-h i-cf\"><div class=\"g-cols vc_row via_flex valign_top type_default stacking_default\" style=\"--additional-gap:1.5rem;\"><div class=\"vc_col-sm-3 wpb_column vc_column_container\"><div class=\"vc_column-inner us_custom_90299488 us_animate_this\"><div class=\"wpb_wrapper\"><div class=\"w-image style_shadow-1 align_center\"><a target=\"_blank\" href=\"https:\/\/www.mendix.com\/\" rel=\"noopener\" aria-label=\"Link\" class=\"w-image-h\"><img loading=\"lazy\" decoding=\"async\" width=\"300\" height=\"300\" src=\"https:\/\/artofinfo.eu\/wp-content\/uploads\/2025\/10\/mendix-300-300.webp\" class=\"attachment-medium size-medium\" alt=\"\" srcset=\"https:\/\/artofinfo.eu\/wp-content\/uploads\/2025\/10\/mendix-300-300.webp 300w, https:\/\/artofinfo.eu\/wp-content\/uploads\/2025\/10\/mendix-300-300-150x150.webp 150w\" sizes=\"auto, (max-width: 300px) 100vw, 300px\" \/><\/a><\/div>[vc_custom_heading text=&#8221;Mendix&#8221; font_container=&#8221;tag:h3|font_size:1.4rem|text_align:center&#8221; use_theme_fonts=&#8221;yes&#8221; link=&#8221;url:https%3A%2F%2Fwww.mendix.com%2F|target:_blank|&#8221; css=&#8221;%7B%22default%22%3A%7B%22margin-bottom%22%3A%220.5rem%22%7D%7D&#8221;][vc_custom_heading text=&#8221;Vil\u00e1gsz\u00ednvonal\u00fa, mesters\u00e9ges intelligenci\u00e1val t\u00e1mogatott low-code platform, amely ak\u00e1r 5\u20138-szoros\u00e1ra gyors\u00edtja a megval\u00f3s\u00edt\u00e1si folyamatot.&#8221; font_container=&#8221;tag:p|font_size:1rem|text_align:center&#8221; use_theme_fonts=&#8221;yes&#8221;]<\/div><\/div><\/div><div class=\"vc_col-sm-3 wpb_column vc_column_container\"><div class=\"vc_column-inner us_custom_90299488 us_animate_this\"><div class=\"wpb_wrapper\"><div class=\"w-image style_shadow-1 align_center\"><a target=\"_blank\" href=\"https:\/\/fareye.com\/\" rel=\"noopener\" aria-label=\"Link\" class=\"w-image-h\"><img loading=\"lazy\" decoding=\"async\" width=\"300\" height=\"300\" src=\"https:\/\/artofinfo.eu\/wp-content\/uploads\/2025\/10\/fareye-300-300.webp\" class=\"attachment-medium size-medium\" alt=\"\" srcset=\"https:\/\/artofinfo.eu\/wp-content\/uploads\/2025\/10\/fareye-300-300.webp 300w, https:\/\/artofinfo.eu\/wp-content\/uploads\/2025\/10\/fareye-300-300-150x150.webp 150w\" sizes=\"auto, (max-width: 300px) 100vw, 300px\" \/><\/a><\/div>[vc_custom_heading text=&#8221;FarEye&#8221; font_container=&#8221;tag:h3|font_size:1.4rem|text_align:center&#8221; use_theme_fonts=&#8221;yes&#8221; link=&#8221;url:https%3A%2F%2Ffareye.com%2F|target:_blank|&#8221; css=&#8221;%7B%22default%22%3A%7B%22margin-bottom%22%3A%220.5rem%22%7D%7D&#8221;][vc_custom_heading text=&#8221;Felh\u0151alap\u00fa logisztikai platformszolg\u00e1ltat\u00f3, amely a sz\u00e1ll\u00edt\u00e1si h\u00e1l\u00f3zat digitaliz\u00e1l\u00e1s\u00e1ra \u00f6sszpontos\u00edt, bele\u00e9rtve az els\u0151-, k\u00f6z\u00e9p- \u00e9s utols\u00f3 szakasz (first-, middle-, last-mile) funkci\u00f3it is.&#8221; font_container=&#8221;tag:p|font_size:1rem|text_align:center&#8221; use_theme_fonts=&#8221;yes&#8221;]<\/div><\/div><\/div><div class=\"vc_col-sm-3 wpb_column vc_column_container\"><div class=\"vc_column-inner us_custom_90299488 us_animate_this\"><div class=\"wpb_wrapper\"><div class=\"w-image style_shadow-1 align_center\"><a target=\"_blank\" href=\"https:\/\/www.adacta-fintech.com\/\" rel=\"noopener\" aria-label=\"Link\" class=\"w-image-h\"><img loading=\"lazy\" decoding=\"async\" width=\"300\" height=\"300\" src=\"https:\/\/artofinfo.eu\/wp-content\/uploads\/2025\/10\/adacta-fintech-300-300.webp\" class=\"attachment-medium size-medium\" alt=\"\" srcset=\"https:\/\/artofinfo.eu\/wp-content\/uploads\/2025\/10\/adacta-fintech-300-300.webp 300w, https:\/\/artofinfo.eu\/wp-content\/uploads\/2025\/10\/adacta-fintech-300-300-150x150.webp 150w\" sizes=\"auto, (max-width: 300px) 100vw, 300px\" \/><\/a><\/div>[vc_custom_heading text=&#8221;Adacta Fintech&#8221; font_container=&#8221;tag:h3|font_size:1.4rem|text_align:center&#8221; use_theme_fonts=&#8221;yes&#8221; link=&#8221;url:https%3A%2F%2Fwww.adacta-fintech.com%2F|target:_blank|&#8221; css=&#8221;%7B%22default%22%3A%7B%22margin-bottom%22%3A%220.5rem%22%7D%7D&#8221;][vc_custom_heading text=&#8221;\u00c9let- \u00e9s nem-\u00e9letbiztos\u00edt\u00e1si \u00fczlet\u00e1gakra egyar\u00e1nt alkalmas, korszer\u0171 architekt\u00far\u00e1val rendelkez\u0151 biztos\u00edt\u00e1si alapplatform-szolg\u00e1ltat\u00f3.&#8221; font_container=&#8221;tag:p|font_size:1rem|text_align:center&#8221; use_theme_fonts=&#8221;yes&#8221;]<\/div><\/div><\/div><div class=\"vc_col-sm-3 wpb_column vc_column_container\"><div class=\"vc_column-inner us_custom_90299488 us_animate_this\"><div class=\"wpb_wrapper\"><div class=\"w-image style_shadow-1 align_center\"><a target=\"_blank\" href=\"https:\/\/www.ibello.hu\/\" rel=\"noopener\" aria-label=\"Link\" class=\"w-image-h\"><img loading=\"lazy\" decoding=\"async\" width=\"300\" height=\"300\" src=\"https:\/\/artofinfo.eu\/wp-content\/uploads\/2025\/10\/ibello-300-300.webp\" class=\"attachment-medium size-medium\" alt=\"\" srcset=\"https:\/\/artofinfo.eu\/wp-content\/uploads\/2025\/10\/ibello-300-300.webp 300w, https:\/\/artofinfo.eu\/wp-content\/uploads\/2025\/10\/ibello-300-300-150x150.webp 150w\" sizes=\"auto, (max-width: 300px) 100vw, 300px\" \/><\/a><\/div>[vc_custom_heading text=&#8221;iBello&#8221; font_container=&#8221;tag:h3|font_size:1.4rem|text_align:center&#8221; use_theme_fonts=&#8221;yes&#8221; link=&#8221;url:https%3A%2F%2Fwww.ibello.hu%2F|target:_blank|&#8221; css=&#8221;%7B%22default%22%3A%7B%22margin-bottom%22%3A%220.5rem%22%7D%7D&#8221;][vc_custom_heading text=&#8221;Tesztautomatiz\u00e1l\u00e1si platformszolg\u00e1ltat\u00f3, amelyet regresszi\u00f3s \u00e9s teljes\u00edtm\u00e9nytesztel\u00e9sre haszn\u00e1lnak.&#8221; font_container=&#8221;tag:p|font_size:1rem|text_align:center&#8221; use_theme_fonts=&#8221;yes&#8221;]<\/div><\/div><\/div><div class=\"vc_col-sm-3 wpb_column vc_column_container\"><div class=\"vc_column-inner us_custom_90299488 us_animate_this\"><div class=\"wpb_wrapper\"><div class=\"w-image style_shadow-1 align_center\"><a target=\"_blank\" href=\"https:\/\/aws.amazon.com\/\" rel=\"noopener\" aria-label=\"Link\" class=\"w-image-h\"><img loading=\"lazy\" decoding=\"async\" width=\"300\" height=\"300\" src=\"https:\/\/artofinfo.eu\/wp-content\/uploads\/2025\/10\/aws-300-300.webp\" class=\"attachment-medium size-medium\" alt=\"\" srcset=\"https:\/\/artofinfo.eu\/wp-content\/uploads\/2025\/10\/aws-300-300.webp 300w, https:\/\/artofinfo.eu\/wp-content\/uploads\/2025\/10\/aws-300-300-150x150.webp 150w\" sizes=\"auto, (max-width: 300px) 100vw, 300px\" \/><\/a><\/div>[vc_custom_heading text=&#8221;AWS&#8221; font_container=&#8221;tag:h3|font_size:1.4rem|text_align:center&#8221; use_theme_fonts=&#8221;yes&#8221; link=&#8221;url:https%3A%2F%2Faws.amazon.com%2F|target:_blank|&#8221; css=&#8221;%7B%22default%22%3A%7B%22margin-bottom%22%3A%220.5rem%22%7D%7D&#8221;][vc_custom_heading text=&#8221;Amazon Web Services platformszolg\u00e1ltat\u00f3, amely t\u00f6bb mint 200 szolg\u00e1ltat\u00e1st k\u00edn\u00e1l, bele\u00e9rtve a t\u00e1rhelyet, az adatb\u00e1zisokat \u00e9s a g\u00e9pi tanul\u00e1st is.&#8221; font_container=&#8221;tag:p|font_size:1rem|text_align:center&#8221; use_theme_fonts=&#8221;yes&#8221;]<\/div><\/div><\/div><div class=\"vc_col-sm-3 wpb_column vc_column_container\"><div class=\"vc_column-inner us_custom_90299488 us_animate_this\"><div class=\"wpb_wrapper\"><div class=\"w-image style_shadow-1 align_center\"><a target=\"_blank\" href=\"https:\/\/bankszamlakivonat.hu\/\" rel=\"noopener\" aria-label=\"Link\" class=\"w-image-h\"><img loading=\"lazy\" decoding=\"async\" width=\"300\" height=\"300\" src=\"https:\/\/artofinfo.eu\/wp-content\/uploads\/2025\/10\/nyiltbankolas-mastercard-300-300.webp\" class=\"attachment-medium size-medium\" alt=\"\" srcset=\"https:\/\/artofinfo.eu\/wp-content\/uploads\/2025\/10\/nyiltbankolas-mastercard-300-300.webp 300w, https:\/\/artofinfo.eu\/wp-content\/uploads\/2025\/10\/nyiltbankolas-mastercard-300-300-150x150.webp 150w\" sizes=\"auto, (max-width: 300px) 100vw, 300px\" \/><\/a><\/div>[vc_custom_heading text=&#8221;Ny\u00edltbankol\u00e1s Zrt x MasterCard&#8221; font_container=&#8221;tag:h3|font_size:1.4rem|text_align:center&#8221; use_theme_fonts=&#8221;yes&#8221; link=&#8221;url:https%3A%2F%2Fbankszamlakivonat.hu%2F|target:_blank|&#8221; css=&#8221;%7B%22default%22%3A%7B%22margin-bottom%22%3A%220.5rem%22%7D%7D&#8221;][vc_custom_heading text=&#8221;PSD2 Open Banking platform, amely a Mastercard eur\u00f3pai infrastrukt\u00far\u00e1j\u00e1ra \u00e9p\u00fcl.&#8221; font_container=&#8221;tag:p|font_size:1rem|text_align:center&#8221; use_theme_fonts=&#8221;yes&#8221;]<\/div><\/div><\/div><div class=\"vc_col-sm-3 wpb_column vc_column_container\"><div class=\"vc_column-inner us_custom_90299488 us_animate_this\"><div class=\"wpb_wrapper\"><div class=\"w-image style_shadow-1 align_center\"><a target=\"_blank\" href=\"https:\/\/www.qtics.group\/\" rel=\"noopener\" aria-label=\"Link\" class=\"w-image-h\"><img loading=\"lazy\" decoding=\"async\" width=\"300\" height=\"300\" src=\"https:\/\/artofinfo.eu\/wp-content\/uploads\/2025\/10\/qtics-300-300.webp\" class=\"attachment-medium size-medium\" alt=\"\" srcset=\"https:\/\/artofinfo.eu\/wp-content\/uploads\/2025\/10\/qtics-300-300.webp 300w, https:\/\/artofinfo.eu\/wp-content\/uploads\/2025\/10\/qtics-300-300-150x150.webp 150w\" sizes=\"auto, (max-width: 300px) 100vw, 300px\" \/><\/a><\/div>[vc_custom_heading text=&#8221;QTICS&#8221; font_container=&#8221;tag:h3|font_size:1.4rem|text_align:center&#8221; use_theme_fonts=&#8221;yes&#8221; link=&#8221;url:https%3A%2F%2Fwww.qtics.group%2F|target:_blank|&#8221; css=&#8221;%7B%22default%22%3A%7B%22margin-bottom%22%3A%220.5rem%22%7D%7D&#8221;][vc_custom_heading text=&#8221;Nemzetk\u00f6zi tesztel\u00e9si, ellen\u0151rz\u00e9si \u00e9s tan\u00fas\u00edt\u00e1si (TIC) szektor szerepl\u0151je. A Unified Medical System platform szolg\u00e1ltat\u00f3ja. &#8221; font_container=&#8221;tag:p|font_size:1rem|text_align:center&#8221; use_theme_fonts=&#8221;yes&#8221;]<\/div><\/div><\/div><div class=\"vc_col-sm-3 wpb_column vc_column_container\"><div class=\"vc_column-inner us_custom_90299488 us_animate_this\"><div class=\"wpb_wrapper\"><div class=\"w-image style_shadow-1 align_center\"><a target=\"_blank\" href=\"https:\/\/azure.microsoft.com\/en-us\/\" rel=\"noopener\" aria-label=\"Link\" class=\"w-image-h\"><img loading=\"lazy\" decoding=\"async\" width=\"300\" height=\"300\" src=\"https:\/\/artofinfo.eu\/wp-content\/uploads\/2025\/10\/microsoft-300-300.webp\" class=\"attachment-medium size-medium\" alt=\"\" srcset=\"https:\/\/artofinfo.eu\/wp-content\/uploads\/2025\/10\/microsoft-300-300.webp 300w, https:\/\/artofinfo.eu\/wp-content\/uploads\/2025\/10\/microsoft-300-300-150x150.webp 150w\" sizes=\"auto, (max-width: 300px) 100vw, 300px\" \/><\/a><\/div>[vc_custom_heading text=&#8221;Microsoft&#8221; font_container=&#8221;tag:h3|font_size:1.4rem|text_align:center&#8221; use_theme_fonts=&#8221;yes&#8221; link=&#8221;url:https%3A%2F%2Fazure.microsoft.com%2Fen-us%2F|target:_blank|&#8221; css=&#8221;%7B%22default%22%3A%7B%22margin-bottom%22%3A%220.5rem%22%7D%7D&#8221;][vc_custom_heading text=&#8221;Azure platformszolg\u00e1ltat\u00e1sok alkalmaz\u00e1saink fejleszt\u00e9s\u00e9hez, telep\u00edt\u00e9s\u00e9hez, karbantart\u00e1s\u00e1hoz \u00e9s sk\u00e1l\u00e1z\u00e1s\u00e1hoz.&#8221; font_container=&#8221;tag:p|font_size:1rem|text_align:center&#8221; use_theme_fonts=&#8221;yes&#8221;]<\/div><\/div><\/div><\/div><\/div><\/section>\n","protected":false},"excerpt":{"rendered":"[vc_custom_heading text=\"Partners\u00e9g\" font_container=\"tag:h1|font_size:2rem|text_align:center\" use_theme_fonts=\"yes\" css=\"%7B%22default%22%3A%7B%22margin-bottom%22%3A%221rem%22%7D%7D\"][vc_custom_heading text=\"Hisz\u00fcnk az egy\u00fcttm\u0171k\u00f6d\u00e9sben \u00e9s a partners\u00e9gben. Partnereink term\u00e9kei \u00e9s szolg\u00e1ltat\u00e1sai a legkorszer\u0171bb technol\u00f3gi\u00e1t k\u00e9pviselik, kateg\u00f3ri\u00e1jukban kiemelked\u0151ek, \u00e9s sz\u00e1mos esetben bizony\u00edtott\u00e1k megb\u00edzhat\u00f3s\u00e1gukat. Ez\u00e9rt ezeket a term\u00e9keket \u00e9s szolg\u00e1ltat\u00e1sokat haszn\u00e1ljuk mindennapi gyakorlatunk sor\u00e1n, illetve ezeket az alaposan kipr\u00f3b\u00e1lt \u00e9s bev\u00e1lt megold\u00e1sokat aj\u00e1nljuk \u00fcgyfeleinknek is. \" font_container=\"tag:p|font_size:1rem|text_align:center\" use_theme_fonts=\"yes\"] [vc_custom_heading text=\"Mendix\" font_container=\"tag:h3|font_size:1.4rem|text_align:center\" use_theme_fonts=\"yes\" link=\"url:https%3A%2F%2Fwww.mendix.com%2F|target:_blank|\"...","protected":false},"author":123457,"featured_media":0,"parent":0,"menu_order":0,"comment_status":"closed","ping_status":"closed","template":"","meta":{"_acf_changed":false,"footnotes":""},"class_list":["post-14323","page","type-page","status-publish","hentry"],"acf":[],"yoast_head":"<!-- This site is optimized with the Yoast SEO Premium plugin v24.7 (Yoast SEO v24.7) - https:\/\/yoast.com\/wordpress\/plugins\/seo\/ -->\n<title>Partners\u00e9g - ArtOfInfo<\/title>\n<meta name=\"description\" content=\"Hisz\u00fcnk az egy\u00fcttm\u0171k\u00f6d\u00e9sben \u00e9s a partners\u00e9gben. Partnereink term\u00e9kei \u00e9s szolg\u00e1ltat\u00e1sai a legkorszer\u0171bb technol\u00f3gi\u00e1t k\u00e9pviselik, kateg\u00f3ri\u00e1jukban kiemelked\u0151ek, \u00e9s sz\u00e1mos esetben bizony\u00edtott\u00e1k megb\u00edzhat\u00f3s\u00e1gukat.\" \/>\n<meta name=\"robots\" content=\"index, follow, max-snippet:-1, max-image-preview:large, max-video-preview:-1\" \/>\n<link rel=\"canonical\" href=\"https:\/\/artofinfo.eu\/hu\/partnerseg\/\" \/>\n<meta property=\"og:locale\" content=\"hu_HU\" \/>\n<meta property=\"og:type\" content=\"article\" \/>\n<meta property=\"og:title\" content=\"Partners\u00e9g\" \/>\n<meta property=\"og:description\" content=\"Hisz\u00fcnk az egy\u00fcttm\u0171k\u00f6d\u00e9sben \u00e9s a partners\u00e9gben. Partnereink term\u00e9kei \u00e9s szolg\u00e1ltat\u00e1sai a legkorszer\u0171bb technol\u00f3gi\u00e1t k\u00e9pviselik, kateg\u00f3ri\u00e1jukban kiemelked\u0151ek, \u00e9s sz\u00e1mos esetben bizony\u00edtott\u00e1k megb\u00edzhat\u00f3s\u00e1gukat.\" \/>\n<meta property=\"og:url\" content=\"https:\/\/artofinfo.eu\/hu\/partnerseg\/\" \/>\n<meta property=\"og:site_name\" content=\"ArtOfInfo\" \/>\n<meta property=\"article:publisher\" content=\"https:\/\/www.facebook.com\/artofinfo\/\" \/>\n<meta property=\"article:modified_time\" content=\"2025-10-28T13:04:55+00:00\" \/>\n<meta name=\"twitter:card\" content=\"summary_large_image\" \/>\n<meta name=\"twitter:label1\" content=\"Becs\u00fclt olvas\u00e1si id\u0151\" \/>\n\t<meta name=\"twitter:data1\" content=\"8 perc\" \/>\n<script type=\"application\/ld+json\" class=\"yoast-schema-graph\">{\"@context\":\"https:\/\/schema.org\",\"@graph\":[{\"@type\":\"WebPage\",\"@id\":\"https:\/\/artofinfo.eu\/hu\/partnerseg\/\",\"url\":\"https:\/\/artofinfo.eu\/hu\/partnerseg\/\",\"name\":\"Partners\u00e9g - ArtOfInfo\",\"isPartOf\":{\"@id\":\"https:\/\/artofinfo.eu\/en\/#website\"},\"datePublished\":\"2025-10-28T12:38:26+00:00\",\"dateModified\":\"2025-10-28T13:04:55+00:00\",\"description\":\"Hisz\u00fcnk az egy\u00fcttm\u0171k\u00f6d\u00e9sben \u00e9s a partners\u00e9gben. Partnereink term\u00e9kei \u00e9s szolg\u00e1ltat\u00e1sai a legkorszer\u0171bb technol\u00f3gi\u00e1t k\u00e9pviselik, kateg\u00f3ri\u00e1jukban kiemelked\u0151ek, \u00e9s sz\u00e1mos esetben bizony\u00edtott\u00e1k megb\u00edzhat\u00f3s\u00e1gukat.\",\"breadcrumb\":{\"@id\":\"https:\/\/artofinfo.eu\/hu\/partnerseg\/#breadcrumb\"},\"inLanguage\":\"hu\",\"potentialAction\":[{\"@type\":\"ReadAction\",\"target\":[\"https:\/\/artofinfo.eu\/hu\/partnerseg\/\"]}]},{\"@type\":\"BreadcrumbList\",\"@id\":\"https:\/\/artofinfo.eu\/hu\/partnerseg\/#breadcrumb\",\"itemListElement\":[{\"@type\":\"ListItem\",\"position\":1,\"name\":\"Home\",\"item\":\"https:\/\/artofinfo.eu\/hu\/\"},{\"@type\":\"ListItem\",\"position\":2,\"name\":\"Partners\u00e9g\"}]},{\"@type\":\"WebSite\",\"@id\":\"https:\/\/artofinfo.eu\/en\/#website\",\"url\":\"https:\/\/artofinfo.eu\/en\/\",\"name\":\"artofinfo\",\"description\":\"\",\"publisher\":{\"@id\":\"https:\/\/artofinfo.eu\/en\/#organization\"},\"potentialAction\":[{\"@type\":\"SearchAction\",\"target\":{\"@type\":\"EntryPoint\",\"urlTemplate\":\"https:\/\/artofinfo.eu\/en\/?s={search_term_string}\"},\"query-input\":{\"@type\":\"PropertyValueSpecification\",\"valueRequired\":true,\"valueName\":\"search_term_string\"}}],\"inLanguage\":\"hu\"},{\"@type\":\"Organization\",\"@id\":\"https:\/\/artofinfo.eu\/en\/#organization\",\"name\":\"ARTofINFO Kft.\",\"url\":\"https:\/\/artofinfo.eu\/en\/\",\"logo\":{\"@type\":\"ImageObject\",\"inLanguage\":\"hu\",\"@id\":\"https:\/\/artofinfo.eu\/en\/#\/schema\/logo\/image\/\",\"url\":\"https:\/\/artofinfo.eu\/wp-content\/uploads\/2023\/09\/artofinfo_logo_website.svg\",\"contentUrl\":\"https:\/\/artofinfo.eu\/wp-content\/uploads\/2023\/09\/artofinfo_logo_website.svg\",\"width\":\"1024\",\"height\":\"1024\",\"caption\":\"ARTofINFO Kft.\"},\"image\":{\"@id\":\"https:\/\/artofinfo.eu\/en\/#\/schema\/logo\/image\/\"},\"sameAs\":[\"https:\/\/www.facebook.com\/artofinfo\/\",\"https:\/\/www.instagram.com\/artofinfokft\/\",\"https:\/\/hu.linkedin.com\/company\/artofinfo\",\"https:\/\/dreamjobs.hu\/hu\/company\/artofinfo-kft\"]}]}<\/script>\n<!-- \/ Yoast SEO Premium plugin. -->","yoast_head_json":{"title":"Partners\u00e9g - ArtOfInfo","description":"Hisz\u00fcnk az egy\u00fcttm\u0171k\u00f6d\u00e9sben \u00e9s a partners\u00e9gben. Partnereink term\u00e9kei \u00e9s szolg\u00e1ltat\u00e1sai a legkorszer\u0171bb technol\u00f3gi\u00e1t k\u00e9pviselik, kateg\u00f3ri\u00e1jukban kiemelked\u0151ek, \u00e9s sz\u00e1mos esetben bizony\u00edtott\u00e1k megb\u00edzhat\u00f3s\u00e1gukat.","robots":{"index":"index","follow":"follow","max-snippet":"max-snippet:-1","max-image-preview":"max-image-preview:large","max-video-preview":"max-video-preview:-1"},"canonical":"https:\/\/artofinfo.eu\/hu\/partnerseg\/","og_locale":"hu_HU","og_type":"article","og_title":"Partners\u00e9g","og_description":"Hisz\u00fcnk az egy\u00fcttm\u0171k\u00f6d\u00e9sben \u00e9s a partners\u00e9gben. Partnereink term\u00e9kei \u00e9s szolg\u00e1ltat\u00e1sai a legkorszer\u0171bb technol\u00f3gi\u00e1t k\u00e9pviselik, kateg\u00f3ri\u00e1jukban kiemelked\u0151ek, \u00e9s sz\u00e1mos esetben bizony\u00edtott\u00e1k megb\u00edzhat\u00f3s\u00e1gukat.","og_url":"https:\/\/artofinfo.eu\/hu\/partnerseg\/","og_site_name":"ArtOfInfo","article_publisher":"https:\/\/www.facebook.com\/artofinfo\/","article_modified_time":"2025-10-28T13:04:55+00:00","twitter_card":"summary_large_image","twitter_misc":{"Becs\u00fclt olvas\u00e1si id\u0151":"8 perc"},"schema":{"@context":"https:\/\/schema.org","@graph":[{"@type":"WebPage","@id":"https:\/\/artofinfo.eu\/hu\/partnerseg\/","url":"https:\/\/artofinfo.eu\/hu\/partnerseg\/","name":"Partners\u00e9g - ArtOfInfo","isPartOf":{"@id":"https:\/\/artofinfo.eu\/en\/#website"},"datePublished":"2025-10-28T12:38:26+00:00","dateModified":"2025-10-28T13:04:55+00:00","description":"Hisz\u00fcnk az egy\u00fcttm\u0171k\u00f6d\u00e9sben \u00e9s a partners\u00e9gben. Partnereink term\u00e9kei \u00e9s szolg\u00e1ltat\u00e1sai a legkorszer\u0171bb technol\u00f3gi\u00e1t k\u00e9pviselik, kateg\u00f3ri\u00e1jukban kiemelked\u0151ek, \u00e9s sz\u00e1mos esetben bizony\u00edtott\u00e1k megb\u00edzhat\u00f3s\u00e1gukat.","breadcrumb":{"@id":"https:\/\/artofinfo.eu\/hu\/partnerseg\/#breadcrumb"},"inLanguage":"hu","potentialAction":[{"@type":"ReadAction","target":["https:\/\/artofinfo.eu\/hu\/partnerseg\/"]}]},{"@type":"BreadcrumbList","@id":"https:\/\/artofinfo.eu\/hu\/partnerseg\/#breadcrumb","itemListElement":[{"@type":"ListItem","position":1,"name":"Home","item":"https:\/\/artofinfo.eu\/hu\/"},{"@type":"ListItem","position":2,"name":"Partners\u00e9g"}]},{"@type":"WebSite","@id":"https:\/\/artofinfo.eu\/en\/#website","url":"https:\/\/artofinfo.eu\/en\/","name":"artofinfo","description":"","publisher":{"@id":"https:\/\/artofinfo.eu\/en\/#organization"},"potentialAction":[{"@type":"SearchAction","target":{"@type":"EntryPoint","urlTemplate":"https:\/\/artofinfo.eu\/en\/?s={search_term_string}"},"query-input":{"@type":"PropertyValueSpecification","valueRequired":true,"valueName":"search_term_string"}}],"inLanguage":"hu"},{"@type":"Organization","@id":"https:\/\/artofinfo.eu\/en\/#organization","name":"ARTofINFO Kft.","url":"https:\/\/artofinfo.eu\/en\/","logo":{"@type":"ImageObject","inLanguage":"hu","@id":"https:\/\/artofinfo.eu\/en\/#\/schema\/logo\/image\/","url":"https:\/\/artofinfo.eu\/wp-content\/uploads\/2023\/09\/artofinfo_logo_website.svg","contentUrl":"https:\/\/artofinfo.eu\/wp-content\/uploads\/2023\/09\/artofinfo_logo_website.svg","width":"1024","height":"1024","caption":"ARTofINFO Kft."},"image":{"@id":"https:\/\/artofinfo.eu\/en\/#\/schema\/logo\/image\/"},"sameAs":["https:\/\/www.facebook.com\/artofinfo\/","https:\/\/www.instagram.com\/artofinfokft\/","https:\/\/hu.linkedin.com\/company\/artofinfo","https:\/\/dreamjobs.hu\/hu\/company\/artofinfo-kft"]}]}},"_links":{"self":[{"href":"https:\/\/artofinfo.eu\/hu\/wp-json\/wp\/v2\/pages\/14323","targetHints":{"allow":["GET"]}}],"collection":[{"href":"https:\/\/artofinfo.eu\/hu\/wp-json\/wp\/v2\/pages"}],"about":[{"href":"https:\/\/artofinfo.eu\/hu\/wp-json\/wp\/v2\/types\/page"}],"author":[{"embeddable":true,"href":"https:\/\/artofinfo.eu\/hu\/wp-json\/wp\/v2\/users\/123457"}],"replies":[{"embeddable":true,"href":"https:\/\/artofinfo.eu\/hu\/wp-json\/wp\/v2\/comments?post=14323"}],"version-history":[{"count":1,"href":"https:\/\/artofinfo.eu\/hu\/wp-json\/wp\/v2\/pages\/14323\/revisions"}],"predecessor-version":[{"id":14324,"href":"https:\/\/artofinfo.eu\/hu\/wp-json\/wp\/v2\/pages\/14323\/revisions\/14324"}],"wp:attachment":[{"href":"https:\/\/artofinfo.eu\/hu\/wp-json\/wp\/v2\/media?parent=14323"}],"curies":[{"name":"wp","href":"https:\/\/api.w.org\/{rel}","templated":true}]}}