{"id":14139,"date":"2025-09-08T14:39:03","date_gmt":"2025-09-08T12:39:03","guid":{"rendered":"https:\/\/artofinfo.eu\/?page_id=14139"},"modified":"2025-09-10T15:47:08","modified_gmt":"2025-09-10T13:47:08","slug":"sonoalbum","status":"publish","type":"page","link":"https:\/\/artofinfo.eu\/hu\/termekeink\/sonoalbum\/","title":{"rendered":"Sonoalbum"},"content":{"rendered":"<section class=\"portfolio-section\"><img decoding=\"async\" src=\"https:\/\/artofinfo.eu\/wp-content\/uploads\/2025\/09\/portfolio.jpg\" alt=\"Portfolio\" \/><\/section>\n<section class=\"sono-title\">\n<h1 class=\"sono-title\">Sonoalbum: Magzati ultrahang k\u00e9p \u00e9s vide\u00f3 megoszt\u00e1s<\/h1>\n<\/section>\n<section class=\"brochure-section\">\n<div class=\"brochure-container\">\n<p><!-- Left: Image --><\/p>\n<div class=\"brochure-image\"><img decoding=\"async\" src=\"https:\/\/artofinfo.eu\/wp-content\/uploads\/2025\/09\/thumbnail_sonoalbum-logo-with-background.png\" alt=\"Sonoalbum Logo\" \/><\/div>\n<p><!-- Right: Content --><\/p>\n<div class=\"brochure-content\">\n<p>T\u00f6ltse le a term\u00e9kismertet\u0151t a k\u00f6vetkez\u0151 PDF form\u00e1tum\u00fa linken:<\/p>\n<p><a href=\"https:\/\/artofinfo.eu\/wp-content\/uploads\/2025\/09\/Tajekoztato-Sonoalbum-magzati-UH-felvetel-megosztas-2023-04-24.pdf\" target=\"_blank\" rel=\"noopener\"><br \/>\nSONOALBUM BROCH\u00daRA LET\u00d6LT\u00c9SE<br \/>\n<\/a><\/p>\n<p style=\"margin-top: 20px;\">Tov\u00e1bbi r\u00e9szletek\u00e9rt \u00e9s \u00e1raj\u00e1nlat\u00e9rt k\u00e9rj\u00fck, vegye fel vel\u00fcnk a kapcsolatot a k\u00f6vetkez\u0151 c\u00edmen:<br \/>\n<a class=\"email\" href=\"mailto:sonoalbum@artofinfo.eu\">sonoalbum@artofinfo.eu<\/a><\/p>\n<\/div>\n<\/div>\n<\/section>\n<style>\n.email {<br \/>color: #F0B617;<br \/>}<\/p>\n<p>.email :hover {<br \/>color: #F0B617;<br \/>}<\/p>\n<p>.download-btn {<br \/>color: #3D96D2!important;<br \/>text-decoration:underline!important;<br \/>text-underline-offset: 4px!important;<br \/>}<br \/>.download-btn:hover {<br \/>color: #3D96D2!important;<br \/>text-decoration:underline!important;<br \/>text-underline-offset: 4px!important;<br \/>}<br \/>.sono-title {<br \/>    font-weight: 400;<br \/>    padding-top: 1em;<br \/>    padding-bottom: 1em;<br \/>    font-size: 40px;<br \/>}<br \/>.brochure-container {<br \/>display:flex;<br \/>}<br \/>.brochure-content {<br \/>margin-left: 40px;<br \/>}<br \/>#page-content > section > div > section.brochure-section > div > div.brochure-content > p:nth-child(2) > a {<br \/>color: #3D96D2;<br \/>text-decoration:underline;<br \/>text-underline-offset:4px;<br \/>}<br \/>@media only screen and (max-width:768px) {<br \/>.sono-title {<br \/>    font-weight: 400;<br \/>    padding-top: 1em;<br \/>    padding-bottom: 1em;<br \/>    font-size: 20px;<br \/>}<br \/>.brochure-container {<br \/>display:block;<br \/>}<br \/>.brochure-content {<br \/>margin-left: 0px;<br \/>}<br \/>#page-content > section > div > section.brochure-section > div > div.brochure-content > p:nth-child(2) > a {<br \/>color: #3D96D2;<br \/>text-decoration:underline;<br \/>text-underline-offset:4px;<br \/>}<br \/>}<br \/><\/style>\n<style>\n#page-content > section > div > section.brochure-section > div > div.brochure-content > p:nth-child(2) > a {\ntext-decoration:underline; \ntext-underline-offset: 3px; \ncolor: #1E73BE!important;\n}\n#page-content > section > div > section.brochure-section > div > div.brochure-content > p:nth-child(2) > a :hover {\ntext-decoration:underline; \ntext-underline-offset: 3px; \ncolor: #1E73BE!important;\n}<\/p>\n<p>#page-content > section > div > section.brochure-section > div > div.brochure-content > p:nth-child(3) > a {\ntext-decoration:underline; \ntext-underline-offset: 3px; \ncolor: #1E73BE!important;\n}\n#page-content > section > div > section.brochure-section > div > div.brochure-content > p:nth-child(3) > a :hover {\ntext-decoration:underline; \ntext-underline-offset: 3px; \ncolor: #1E73BE!important;\n}\n<\/style>\n","protected":false},"excerpt":{"rendered":"<p>Sonoalbum: Magzati ultrahang k\u00e9p \u00e9s vide\u00f3 megoszt\u00e1s T\u00f6ltse le a term\u00e9kismertet\u0151t a k\u00f6vetkez\u0151 PDF form\u00e1tum\u00fa linken: SONOALBUM BROCH\u00daRA LET\u00d6LT\u00c9SE Tov\u00e1bbi r\u00e9szletek\u00e9rt \u00e9s \u00e1raj\u00e1nlat\u00e9rt k\u00e9rj\u00fck, vegye fel vel\u00fcnk a kapcsolatot a k\u00f6vetkez\u0151 c\u00edmen: sonoalbum@artofinfo.eu<\/p>\n","protected":false},"author":123464,"featured_media":0,"parent":11611,"menu_order":0,"comment_status":"closed","ping_status":"closed","template":"","meta":{"_acf_changed":false,"footnotes":""},"class_list":["post-14139","page","type-page","status-publish","hentry"],"acf":[],"yoast_head":"<!-- This site is optimized with the Yoast SEO Premium plugin v24.7 (Yoast SEO v24.7) - https:\/\/yoast.com\/wordpress\/plugins\/seo\/ -->\n<title>Sonoalbum - ArtOfInfo<\/title>\n<meta name=\"description\" content=\"Sonoalbum: Magzati ultrahang k\u00e9p \u00e9s vide\u00f3 megoszt\u00e1s T\u00f6ltse le a term\u00e9kismertet\u0151t a k\u00f6vetkez\u0151 PDF form\u00e1tum\u00fa linken: SONOALBUM BROCH\u00daRA LET\u00d6LT\u00c9SE Tov\u00e1bbi\" \/>\n<meta name=\"robots\" content=\"index, follow, max-snippet:-1, max-image-preview:large, max-video-preview:-1\" \/>\n<link rel=\"canonical\" href=\"https:\/\/artofinfo.eu\/hu\/termekeink\/sonoalbum\/\" \/>\n<meta property=\"og:locale\" content=\"hu_HU\" \/>\n<meta property=\"og:type\" content=\"article\" \/>\n<meta property=\"og:title\" content=\"Sonoalbum\" \/>\n<meta property=\"og:description\" content=\"Sonoalbum: Magzati ultrahang k\u00e9p \u00e9s vide\u00f3 megoszt\u00e1s T\u00f6ltse le a term\u00e9kismertet\u0151t a k\u00f6vetkez\u0151 PDF form\u00e1tum\u00fa linken: SONOALBUM BROCH\u00daRA LET\u00d6LT\u00c9SE Tov\u00e1bbi\" \/>\n<meta property=\"og:url\" content=\"https:\/\/artofinfo.eu\/hu\/termekeink\/sonoalbum\/\" \/>\n<meta property=\"og:site_name\" content=\"ArtOfInfo\" \/>\n<meta property=\"article:publisher\" content=\"https:\/\/www.facebook.com\/artofinfo\/\" \/>\n<meta property=\"article:modified_time\" content=\"2025-09-10T13:47:08+00:00\" \/>\n<meta property=\"og:image\" content=\"https:\/\/artofinfo.eu\/wp-content\/uploads\/2025\/09\/portfolio.jpg\" \/>\n<meta name=\"twitter:card\" content=\"summary_large_image\" \/>\n<meta name=\"twitter:label1\" content=\"Becs\u00fclt olvas\u00e1si id\u0151\" \/>\n\t<meta name=\"twitter:data1\" content=\"1 perc\" \/>\n<script type=\"application\/ld+json\" class=\"yoast-schema-graph\">{\"@context\":\"https:\/\/schema.org\",\"@graph\":[{\"@type\":\"WebPage\",\"@id\":\"https:\/\/artofinfo.eu\/hu\/termekeink\/sonoalbum\/\",\"url\":\"https:\/\/artofinfo.eu\/hu\/termekeink\/sonoalbum\/\",\"name\":\"Sonoalbum - ArtOfInfo\",\"isPartOf\":{\"@id\":\"https:\/\/artofinfo.eu\/en\/#website\"},\"primaryImageOfPage\":{\"@id\":\"https:\/\/artofinfo.eu\/hu\/termekeink\/sonoalbum\/#primaryimage\"},\"image\":{\"@id\":\"https:\/\/artofinfo.eu\/hu\/termekeink\/sonoalbum\/#primaryimage\"},\"thumbnailUrl\":\"https:\/\/artofinfo.eu\/wp-content\/uploads\/2025\/09\/portfolio.jpg\",\"datePublished\":\"2025-09-08T12:39:03+00:00\",\"dateModified\":\"2025-09-10T13:47:08+00:00\",\"description\":\"Sonoalbum: Magzati ultrahang k\u00e9p \u00e9s vide\u00f3 megoszt\u00e1s T\u00f6ltse le a term\u00e9kismertet\u0151t a k\u00f6vetkez\u0151 PDF form\u00e1tum\u00fa linken: SONOALBUM BROCH\u00daRA LET\u00d6LT\u00c9SE Tov\u00e1bbi\",\"breadcrumb\":{\"@id\":\"https:\/\/artofinfo.eu\/hu\/termekeink\/sonoalbum\/#breadcrumb\"},\"inLanguage\":\"hu\",\"potentialAction\":[{\"@type\":\"ReadAction\",\"target\":[\"https:\/\/artofinfo.eu\/hu\/termekeink\/sonoalbum\/\"]}]},{\"@type\":\"ImageObject\",\"inLanguage\":\"hu\",\"@id\":\"https:\/\/artofinfo.eu\/hu\/termekeink\/sonoalbum\/#primaryimage\",\"url\":\"https:\/\/artofinfo.eu\/wp-content\/uploads\/2025\/09\/portfolio.jpg\",\"contentUrl\":\"https:\/\/artofinfo.eu\/wp-content\/uploads\/2025\/09\/portfolio.jpg\"},{\"@type\":\"BreadcrumbList\",\"@id\":\"https:\/\/artofinfo.eu\/hu\/termekeink\/sonoalbum\/#breadcrumb\",\"itemListElement\":[{\"@type\":\"ListItem\",\"position\":1,\"name\":\"Home\",\"item\":\"https:\/\/artofinfo.eu\/hu\/\"},{\"@type\":\"ListItem\",\"position\":2,\"name\":\"Term\u00e9keink\",\"item\":\"https:\/\/artofinfo.eu\/en\/products\/\"},{\"@type\":\"ListItem\",\"position\":3,\"name\":\"Sonoalbum\"}]},{\"@type\":\"WebSite\",\"@id\":\"https:\/\/artofinfo.eu\/en\/#website\",\"url\":\"https:\/\/artofinfo.eu\/en\/\",\"name\":\"artofinfo\",\"description\":\"\",\"publisher\":{\"@id\":\"https:\/\/artofinfo.eu\/en\/#organization\"},\"potentialAction\":[{\"@type\":\"SearchAction\",\"target\":{\"@type\":\"EntryPoint\",\"urlTemplate\":\"https:\/\/artofinfo.eu\/en\/?s={search_term_string}\"},\"query-input\":{\"@type\":\"PropertyValueSpecification\",\"valueRequired\":true,\"valueName\":\"search_term_string\"}}],\"inLanguage\":\"hu\"},{\"@type\":\"Organization\",\"@id\":\"https:\/\/artofinfo.eu\/en\/#organization\",\"name\":\"ARTofINFO Kft.\",\"url\":\"https:\/\/artofinfo.eu\/en\/\",\"logo\":{\"@type\":\"ImageObject\",\"inLanguage\":\"hu\",\"@id\":\"https:\/\/artofinfo.eu\/en\/#\/schema\/logo\/image\/\",\"url\":\"https:\/\/artofinfo.eu\/wp-content\/uploads\/2023\/09\/artofinfo_logo_website.svg\",\"contentUrl\":\"https:\/\/artofinfo.eu\/wp-content\/uploads\/2023\/09\/artofinfo_logo_website.svg\",\"width\":\"1024\",\"height\":\"1024\",\"caption\":\"ARTofINFO Kft.\"},\"image\":{\"@id\":\"https:\/\/artofinfo.eu\/en\/#\/schema\/logo\/image\/\"},\"sameAs\":[\"https:\/\/www.facebook.com\/artofinfo\/\",\"https:\/\/www.instagram.com\/artofinfokft\/\",\"https:\/\/hu.linkedin.com\/company\/artofinfo\",\"https:\/\/dreamjobs.hu\/hu\/company\/artofinfo-kft\"]}]}<\/script>\n<!-- \/ Yoast SEO Premium plugin. -->","yoast_head_json":{"title":"Sonoalbum - ArtOfInfo","description":"Sonoalbum: Magzati ultrahang k\u00e9p \u00e9s vide\u00f3 megoszt\u00e1s T\u00f6ltse le a term\u00e9kismertet\u0151t a k\u00f6vetkez\u0151 PDF form\u00e1tum\u00fa linken: SONOALBUM BROCH\u00daRA LET\u00d6LT\u00c9SE Tov\u00e1bbi","robots":{"index":"index","follow":"follow","max-snippet":"max-snippet:-1","max-image-preview":"max-image-preview:large","max-video-preview":"max-video-preview:-1"},"canonical":"https:\/\/artofinfo.eu\/hu\/termekeink\/sonoalbum\/","og_locale":"hu_HU","og_type":"article","og_title":"Sonoalbum","og_description":"Sonoalbum: Magzati ultrahang k\u00e9p \u00e9s vide\u00f3 megoszt\u00e1s T\u00f6ltse le a term\u00e9kismertet\u0151t a k\u00f6vetkez\u0151 PDF form\u00e1tum\u00fa linken: SONOALBUM BROCH\u00daRA LET\u00d6LT\u00c9SE Tov\u00e1bbi","og_url":"https:\/\/artofinfo.eu\/hu\/termekeink\/sonoalbum\/","og_site_name":"ArtOfInfo","article_publisher":"https:\/\/www.facebook.com\/artofinfo\/","article_modified_time":"2025-09-10T13:47:08+00:00","og_image":[{"url":"https:\/\/artofinfo.eu\/wp-content\/uploads\/2025\/09\/portfolio.jpg","type":"","width":"","height":""}],"twitter_card":"summary_large_image","twitter_misc":{"Becs\u00fclt olvas\u00e1si id\u0151":"1 perc"},"schema":{"@context":"https:\/\/schema.org","@graph":[{"@type":"WebPage","@id":"https:\/\/artofinfo.eu\/hu\/termekeink\/sonoalbum\/","url":"https:\/\/artofinfo.eu\/hu\/termekeink\/sonoalbum\/","name":"Sonoalbum - ArtOfInfo","isPartOf":{"@id":"https:\/\/artofinfo.eu\/en\/#website"},"primaryImageOfPage":{"@id":"https:\/\/artofinfo.eu\/hu\/termekeink\/sonoalbum\/#primaryimage"},"image":{"@id":"https:\/\/artofinfo.eu\/hu\/termekeink\/sonoalbum\/#primaryimage"},"thumbnailUrl":"https:\/\/artofinfo.eu\/wp-content\/uploads\/2025\/09\/portfolio.jpg","datePublished":"2025-09-08T12:39:03+00:00","dateModified":"2025-09-10T13:47:08+00:00","description":"Sonoalbum: Magzati ultrahang k\u00e9p \u00e9s vide\u00f3 megoszt\u00e1s T\u00f6ltse le a term\u00e9kismertet\u0151t a k\u00f6vetkez\u0151 PDF form\u00e1tum\u00fa linken: SONOALBUM BROCH\u00daRA LET\u00d6LT\u00c9SE Tov\u00e1bbi","breadcrumb":{"@id":"https:\/\/artofinfo.eu\/hu\/termekeink\/sonoalbum\/#breadcrumb"},"inLanguage":"hu","potentialAction":[{"@type":"ReadAction","target":["https:\/\/artofinfo.eu\/hu\/termekeink\/sonoalbum\/"]}]},{"@type":"ImageObject","inLanguage":"hu","@id":"https:\/\/artofinfo.eu\/hu\/termekeink\/sonoalbum\/#primaryimage","url":"https:\/\/artofinfo.eu\/wp-content\/uploads\/2025\/09\/portfolio.jpg","contentUrl":"https:\/\/artofinfo.eu\/wp-content\/uploads\/2025\/09\/portfolio.jpg"},{"@type":"BreadcrumbList","@id":"https:\/\/artofinfo.eu\/hu\/termekeink\/sonoalbum\/#breadcrumb","itemListElement":[{"@type":"ListItem","position":1,"name":"Home","item":"https:\/\/artofinfo.eu\/hu\/"},{"@type":"ListItem","position":2,"name":"Term\u00e9keink","item":"https:\/\/artofinfo.eu\/en\/products\/"},{"@type":"ListItem","position":3,"name":"Sonoalbum"}]},{"@type":"WebSite","@id":"https:\/\/artofinfo.eu\/en\/#website","url":"https:\/\/artofinfo.eu\/en\/","name":"artofinfo","description":"","publisher":{"@id":"https:\/\/artofinfo.eu\/en\/#organization"},"potentialAction":[{"@type":"SearchAction","target":{"@type":"EntryPoint","urlTemplate":"https:\/\/artofinfo.eu\/en\/?s={search_term_string}"},"query-input":{"@type":"PropertyValueSpecification","valueRequired":true,"valueName":"search_term_string"}}],"inLanguage":"hu"},{"@type":"Organization","@id":"https:\/\/artofinfo.eu\/en\/#organization","name":"ARTofINFO Kft.","url":"https:\/\/artofinfo.eu\/en\/","logo":{"@type":"ImageObject","inLanguage":"hu","@id":"https:\/\/artofinfo.eu\/en\/#\/schema\/logo\/image\/","url":"https:\/\/artofinfo.eu\/wp-content\/uploads\/2023\/09\/artofinfo_logo_website.svg","contentUrl":"https:\/\/artofinfo.eu\/wp-content\/uploads\/2023\/09\/artofinfo_logo_website.svg","width":"1024","height":"1024","caption":"ARTofINFO Kft."},"image":{"@id":"https:\/\/artofinfo.eu\/en\/#\/schema\/logo\/image\/"},"sameAs":["https:\/\/www.facebook.com\/artofinfo\/","https:\/\/www.instagram.com\/artofinfokft\/","https:\/\/hu.linkedin.com\/company\/artofinfo","https:\/\/dreamjobs.hu\/hu\/company\/artofinfo-kft"]}]}},"_links":{"self":[{"href":"https:\/\/artofinfo.eu\/hu\/wp-json\/wp\/v2\/pages\/14139","targetHints":{"allow":["GET"]}}],"collection":[{"href":"https:\/\/artofinfo.eu\/hu\/wp-json\/wp\/v2\/pages"}],"about":[{"href":"https:\/\/artofinfo.eu\/hu\/wp-json\/wp\/v2\/types\/page"}],"author":[{"embeddable":true,"href":"https:\/\/artofinfo.eu\/hu\/wp-json\/wp\/v2\/users\/123464"}],"replies":[{"embeddable":true,"href":"https:\/\/artofinfo.eu\/hu\/wp-json\/wp\/v2\/comments?post=14139"}],"version-history":[{"count":32,"href":"https:\/\/artofinfo.eu\/hu\/wp-json\/wp\/v2\/pages\/14139\/revisions"}],"predecessor-version":[{"id":14185,"href":"https:\/\/artofinfo.eu\/hu\/wp-json\/wp\/v2\/pages\/14139\/revisions\/14185"}],"up":[{"embeddable":true,"href":"https:\/\/artofinfo.eu\/hu\/wp-json\/wp\/v2\/pages\/11611"}],"wp:attachment":[{"href":"https:\/\/artofinfo.eu\/hu\/wp-json\/wp\/v2\/media?parent=14139"}],"curies":[{"name":"wp","href":"https:\/\/api.w.org\/{rel}","templated":true}]}}