{"id":11571,"date":"2024-03-21T16:12:30","date_gmt":"2024-03-21T14:12:30","guid":{"rendered":"https:\/\/artofinfo.local\/?page_id=11571"},"modified":"2024-04-05T09:08:10","modified_gmt":"2024-04-05T07:08:10","slug":"ugyfelhivo","status":"publish","type":"page","link":"https:\/\/artofinfo.eu\/hu\/termekeink\/ugyfelhivo\/","title":{"rendered":"\u00dcgyf\u00e9lh\u00edv\u00f3"},"content":{"rendered":"<section class=\"l-section wpb_row us_custom_de098d4d height_medium with_img parallax_ver with_shape\"><div class=\"l-section-img\" data-img-width=\"2000\" data-img-height=\"1292\" style=\"background-image: url(https:\/\/artofinfo.eu\/wp-content\/uploads\/2024\/01\/hands-with-laptop-virtual-world-map.jpg);background-repeat: no-repeat;\"><\/div><div class=\"l-section-overlay\" style=\"background:rgba(4,157,253,0.90)\"><\/div><div class=\"l-section-shape type_triangle pos_bottom\" style=\"height:10vmin;\"><svg xmlns=\"http:\/\/www.w3.org\/2000\/svg\" viewBox=\"0 0 64 8\" preserveAspectRatio=\"none\" width=\"100%\" height=\"100%\">\n\t<path fill=\"currentColor\" d=\"M64 8 L0 8 L0 0 L32 7.9 L64 0 Z\"\/>\n<\/svg><\/div><div class=\"l-section-h i-cf\"><div class=\"g-cols vc_row via_flex valign_top type_default stacking_default\"><div class=\"vc_col-sm-12 wpb_column vc_column_container\"><div class=\"vc_column-inner\"><div class=\"wpb_wrapper\"><h1 class=\"w-post-elm post_title us_custom_fedc6dd7 has_text_color align_center entry-title color_link_inherit\">\u00dcgyf\u00e9lh\u00edv\u00f3<\/h1><div class=\"wpb_text_column us_custom_76a46366 has_text_color\"><div class=\"wpb_wrapper\"><p style=\"text-align: center;\"><span class=\"TextRun SCXW35837436 BCX8\" lang=\"HU-HU\" xml:lang=\"HU-HU\" data-contrast=\"auto\"><span class=\"NormalTextRun SCXW35837436 BCX8\">Sorsz\u00e1moszt\u00f3<\/span><span class=\"NormalTextRun SCXW35837436 BCX8\">, \u00fcgyf\u00e9lh\u00edv\u00f3<\/span><span class=\"NormalTextRun SCXW35837436 BCX8\"> rendszer\u00fcn<\/span><span class=\"NormalTextRun SCXW35837436 BCX8\">ket az\u00e9rt hoztuk l\u00e9tre, hogy<\/span><span class=\"NormalTextRun SCXW35837436 BCX8\"> azonnal, azaz betanul\u00e1si id\u0151 n\u00e9lk\u00fcl lehess egy olyan term\u00e9k birtok\u00e1ban, ami megk\u00f6nny\u00edti munkav\u00e1llal\u00f3i<\/span><span class=\"NormalTextRun SCXW35837436 BCX8\">d<\/span><span class=\"NormalTextRun SCXW35837436 BCX8\"> \u00e9s \u00fcgyfelei<\/span><span class=\"NormalTextRun SCXW35837436 BCX8\">d<\/span><span class=\"NormalTextRun SCXW35837436 BCX8\"> mindennapjait<\/span><span class=\"NormalTextRun SCXW35837436 BCX8\">.<\/span><\/span><\/p>\n<\/div><\/div><div class=\"w-image us_custom_f5c0d89d align_none\"><div class=\"w-image-h\"><img loading=\"lazy\" decoding=\"async\" width=\"1024\" height=\"1024\" src=\"https:\/\/artofinfo.eu\/wp-content\/uploads\/2023\/09\/elvalaszto-piros-1.svg\" class=\"attachment-large size-large\" alt=\"\" \/><\/div><\/div><\/div><\/div><\/div><\/div><\/div><\/section><section class=\"l-section wpb_row height_medium\"><div class=\"l-section-h i-cf\"><div class=\"g-cols vc_row via_flex valign_top type_default stacking_default\"><div class=\"vc_col-sm-12 wpb_column vc_column_container\"><div class=\"vc_column-inner\"><div class=\"wpb_wrapper\">[vc_custom_heading text=&#8221;Sz\u00fcntesd meg a v\u00e1rakoz\u00e1s okozta stresszt az \u00fcgyfeleid ig\u00e9nyeire szabva!&#8221; font_container=&#8221;tag:h2|text_align:center&#8221; use_theme_fonts=&#8221;yes&#8221; css=&#8221;%7B%22default%22%3A%7B%22text-align%22%3A%22left%22%2C%22font-size%22%3A%221.4rem%22%2C%22font-family%22%3A%22body%22%2C%22font-weight%22%3A%22600%22%7D%7D&#8221;]<div class=\"wpb_text_column\"><div class=\"wpb_wrapper\"><ul style=\"font-weight: 400;\">\n<li data-leveltext=\"\uf0b7\" data-font=\"Symbol\" data-listid=\"2\" data-list-defn-props=\"{&quot;335552541&quot;:1,&quot;335559685&quot;:720,&quot;335559991&quot;:360,&quot;469769226&quot;:&quot;Symbol&quot;,&quot;469769242&quot;:&#091;8226&#093;,&quot;469777803&quot;:&quot;left&quot;,&quot;469777804&quot;:&quot;\uf0b7&quot;,&quot;469777815&quot;:&quot;hybridMultilevel&quot;}\" aria-setsize=\"-1\" data-aria-posinset=\"1\" data-aria-level=\"1\"><span class=\"TextRun SCXW206875169 BCX8\" lang=\"HU-HU\" xml:lang=\"HU-HU\" data-contrast=\"auto\"><span class=\"NormalTextRun SCXW206875169 BCX8\">V\u00e1ljon szervezettebb\u00e9 a v\u00e1rakoz\u00f3 \u00fcgyfeleid kiszolg\u00e1l\u00e1sa!<\/span><\/span><\/li>\n<li data-leveltext=\"\uf0b7\" data-font=\"Symbol\" data-listid=\"2\" data-list-defn-props=\"{&quot;335552541&quot;:1,&quot;335559685&quot;:720,&quot;335559991&quot;:360,&quot;469769226&quot;:&quot;Symbol&quot;,&quot;469769242&quot;:&#091;8226&#093;,&quot;469777803&quot;:&quot;left&quot;,&quot;469777804&quot;:&quot;\uf0b7&quot;,&quot;469777815&quot;:&quot;hybridMultilevel&quot;}\" aria-setsize=\"-1\" data-aria-posinset=\"1\" data-aria-level=\"1\"><span data-contrast=\"auto\">L\u00e9gy naprak\u00e9sz, \u00e9s jelen\u00edtsd meg mindig az aktu\u00e1lis t\u00e1j\u00e9koztat\u00f3t!<\/span><\/li>\n<li data-leveltext=\"\uf0b7\" data-font=\"Symbol\" data-listid=\"2\" data-list-defn-props=\"{&quot;335552541&quot;:1,&quot;335559685&quot;:720,&quot;335559991&quot;:360,&quot;469769226&quot;:&quot;Symbol&quot;,&quot;469769242&quot;:&#091;8226&#093;,&quot;469777803&quot;:&quot;left&quot;,&quot;469777804&quot;:&quot;\uf0b7&quot;,&quot;469777815&quot;:&quot;hybridMultilevel&quot;}\" aria-setsize=\"-1\" data-aria-posinset=\"1\" data-aria-level=\"1\"><span data-contrast=\"auto\">Ossz meg rendszeresen term\u00e9kismertet\u0151t!<\/span><\/li>\n<li data-leveltext=\"\uf0b7\" data-font=\"Symbol\" data-listid=\"2\" data-list-defn-props=\"{&quot;335552541&quot;:1,&quot;335559685&quot;:720,&quot;335559991&quot;:360,&quot;469769226&quot;:&quot;Symbol&quot;,&quot;469769242&quot;:&#091;8226&#093;,&quot;469777803&quot;:&quot;left&quot;,&quot;469777804&quot;:&quot;\uf0b7&quot;,&quot;469777815&quot;:&quot;hybridMultilevel&quot;}\" aria-setsize=\"-1\" data-aria-posinset=\"1\" data-aria-level=\"1\"><span data-contrast=\"auto\">Tedd izgalmasabb\u00e1 a v\u00e1rakoz\u00e1si id\u0151t vide\u00f3kkal \u00e9s k\u00e9pi felv\u00e9telekkel!<\/span><\/li>\n<\/ul>\n<p style=\"text-align: justify;\"><span class=\"TextRun SCXW221934490 BCX8\" lang=\"HU-HU\" xml:lang=\"HU-HU\" data-contrast=\"auto\"><span class=\"NormalTextRun SCXW221934490 BCX8\">A felhaszn\u00e1l\u00f3i fel\u00fclet egyszer\u0171, letisztult, a k\u00f6zponti kijelz\u0151n prom\u00f3ci\u00f3s anyagok megjelen\u00edt\u00e9s\u00e9re van lehet\u0151s\u00e9g vide\u00f3 \u00e9s fut\u00f3 sz\u00f6veg form\u00e1j\u00e1ban. A rendszer b\u00e1rmikor k\u00f6nnyen <\/span><span class=\"NormalTextRun SpellingErrorV2Themed SCXW221934490 BCX8\">testreszabhat\u00f3<\/span><span class=\"NormalTextRun SCXW221934490 BCX8\">, tov\u00e1bbfejleszthet\u0151 az \u00fcgyfeleink ig\u00e9nyeinek, c\u00e9ged <\/span><span class=\"NormalTextRun SpellingErrorV2Themed SCXW221934490 BCX8\">arculat\u00e1nak<\/span><span class=\"NormalTextRun SCXW221934490 BCX8\"> megfelel\u0151en, \u00e9s ebben seg\u00edts\u00e9get is tudunk ny\u00fajtani sz\u00e1modra.<\/span><\/span><\/p>\n<\/div><\/div><\/div><\/div><\/div><div class=\"vc_col-sm-12 wpb_column vc_column_container\"><div class=\"vc_column-inner us_custom_10679678\"><div class=\"wpb_wrapper\">[vc_custom_heading text=&#8221;Mib\u0151l \u00e1ll az \u00fcgyf\u00e9lh\u00edv\u00f3 rendszer?&#8221; font_container=&#8221;tag:h2|text_align:center&#8221; use_theme_fonts=&#8221;yes&#8221; css=&#8221;%7B%22default%22%3A%7B%22text-align%22%3A%22left%22%2C%22font-size%22%3A%221.4rem%22%2C%22font-family%22%3A%22body%22%2C%22font-weight%22%3A%22600%22%7D%7D&#8221;]<div class=\"wpb_text_column\"><div class=\"wpb_wrapper\"><p style=\"text-align: justify;\"><span data-contrast=\"auto\">A beh\u00edv\u00f3 rendszer az ajt\u00f3 melletti-, emeleti- \u00e9s k\u00f6zponti kijelz\u0151k\u00f6n is jelzi a sorra ker\u00fcl\u0151 v\u00e1rakoz\u00f3kat, t\u00e1j\u00e9koztat arr\u00f3l, hogy melyik helysz\u00ednre, melyik sorsz\u00e1mmal v\u00e1rj\u00e1k az \u00fcgyfeleket.<\/span><span data-ccp-props=\"{&quot;201341983&quot;:0,&quot;335551550&quot;:6,&quot;335551620&quot;:6,&quot;335559739&quot;:160,&quot;335559740&quot;:259}\">\u00a0<\/span><\/p>\n<p style=\"text-align: left;\"><span data-contrast=\"auto\">A term\u00e9k ezen k\u00edv\u00fcl tartalmaz egy nyomtat\u00e1si funkci\u00f3t, amely a bel\u00e9ptet\u00e9skor a megfelel\u0151 form\u00e1tumban egy sorsz\u00e1mot nyomtat, valamint egy h\u00e1tt\u00e9r kiszolg\u00e1l\u00f3t is, amely a rendszert m\u0171k\u00f6dteti.<\/span><span data-ccp-props=\"{&quot;201341983&quot;:0,&quot;335551550&quot;:6,&quot;335551620&quot;:6,&quot;335559739&quot;:160,&quot;335559740&quot;:259}\">\u00a0<\/span><\/p>\n<p style=\"text-align: left;\"><span data-contrast=\"auto\">Az akad\u00e1lymentes\u00edt\u00e9sre t\u00f6rekedve, a kijelz\u0151k hanggal \u00e9s anim\u00e1ci\u00f3val jelzik a beh\u00edv\u00e1st.<\/span><\/p>\n<\/div><\/div><\/div><\/div><\/div><div class=\"vc_col-sm-12 wpb_column vc_column_container\"><div class=\"vc_column-inner us_custom_10679678\"><div class=\"wpb_wrapper\">[vc_custom_heading text=&#8221;Vezesd be az \u00fcgyf\u00e9lh\u00edv\u00f3 rendszert k\u00f6nnyed\u00e9n!&#8221; font_container=&#8221;tag:h2|text_align:center&#8221; use_theme_fonts=&#8221;yes&#8221; css=&#8221;%7B%22default%22%3A%7B%22text-align%22%3A%22left%22%2C%22font-size%22%3A%221.4rem%22%2C%22font-family%22%3A%22body%22%2C%22font-weight%22%3A%22600%22%7D%7D&#8221;]<div class=\"wpb_text_column\"><div class=\"wpb_wrapper\"><p><span class=\"TextRun SCXW215098861 BCX8\" lang=\"HU-HU\" xml:lang=\"HU-HU\" data-contrast=\"auto\">Az \u00fcgyf\u00e9lh\u00edv\u00f3 rendszer k\u00f6nnyen integr\u00e1lhat\u00f3, a beoszt\u00e1s, a kiszolg\u00e1l\u00f3 pultok, vizsg\u00e1l\u00f3 szob\u00e1k adatai, vagy egy\u00e9b m\u00e1s helysz\u00ednek automatikusan friss\u00fclnek.<\/span><\/p>\n<\/div><\/div><\/div><\/div><\/div><\/div><\/div><\/section><section class=\"l-section wpb_row height_medium\"><div class=\"l-section-h i-cf\"><div class=\"g-cols vc_row via_flex valign_top type_default stacking_default\"><div class=\"vc_col-sm-12 wpb_column vc_column_container\"><div class=\"vc_column-inner\"><div class=\"wpb_wrapper\"><div class=\"w-grid type_grid layout_gallery_default cols_2 valign_center with_css_animation\" id=\"us_grid_1\" data-filterable=\"true\"><style>#us_grid_1 .w-grid-item{padding:1.5rem}#us_grid_1 .w-grid-list{margin:-1.5rem}.w-grid + #us_grid_1 .w-grid-list,.w-grid-none + #us_grid_1 .w-grid-list{margin-top:1.5rem}@media (max-width:768px){#us_grid_1 .w-grid-list{margin:0}#us_grid_1 .w-grid-item{width:100%;padding:0;margin-bottom:1.5rem}}.layout_gallery_default .w-grid-item-h{}<\/style><div class=\"w-grid-list\">\t<article class=\"w-grid-item us_animate_afr post-11623 attachment type-attachment status-inherit hentry\" data-id=\"11623\" style=\"animation-delay:0s\">\n\t\t<div class=\"w-grid-item-h\">\n\t\t\t\t\t\t<div class=\"w-post-elm post_image usg_post_image_1 stretched\"><img loading=\"lazy\" decoding=\"async\" width=\"1024\" height=\"576\" src=\"https:\/\/artofinfo.eu\/wp-content\/uploads\/2024\/03\/sorszamkioszto-01-1.png\" class=\"attachment-large size-large\" alt=\"\" \/><\/div>\t\t<\/div>\n\t<\/article>\n\t<article class=\"w-grid-item us_animate_afr post-11598 attachment type-attachment status-inherit hentry\" data-id=\"11598\" style=\"animation-delay:0.1s\">\n\t\t<div class=\"w-grid-item-h\">\n\t\t\t\t\t\t<div class=\"w-post-elm post_image usg_post_image_1 stretched\"><img loading=\"lazy\" decoding=\"async\" width=\"1024\" height=\"614\" src=\"https:\/\/artofinfo.eu\/wp-content\/uploads\/2024\/03\/sorszamkioszto-02.jpg\" class=\"attachment-large size-large\" alt=\"\" \/><\/div>\t\t<\/div>\n\t<\/article>\n<\/div><div class=\"w-grid-preloader\"><div class=\"g-preloader type_1\">\n\t<div><\/div>\n<\/div>\n<\/div>\t<div class=\"w-grid-json hidden\" onclick='return {&quot;action&quot;:&quot;us_ajax_grid&quot;,&quot;ajax_url&quot;:&quot;https:\\\/\\\/artofinfo.eu\\\/wp-admin\\\/admin-ajax.php&quot;,&quot;infinite_scroll&quot;:0,&quot;max_num_pages&quot;:1,&quot;pagination&quot;:&quot;none&quot;,&quot;permalink_url&quot;:&quot;https:\\\/\\\/artofinfo.eu\\\/hu\\\/wp-json\\\/wp\\\/v2\\\/pages\\\/11571\\\/&quot;,&quot;template_vars&quot;:{&quot;columns&quot;:&quot;2&quot;,&quot;exclude_items&quot;:&quot;none&quot;,&quot;img_size&quot;:&quot;default&quot;,&quot;ignore_items_size&quot;:0,&quot;items_layout&quot;:&quot;gallery_default&quot;,&quot;items_offset&quot;:&quot;1&quot;,&quot;load_animation&quot;:&quot;afr&quot;,&quot;overriding_link&quot;:&quot;none&quot;,&quot;post_id&quot;:0,&quot;query_args&quot;:{&quot;post_type&quot;:[&quot;attachment&quot;],&quot;post__in&quot;:[&quot;11623&quot;,&quot;11598&quot;],&quot;post_status&quot;:&quot;inherit&quot;,&quot;post_mime_type&quot;:&quot;image&quot;,&quot;posts_per_page&quot;:&quot;2&quot;},&quot;orderby_query_args&quot;:{&quot;orderby&quot;:{&quot;title&quot;:&quot;ASC&quot;},&quot;order&quot;:&quot;ASC&quot;},&quot;type&quot;:&quot;grid&quot;,&quot;us_grid_ajax_index&quot;:1,&quot;us_grid_filter_params&quot;:null,&quot;us_grid_index&quot;:1,&quot;_us_grid_post_type&quot;:&quot;attachment&quot;,&quot;page_args&quot;:[],&quot;lang&quot;:&quot;hu&quot;}}'><\/div>\n\t<\/div><\/div><\/div><\/div><\/div><\/div><\/section><section class=\"l-section wpb_row height_medium\"><div class=\"l-section-h i-cf\"><div class=\"g-cols vc_row via_flex valign_top type_default stacking_default\"><div class=\"vc_col-sm-12 wpb_column vc_column_container\"><div class=\"vc_column-inner\"><div class=\"wpb_wrapper\"><div class=\"wpb_text_column\"><div class=\"wpb_wrapper\"><p><strong><span class=\"NormalTextRun SCXW160276082 BCX8\">Amennyiben felkeltett\u00fck \u00e9rdekl\u0151d\u00e9sed, keress minket bizalommal<\/span><span class=\"NormalTextRun SCXW160276082 BCX8\"> el\u00e9rhet\u0151s\u00e9geink egyik\u00e9n<\/span><span class=\"NormalTextRun SCXW160276082 BCX8\">!<\/span><\/strong><\/p>\n<\/div><\/div><div class=\"w-btn-wrapper align_left\"><a class=\"w-btn us-btn-style_1 us_custom_33b9ee00\" title=\"Ingyenes konzult\u00e1ci\u00f3\" href=\"\/ingyenes-konzultacio\/\"><span class=\"w-btn-label\">KAPCSOLAT<\/span><\/a><\/div><\/div><\/div><\/div><\/div><\/div><\/section>\n","protected":false},"excerpt":{"rendered":"","protected":false},"author":123457,"featured_media":8647,"parent":11611,"menu_order":0,"comment_status":"closed","ping_status":"closed","template":"","meta":{"_acf_changed":false,"footnotes":""},"class_list":["post-11571","page","type-page","status-publish","has-post-thumbnail","hentry"],"acf":[],"yoast_head":"<!-- This site is optimized with the Yoast SEO Premium plugin v24.7 (Yoast SEO v24.7) - https:\/\/yoast.com\/wordpress\/plugins\/seo\/ -->\n<title>\u00dcgyf\u00e9lh\u00edv\u00f3 I ARTofINFO<\/title>\n<meta name=\"description\" content=\"Sorsz\u00e1moszt\u00f3, \u00fcgyf\u00e9lh\u00edv\u00f3 rendszer\u00fcnket az\u00e9rt hoztuk l\u00e9tre, hogy azonnal, azaz betanul\u00e1si id\u0151 n\u00e9lk\u00fcl lehess egy olyan term\u00e9k birtok\u00e1ban, ami megk\u00f6nny\u00edti munkav\u00e1llal\u00f3id \u00e9s \u00fcgyfeleid mindennapjait.\" \/>\n<meta name=\"robots\" content=\"index, follow, max-snippet:-1, max-image-preview:large, max-video-preview:-1\" \/>\n<link rel=\"canonical\" href=\"https:\/\/artofinfo.eu\/hu\/termekeink\/ugyfelhivo\/\" \/>\n<meta property=\"og:locale\" content=\"hu_HU\" \/>\n<meta property=\"og:type\" content=\"article\" \/>\n<meta property=\"og:title\" content=\"\u00dcgyf\u00e9lh\u00edv\u00f3\" \/>\n<meta property=\"og:description\" content=\"Sorsz\u00e1moszt\u00f3, \u00fcgyf\u00e9lh\u00edv\u00f3 rendszer\u00fcnket az\u00e9rt hoztuk l\u00e9tre, hogy azonnal, azaz betanul\u00e1si id\u0151 n\u00e9lk\u00fcl lehess egy olyan term\u00e9k birtok\u00e1ban, ami megk\u00f6nny\u00edti munkav\u00e1llal\u00f3id \u00e9s \u00fcgyfeleid mindennapjait.\" \/>\n<meta property=\"og:url\" content=\"https:\/\/artofinfo.eu\/hu\/termekeink\/ugyfelhivo\/\" \/>\n<meta property=\"og:site_name\" content=\"ArtOfInfo\" \/>\n<meta property=\"article:publisher\" content=\"https:\/\/www.facebook.com\/artofinfo\/\" \/>\n<meta property=\"article:modified_time\" content=\"2024-04-05T07:08:10+00:00\" \/>\n<meta property=\"og:image\" content=\"https:\/\/artofinfo.eu\/wp-content\/uploads\/2023\/06\/egeszsegugye-fokep.png\" \/>\n\t<meta property=\"og:image:width\" content=\"800\" \/>\n\t<meta property=\"og:image:height\" content=\"694\" \/>\n\t<meta property=\"og:image:type\" content=\"image\/png\" \/>\n<meta name=\"twitter:card\" content=\"summary_large_image\" \/>\n<meta name=\"twitter:label1\" content=\"Becs\u00fclt olvas\u00e1si id\u0151\" \/>\n\t<meta name=\"twitter:data1\" content=\"3 perc\" \/>\n<script type=\"application\/ld+json\" class=\"yoast-schema-graph\">{\"@context\":\"https:\/\/schema.org\",\"@graph\":[{\"@type\":\"WebPage\",\"@id\":\"https:\/\/artofinfo.eu\/hu\/termekeink\/ugyfelhivo\/\",\"url\":\"https:\/\/artofinfo.eu\/hu\/termekeink\/ugyfelhivo\/\",\"name\":\"\u00dcgyf\u00e9lh\u00edv\u00f3 I ARTofINFO\",\"isPartOf\":{\"@id\":\"https:\/\/artofinfo.eu\/en\/#website\"},\"primaryImageOfPage\":{\"@id\":\"https:\/\/artofinfo.eu\/hu\/termekeink\/ugyfelhivo\/#primaryimage\"},\"image\":{\"@id\":\"https:\/\/artofinfo.eu\/hu\/termekeink\/ugyfelhivo\/#primaryimage\"},\"thumbnailUrl\":\"https:\/\/artofinfo.eu\/wp-content\/uploads\/2023\/06\/egeszsegugye-fokep.png\",\"datePublished\":\"2024-03-21T14:12:30+00:00\",\"dateModified\":\"2024-04-05T07:08:10+00:00\",\"description\":\"Sorsz\u00e1moszt\u00f3, \u00fcgyf\u00e9lh\u00edv\u00f3 rendszer\u00fcnket az\u00e9rt hoztuk l\u00e9tre, hogy azonnal, azaz betanul\u00e1si id\u0151 n\u00e9lk\u00fcl lehess egy olyan term\u00e9k birtok\u00e1ban, ami megk\u00f6nny\u00edti munkav\u00e1llal\u00f3id \u00e9s \u00fcgyfeleid mindennapjait.\",\"breadcrumb\":{\"@id\":\"https:\/\/artofinfo.eu\/hu\/termekeink\/ugyfelhivo\/#breadcrumb\"},\"inLanguage\":\"hu\",\"potentialAction\":[{\"@type\":\"ReadAction\",\"target\":[\"https:\/\/artofinfo.eu\/hu\/termekeink\/ugyfelhivo\/\"]}]},{\"@type\":\"ImageObject\",\"inLanguage\":\"hu\",\"@id\":\"https:\/\/artofinfo.eu\/hu\/termekeink\/ugyfelhivo\/#primaryimage\",\"url\":\"https:\/\/artofinfo.eu\/wp-content\/uploads\/2023\/06\/egeszsegugye-fokep.png\",\"contentUrl\":\"https:\/\/artofinfo.eu\/wp-content\/uploads\/2023\/06\/egeszsegugye-fokep.png\",\"width\":800,\"height\":694,\"caption\":\"Eg\u00e9szs\u00e9g\u00fcgy\"},{\"@type\":\"BreadcrumbList\",\"@id\":\"https:\/\/artofinfo.eu\/hu\/termekeink\/ugyfelhivo\/#breadcrumb\",\"itemListElement\":[{\"@type\":\"ListItem\",\"position\":1,\"name\":\"Home\",\"item\":\"https:\/\/artofinfo.eu\/hu\/\"},{\"@type\":\"ListItem\",\"position\":2,\"name\":\"Term\u00e9keink\",\"item\":\"https:\/\/artofinfo.eu\/en\/products\/\"},{\"@type\":\"ListItem\",\"position\":3,\"name\":\"\u00dcgyf\u00e9lh\u00edv\u00f3\"}]},{\"@type\":\"WebSite\",\"@id\":\"https:\/\/artofinfo.eu\/en\/#website\",\"url\":\"https:\/\/artofinfo.eu\/en\/\",\"name\":\"artofinfo\",\"description\":\"\",\"publisher\":{\"@id\":\"https:\/\/artofinfo.eu\/en\/#organization\"},\"potentialAction\":[{\"@type\":\"SearchAction\",\"target\":{\"@type\":\"EntryPoint\",\"urlTemplate\":\"https:\/\/artofinfo.eu\/en\/?s={search_term_string}\"},\"query-input\":{\"@type\":\"PropertyValueSpecification\",\"valueRequired\":true,\"valueName\":\"search_term_string\"}}],\"inLanguage\":\"hu\"},{\"@type\":\"Organization\",\"@id\":\"https:\/\/artofinfo.eu\/en\/#organization\",\"name\":\"ARTofINFO Kft.\",\"url\":\"https:\/\/artofinfo.eu\/en\/\",\"logo\":{\"@type\":\"ImageObject\",\"inLanguage\":\"hu\",\"@id\":\"https:\/\/artofinfo.eu\/en\/#\/schema\/logo\/image\/\",\"url\":\"https:\/\/artofinfo.eu\/wp-content\/uploads\/2023\/09\/artofinfo_logo_website.svg\",\"contentUrl\":\"https:\/\/artofinfo.eu\/wp-content\/uploads\/2023\/09\/artofinfo_logo_website.svg\",\"width\":\"1024\",\"height\":\"1024\",\"caption\":\"ARTofINFO Kft.\"},\"image\":{\"@id\":\"https:\/\/artofinfo.eu\/en\/#\/schema\/logo\/image\/\"},\"sameAs\":[\"https:\/\/www.facebook.com\/artofinfo\/\",\"https:\/\/www.instagram.com\/artofinfokft\/\",\"https:\/\/hu.linkedin.com\/company\/artofinfo\",\"https:\/\/dreamjobs.hu\/hu\/company\/artofinfo-kft\"]}]}<\/script>\n<!-- \/ Yoast SEO Premium plugin. -->","yoast_head_json":{"title":"\u00dcgyf\u00e9lh\u00edv\u00f3 I ARTofINFO","description":"Sorsz\u00e1moszt\u00f3, \u00fcgyf\u00e9lh\u00edv\u00f3 rendszer\u00fcnket az\u00e9rt hoztuk l\u00e9tre, hogy azonnal, azaz betanul\u00e1si id\u0151 n\u00e9lk\u00fcl lehess egy olyan term\u00e9k birtok\u00e1ban, ami megk\u00f6nny\u00edti munkav\u00e1llal\u00f3id \u00e9s \u00fcgyfeleid mindennapjait.","robots":{"index":"index","follow":"follow","max-snippet":"max-snippet:-1","max-image-preview":"max-image-preview:large","max-video-preview":"max-video-preview:-1"},"canonical":"https:\/\/artofinfo.eu\/hu\/termekeink\/ugyfelhivo\/","og_locale":"hu_HU","og_type":"article","og_title":"\u00dcgyf\u00e9lh\u00edv\u00f3","og_description":"Sorsz\u00e1moszt\u00f3, \u00fcgyf\u00e9lh\u00edv\u00f3 rendszer\u00fcnket az\u00e9rt hoztuk l\u00e9tre, hogy azonnal, azaz betanul\u00e1si id\u0151 n\u00e9lk\u00fcl lehess egy olyan term\u00e9k birtok\u00e1ban, ami megk\u00f6nny\u00edti munkav\u00e1llal\u00f3id \u00e9s \u00fcgyfeleid mindennapjait.","og_url":"https:\/\/artofinfo.eu\/hu\/termekeink\/ugyfelhivo\/","og_site_name":"ArtOfInfo","article_publisher":"https:\/\/www.facebook.com\/artofinfo\/","article_modified_time":"2024-04-05T07:08:10+00:00","og_image":[{"width":800,"height":694,"url":"https:\/\/artofinfo.eu\/wp-content\/uploads\/2023\/06\/egeszsegugye-fokep.png","type":"image\/png"}],"twitter_card":"summary_large_image","twitter_misc":{"Becs\u00fclt olvas\u00e1si id\u0151":"3 perc"},"schema":{"@context":"https:\/\/schema.org","@graph":[{"@type":"WebPage","@id":"https:\/\/artofinfo.eu\/hu\/termekeink\/ugyfelhivo\/","url":"https:\/\/artofinfo.eu\/hu\/termekeink\/ugyfelhivo\/","name":"\u00dcgyf\u00e9lh\u00edv\u00f3 I ARTofINFO","isPartOf":{"@id":"https:\/\/artofinfo.eu\/en\/#website"},"primaryImageOfPage":{"@id":"https:\/\/artofinfo.eu\/hu\/termekeink\/ugyfelhivo\/#primaryimage"},"image":{"@id":"https:\/\/artofinfo.eu\/hu\/termekeink\/ugyfelhivo\/#primaryimage"},"thumbnailUrl":"https:\/\/artofinfo.eu\/wp-content\/uploads\/2023\/06\/egeszsegugye-fokep.png","datePublished":"2024-03-21T14:12:30+00:00","dateModified":"2024-04-05T07:08:10+00:00","description":"Sorsz\u00e1moszt\u00f3, \u00fcgyf\u00e9lh\u00edv\u00f3 rendszer\u00fcnket az\u00e9rt hoztuk l\u00e9tre, hogy azonnal, azaz betanul\u00e1si id\u0151 n\u00e9lk\u00fcl lehess egy olyan term\u00e9k birtok\u00e1ban, ami megk\u00f6nny\u00edti munkav\u00e1llal\u00f3id \u00e9s \u00fcgyfeleid mindennapjait.","breadcrumb":{"@id":"https:\/\/artofinfo.eu\/hu\/termekeink\/ugyfelhivo\/#breadcrumb"},"inLanguage":"hu","potentialAction":[{"@type":"ReadAction","target":["https:\/\/artofinfo.eu\/hu\/termekeink\/ugyfelhivo\/"]}]},{"@type":"ImageObject","inLanguage":"hu","@id":"https:\/\/artofinfo.eu\/hu\/termekeink\/ugyfelhivo\/#primaryimage","url":"https:\/\/artofinfo.eu\/wp-content\/uploads\/2023\/06\/egeszsegugye-fokep.png","contentUrl":"https:\/\/artofinfo.eu\/wp-content\/uploads\/2023\/06\/egeszsegugye-fokep.png","width":800,"height":694,"caption":"Eg\u00e9szs\u00e9g\u00fcgy"},{"@type":"BreadcrumbList","@id":"https:\/\/artofinfo.eu\/hu\/termekeink\/ugyfelhivo\/#breadcrumb","itemListElement":[{"@type":"ListItem","position":1,"name":"Home","item":"https:\/\/artofinfo.eu\/hu\/"},{"@type":"ListItem","position":2,"name":"Term\u00e9keink","item":"https:\/\/artofinfo.eu\/en\/products\/"},{"@type":"ListItem","position":3,"name":"\u00dcgyf\u00e9lh\u00edv\u00f3"}]},{"@type":"WebSite","@id":"https:\/\/artofinfo.eu\/en\/#website","url":"https:\/\/artofinfo.eu\/en\/","name":"artofinfo","description":"","publisher":{"@id":"https:\/\/artofinfo.eu\/en\/#organization"},"potentialAction":[{"@type":"SearchAction","target":{"@type":"EntryPoint","urlTemplate":"https:\/\/artofinfo.eu\/en\/?s={search_term_string}"},"query-input":{"@type":"PropertyValueSpecification","valueRequired":true,"valueName":"search_term_string"}}],"inLanguage":"hu"},{"@type":"Organization","@id":"https:\/\/artofinfo.eu\/en\/#organization","name":"ARTofINFO Kft.","url":"https:\/\/artofinfo.eu\/en\/","logo":{"@type":"ImageObject","inLanguage":"hu","@id":"https:\/\/artofinfo.eu\/en\/#\/schema\/logo\/image\/","url":"https:\/\/artofinfo.eu\/wp-content\/uploads\/2023\/09\/artofinfo_logo_website.svg","contentUrl":"https:\/\/artofinfo.eu\/wp-content\/uploads\/2023\/09\/artofinfo_logo_website.svg","width":"1024","height":"1024","caption":"ARTofINFO Kft."},"image":{"@id":"https:\/\/artofinfo.eu\/en\/#\/schema\/logo\/image\/"},"sameAs":["https:\/\/www.facebook.com\/artofinfo\/","https:\/\/www.instagram.com\/artofinfokft\/","https:\/\/hu.linkedin.com\/company\/artofinfo","https:\/\/dreamjobs.hu\/hu\/company\/artofinfo-kft"]}]}},"_links":{"self":[{"href":"https:\/\/artofinfo.eu\/hu\/wp-json\/wp\/v2\/pages\/11571","targetHints":{"allow":["GET"]}}],"collection":[{"href":"https:\/\/artofinfo.eu\/hu\/wp-json\/wp\/v2\/pages"}],"about":[{"href":"https:\/\/artofinfo.eu\/hu\/wp-json\/wp\/v2\/types\/page"}],"author":[{"embeddable":true,"href":"https:\/\/artofinfo.eu\/hu\/wp-json\/wp\/v2\/users\/123457"}],"replies":[{"embeddable":true,"href":"https:\/\/artofinfo.eu\/hu\/wp-json\/wp\/v2\/comments?post=11571"}],"version-history":[{"count":27,"href":"https:\/\/artofinfo.eu\/hu\/wp-json\/wp\/v2\/pages\/11571\/revisions"}],"predecessor-version":[{"id":13846,"href":"https:\/\/artofinfo.eu\/hu\/wp-json\/wp\/v2\/pages\/11571\/revisions\/13846"}],"up":[{"embeddable":true,"href":"https:\/\/artofinfo.eu\/hu\/wp-json\/wp\/v2\/pages\/11611"}],"wp:featuredmedia":[{"embeddable":true,"href":"https:\/\/artofinfo.eu\/hu\/wp-json\/wp\/v2\/media\/8647"}],"wp:attachment":[{"href":"https:\/\/artofinfo.eu\/hu\/wp-json\/wp\/v2\/media?parent=11571"}],"curies":[{"name":"wp","href":"https:\/\/api.w.org\/{rel}","templated":true}]}}