{"id":11115,"date":"2024-03-05T10:53:33","date_gmt":"2024-03-05T08:53:33","guid":{"rendered":"https:\/\/artofinfo.local\/?page_id=11115"},"modified":"2024-04-05T09:06:32","modified_gmt":"2024-04-05T07:06:32","slug":"low-code-no-code-megoldasok","status":"publish","type":"page","link":"https:\/\/artofinfo.eu\/hu\/szolgaltatasaink\/low-code-no-code-megoldasok\/","title":{"rendered":"Low-code \/ No-code alkalmaz\u00e1sfejleszt\u00e9s"},"content":{"rendered":"<section class=\"l-section wpb_row us_custom_2adc5bab height_medium with_img parallax_ver with_shape\"><div class=\"l-section-img\" data-img-width=\"2000\" data-img-height=\"1217\" style=\"background-image: url(https:\/\/artofinfo.eu\/wp-content\/uploads\/2024\/01\/usiness-people-meeting-discuss-situation-marketing.jpg);background-repeat: no-repeat;\"><\/div><div class=\"l-section-overlay\" style=\"background:rgba(4,157,253,0.80)\"><\/div><div class=\"l-section-shape type_triangle pos_bottom\" style=\"height:10vmin;\"><svg xmlns=\"http:\/\/www.w3.org\/2000\/svg\" viewBox=\"0 0 64 8\" preserveAspectRatio=\"none\" width=\"100%\" height=\"100%\">\n\t<path fill=\"currentColor\" d=\"M64 8 L0 8 L0 0 L32 7.9 L64 0 Z\"\/>\n<\/svg><\/div><div class=\"l-section-h i-cf\"><div class=\"g-cols vc_row via_flex valign_top type_default stacking_default\"><div class=\"vc_col-sm-12 wpb_column vc_column_container\"><div class=\"vc_column-inner\"><div class=\"wpb_wrapper\">[vc_custom_heading text=&#8221;Low-code \/ No-code alkalmaz\u00e1sfejleszt\u00e9s&#8221; font_container=&#8221;tag:h1|text_align:center&#8221; use_theme_fonts=&#8221;yes&#8221; css=&#8221;%7B%22default%22%3A%7B%22color%22%3A%22_header_middle_bg%22%2C%22text-align%22%3A%22center%22%2C%22margin-top%22%3A%222rem%22%7D%2C%22laptops%22%3A%7B%22color%22%3A%22_header_middle_bg%22%2C%22text-align%22%3A%22center%22%7D%2C%22tablets%22%3A%7B%22color%22%3A%22_header_middle_bg%22%2C%22text-align%22%3A%22center%22%7D%2C%22mobiles%22%3A%7B%22color%22%3A%22_header_middle_bg%22%2C%22text-align%22%3A%22center%22%2C%22font-size%22%3A%221.8rem%22%7D%7D&#8221;][vc_custom_heading text=&#8221;Vedd kezedbe az ir\u00e1ny\u00edt\u00e1st \u00e9s v\u00e1ljon a k\u00f3dol\u00e1s n\u00e9lk\u00fcli alkalmaz\u00e1sfejleszt\u00e9s az \u00fczleti strat\u00e9gi\u00e1d r\u00e9sz\u00e9v\u00e9!&#8221; font_container=&#8221;tag:p|font_size:1.2rem|text_align:center&#8221; use_theme_fonts=&#8221;yes&#8221; css=&#8221;%7B%22default%22%3A%7B%22color%22%3A%22_header_middle_bg%22%2C%22text-align%22%3A%22center%22%2C%22font-size%22%3A%221.2rem%22%2C%22margin-bottom%22%3A%222rem%22%7D%7D&#8221;]<div class=\"w-image us_custom_f5c0d89d align_none\"><div class=\"w-image-h\"><img decoding=\"async\" src=\"https:\/\/artofinfo.eu\/wp-content\/uploads\/2023\/09\/elvalaszto-piros.svg\" class=\"attachment-full size-full\" alt=\"\" \/><\/div><\/div><\/div><\/div><\/div><\/div><\/div><\/section><section class=\"l-section wpb_row height_medium\"><div class=\"l-section-h i-cf\"><div class=\"g-cols vc_row via_flex valign_top type_default stacking_default\"><div class=\"vc_col-sm-12 wpb_column vc_column_container\"><div class=\"vc_column-inner us_custom_92b2762d\"><div class=\"wpb_wrapper\">[vc_custom_heading text=&#8221;A Mendix egy olyan low-code platform, mellyel gyorsan \u00e9s egyszer\u0171en lehet alkalmaz\u00e1sokat l\u00e9trehozni \u00fczleti ig\u00e9nyeidnek megfelel\u0151en. Minim\u00e1lis k\u00f3dhaszn\u00e1lattal lehet\u0151v\u00e9 v\u00e1lik sz\u00e1modra \u00fczleti alkalmaz\u00e1sok fejleszt\u00e9se, tesztel\u00e9se \u00e9s telep\u00edt\u00e9se b\u00e1rmilyen eszk\u00f6zre vagy csatorn\u00e1ra.&#8221; font_container=&#8221;tag:p|font_size:1.2rem|text_align:justify&#8221; use_theme_fonts=&#8221;yes&#8221; css=&#8221;%7B%22default%22%3A%7B%22font-weight%22%3A%22400%22%2C%22margin-top%22%3A%222rem%22%2C%22margin-bottom%22%3A%222rem%22%7D%7D&#8221;]<\/div><\/div><\/div><div class=\"vc_col-sm-12 wpb_column vc_column_container\"><div class=\"vc_column-inner\"><div class=\"wpb_wrapper\">[vc_custom_heading text=&#8221;A Mendix alkalmaz\u00e1sfejleszt\u00e9s az al\u00e1bbi el\u0151ny\u00f6ket ny\u00fajtja v\u00e1llalatod sz\u00e1m\u00e1ra&#8221; font_container=&#8221;tag:h4|text_align:center&#8221; use_theme_fonts=&#8221;yes&#8221; css=&#8221;%7B%22default%22%3A%7B%22font-weight%22%3A%22800%22%2C%22margin-bottom%22%3A%222rem%22%7D%2C%22laptops%22%3A%7B%22font-weight%22%3A%22800%22%7D%2C%22tablets%22%3A%7B%22font-weight%22%3A%22800%22%7D%2C%22mobiles%22%3A%7B%22font-size%22%3A%221.6rem%22%2C%22font-weight%22%3A%22800%22%7D%7D&#8221;]<\/div><\/div><\/div><div class=\"vc_col-sm-12 wpb_column vc_column_container\"><div class=\"vc_column-inner\"><div class=\"wpb_wrapper\"><div class=\"g-cols wpb_row us_custom_938809ae via_flex valign_middle type_default stacking_default\" style=\"--additional-gap:1.5rem;\"><div class=\"vc_col-sm-4 wpb_column vc_column_container has_bg_color\"><div class=\"vc_column-inner us_custom_6e707dfc\"><div class=\"wpb_wrapper\">[vc_custom_heading text=&#8221;Hat\u00e9kony \u00e9s gyors megold\u00e1s a folytonos v\u00e1ltoz\u00e1sokhoz \u00e9s \u00fczleti ig\u00e9nyekhez.&#8221; font_container=&#8221;tag:p|text_align:center&#8221; use_theme_fonts=&#8221;yes&#8221; css=&#8221;%7B%22default%22%3A%7B%22color%22%3A%22_header_middle_bg%22%2C%22text-align%22%3A%22center%22%2C%22margin-top%22%3A%222rem%22%2C%22margin-bottom%22%3A%222rem%22%7D%7D&#8221;]<\/div><\/div><\/div><div class=\"vc_col-sm-4 wpb_column vc_column_container has_bg_color\"><div class=\"vc_column-inner us_custom_6e707dfc\"><div class=\"wpb_wrapper\">[vc_custom_heading text=&#8221;A f\u00f3kusz az \u00fczleti probl\u00e9m\u00e1k megold\u00e1s\u00e1ra ker\u00fcl a technikai megval\u00f3s\u00edt\u00e1s helyett.&#8221; font_container=&#8221;tag:p|text_align:center&#8221; use_theme_fonts=&#8221;yes&#8221; css=&#8221;%7B%22default%22%3A%7B%22color%22%3A%22_header_middle_bg%22%2C%22text-align%22%3A%22center%22%2C%22margin-top%22%3A%222rem%22%2C%22margin-bottom%22%3A%222rem%22%7D%7D&#8221;]<\/div><\/div><\/div><div class=\"vc_col-sm-4 wpb_column vc_column_container has_bg_color\"><div class=\"vc_column-inner us_custom_6e707dfc\"><div class=\"wpb_wrapper\">[vc_custom_heading text=&#8221;A platform garant\u00e1lja a magasabb szint\u0171 adatv\u00e9delmet \u00e9s biztons\u00e1got.&#8221; font_container=&#8221;tag:p|text_align:center&#8221; use_theme_fonts=&#8221;yes&#8221; css=&#8221;%7B%22default%22%3A%7B%22color%22%3A%22_header_middle_bg%22%2C%22text-align%22%3A%22center%22%2C%22margin-top%22%3A%222rem%22%2C%22margin-bottom%22%3A%222rem%22%7D%7D&#8221;]<\/div><\/div><\/div><div class=\"vc_col-sm-4 wpb_column vc_column_container has_bg_color\"><div class=\"vc_column-inner us_custom_6e707dfc\"><div class=\"wpb_wrapper\">[vc_custom_heading text=&#8221;Az alkalmaz\u00e1sok \u00faj verzi\u00f3inak telep\u00edt\u00e9se egy gombnyom\u00e1ssal el\u00e9rhet\u0151v\u00e9 v\u00e1lik.&#8221; font_container=&#8221;tag:p|text_align:center&#8221; use_theme_fonts=&#8221;yes&#8221; css=&#8221;%7B%22default%22%3A%7B%22color%22%3A%22_header_middle_bg%22%2C%22text-align%22%3A%22center%22%2C%22margin-top%22%3A%222rem%22%2C%22margin-bottom%22%3A%222rem%22%7D%7D&#8221;]<\/div><\/div><\/div><div class=\"vc_col-sm-4 wpb_column vc_column_container has_bg_color\"><div class=\"vc_column-inner us_custom_6e707dfc\"><div class=\"wpb_wrapper\">[vc_custom_heading text=&#8221;A digit\u00e1lis term\u00e9kek \u00e9s szolg\u00e1ltat\u00e1sok gyorsabban piacra jutnak.&#8221; font_container=&#8221;tag:p|text_align:center&#8221; use_theme_fonts=&#8221;yes&#8221; css=&#8221;%7B%22default%22%3A%7B%22color%22%3A%22_header_middle_bg%22%2C%22text-align%22%3A%22center%22%2C%22margin-top%22%3A%222rem%22%2C%22margin-bottom%22%3A%222rem%22%7D%7D&#8221;]<\/div><\/div><\/div><div class=\"vc_col-sm-4 wpb_column vc_column_container has_bg_color\"><div class=\"vc_column-inner us_custom_6e707dfc\"><div class=\"wpb_wrapper\">[vc_custom_heading text=&#8221;A fejleszt\u0151i k\u00f6lts\u00e9gek cs\u00f6kkennek a ler\u00f6vid\u00fcl\u0151 fejleszt\u00e9si id\u0151 \u00e1ltal.&#8221; font_container=&#8221;tag:p|text_align:center&#8221; use_theme_fonts=&#8221;yes&#8221; css=&#8221;%7B%22default%22%3A%7B%22color%22%3A%22_header_middle_bg%22%2C%22text-align%22%3A%22center%22%2C%22margin-top%22%3A%222rem%22%2C%22margin-bottom%22%3A%222rem%22%7D%7D&#8221;]<\/div><\/div><\/div><\/div><\/div><\/div><\/div><\/div><\/div><\/section><section class=\"l-section wpb_row height_medium with_img parallax_ver with_shape\"><div class=\"l-section-img\" data-img-width=\"3247\" data-img-height=\"3247\" style=\"background-image: url(https:\/\/artofinfo.eu\/wp-content\/uploads\/2023\/11\/A-Vilaghaloval-kifoghato-aranyhalak-szamanak-meghatarozasa-algoritmussal-80x80-380000Ft.jpg);\"><\/div><div class=\"l-section-overlay\" style=\"background:rgba(4,157,253,0.80)\"><\/div><div class=\"l-section-shape type_triangle-2-inv pos_top\" style=\"height:10vmin;\"><svg xmlns=\"http:\/\/www.w3.org\/2000\/svg\" viewBox=\"0 0 64 8\" preserveAspectRatio=\"none\" width=\"100%\" height=\"100%\">\n\t<path fill=\"currentColor\" d=\"M64 9 L0 9 L0 7.9 L48 0 L64 7.9 Z\"\/>\n<\/svg><\/div><div class=\"l-section-shape type_triangle-2 pos_bottom hor_flip\" style=\"height:10vmin;\"><svg xmlns=\"http:\/\/www.w3.org\/2000\/svg\" viewBox=\"0 0 64 8\" preserveAspectRatio=\"none\" width=\"100%\" height=\"100%\">\n\t<path fill=\"currentColor\" d=\"M64 8 L0 8 L0 0 L48 7.9 L64 0 Z\"\/>\n<\/svg><\/div><div class=\"l-section-h i-cf\"><div class=\"g-cols vc_row via_flex valign_top type_default stacking_default\"><div class=\"vc_col-sm-12 wpb_column vc_column_container\"><div class=\"vc_column-inner\"><div class=\"wpb_wrapper\"><div class=\"w-separator size_large\"><\/div>[vc_custom_heading text=&#8221;Gazdag\u00edtsd a digit\u00e1lis \u00fcgyf\u00e9lutat az alkalmaz\u00e1sfejleszt\u00e9s egyszer\u0171s\u00edt\u00e9s\u00e9vel.&#8221; font_container=&#8221;tag:h3|text_align:center&#8221; use_theme_fonts=&#8221;yes&#8221; css=&#8221;%7B%22default%22%3A%7B%22color%22%3A%22_header_middle_bg%22%2C%22font-weight%22%3A%22800%22%2C%22margin-bottom%22%3A%222rem%22%7D%2C%22laptops%22%3A%7B%22color%22%3A%22_header_middle_bg%22%2C%22font-weight%22%3A%22800%22%7D%2C%22tablets%22%3A%7B%22color%22%3A%22_header_middle_bg%22%2C%22font-weight%22%3A%22800%22%7D%2C%22mobiles%22%3A%7B%22color%22%3A%22_header_middle_bg%22%2C%22font-size%22%3A%221.8rem%22%2C%22font-weight%22%3A%22800%22%7D%7D&#8221;]<div class=\"w-image us_custom_f5c0d89d align_none\"><div class=\"w-image-h\"><img decoding=\"async\" src=\"https:\/\/artofinfo.eu\/wp-content\/uploads\/2023\/09\/elvalaszto-sarga-1.svg\" class=\"attachment-full size-full\" alt=\"\" \/><\/div><\/div><div class=\"w-separator size_large\"><\/div><\/div><\/div><\/div><\/div><\/div><\/section><section class=\"l-section wpb_row height_medium\"><div class=\"l-section-h i-cf\"><div class=\"g-cols vc_row via_flex valign_top type_default stacking_default\" style=\"--additional-gap:0.5rem;\"><div class=\"vc_col-sm-12 wpb_column vc_column_container\"><div class=\"vc_column-inner us_custom_4f24afa8\"><div class=\"wpb_wrapper\">[vc_custom_heading text=&#8221;Az ArtofInfo csapat\u00e1val seg\u00edt\u00fcnk a Low-code \/ No-code megold\u00e1sok kulcsrak\u00e9sz bevezet\u00e9s\u00e9ben, vagy \u00fcgyfeleink \u00e1ltal l\u00e9trehozott alacsonyk\u00f3d\u00fa megold\u00e1sok esetleges testre szab\u00e1s\u00e1ban, integr\u00e1ci\u00f3j\u00e1ban vagy tov\u00e1bbfejleszt\u00e9s\u00e9ben.&#8221; font_container=&#8221;tag:p|font_size:1.2rem|text_align:justify&#8221; use_theme_fonts=&#8221;yes&#8221; css=&#8221;%7B%22default%22%3A%7B%22font-weight%22%3A%22400%22%2C%22margin-top%22%3A%222rem%22%2C%22margin-bottom%22%3A%222rem%22%7D%7D&#8221;]<\/div><\/div><\/div><div class=\"vc_col-sm-6 wpb_column vc_column_container\"><div class=\"vc_column-inner\"><div class=\"wpb_wrapper\">[vc_custom_heading text=&#8221;Folyamatok&#8221; font_container=&#8221;tag:h4|text_align:left|color:%23ffffff&#8221; use_theme_fonts=&#8221;yes&#8221; css=&#8221;%7B%22default%22%3A%7B%22font-weight%22%3A%22800%22%2C%22text-transform%22%3A%22uppercase%22%2C%22background-color%22%3A%22%23F1B517%22%2C%22padding-left%22%3A%2230px%22%2C%22padding-top%22%3A%2210px%22%2C%22padding-bottom%22%3A%2210px%22%2C%22padding-right%22%3A%2210px%22%7D%7D&#8221;]<div class=\"wpb_text_column us_custom_15a09563\"><div class=\"wpb_wrapper\"><ul>\n<li><span data-contrast=\"none\">Ig\u00e9nyfelm\u00e9r\u00e9s<\/span><\/li>\n<li><span data-contrast=\"none\">Rendszertervez\u00e9s<\/span><\/li>\n<li><span data-contrast=\"none\">Protot\u00edpusk\u00e9sz\u00edt\u00e9s<\/span><\/li>\n<li><span data-contrast=\"none\">Megval\u00f3s\u00edt\u00e1s<\/span><\/li>\n<li><span data-contrast=\"none\">Tesztel\u00e9s \u00e9s min\u0151s\u00e9gbiztos\u00edt\u00e1s<\/span><\/li>\n<li><span data-contrast=\"none\">Karbantart\u00e1s \u00e9s t\u00e1mogat\u00e1s<\/span><\/li>\n<\/ul>\n<\/div><\/div><\/div><\/div><\/div><div class=\"vc_col-sm-6 wpb_column vc_column_container\"><div class=\"vc_column-inner\"><div class=\"wpb_wrapper\">[vc_custom_heading text=&#8221;Eredm\u00e9nyek&#8221; font_container=&#8221;tag:h4|text_align:left|color:%23ffffff&#8221; use_theme_fonts=&#8221;yes&#8221; css=&#8221;%7B%22default%22%3A%7B%22font-weight%22%3A%22800%22%2C%22text-transform%22%3A%22uppercase%22%2C%22background-color%22%3A%22%231fba00%22%2C%22padding-left%22%3A%2230px%22%2C%22padding-top%22%3A%2210px%22%2C%22padding-bottom%22%3A%2210px%22%2C%22padding-right%22%3A%2210px%22%7D%7D&#8221;]<div class=\"wpb_text_column us_custom_d30e4c0c\"><div class=\"wpb_wrapper\"><ul>\n<li><span data-contrast=\"none\">Folyamataid digitaliz\u00e1ci\u00f3ja felgyorsul<\/span><\/li>\n<li><span data-contrast=\"none\">T\u00f6red\u00e9k\u00e9re cs\u00f6kkennek a digitaliz\u00e1ci\u00f3 k\u00f6lts\u00e9gei<\/span><\/li>\n<li><span data-contrast=\"none\">Cs\u00f6kken a besz\u00e1ll\u00edt\u00f3kt\u00f3l val\u00f3 f\u00fcgg\u0151s\u00e9g<\/span><\/li>\n<li><span data-contrast=\"none\">Javul a szoftvermin\u0151s\u00e9g<\/span><\/li>\n<li><span data-contrast=\"none\">Gyorsabb adapt\u00e1ci\u00f3 a folyamataid v\u00e1ltoz\u00e1sa eset\u00e9n<\/span><\/li>\n<li><span data-contrast=\"none\">Automatiz\u00e1ltt\u00e1 v\u00e1lnak folyamataid<\/span><\/li>\n<\/ul>\n<\/div><\/div><\/div><\/div><\/div><div class=\"vc_col-sm-12 wpb_column vc_column_container\"><div class=\"vc_column-inner us_custom_cdf14ffd\"><div class=\"wpb_wrapper\"><div class=\"w-actionbox color_primary controls_right\"><div class=\"w-actionbox-text\"><div class=\"w-actionbox-description\"><p><span class=\"TextRun SCXW215464833 BCX8\" lang=\"HU-HU\" xml:lang=\"HU-HU\" data-contrast=\"none\"><span class=\"NormalTextRun SCXW215464833 BCX8\">Ha fontos sz\u00e1modra a v\u00e1llalati digitaliz\u00e1ci\u00f3, hogy a ki\u00e9lezett piaci versenyben ne csak naprak\u00e9sz, hanem hat\u00e9kony is legy\u00e9l, jav\u00edtan\u00e1l az \u00fcgyf\u00e9l\u00e9lm\u00e9nyen \u00e9s a munkav\u00e1llal\u00f3k el\u00e9gedetts\u00e9g\u00e9n, <\/span><\/span><strong><span class=\"TextRun SCXW215464833 BCX8\" lang=\"HU-HU\" xml:lang=\"HU-HU\" data-contrast=\"none\"><span class=\"NormalTextRun SCXW215464833 BCX8\">javasoljuk a <\/span><span class=\"NormalTextRun SpellingErrorV2Themed SCXW215464833 BCX8\">low-code<\/span><span class=\"NormalTextRun SCXW215464833 BCX8\"> megold\u00e1sok alkalmaz\u00e1s\u00e1t v\u00e1llalatodn\u00e1l!<\/span><\/span><\/strong><\/p>\n<\/div><\/div><div class=\"w-actionbox-controls\"><a class=\"w-btn us-btn-style_1 icon_atleft\" href=\"\/ingyenes-konzultacio\/\" style=\"font-size:1.2rem;\"><i class=\"fas fa-step-forward\"><\/i><span class=\"w-btn-label\">K\u00e9rem a dem\u00f3t!<\/span><\/a><\/div><\/div><\/div><\/div><\/div><\/div><\/div><\/section>\n","protected":false},"excerpt":{"rendered":"[vc_custom_heading text=\"Low-code \/ No-code alkalmaz\u00e1sfejleszt\u00e9s\" font_container=\"tag:h1|text_align:center\" use_theme_fonts=\"yes\" css=\"%7B%22default%22%3A%7B%22color%22%3A%22_header_middle_bg%22%2C%22text-align%22%3A%22center%22%2C%22margin-top%22%3A%222rem%22%7D%2C%22laptops%22%3A%7B%22color%22%3A%22_header_middle_bg%22%2C%22text-align%22%3A%22center%22%7D%2C%22tablets%22%3A%7B%22color%22%3A%22_header_middle_bg%22%2C%22text-align%22%3A%22center%22%7D%2C%22mobiles%22%3A%7B%22color%22%3A%22_header_middle_bg%22%2C%22text-align%22%3A%22center%22%2C%22font-size%22%3A%221.8rem%22%7D%7D\"][vc_custom_heading text=\"Vedd kezedbe az ir\u00e1ny\u00edt\u00e1st \u00e9s v\u00e1ljon a k\u00f3dol\u00e1s n\u00e9lk\u00fcli alkalmaz\u00e1sfejleszt\u00e9s az \u00fczleti strat\u00e9gi\u00e1d r\u00e9sz\u00e9v\u00e9!\" font_container=\"tag:p|font_size:1.2rem|text_align:center\" use_theme_fonts=\"yes\" css=\"%7B%22default%22%3A%7B%22color%22%3A%22_header_middle_bg%22%2C%22text-align%22%3A%22center%22%2C%22font-size%22%3A%221.2rem%22%2C%22margin-bottom%22%3A%222rem%22%7D%7D\"][vc_custom_heading text=\"A Mendix egy olyan low-code platform, mellyel gyorsan \u00e9s egyszer\u0171en lehet alkalmaz\u00e1sokat l\u00e9trehozni \u00fczleti ig\u00e9nyeidnek megfelel\u0151en. Minim\u00e1lis k\u00f3dhaszn\u00e1lattal lehet\u0151v\u00e9 v\u00e1lik sz\u00e1modra \u00fczleti alkalmaz\u00e1sok fejleszt\u00e9se, tesztel\u00e9se \u00e9s telep\u00edt\u00e9se b\u00e1rmilyen eszk\u00f6zre vagy...","protected":false},"author":123457,"featured_media":0,"parent":8175,"menu_order":0,"comment_status":"closed","ping_status":"closed","template":"","meta":{"_acf_changed":false,"footnotes":""},"class_list":["post-11115","page","type-page","status-publish","hentry"],"acf":[],"yoast_head":"<!-- This site is optimized with the Yoast SEO Premium plugin v24.7 (Yoast SEO v24.7) - https:\/\/yoast.com\/wordpress\/plugins\/seo\/ -->\n<title>Low-code alkalmaz\u00e1sfejleszt\u00e9s I ARTofINFO<\/title>\n<meta name=\"description\" content=\"Low-code alkalmaz\u00e1sfejleszt\u00e9ssel gyorsan \u00e9s egyszer\u0171en lehet alkalmaz\u00e1sokat l\u00e9trehozni \u00fczleti ig\u00e9nyeidnek megfelel\u0151en.\" \/>\n<meta name=\"robots\" content=\"index, follow, max-snippet:-1, max-image-preview:large, max-video-preview:-1\" \/>\n<link rel=\"canonical\" href=\"https:\/\/artofinfo.eu\/en\/services\/low-code-no-code-application-development\/\" \/>\n<meta property=\"og:locale\" content=\"hu_HU\" \/>\n<meta property=\"og:type\" content=\"article\" \/>\n<meta property=\"og:title\" content=\"Low-code \/ No-code alkalmaz\u00e1sfejleszt\u00e9s\" \/>\n<meta property=\"og:description\" content=\"Low-code alkalmaz\u00e1sfejleszt\u00e9ssel gyorsan \u00e9s egyszer\u0171en lehet alkalmaz\u00e1sokat l\u00e9trehozni \u00fczleti ig\u00e9nyeidnek megfelel\u0151en.\" \/>\n<meta property=\"og:url\" content=\"https:\/\/artofinfo.eu\/en\/services\/low-code-no-code-application-development\/\" \/>\n<meta property=\"og:site_name\" content=\"ArtOfInfo\" \/>\n<meta property=\"article:publisher\" content=\"https:\/\/www.facebook.com\/artofinfo\/\" \/>\n<meta property=\"article:modified_time\" content=\"2024-04-05T07:06:32+00:00\" \/>\n<meta name=\"twitter:card\" content=\"summary_large_image\" \/>\n<meta name=\"twitter:label1\" content=\"Becs\u00fclt olvas\u00e1si id\u0151\" \/>\n\t<meta name=\"twitter:data1\" content=\"2 perc\" \/>\n<script type=\"application\/ld+json\" class=\"yoast-schema-graph\">{\"@context\":\"https:\/\/schema.org\",\"@graph\":[{\"@type\":\"WebPage\",\"@id\":\"https:\/\/artofinfo.eu\/en\/services\/low-code-no-code-application-development\/\",\"url\":\"https:\/\/artofinfo.eu\/en\/services\/low-code-no-code-application-development\/\",\"name\":\"Low-code alkalmaz\u00e1sfejleszt\u00e9s I ARTofINFO\",\"isPartOf\":{\"@id\":\"https:\/\/artofinfo.eu\/en\/#website\"},\"datePublished\":\"2024-03-05T08:53:33+00:00\",\"dateModified\":\"2024-04-05T07:06:32+00:00\",\"description\":\"Low-code alkalmaz\u00e1sfejleszt\u00e9ssel gyorsan \u00e9s egyszer\u0171en lehet alkalmaz\u00e1sokat l\u00e9trehozni \u00fczleti ig\u00e9nyeidnek megfelel\u0151en.\",\"breadcrumb\":{\"@id\":\"https:\/\/artofinfo.eu\/en\/services\/low-code-no-code-application-development\/#breadcrumb\"},\"inLanguage\":\"hu\",\"potentialAction\":[{\"@type\":\"ReadAction\",\"target\":[\"https:\/\/artofinfo.eu\/en\/services\/low-code-no-code-application-development\/\"]}]},{\"@type\":\"BreadcrumbList\",\"@id\":\"https:\/\/artofinfo.eu\/en\/services\/low-code-no-code-application-development\/#breadcrumb\",\"itemListElement\":[{\"@type\":\"ListItem\",\"position\":1,\"name\":\"Home\",\"item\":\"https:\/\/artofinfo.eu\/hu\/\"},{\"@type\":\"ListItem\",\"position\":2,\"name\":\"Szolg\u00e1ltat\u00e1saink\",\"item\":\"https:\/\/artofinfo.eu\/en\/services\/\"},{\"@type\":\"ListItem\",\"position\":3,\"name\":\"Low-code \/ No-code alkalmaz\u00e1sfejleszt\u00e9s\"}]},{\"@type\":\"WebSite\",\"@id\":\"https:\/\/artofinfo.eu\/en\/#website\",\"url\":\"https:\/\/artofinfo.eu\/en\/\",\"name\":\"artofinfo\",\"description\":\"\",\"publisher\":{\"@id\":\"https:\/\/artofinfo.eu\/en\/#organization\"},\"potentialAction\":[{\"@type\":\"SearchAction\",\"target\":{\"@type\":\"EntryPoint\",\"urlTemplate\":\"https:\/\/artofinfo.eu\/en\/?s={search_term_string}\"},\"query-input\":{\"@type\":\"PropertyValueSpecification\",\"valueRequired\":true,\"valueName\":\"search_term_string\"}}],\"inLanguage\":\"hu\"},{\"@type\":\"Organization\",\"@id\":\"https:\/\/artofinfo.eu\/en\/#organization\",\"name\":\"ARTofINFO Kft.\",\"url\":\"https:\/\/artofinfo.eu\/en\/\",\"logo\":{\"@type\":\"ImageObject\",\"inLanguage\":\"hu\",\"@id\":\"https:\/\/artofinfo.eu\/en\/#\/schema\/logo\/image\/\",\"url\":\"https:\/\/artofinfo.eu\/wp-content\/uploads\/2023\/09\/artofinfo_logo_website.svg\",\"contentUrl\":\"https:\/\/artofinfo.eu\/wp-content\/uploads\/2023\/09\/artofinfo_logo_website.svg\",\"width\":\"1024\",\"height\":\"1024\",\"caption\":\"ARTofINFO Kft.\"},\"image\":{\"@id\":\"https:\/\/artofinfo.eu\/en\/#\/schema\/logo\/image\/\"},\"sameAs\":[\"https:\/\/www.facebook.com\/artofinfo\/\",\"https:\/\/www.instagram.com\/artofinfokft\/\",\"https:\/\/hu.linkedin.com\/company\/artofinfo\",\"https:\/\/dreamjobs.hu\/hu\/company\/artofinfo-kft\"]}]}<\/script>\n<!-- \/ Yoast SEO Premium plugin. -->","yoast_head_json":{"title":"Low-code alkalmaz\u00e1sfejleszt\u00e9s I ARTofINFO","description":"Low-code alkalmaz\u00e1sfejleszt\u00e9ssel gyorsan \u00e9s egyszer\u0171en lehet alkalmaz\u00e1sokat l\u00e9trehozni \u00fczleti ig\u00e9nyeidnek megfelel\u0151en.","robots":{"index":"index","follow":"follow","max-snippet":"max-snippet:-1","max-image-preview":"max-image-preview:large","max-video-preview":"max-video-preview:-1"},"canonical":"https:\/\/artofinfo.eu\/en\/services\/low-code-no-code-application-development\/","og_locale":"hu_HU","og_type":"article","og_title":"Low-code \/ No-code alkalmaz\u00e1sfejleszt\u00e9s","og_description":"Low-code alkalmaz\u00e1sfejleszt\u00e9ssel gyorsan \u00e9s egyszer\u0171en lehet alkalmaz\u00e1sokat l\u00e9trehozni \u00fczleti ig\u00e9nyeidnek megfelel\u0151en.","og_url":"https:\/\/artofinfo.eu\/en\/services\/low-code-no-code-application-development\/","og_site_name":"ArtOfInfo","article_publisher":"https:\/\/www.facebook.com\/artofinfo\/","article_modified_time":"2024-04-05T07:06:32+00:00","twitter_card":"summary_large_image","twitter_misc":{"Becs\u00fclt olvas\u00e1si id\u0151":"2 perc"},"schema":{"@context":"https:\/\/schema.org","@graph":[{"@type":"WebPage","@id":"https:\/\/artofinfo.eu\/en\/services\/low-code-no-code-application-development\/","url":"https:\/\/artofinfo.eu\/en\/services\/low-code-no-code-application-development\/","name":"Low-code alkalmaz\u00e1sfejleszt\u00e9s I ARTofINFO","isPartOf":{"@id":"https:\/\/artofinfo.eu\/en\/#website"},"datePublished":"2024-03-05T08:53:33+00:00","dateModified":"2024-04-05T07:06:32+00:00","description":"Low-code alkalmaz\u00e1sfejleszt\u00e9ssel gyorsan \u00e9s egyszer\u0171en lehet alkalmaz\u00e1sokat l\u00e9trehozni \u00fczleti ig\u00e9nyeidnek megfelel\u0151en.","breadcrumb":{"@id":"https:\/\/artofinfo.eu\/en\/services\/low-code-no-code-application-development\/#breadcrumb"},"inLanguage":"hu","potentialAction":[{"@type":"ReadAction","target":["https:\/\/artofinfo.eu\/en\/services\/low-code-no-code-application-development\/"]}]},{"@type":"BreadcrumbList","@id":"https:\/\/artofinfo.eu\/en\/services\/low-code-no-code-application-development\/#breadcrumb","itemListElement":[{"@type":"ListItem","position":1,"name":"Home","item":"https:\/\/artofinfo.eu\/hu\/"},{"@type":"ListItem","position":2,"name":"Szolg\u00e1ltat\u00e1saink","item":"https:\/\/artofinfo.eu\/en\/services\/"},{"@type":"ListItem","position":3,"name":"Low-code \/ No-code alkalmaz\u00e1sfejleszt\u00e9s"}]},{"@type":"WebSite","@id":"https:\/\/artofinfo.eu\/en\/#website","url":"https:\/\/artofinfo.eu\/en\/","name":"artofinfo","description":"","publisher":{"@id":"https:\/\/artofinfo.eu\/en\/#organization"},"potentialAction":[{"@type":"SearchAction","target":{"@type":"EntryPoint","urlTemplate":"https:\/\/artofinfo.eu\/en\/?s={search_term_string}"},"query-input":{"@type":"PropertyValueSpecification","valueRequired":true,"valueName":"search_term_string"}}],"inLanguage":"hu"},{"@type":"Organization","@id":"https:\/\/artofinfo.eu\/en\/#organization","name":"ARTofINFO Kft.","url":"https:\/\/artofinfo.eu\/en\/","logo":{"@type":"ImageObject","inLanguage":"hu","@id":"https:\/\/artofinfo.eu\/en\/#\/schema\/logo\/image\/","url":"https:\/\/artofinfo.eu\/wp-content\/uploads\/2023\/09\/artofinfo_logo_website.svg","contentUrl":"https:\/\/artofinfo.eu\/wp-content\/uploads\/2023\/09\/artofinfo_logo_website.svg","width":"1024","height":"1024","caption":"ARTofINFO Kft."},"image":{"@id":"https:\/\/artofinfo.eu\/en\/#\/schema\/logo\/image\/"},"sameAs":["https:\/\/www.facebook.com\/artofinfo\/","https:\/\/www.instagram.com\/artofinfokft\/","https:\/\/hu.linkedin.com\/company\/artofinfo","https:\/\/dreamjobs.hu\/hu\/company\/artofinfo-kft"]}]}},"_links":{"self":[{"href":"https:\/\/artofinfo.eu\/hu\/wp-json\/wp\/v2\/pages\/11115","targetHints":{"allow":["GET"]}}],"collection":[{"href":"https:\/\/artofinfo.eu\/hu\/wp-json\/wp\/v2\/pages"}],"about":[{"href":"https:\/\/artofinfo.eu\/hu\/wp-json\/wp\/v2\/types\/page"}],"author":[{"embeddable":true,"href":"https:\/\/artofinfo.eu\/hu\/wp-json\/wp\/v2\/users\/123457"}],"replies":[{"embeddable":true,"href":"https:\/\/artofinfo.eu\/hu\/wp-json\/wp\/v2\/comments?post=11115"}],"version-history":[{"count":54,"href":"https:\/\/artofinfo.eu\/hu\/wp-json\/wp\/v2\/pages\/11115\/revisions"}],"predecessor-version":[{"id":11801,"href":"https:\/\/artofinfo.eu\/hu\/wp-json\/wp\/v2\/pages\/11115\/revisions\/11801"}],"up":[{"embeddable":true,"href":"https:\/\/artofinfo.eu\/hu\/wp-json\/wp\/v2\/pages\/8175"}],"wp:attachment":[{"href":"https:\/\/artofinfo.eu\/hu\/wp-json\/wp\/v2\/media?parent=11115"}],"curies":[{"name":"wp","href":"https:\/\/api.w.org\/{rel}","templated":true}]}}