{"id":9417,"date":"2023-08-11T09:48:17","date_gmt":"2023-08-11T07:48:17","guid":{"rendered":"https:\/\/localhost\/firmenmanagement\/"},"modified":"2026-02-05T13:01:56","modified_gmt":"2026-02-05T11:01:56","slug":"firmenmanagement","status":"publish","type":"page","link":"https:\/\/artofinfo.eu\/de\/firmenmanagement\/","title":{"rendered":"Management"},"content":{"rendered":"<section class=\"l-section wpb_row us_custom_6e704393 height_medium with_img parallax_ver parallaxdir_reversed with_shape\"><div class=\"l-section-img\" data-img-width=\"3218\" data-img-height=\"3218\" style=\"background-image: url(https:\/\/artofinfo.eu\/wp-content\/uploads\/2023\/11\/Onhullam-60x60-170000Ft.jpg);background-position: bottom center;background-repeat: no-repeat;\"><\/div><div class=\"l-section-overlay\" style=\"background:rgba(4,157,253,0.60)\"><\/div><div class=\"l-section-shape type_triangle pos_bottom\" style=\"height:10vmin;\"><svg xmlns=\"http:\/\/www.w3.org\/2000\/svg\" viewBox=\"0 0 64 8\" preserveAspectRatio=\"none\" width=\"100%\" height=\"100%\">\n\t<path fill=\"currentColor\" d=\"M64 8 L0 8 L0 0 L32 7.9 L64 0 Z\"\/>\n<\/svg><\/div><div class=\"l-section-h i-cf\"><div class=\"g-cols vc_row via_flex valign_top type_default stacking_default\"><div class=\"vc_col-sm-12 wpb_column vc_column_container\"><div class=\"vc_column-inner\"><div class=\"wpb_wrapper\">[vc_custom_heading text=&#8220;Management&#8220; font_container=&#8220;tag:h2|font_size:40px|text_align:center|color:%23ffffff&#8220; use_theme_fonts=&#8220;yes&#8220; css=&#8220;%7B%22default%22%3A%7B%22font-weight%22%3A%22800%22%7D%7D&#8220;]<div class=\"w-image us_custom_c0dc6004 align_none\"><div class=\"w-image-h\"><img loading=\"lazy\" decoding=\"async\" width=\"1024\" height=\"1024\" src=\"https:\/\/artofinfo.eu\/wp-content\/uploads\/2023\/09\/elvalaszto-sarga-1.svg\" class=\"attachment-large size-large\" alt=\"\" \/><\/div><\/div><div class=\"w-separator size_small\"><\/div><div class=\"g-cols wpb_row via_flex valign_top type_default stacking_default\"><div class=\"vc_col-sm-3 wpb_column vc_column_container\"><div class=\"vc_column-inner\"><div class=\"wpb_wrapper\"><\/div><\/div><\/div><div class=\"vc_col-sm-6 wpb_column vc_column_container\"><div class=\"vc_column-inner\"><div class=\"wpb_wrapper\"><div class=\"wpb_text_column\"><div class=\"wpb_wrapper\"><\/div><\/div><\/div><\/div><\/div><div class=\"vc_col-sm-3 wpb_column vc_column_container\"><div class=\"vc_column-inner\"><div class=\"wpb_wrapper\"><\/div><\/div><\/div><\/div><\/div><\/div><\/div><\/div><\/div><\/section><section class=\"l-section wpb_row height_medium\"><div class=\"l-section-h i-cf\"><div class=\"g-cols vc_row via_flex valign_top type_default stacking_default\" style=\"--additional-gap:1.5rem;\"><div class=\"vc_col-sm-6 wpb_column vc_column_container\"><div class=\"vc_column-inner\"><div class=\"wpb_wrapper\"><div class=\"w-person layout_square\" itemscope itemtype=\"https:\/\/schema.org\/Person\"><div class=\"w-person-image\"><img loading=\"lazy\" decoding=\"async\" width=\"1024\" height=\"1024\" src=\"https:\/\/artofinfo.eu\/wp-content\/uploads\/2023\/08\/Bacs-Zoltan-1024x1024.jpg\" class=\"attachment-large size-large\" alt=\"B\u00e1cs Zolt\u00e1n\" srcset=\"https:\/\/artofinfo.eu\/wp-content\/uploads\/2023\/08\/Bacs-Zoltan-1024x1024.jpg 1024w, https:\/\/artofinfo.eu\/wp-content\/uploads\/2023\/08\/Bacs-Zoltan-300x300.jpg 300w, https:\/\/artofinfo.eu\/wp-content\/uploads\/2023\/08\/Bacs-Zoltan-150x150.jpg 150w, https:\/\/artofinfo.eu\/wp-content\/uploads\/2023\/08\/Bacs-Zoltan-600x600.jpg 600w, https:\/\/artofinfo.eu\/wp-content\/uploads\/2023\/08\/Bacs-Zoltan-1320x1320.jpg 1320w, https:\/\/artofinfo.eu\/wp-content\/uploads\/2023\/08\/Bacs-Zoltan.jpg 2000w\" sizes=\"auto, (max-width: 1024px) 100vw, 1024px\" \/><\/div><div class=\"w-person-content\"><h4 itemprop=\"name\" class=\"w-person-name\"><span>Zolt\u00e1n B\u00e1cs<\/span><\/h4><div class=\"w-person-role\" itemprop=\"jobTitle\">CEO<\/div><\/div><\/div><\/div><\/div><\/div><div class=\"vc_col-sm-6 wpb_column vc_column_container\"><div class=\"vc_column-inner\"><div class=\"wpb_wrapper\"><div class=\"w-person layout_square\" itemscope itemtype=\"https:\/\/schema.org\/Person\"><div class=\"w-person-image\"><img loading=\"lazy\" decoding=\"async\" width=\"1024\" height=\"1024\" src=\"https:\/\/artofinfo.eu\/wp-content\/uploads\/2023\/08\/Barany-Arpad-1024x1024.jpg\" class=\"attachment-large size-large\" alt=\"B\u00e1r\u00e1ny \u00c1rp\u00e1d\" srcset=\"https:\/\/artofinfo.eu\/wp-content\/uploads\/2023\/08\/Barany-Arpad-1024x1024.jpg 1024w, https:\/\/artofinfo.eu\/wp-content\/uploads\/2023\/08\/Barany-Arpad-300x300.jpg 300w, https:\/\/artofinfo.eu\/wp-content\/uploads\/2023\/08\/Barany-Arpad-150x150.jpg 150w, https:\/\/artofinfo.eu\/wp-content\/uploads\/2023\/08\/Barany-Arpad-600x600.jpg 600w, https:\/\/artofinfo.eu\/wp-content\/uploads\/2023\/08\/Barany-Arpad-1320x1320.jpg 1320w, https:\/\/artofinfo.eu\/wp-content\/uploads\/2023\/08\/Barany-Arpad.jpg 2000w\" sizes=\"auto, (max-width: 1024px) 100vw, 1024px\" \/><\/div><div class=\"w-person-content\"><h4 itemprop=\"name\" class=\"w-person-name\"><span>\u00c1rp\u00e1d B\u00e1r\u00e1ny<\/span><\/h4><div class=\"w-person-role\" itemprop=\"jobTitle\">CIO<\/div><\/div><\/div><\/div><\/div><\/div><div class=\"vc_col-sm-6 wpb_column vc_column_container\"><div class=\"vc_column-inner\"><div class=\"wpb_wrapper\"><div class=\"w-separator size_medium\"><\/div><div class=\"w-person layout_square\" itemscope itemtype=\"https:\/\/schema.org\/Person\"><div class=\"w-person-image\"><img loading=\"lazy\" decoding=\"async\" width=\"1024\" height=\"1024\" src=\"https:\/\/artofinfo.eu\/wp-content\/uploads\/2023\/08\/Somogyi-Istvan-1024x1024.jpg\" class=\"attachment-large size-large\" alt=\"\" srcset=\"https:\/\/artofinfo.eu\/wp-content\/uploads\/2023\/08\/Somogyi-Istvan-1024x1024.jpg 1024w, https:\/\/artofinfo.eu\/wp-content\/uploads\/2023\/08\/Somogyi-Istvan-300x300.jpg 300w, https:\/\/artofinfo.eu\/wp-content\/uploads\/2023\/08\/Somogyi-Istvan-150x150.jpg 150w, https:\/\/artofinfo.eu\/wp-content\/uploads\/2023\/08\/Somogyi-Istvan-600x600.jpg 600w, https:\/\/artofinfo.eu\/wp-content\/uploads\/2023\/08\/Somogyi-Istvan-1320x1320.jpg 1320w, https:\/\/artofinfo.eu\/wp-content\/uploads\/2023\/08\/Somogyi-Istvan.jpg 2000w\" sizes=\"auto, (max-width: 1024px) 100vw, 1024px\" \/><\/div><div class=\"w-person-content\"><h4 itemprop=\"name\" class=\"w-person-name\"><span>Istv\u00e1n Somogyi<\/span><\/h4><div class=\"w-person-role\" itemprop=\"jobTitle\">CTO<\/div><\/div><\/div><\/div><\/div><\/div><div class=\"vc_col-sm-6 wpb_column vc_column_container\"><div class=\"vc_column-inner\"><div class=\"wpb_wrapper\"><div class=\"w-separator size_medium\"><\/div><div class=\"w-person layout_square\" itemscope itemtype=\"https:\/\/schema.org\/Person\"><div class=\"w-person-image\"><img loading=\"lazy\" decoding=\"async\" width=\"1024\" height=\"1024\" src=\"https:\/\/artofinfo.eu\/wp-content\/uploads\/2023\/08\/Kostyal-Csaba-1024x1024.jpg\" class=\"attachment-large size-large\" alt=\"Kosty\u00e1l Csaba\" srcset=\"https:\/\/artofinfo.eu\/wp-content\/uploads\/2023\/08\/Kostyal-Csaba-1024x1024.jpg 1024w, https:\/\/artofinfo.eu\/wp-content\/uploads\/2023\/08\/Kostyal-Csaba-300x300.jpg 300w, https:\/\/artofinfo.eu\/wp-content\/uploads\/2023\/08\/Kostyal-Csaba-150x150.jpg 150w, https:\/\/artofinfo.eu\/wp-content\/uploads\/2023\/08\/Kostyal-Csaba-600x600.jpg 600w, https:\/\/artofinfo.eu\/wp-content\/uploads\/2023\/08\/Kostyal-Csaba-1320x1320.jpg 1320w, https:\/\/artofinfo.eu\/wp-content\/uploads\/2023\/08\/Kostyal-Csaba.jpg 2000w\" sizes=\"auto, (max-width: 1024px) 100vw, 1024px\" \/><\/div><div class=\"w-person-content\"><h4 itemprop=\"name\" class=\"w-person-name\"><span>Csaba Kosty\u00e1l<\/span><\/h4><div class=\"w-person-role\" itemprop=\"jobTitle\">COO<\/div><\/div><\/div><\/div><\/div><\/div><\/div><\/div><\/section>\n","protected":false},"excerpt":{"rendered":"[vc_custom_heading text=\"Management\" font_container=\"tag:h2|font_size:40px|text_align:center|color:%23ffffff\" use_theme_fonts=\"yes\" css=\"%7B%22default%22%3A%7B%22font-weight%22%3A%22800%22%7D%7D\"]Zolt\u00e1n B\u00e1csCEO\u00c1rp\u00e1d B\u00e1r\u00e1nyCIOIstv\u00e1n SomogyiCTOCsaba Kosty\u00e1lCOO","protected":false},"author":123457,"featured_media":0,"parent":0,"menu_order":0,"comment_status":"closed","ping_status":"closed","template":"","meta":{"_acf_changed":false,"footnotes":""},"class_list":["post-9417","page","type-page","status-publish","hentry"],"acf":[],"yoast_head":"<!-- This site is optimized with the Yoast SEO Premium plugin v24.7 (Yoast SEO v24.7) - https:\/\/yoast.com\/wordpress\/plugins\/seo\/ -->\n<title>Management I ARTofINFO<\/title>\n<meta name=\"description\" content=\"Lernen Sie die Mitglieder unserer Gesch\u00e4ftsf\u00fchrung kennen! Mit dem ARTofINFO-Team engagieren wir uns f\u00fcr den Erfolg unserer Kunden und eine qualitativ hochwertige Softwareentwicklung!\" \/>\n<meta name=\"robots\" content=\"index, follow, max-snippet:-1, max-image-preview:large, max-video-preview:-1\" \/>\n<link rel=\"canonical\" href=\"https:\/\/artofinfo.eu\/de\/firmenmanagement\/\" \/>\n<meta property=\"og:locale\" content=\"de_DE\" \/>\n<meta property=\"og:type\" content=\"article\" \/>\n<meta property=\"og:title\" content=\"Management\" \/>\n<meta property=\"og:description\" content=\"Lernen Sie die Mitglieder unserer Gesch\u00e4ftsf\u00fchrung kennen! Mit dem ARTofINFO-Team engagieren wir uns f\u00fcr den Erfolg unserer Kunden und eine qualitativ hochwertige Softwareentwicklung!\" \/>\n<meta property=\"og:url\" content=\"https:\/\/artofinfo.eu\/de\/firmenmanagement\/\" \/>\n<meta property=\"og:site_name\" content=\"ArtOfInfo\" \/>\n<meta property=\"article:publisher\" content=\"https:\/\/www.facebook.com\/artofinfo\/\" \/>\n<meta property=\"article:modified_time\" content=\"2026-02-05T11:01:56+00:00\" \/>\n<meta name=\"twitter:card\" content=\"summary_large_image\" \/>\n<meta name=\"twitter:label1\" content=\"Gesch\u00e4tzte Lesezeit\" \/>\n\t<meta name=\"twitter:data1\" content=\"1\u00a0Minute\" \/>\n<script type=\"application\/ld+json\" class=\"yoast-schema-graph\">{\"@context\":\"https:\/\/schema.org\",\"@graph\":[{\"@type\":\"WebPage\",\"@id\":\"https:\/\/artofinfo.eu\/de\/firmenmanagement\/\",\"url\":\"https:\/\/artofinfo.eu\/de\/firmenmanagement\/\",\"name\":\"Management I ARTofINFO\",\"isPartOf\":{\"@id\":\"https:\/\/artofinfo.eu\/en\/#website\"},\"datePublished\":\"2023-08-11T07:48:17+00:00\",\"dateModified\":\"2026-02-05T11:01:56+00:00\",\"description\":\"Lernen Sie die Mitglieder unserer Gesch\u00e4ftsf\u00fchrung kennen! Mit dem ARTofINFO-Team engagieren wir uns f\u00fcr den Erfolg unserer Kunden und eine qualitativ hochwertige Softwareentwicklung!\",\"breadcrumb\":{\"@id\":\"https:\/\/artofinfo.eu\/de\/firmenmanagement\/#breadcrumb\"},\"inLanguage\":\"de\",\"potentialAction\":[{\"@type\":\"ReadAction\",\"target\":[\"https:\/\/artofinfo.eu\/de\/firmenmanagement\/\"]}]},{\"@type\":\"BreadcrumbList\",\"@id\":\"https:\/\/artofinfo.eu\/de\/firmenmanagement\/#breadcrumb\",\"itemListElement\":[{\"@type\":\"ListItem\",\"position\":1,\"name\":\"Home\",\"item\":\"https:\/\/artofinfo.eu\/en\/\"},{\"@type\":\"ListItem\",\"position\":2,\"name\":\"Management\"}]},{\"@type\":\"WebSite\",\"@id\":\"https:\/\/artofinfo.eu\/en\/#website\",\"url\":\"https:\/\/artofinfo.eu\/en\/\",\"name\":\"artofinfo\",\"description\":\"\",\"publisher\":{\"@id\":\"https:\/\/artofinfo.eu\/en\/#organization\"},\"potentialAction\":[{\"@type\":\"SearchAction\",\"target\":{\"@type\":\"EntryPoint\",\"urlTemplate\":\"https:\/\/artofinfo.eu\/en\/?s={search_term_string}\"},\"query-input\":{\"@type\":\"PropertyValueSpecification\",\"valueRequired\":true,\"valueName\":\"search_term_string\"}}],\"inLanguage\":\"de\"},{\"@type\":\"Organization\",\"@id\":\"https:\/\/artofinfo.eu\/en\/#organization\",\"name\":\"ARTofINFO Kft.\",\"url\":\"https:\/\/artofinfo.eu\/en\/\",\"logo\":{\"@type\":\"ImageObject\",\"inLanguage\":\"de\",\"@id\":\"https:\/\/artofinfo.eu\/en\/#\/schema\/logo\/image\/\",\"url\":\"https:\/\/artofinfo.eu\/wp-content\/uploads\/2023\/09\/artofinfo_logo_website.svg\",\"contentUrl\":\"https:\/\/artofinfo.eu\/wp-content\/uploads\/2023\/09\/artofinfo_logo_website.svg\",\"width\":\"1024\",\"height\":\"1024\",\"caption\":\"ARTofINFO Kft.\"},\"image\":{\"@id\":\"https:\/\/artofinfo.eu\/en\/#\/schema\/logo\/image\/\"},\"sameAs\":[\"https:\/\/www.facebook.com\/artofinfo\/\",\"https:\/\/www.instagram.com\/artofinfokft\/\",\"https:\/\/hu.linkedin.com\/company\/artofinfo\",\"https:\/\/dreamjobs.hu\/hu\/company\/artofinfo-kft\"]}]}<\/script>\n<!-- \/ Yoast SEO Premium plugin. -->","yoast_head_json":{"title":"Management I ARTofINFO","description":"Lernen Sie die Mitglieder unserer Gesch\u00e4ftsf\u00fchrung kennen! Mit dem ARTofINFO-Team engagieren wir uns f\u00fcr den Erfolg unserer Kunden und eine qualitativ hochwertige Softwareentwicklung!","robots":{"index":"index","follow":"follow","max-snippet":"max-snippet:-1","max-image-preview":"max-image-preview:large","max-video-preview":"max-video-preview:-1"},"canonical":"https:\/\/artofinfo.eu\/de\/firmenmanagement\/","og_locale":"de_DE","og_type":"article","og_title":"Management","og_description":"Lernen Sie die Mitglieder unserer Gesch\u00e4ftsf\u00fchrung kennen! Mit dem ARTofINFO-Team engagieren wir uns f\u00fcr den Erfolg unserer Kunden und eine qualitativ hochwertige Softwareentwicklung!","og_url":"https:\/\/artofinfo.eu\/de\/firmenmanagement\/","og_site_name":"ArtOfInfo","article_publisher":"https:\/\/www.facebook.com\/artofinfo\/","article_modified_time":"2026-02-05T11:01:56+00:00","twitter_card":"summary_large_image","twitter_misc":{"Gesch\u00e4tzte Lesezeit":"1\u00a0Minute"},"schema":{"@context":"https:\/\/schema.org","@graph":[{"@type":"WebPage","@id":"https:\/\/artofinfo.eu\/de\/firmenmanagement\/","url":"https:\/\/artofinfo.eu\/de\/firmenmanagement\/","name":"Management I ARTofINFO","isPartOf":{"@id":"https:\/\/artofinfo.eu\/en\/#website"},"datePublished":"2023-08-11T07:48:17+00:00","dateModified":"2026-02-05T11:01:56+00:00","description":"Lernen Sie die Mitglieder unserer Gesch\u00e4ftsf\u00fchrung kennen! Mit dem ARTofINFO-Team engagieren wir uns f\u00fcr den Erfolg unserer Kunden und eine qualitativ hochwertige Softwareentwicklung!","breadcrumb":{"@id":"https:\/\/artofinfo.eu\/de\/firmenmanagement\/#breadcrumb"},"inLanguage":"de","potentialAction":[{"@type":"ReadAction","target":["https:\/\/artofinfo.eu\/de\/firmenmanagement\/"]}]},{"@type":"BreadcrumbList","@id":"https:\/\/artofinfo.eu\/de\/firmenmanagement\/#breadcrumb","itemListElement":[{"@type":"ListItem","position":1,"name":"Home","item":"https:\/\/artofinfo.eu\/en\/"},{"@type":"ListItem","position":2,"name":"Management"}]},{"@type":"WebSite","@id":"https:\/\/artofinfo.eu\/en\/#website","url":"https:\/\/artofinfo.eu\/en\/","name":"artofinfo","description":"","publisher":{"@id":"https:\/\/artofinfo.eu\/en\/#organization"},"potentialAction":[{"@type":"SearchAction","target":{"@type":"EntryPoint","urlTemplate":"https:\/\/artofinfo.eu\/en\/?s={search_term_string}"},"query-input":{"@type":"PropertyValueSpecification","valueRequired":true,"valueName":"search_term_string"}}],"inLanguage":"de"},{"@type":"Organization","@id":"https:\/\/artofinfo.eu\/en\/#organization","name":"ARTofINFO Kft.","url":"https:\/\/artofinfo.eu\/en\/","logo":{"@type":"ImageObject","inLanguage":"de","@id":"https:\/\/artofinfo.eu\/en\/#\/schema\/logo\/image\/","url":"https:\/\/artofinfo.eu\/wp-content\/uploads\/2023\/09\/artofinfo_logo_website.svg","contentUrl":"https:\/\/artofinfo.eu\/wp-content\/uploads\/2023\/09\/artofinfo_logo_website.svg","width":"1024","height":"1024","caption":"ARTofINFO Kft."},"image":{"@id":"https:\/\/artofinfo.eu\/en\/#\/schema\/logo\/image\/"},"sameAs":["https:\/\/www.facebook.com\/artofinfo\/","https:\/\/www.instagram.com\/artofinfokft\/","https:\/\/hu.linkedin.com\/company\/artofinfo","https:\/\/dreamjobs.hu\/hu\/company\/artofinfo-kft"]}]}},"_links":{"self":[{"href":"https:\/\/artofinfo.eu\/de\/wp-json\/wp\/v2\/pages\/9417","targetHints":{"allow":["GET"]}}],"collection":[{"href":"https:\/\/artofinfo.eu\/de\/wp-json\/wp\/v2\/pages"}],"about":[{"href":"https:\/\/artofinfo.eu\/de\/wp-json\/wp\/v2\/types\/page"}],"author":[{"embeddable":true,"href":"https:\/\/artofinfo.eu\/de\/wp-json\/wp\/v2\/users\/123457"}],"replies":[{"embeddable":true,"href":"https:\/\/artofinfo.eu\/de\/wp-json\/wp\/v2\/comments?post=9417"}],"version-history":[{"count":14,"href":"https:\/\/artofinfo.eu\/de\/wp-json\/wp\/v2\/pages\/9417\/revisions"}],"predecessor-version":[{"id":14332,"href":"https:\/\/artofinfo.eu\/de\/wp-json\/wp\/v2\/pages\/9417\/revisions\/14332"}],"wp:attachment":[{"href":"https:\/\/artofinfo.eu\/de\/wp-json\/wp\/v2\/media?parent=9417"}],"curies":[{"name":"wp","href":"https:\/\/api.w.org\/{rel}","templated":true}]}}