{"id":9369,"date":"2023-06-07T14:57:13","date_gmt":"2023-06-07T12:57:13","guid":{"rendered":"https:\/\/localhost\/unsere-produkte\/"},"modified":"2024-03-21T16:31:56","modified_gmt":"2024-03-21T14:31:56","slug":"unsere-produkte","status":"publish","type":"page","link":"https:\/\/artofinfo.eu\/de\/produkte\/unsere-produkte\/","title":{"rendered":"DICOM Gateway"},"content":{"rendered":"<section class=\"l-section wpb_row us_custom_6e704393 height_medium with_img\"><div class=\"l-section-img\" data-img-width=\"1600\" data-img-height=\"400\" style=\"background-image: url(https:\/\/artofinfo.eu\/wp-content\/uploads\/2023\/06\/szolg-teteje.png);background-repeat: no-repeat;\"><\/div><div class=\"l-section-h i-cf\"><div class=\"g-cols vc_row via_flex valign_top type_default stacking_default\"><div class=\"vc_col-sm-12 wpb_column vc_column_container\"><div class=\"vc_column-inner\"><div class=\"wpb_wrapper\">[vc_custom_heading text=&#8220;Optimiere die digitale Bildgebung und senke die Kosten&#8220; font_container=&#8220;tag:h2|font_size:40px|text_align:center|color:%23ffffff&#8220; use_theme_fonts=&#8220;yes&#8220; css=&#8220;%7B%22default%22%3A%7B%22font-weight%22%3A%22800%22%7D%7D&#8220;]<div class=\"g-cols wpb_row via_flex valign_top type_default stacking_default\"><div class=\"vc_col-sm-3 wpb_column vc_column_container\"><div class=\"vc_column-inner\"><div class=\"wpb_wrapper\"><\/div><\/div><\/div><div class=\"vc_col-sm-6 wpb_column vc_column_container\"><div class=\"vc_column-inner\"><div class=\"wpb_wrapper\"><div class=\"wpb_text_column us_custom_2509bbe8 has_text_color\"><div class=\"wpb_wrapper\"><p style=\"text-align: center;\"><span class=\"NormalTextRun SCXW119881062 BCX0\">Mit unserer hochmodernen Technologie kannst du die Imaging-Infrastruktur optimieren und deine Kosten senken. Unsere DICOM-Gateway-L\u00f6sung beseitigt technische Barrieren und verhindert gleichzeitig den <\/span><span class=\"NormalTextRun SCXW119881062 BCX0\">eventuellen<\/span><span class=\"NormalTextRun SCXW119881062 BCX0\"> Datenverlust.<\/span><\/p>\n<\/div><\/div><\/div><\/div><\/div><div class=\"vc_col-sm-3 wpb_column vc_column_container\"><div class=\"vc_column-inner\"><div class=\"wpb_wrapper\"><\/div><\/div><\/div><\/div><\/div><\/div><\/div><\/div><\/div><\/section><section class=\"l-section wpb_row height_medium\"><div class=\"l-section-h i-cf\"><div class=\"g-cols vc_row via_flex valign_top type_default stacking_default\"><div class=\"vc_col-sm-6 wpb_column vc_column_container\"><div class=\"vc_column-inner\"><div class=\"wpb_wrapper\"><div class=\"w-separator size_medium\"><\/div><div class=\"wpb_text_column\"><div class=\"wpb_wrapper\"><p><b><span data-contrast=\"auto\"><strong><img loading=\"lazy\" decoding=\"async\" class=\"alignnone size-full wp-image-8221\" src=\"\/wp-content\/uploads\/2023\/09\/haromszog.svg\" alt=\"H\u00e1romsz\u00f6g\" width=\"14\" height=\"16\" \/> <\/strong>Du kannst die Verteilung von Radiologiebildern zentral verwalten<\/span><\/b><span data-contrast=\"auto\"> und das gesamte Netzwerk \u00fcberwachen.<\/span><\/p>\n<p><b><span data-contrast=\"auto\"><strong><img loading=\"lazy\" decoding=\"async\" class=\"alignnone size-full wp-image-8221\" src=\"\/wp-content\/uploads\/2023\/09\/haromszog.svg\" alt=\"H\u00e1romsz\u00f6g\" width=\"14\" height=\"16\" \/> <\/strong>Du kannst die Bilder mit Dritten teilen<\/span><\/b><span data-contrast=\"auto\"> (z.B. Strahlendosisbewertung, Bildscannen mit Algorithmen der k\u00fcnstlichen Intelligenz).<\/span><\/p>\n<p><b><span data-contrast=\"auto\"><strong><img loading=\"lazy\" decoding=\"async\" class=\"alignnone size-full wp-image-8221\" src=\"\/wp-content\/uploads\/2023\/09\/haromszog.svg\" alt=\"H\u00e1romsz\u00f6g\" width=\"14\" height=\"16\" \/> <\/strong>Du kannst die Netzwerkbandbreite reduzieren<\/span><\/b><\/p>\n<p><b><span data-contrast=\"auto\"><strong><img loading=\"lazy\" decoding=\"async\" class=\"alignnone size-full wp-image-8221\" src=\"\/wp-content\/uploads\/2023\/09\/haromszog.svg\" alt=\"H\u00e1romsz\u00f6g\" width=\"14\" height=\"16\" \/> <\/strong>Unsere L\u00f6sung entspricht den gesetzlichen \/ GDPR-Vorschriften,<\/span><\/b><span data-contrast=\"auto\"> z. B. durch Unterst\u00fctzung der Anonymisierung von Studien, \u00dcberpr\u00fcfung der Patienteneinwilligung.<\/span><\/p>\n<p><b><span data-contrast=\"auto\"><strong><img loading=\"lazy\" decoding=\"async\" class=\"alignnone size-full wp-image-8221\" src=\"\/wp-content\/uploads\/2023\/09\/haromszog.svg\" alt=\"H\u00e1romsz\u00f6g\" width=\"14\" height=\"16\" \/> <\/strong>Reibungslose Integration<\/span><\/b><span data-contrast=\"auto\"> von Elementen der Gesundheitssysteme (z. B. Teleradiologieplattform, Patientenportal, Krankenhausinformationssystem, Radiologieinformationssystem).<\/span><\/p>\n<p><b><span data-contrast=\"none\"><strong><img loading=\"lazy\" decoding=\"async\" class=\"alignnone size-full wp-image-8221\" src=\"\/wp-content\/uploads\/2023\/09\/haromszog.svg\" alt=\"H\u00e1romsz\u00f6g\" width=\"14\" height=\"16\" \/> <\/strong>Bilder k\u00f6nnen sicher<\/span><\/b><span data-contrast=\"none\"> \u00fcber ein \u00f6ffentliches Netz <\/span><b><span data-contrast=\"none\">\u00fcbertragen werden.<\/span><\/b><\/p>\n<\/div><\/div><\/div><\/div><\/div><div class=\"vc_col-sm-6 wpb_column vc_column_container\"><div class=\"vc_column-inner\"><div class=\"wpb_wrapper\"><div class=\"w-image align_left\"><div class=\"w-image-h\"><img loading=\"lazy\" decoding=\"async\" width=\"779\" height=\"697\" src=\"https:\/\/artofinfo.eu\/wp-content\/uploads\/2023\/08\/aoi-gateway-web.png\" class=\"attachment-large size-large\" alt=\"Gateway\" srcset=\"https:\/\/artofinfo.eu\/wp-content\/uploads\/2023\/08\/aoi-gateway-web.png 779w, https:\/\/artofinfo.eu\/wp-content\/uploads\/2023\/08\/aoi-gateway-web-300x268.png 300w, https:\/\/artofinfo.eu\/wp-content\/uploads\/2023\/08\/aoi-gateway-web-600x537.png 600w\" sizes=\"auto, (max-width: 779px) 100vw, 779px\" \/><\/div><\/div><\/div><\/div><\/div><\/div><\/div><\/section><section class=\"l-section wpb_row height_medium\"><div class=\"l-section-h i-cf\"><div class=\"g-cols vc_row via_flex valign_top type_default stacking_default\"><div class=\"vc_col-sm-6 wpb_column vc_column_container\"><div class=\"vc_column-inner\"><div class=\"wpb_wrapper\">[vc_custom_heading text=&#8220;Grundlegende Funktionen&#8220; font_container=&#8220;tag:h4|text_align:left|color:%23ffffff&#8220; use_theme_fonts=&#8220;yes&#8220; css=&#8220;%7B%22default%22%3A%7B%22font-weight%22%3A%22800%22%2C%22text-transform%22%3A%22uppercase%22%2C%22background-color%22%3A%22%23F1B517%22%2C%22padding-left%22%3A%2230px%22%2C%22padding-top%22%3A%2210px%22%2C%22padding-bottom%22%3A%2210px%22%2C%22padding-right%22%3A%2210px%22%7D%7D&#8220;]<div class=\"wpb_text_column us_custom_15a09563\"><div class=\"wpb_wrapper\"><ul>\n<li><span data-contrast=\"none\">Mehrfach konfigurierbare Modalit\u00e4tsquellen, Zielstation<\/span><span data-ccp-props=\"{&quot;201341983&quot;:0,&quot;335559739&quot;:0,&quot;335559740&quot;:276}\">\u00a0<\/span><\/li>\n<li><span data-contrast=\"none\">Flexibel konfigurierbare und skriptf\u00e4hige Routing-Regeln<\/span><span data-ccp-props=\"{&quot;201341983&quot;:0,&quot;335559739&quot;:0,&quot;335559740&quot;:276}\">\u00a0<\/span><\/li>\n<li><span data-contrast=\"none\">Etikettenmorphing, Filterung, Validierung<\/span><span data-ccp-props=\"{&quot;201341983&quot;:0,&quot;335559739&quot;:0,&quot;335559740&quot;:276}\">\u00a0<\/span><\/li>\n<li><span data-contrast=\"none\">Dekompositionsoptionen<\/span><span data-ccp-props=\"{&quot;201341983&quot;:0,&quot;335559739&quot;:0,&quot;335559740&quot;:276}\">\u00a0<\/span><\/li>\n<li><span data-contrast=\"none\">Fehlerbehebungsmanagement<\/span><\/li>\n<li><span data-contrast=\"none\">Vielf\u00e4ltige Anonymisierungs-, Pseudo-Anonymisierungsoptionen<\/span><span data-ccp-props=\"{&quot;201341983&quot;:0,&quot;335559739&quot;:0,&quot;335559740&quot;:276}\">\u00a0<\/span><\/li>\n<li><span data-contrast=\"none\">Rollenbasierte Zugriffskontrolle<\/span><span data-ccp-props=\"{&quot;201341983&quot;:0,&quot;335559739&quot;:0,&quot;335559740&quot;:276}\">\u00a0<\/span><\/li>\n<\/ul>\n<\/div><\/div><div class=\"w-separator us_custom_a2cd8110 size_custom\" style=\"height:44px\"><\/div><\/div><\/div><\/div><div class=\"vc_col-sm-6 wpb_column vc_column_container\"><div class=\"vc_column-inner\"><div class=\"wpb_wrapper\">[vc_custom_heading text=&#8220;Erweiterte Funktionen&#8220; font_container=&#8220;tag:h4|text_align:left|color:%23ffffff&#8220; use_theme_fonts=&#8220;yes&#8220; css=&#8220;%7B%22default%22%3A%7B%22font-weight%22%3A%22800%22%2C%22text-transform%22%3A%22uppercase%22%2C%22background-color%22%3A%22%23FA3B42%22%2C%22padding-left%22%3A%2230px%22%2C%22padding-top%22%3A%2210px%22%2C%22padding-bottom%22%3A%2210px%22%2C%22padding-right%22%3A%2210px%22%7D%7D&#8220;]<div class=\"wpb_text_column us_custom_9842fbf7\"><div class=\"wpb_wrapper\"><ul>\n<li><span data-contrast=\"none\">Message priority handling<\/span><span data-ccp-props=\"{&quot;201341983&quot;:0,&quot;335559739&quot;:0,&quot;335559740&quot;:276}\">\u00a0<\/span><\/li>\n<li><span data-contrast=\"none\">Archivierungsoptionen<\/span><span data-ccp-props=\"{&quot;201341983&quot;:0,&quot;335559739&quot;:0,&quot;335559740&quot;:276}\">\u00a0<\/span><\/li>\n<li><span data-contrast=\"none\">Umsetzung von Routing-Regeln<\/span><span data-ccp-props=\"{&quot;201341983&quot;:0,&quot;335559739&quot;:0,&quot;335559740&quot;:276}\">\u00a0<\/span><\/li>\n<li><span data-contrast=\"none\">Sichere \u00dcbertragung mittels TLS<\/span><span data-ccp-props=\"{&quot;201341983&quot;:0,&quot;335559739&quot;:0,&quot;335559740&quot;:276}\">\u00a0<\/span><\/li>\n<li><span data-contrast=\"none\">Dashboard zur System\u00fcberwachung<\/span><span data-ccp-props=\"{&quot;201341983&quot;:0,&quot;335559739&quot;:0,&quot;335559740&quot;:276}\">\u00a0<\/span><\/li>\n<li><span data-contrast=\"none\">Dynamische Komprimierung<\/span><span data-ccp-props=\"{&quot;201341983&quot;:0,&quot;335559739&quot;:0,&quot;335559740&quot;:276}\">\u00a0<\/span><\/li>\n<li><span data-contrast=\"none\">Konfigurierbare E-Mail-Benachrichtigungen<\/span><span data-ccp-props=\"{&quot;201341983&quot;:0,&quot;335559739&quot;:0,&quot;335559740&quot;:276}\">\u00a0<\/span><\/li>\n<li><span data-contrast=\"none\">Audit Trail von Konfigurations\u00e4nderungen<\/span><span data-ccp-props=\"{&quot;201341983&quot;:0,&quot;335559739&quot;:0,&quot;335559740&quot;:276}\">\u00a0<\/span><\/li>\n<li><span data-contrast=\"none\">Zentrale Sicherung von Node-Konfigurationen<\/span><span data-ccp-props=\"{&quot;201341983&quot;:0,&quot;335559739&quot;:0,&quot;335559740&quot;:276}\">\u00a0<\/span><\/li>\n<\/ul>\n<\/div><\/div><\/div><\/div><\/div><\/div><\/div><\/section>\n","protected":false},"excerpt":{"rendered":"[vc_custom_heading text=\"Optimiere die digitale Bildgebung und senke die Kosten\" font_container=\"tag:h2|font_size:40px|text_align:center|color:%23ffffff\" use_theme_fonts=\"yes\" css=\"%7B%22default%22%3A%7B%22font-weight%22%3A%22800%22%7D%7D\"]Mit unserer hochmodernen Technologie kannst du die Imaging-Infrastruktur optimieren und deine Kosten senken. Unsere DICOM-Gateway-L\u00f6sung beseitigt technische Barrieren und verhindert gleichzeitig den eventuellen Datenverlust. Du kannst die Verteilung von Radiologiebildern zentral verwalten und das gesamte Netzwerk \u00fcberwachen. Du kannst die Bilder mit Dritten teilen...","protected":false},"author":123457,"featured_media":0,"parent":11640,"menu_order":0,"comment_status":"closed","ping_status":"closed","template":"","meta":{"_acf_changed":false,"footnotes":""},"class_list":["post-9369","page","type-page","status-publish","hentry"],"acf":[],"yoast_head":"<!-- This site is optimized with the Yoast SEO Premium plugin v24.7 (Yoast SEO v24.7) - https:\/\/yoast.com\/wordpress\/plugins\/seo\/ -->\n<title>DICOM Gateway Bild\u00fcbertragung I ARTofINFO<\/title>\n<meta name=\"description\" content=\"Mit unserer hochmodernen Technologie kannst du die Imaging-Infrastruktur optimieren und deine Kosten senken.\" \/>\n<meta name=\"robots\" content=\"index, follow, max-snippet:-1, max-image-preview:large, max-video-preview:-1\" \/>\n<link rel=\"canonical\" href=\"https:\/\/artofinfo.eu\/en\/products\/products\/\" \/>\n<meta property=\"og:locale\" content=\"de_DE\" \/>\n<meta property=\"og:type\" content=\"article\" \/>\n<meta property=\"og:title\" content=\"DICOM Gateway\" \/>\n<meta property=\"og:description\" content=\"Mit unserer hochmodernen Technologie kannst du die Imaging-Infrastruktur optimieren und deine Kosten senken.\" \/>\n<meta property=\"og:url\" content=\"https:\/\/artofinfo.eu\/en\/products\/products\/\" \/>\n<meta property=\"og:site_name\" content=\"ArtOfInfo\" \/>\n<meta property=\"article:publisher\" content=\"https:\/\/www.facebook.com\/artofinfo\/\" \/>\n<meta property=\"article:modified_time\" content=\"2024-03-21T14:31:56+00:00\" \/>\n<meta name=\"twitter:card\" content=\"summary_large_image\" \/>\n<meta name=\"twitter:label1\" content=\"Gesch\u00e4tzte Lesezeit\" \/>\n\t<meta name=\"twitter:data1\" content=\"3\u00a0Minuten\" \/>\n<script type=\"application\/ld+json\" class=\"yoast-schema-graph\">{\"@context\":\"https:\/\/schema.org\",\"@graph\":[{\"@type\":\"WebPage\",\"@id\":\"https:\/\/artofinfo.eu\/en\/products\/products\/\",\"url\":\"https:\/\/artofinfo.eu\/en\/products\/products\/\",\"name\":\"DICOM Gateway Bild\u00fcbertragung I ARTofINFO\",\"isPartOf\":{\"@id\":\"https:\/\/artofinfo.eu\/en\/#website\"},\"datePublished\":\"2023-06-07T12:57:13+00:00\",\"dateModified\":\"2024-03-21T14:31:56+00:00\",\"description\":\"Mit unserer hochmodernen Technologie kannst du die Imaging-Infrastruktur optimieren und deine Kosten senken.\",\"breadcrumb\":{\"@id\":\"https:\/\/artofinfo.eu\/en\/products\/products\/#breadcrumb\"},\"inLanguage\":\"de\",\"potentialAction\":[{\"@type\":\"ReadAction\",\"target\":[\"https:\/\/artofinfo.eu\/en\/products\/products\/\"]}]},{\"@type\":\"BreadcrumbList\",\"@id\":\"https:\/\/artofinfo.eu\/en\/products\/products\/#breadcrumb\",\"itemListElement\":[{\"@type\":\"ListItem\",\"position\":1,\"name\":\"Home\",\"item\":\"https:\/\/artofinfo.eu\/en\/\"},{\"@type\":\"ListItem\",\"position\":2,\"name\":\"Produkte\",\"item\":\"https:\/\/artofinfo.eu\/en\/products\/\"},{\"@type\":\"ListItem\",\"position\":3,\"name\":\"DICOM Gateway\"}]},{\"@type\":\"WebSite\",\"@id\":\"https:\/\/artofinfo.eu\/en\/#website\",\"url\":\"https:\/\/artofinfo.eu\/en\/\",\"name\":\"artofinfo\",\"description\":\"\",\"publisher\":{\"@id\":\"https:\/\/artofinfo.eu\/en\/#organization\"},\"potentialAction\":[{\"@type\":\"SearchAction\",\"target\":{\"@type\":\"EntryPoint\",\"urlTemplate\":\"https:\/\/artofinfo.eu\/en\/?s={search_term_string}\"},\"query-input\":{\"@type\":\"PropertyValueSpecification\",\"valueRequired\":true,\"valueName\":\"search_term_string\"}}],\"inLanguage\":\"de\"},{\"@type\":\"Organization\",\"@id\":\"https:\/\/artofinfo.eu\/en\/#organization\",\"name\":\"ARTofINFO Kft.\",\"url\":\"https:\/\/artofinfo.eu\/en\/\",\"logo\":{\"@type\":\"ImageObject\",\"inLanguage\":\"de\",\"@id\":\"https:\/\/artofinfo.eu\/en\/#\/schema\/logo\/image\/\",\"url\":\"https:\/\/artofinfo.eu\/wp-content\/uploads\/2023\/09\/artofinfo_logo_website.svg\",\"contentUrl\":\"https:\/\/artofinfo.eu\/wp-content\/uploads\/2023\/09\/artofinfo_logo_website.svg\",\"width\":\"1024\",\"height\":\"1024\",\"caption\":\"ARTofINFO Kft.\"},\"image\":{\"@id\":\"https:\/\/artofinfo.eu\/en\/#\/schema\/logo\/image\/\"},\"sameAs\":[\"https:\/\/www.facebook.com\/artofinfo\/\",\"https:\/\/www.instagram.com\/artofinfokft\/\",\"https:\/\/hu.linkedin.com\/company\/artofinfo\",\"https:\/\/dreamjobs.hu\/hu\/company\/artofinfo-kft\"]}]}<\/script>\n<!-- \/ Yoast SEO Premium plugin. -->","yoast_head_json":{"title":"DICOM Gateway Bild\u00fcbertragung I ARTofINFO","description":"Mit unserer hochmodernen Technologie kannst du die Imaging-Infrastruktur optimieren und deine Kosten senken.","robots":{"index":"index","follow":"follow","max-snippet":"max-snippet:-1","max-image-preview":"max-image-preview:large","max-video-preview":"max-video-preview:-1"},"canonical":"https:\/\/artofinfo.eu\/en\/products\/products\/","og_locale":"de_DE","og_type":"article","og_title":"DICOM Gateway","og_description":"Mit unserer hochmodernen Technologie kannst du die Imaging-Infrastruktur optimieren und deine Kosten senken.","og_url":"https:\/\/artofinfo.eu\/en\/products\/products\/","og_site_name":"ArtOfInfo","article_publisher":"https:\/\/www.facebook.com\/artofinfo\/","article_modified_time":"2024-03-21T14:31:56+00:00","twitter_card":"summary_large_image","twitter_misc":{"Gesch\u00e4tzte Lesezeit":"3\u00a0Minuten"},"schema":{"@context":"https:\/\/schema.org","@graph":[{"@type":"WebPage","@id":"https:\/\/artofinfo.eu\/en\/products\/products\/","url":"https:\/\/artofinfo.eu\/en\/products\/products\/","name":"DICOM Gateway Bild\u00fcbertragung I ARTofINFO","isPartOf":{"@id":"https:\/\/artofinfo.eu\/en\/#website"},"datePublished":"2023-06-07T12:57:13+00:00","dateModified":"2024-03-21T14:31:56+00:00","description":"Mit unserer hochmodernen Technologie kannst du die Imaging-Infrastruktur optimieren und deine Kosten senken.","breadcrumb":{"@id":"https:\/\/artofinfo.eu\/en\/products\/products\/#breadcrumb"},"inLanguage":"de","potentialAction":[{"@type":"ReadAction","target":["https:\/\/artofinfo.eu\/en\/products\/products\/"]}]},{"@type":"BreadcrumbList","@id":"https:\/\/artofinfo.eu\/en\/products\/products\/#breadcrumb","itemListElement":[{"@type":"ListItem","position":1,"name":"Home","item":"https:\/\/artofinfo.eu\/en\/"},{"@type":"ListItem","position":2,"name":"Produkte","item":"https:\/\/artofinfo.eu\/en\/products\/"},{"@type":"ListItem","position":3,"name":"DICOM Gateway"}]},{"@type":"WebSite","@id":"https:\/\/artofinfo.eu\/en\/#website","url":"https:\/\/artofinfo.eu\/en\/","name":"artofinfo","description":"","publisher":{"@id":"https:\/\/artofinfo.eu\/en\/#organization"},"potentialAction":[{"@type":"SearchAction","target":{"@type":"EntryPoint","urlTemplate":"https:\/\/artofinfo.eu\/en\/?s={search_term_string}"},"query-input":{"@type":"PropertyValueSpecification","valueRequired":true,"valueName":"search_term_string"}}],"inLanguage":"de"},{"@type":"Organization","@id":"https:\/\/artofinfo.eu\/en\/#organization","name":"ARTofINFO Kft.","url":"https:\/\/artofinfo.eu\/en\/","logo":{"@type":"ImageObject","inLanguage":"de","@id":"https:\/\/artofinfo.eu\/en\/#\/schema\/logo\/image\/","url":"https:\/\/artofinfo.eu\/wp-content\/uploads\/2023\/09\/artofinfo_logo_website.svg","contentUrl":"https:\/\/artofinfo.eu\/wp-content\/uploads\/2023\/09\/artofinfo_logo_website.svg","width":"1024","height":"1024","caption":"ARTofINFO Kft."},"image":{"@id":"https:\/\/artofinfo.eu\/en\/#\/schema\/logo\/image\/"},"sameAs":["https:\/\/www.facebook.com\/artofinfo\/","https:\/\/www.instagram.com\/artofinfokft\/","https:\/\/hu.linkedin.com\/company\/artofinfo","https:\/\/dreamjobs.hu\/hu\/company\/artofinfo-kft"]}]}},"_links":{"self":[{"href":"https:\/\/artofinfo.eu\/de\/wp-json\/wp\/v2\/pages\/9369","targetHints":{"allow":["GET"]}}],"collection":[{"href":"https:\/\/artofinfo.eu\/de\/wp-json\/wp\/v2\/pages"}],"about":[{"href":"https:\/\/artofinfo.eu\/de\/wp-json\/wp\/v2\/types\/page"}],"author":[{"embeddable":true,"href":"https:\/\/artofinfo.eu\/de\/wp-json\/wp\/v2\/users\/123457"}],"replies":[{"embeddable":true,"href":"https:\/\/artofinfo.eu\/de\/wp-json\/wp\/v2\/comments?post=9369"}],"version-history":[{"count":15,"href":"https:\/\/artofinfo.eu\/de\/wp-json\/wp\/v2\/pages\/9369\/revisions"}],"predecessor-version":[{"id":11622,"href":"https:\/\/artofinfo.eu\/de\/wp-json\/wp\/v2\/pages\/9369\/revisions\/11622"}],"up":[{"embeddable":true,"href":"https:\/\/artofinfo.eu\/de\/wp-json\/wp\/v2\/pages\/11640"}],"wp:attachment":[{"href":"https:\/\/artofinfo.eu\/de\/wp-json\/wp\/v2\/media?parent=9369"}],"curies":[{"name":"wp","href":"https:\/\/api.w.org\/{rel}","templated":true}]}}