{"id":9366,"date":"2023-06-07T14:36:11","date_gmt":"2023-06-07T12:36:11","guid":{"rendered":"https:\/\/localhost\/unsere-branchenloesungen\/"},"modified":"2025-07-17T10:19:12","modified_gmt":"2025-07-17T08:19:12","slug":"unsere-branchenloesungen","status":"publish","type":"page","link":"https:\/\/artofinfo.eu\/de\/unsere-branchenloesungen\/","title":{"rendered":"Unsere Branchenl\u00f6sungen"},"content":{"rendered":"<section class=\"l-section wpb_row us_custom_6e704393 height_medium with_img\"><div class=\"l-section-img\" data-img-width=\"1600\" data-img-height=\"400\" style=\"background-image: url(https:\/\/artofinfo.eu\/wp-content\/uploads\/2023\/06\/szolg-teteje.png);\"><\/div><div class=\"l-section-h i-cf\"><div class=\"g-cols vc_row via_flex valign_top type_default stacking_default\"><div class=\"vc_col-sm-12 wpb_column vc_column_container\"><div class=\"vc_column-inner\"><div class=\"wpb_wrapper\">[vc_custom_heading text=&#8220;Wir unterst\u00fctzen Dein Unternehmen<br \/>\nmit unseren Branchenl\u00f6sungen&#8220; font_container=&#8220;tag:h2|font_size:40px|text_align:center|color:%23ffffff&#8220; use_theme_fonts=&#8220;yes&#8220; css=&#8220;%7B%22default%22%3A%7B%22font-weight%22%3A%22800%22%7D%7D&#8220;]<div class=\"g-cols wpb_row via_flex valign_top type_default stacking_default\"><div class=\"vc_col-sm-3 wpb_column vc_column_container\"><div class=\"vc_column-inner\"><div class=\"wpb_wrapper\"><\/div><\/div><\/div><div class=\"vc_col-sm-6 wpb_column vc_column_container\"><div class=\"vc_column-inner\"><div class=\"wpb_wrapper\"><div class=\"wpb_text_column us_custom_8b3d6790 has_text_color\"><div class=\"wpb_wrapper\"><p style=\"text-align: center;\"><span class=\"TextRun SCXW241621509 BCX0\" lang=\"DE-DE\" xml:lang=\"DE-DE\" data-contrast=\"auto\"><span class=\"NormalTextRun SCXW241621509 BCX0\">Unsere digitalen L\u00f6sungen steigern nicht nur die Effizienz Deines Unternehmens, sondern senken auch Deine Kosten und unterst\u00fctzen die Abl\u00e4ufe in Deinem Unternehmen mit den modernsten Tools, sei es im Finanz-, Gesundheits-, Fertigungs- oder Logistiksektor.<\/span><\/span><\/p>\n<\/div><\/div><\/div><\/div><\/div><div class=\"vc_col-sm-3 wpb_column vc_column_container\"><div class=\"vc_column-inner\"><div class=\"wpb_wrapper\"><\/div><\/div><\/div><\/div><\/div><\/div><\/div><\/div><\/div><\/section><section class=\"l-section wpb_row height_small\"><div class=\"l-section-h i-cf\"><div class=\"g-cols vc_row via_flex valign_top type_default stacking_default\"><div class=\"vc_col-sm-4 wpb_column vc_column_container\"><div class=\"vc_column-inner us_custom_82f46ca6\"><div class=\"wpb_wrapper\"><div class=\"w-image align_center\"><a href=\"http:\/\/49.12.239.193\/de\/unsere-branchenloesungen\/banking-und-versicherungen\/\" aria-label=\"Link\" class=\"w-image-h\"><img loading=\"lazy\" decoding=\"async\" width=\"64\" height=\"68\" src=\"https:\/\/artofinfo.eu\/wp-content\/uploads\/2023\/06\/ipar1.png\" class=\"attachment-large size-large\" alt=\"\" \/><\/a><\/div>[vc_custom_heading text=&#8220;Banking und Versicherungen: Verbessere das Kundenerlebnis und senke gleichzeitig Deine Kosten&#8220; font_container=&#8220;tag:h4|text_align:center|color:%23000000&#8243; use_theme_fonts=&#8220;yes&#8220; css=&#8220;%7B%22default%22%3A%7B%22font-weight%22%3A%22800%22%7D%7D&#8220; link=&#8220;url:%2Fde%2Funsere-branchenloesungen%2Fbanking-und-versicherungen%2F&#8220;]<div class=\"wpb_text_column\"><div class=\"wpb_wrapper\"><p style=\"text-align: center;\"><span class=\"TextRun SCXW161926575 BCX0\" lang=\"DE-DE\" xml:lang=\"DE-DE\" data-contrast=\"auto\"><span class=\"NormalTextRun SCXW161926575 BCX0\">Unsere digitalen IT-Services f\u00fcr den Finanzsektor helfen Dir, nicht nur mit neuen Technologien und wachsenden Kundenerwartungen Schritt zu halten, sondern auch mit den sich st\u00e4ndig \u00e4ndernden Vorschriften. Du kannst die Effizienz deines Unternehmens steigern und gleichzeitig die Kosten senken. Du kannst mit unseren flexiblen L\u00f6sungen das Kundenerlebnis in Deinem Unternehmen verbessern und damit Deine Kundenbindungsraten erh\u00f6hen.<\/span><\/span><\/p>\n<\/div><\/div><div class=\"w-separator hide_on_tablets hide_on_mobiles size_custom\" style=\"height:2.2rem\"><\/div><div class=\"w-btn-wrapper align_center\"><a class=\"w-btn us-btn-style_22 icon_atright\" href=\"http:\/\/49.12.239.193\/de\/unsere-branchenloesungen\/banking-und-versicherungen\/\"><span class=\"w-btn-label\">Mehr lesen<\/span><i class=\"fas fa-arrow-right\"><\/i><\/a><\/div><div class=\"w-image us_custom_7ba9f492 align_center\"><a href=\"http:\/\/49.12.239.193\/de\/unsere-dienstleistungen\/kundenspezifische-software-entwicklungsloesungen\/\" aria-label=\"Link\" class=\"w-image-h\"><img loading=\"lazy\" decoding=\"async\" width=\"62\" height=\"10\" src=\"https:\/\/artofinfo.eu\/wp-content\/uploads\/2023\/08\/bovebben1.jpg\" class=\"attachment-large size-large\" alt=\"B\u0151vebben\" \/><\/a><\/div><\/div><\/div><\/div><div class=\"vc_col-sm-4 wpb_column vc_column_container\"><div class=\"vc_column-inner us_custom_48ca9f35\"><div class=\"wpb_wrapper\"><div class=\"w-image align_center\"><a href=\"http:\/\/49.12.239.193\/de\/unsere-branchenloesungen\/gesundheitswesen\/\" aria-label=\"Link\" class=\"w-image-h\"><img loading=\"lazy\" decoding=\"async\" width=\"71\" height=\"69\" src=\"https:\/\/artofinfo.eu\/wp-content\/uploads\/2023\/06\/ipar2.png\" class=\"attachment-large size-large\" alt=\"\" \/><\/a><\/div>[vc_custom_heading text=&#8220;Gesundheitswesen: Steigere Vertrauen und Servicequalit\u00e4t mit unseren digitalen L\u00f6sungen der neuesten Generation&#8220; font_container=&#8220;tag:h4|text_align:center|color:%23000000&#8243; use_theme_fonts=&#8220;yes&#8220; css=&#8220;%7B%22default%22%3A%7B%22font-weight%22%3A%22800%22%7D%7D&#8220; link=&#8220;url:http%3A%2F%2F49.12.239.193%2Fde%2Funsere-branchenloesungen%2Fgesundheitswesen%2F|&#8220;]<div class=\"wpb_text_column\"><div class=\"wpb_wrapper\"><p style=\"text-align: center;\"><span class=\"TextRun SCXW248059595 BCX0\" lang=\"DE-DE\" xml:lang=\"DE-DE\" data-contrast=\"none\"><span class=\"NormalTextRun SCXW248059595 BCX0\">Unsere L\u00f6sungen helfen Patienten dabei, bewusste Kunden zu werden, die eine gr\u00f6\u00dfere Rolle in Bezug auf ihre Gesundheit \u00fcbernehmen. Unser aktuelles Fachwissen und unsere Erfahrung haben wir durch die Bereitstellung von Dienstleistungen f\u00fcr f\u00fchrende multinationale Gesundheitsorganisationen erworben.<\/span><\/span><\/p>\n<\/div><\/div><div class=\"w-separator hide_on_tablets hide_on_mobiles size_custom\" style=\"height:7rem\"><\/div><div class=\"w-btn-wrapper align_center\"><a class=\"w-btn us-btn-style_22 icon_atright\" href=\"http:\/\/49.12.239.193\/de\/unsere-branchenloesungen\/gesundheitswesen\/\"><span class=\"w-btn-label\">Mehr lesen<\/span><i class=\"fas fa-arrow-right\"><\/i><\/a><\/div><div class=\"w-image us_custom_7ba9f492 align_center\"><a href=\"http:\/\/49.12.239.193\/de\/unsere-dienstleistungen\/kundenspezifische-software-entwicklungsloesungen\/\" aria-label=\"Link\" class=\"w-image-h\"><img loading=\"lazy\" decoding=\"async\" width=\"62\" height=\"10\" src=\"https:\/\/artofinfo.eu\/wp-content\/uploads\/2023\/08\/bovebben2.jpg\" class=\"attachment-large size-large\" alt=\"B\u0151vebben\" \/><\/a><\/div><\/div><\/div><\/div><div class=\"vc_col-sm-4 wpb_column vc_column_container\"><div class=\"vc_column-inner us_custom_2c8e4991\"><div class=\"wpb_wrapper\"><div class=\"w-image align_center\"><a href=\"http:\/\/49.12.239.193\/de\/unsere-branchenloesungen\/industrie-4-0\/\" aria-label=\"Link\" class=\"w-image-h\"><img loading=\"lazy\" decoding=\"async\" width=\"65\" height=\"65\" src=\"https:\/\/artofinfo.eu\/wp-content\/uploads\/2023\/06\/ipar3.png\" class=\"attachment-large size-large\" alt=\"\" \/><\/a><\/div>[vc_custom_heading text=&#8220;Industrie 4.0: Mach Dein Unternehmen mit unseren zeitlosen und skalierbaren L\u00f6sungen effizienter&#8220; font_container=&#8220;tag:h4|text_align:center|color:%23000000&#8243; use_theme_fonts=&#8220;yes&#8220; css=&#8220;%7B%22default%22%3A%7B%22font-weight%22%3A%22800%22%7D%7D&#8220; link=&#8220;url:http%3A%2F%2F49.12.239.193%2Fde%2Funsere-branchenloesungen%2Findustrie-4-0%2F|&#8220;]<div class=\"wpb_text_column\"><div class=\"wpb_wrapper\"><p style=\"text-align: center;\"><span class=\"NormalTextRun SCXW96368829 BCX0\">Mit unseren kosteneffizienten und zuverl\u00e4ssigen <\/span><span class=\"NormalTextRun SpellingErrorV2Themed SCXW96368829 BCX0\">IndusTech<\/span><span class=\"NormalTextRun SCXW96368829 BCX0\">-Dienstleistungen stehen Dir die Funktionalit\u00e4t von <\/span><span class=\"NormalTextRun SCXW96368829 BCX0\">IoT<\/span><span class=\"NormalTextRun SCXW96368829 BCX0\">-Systemen, die Leistungsf\u00e4higkeit von k\u00fcnstlicher Intelligenz und die M\u00f6glichkeiten von Datenanalyse- und &#8211;<\/span><span class=\"NormalTextRun SpellingErrorV2Themed SCXW96368829 BCX0\">verarbeitungssystemen<\/span><span class=\"NormalTextRun SCXW96368829 BCX0\"> zur Verf\u00fcgung. Wir unterst\u00fctzen Dich <\/span><span class=\"NormalTextRun SCXW96368829 BCX0\">dabei, durch einfach zu integrierende Tools und effiziente Prozesse einen Mehrwert f\u00fcr Dein Unternehmen zu schaffen.<\/span><\/p>\n<\/div><\/div><div class=\"w-separator size_custom\" style=\"height:4.5rem\"><\/div><div class=\"w-btn-wrapper align_center\"><a class=\"w-btn us-btn-style_22 icon_atright\" href=\"https:\/\/artofinfo.eu\/de\/unsere-branchenloesungen\/industrie-4-0\/\"><span class=\"w-btn-label\">Mehr lesen<\/span><i class=\"fas fa-arrow-right\"><\/i><\/a><\/div><div class=\"w-image us_custom_7ba9f492 align_center\"><a href=\"https:\/\/artofinfo.eu\/de\/unsere-dienstleistungen\/kundenspezifische-software-entwicklungsloesungen\/\" aria-label=\"Link\" class=\"w-image-h\"><img loading=\"lazy\" decoding=\"async\" width=\"62\" height=\"10\" src=\"https:\/\/artofinfo.eu\/wp-content\/uploads\/2023\/08\/zoldcsik2.jpg\" class=\"attachment-large size-large\" alt=\"Z\u00f6ld\" \/><\/a><\/div><\/div><\/div><\/div><\/div><\/div><\/section><section class=\"l-section wpb_row height_medium\"><div class=\"l-section-h i-cf\"><div class=\"g-cols vc_row via_flex valign_top type_default stacking_default\"><div class=\"vc_col-sm-12 wpb_column vc_column_container\"><div class=\"vc_column-inner\"><div class=\"wpb_wrapper\"><div class=\"w-actionbox color_primary controls_right\"><div class=\"w-actionbox-text\"><h2 class=\"w-actionbox-title\">Kostenlose Beratung!<\/h2><div class=\"w-actionbox-description\"><p>Mithilfe unserer Experten bieten wir einen kostenlosen Beratungsworkshop an, um genau herauszufinden, wie wir Ihr Unternehmen unterst\u00fctzen k\u00f6nnen!<\/p>\n<\/div><\/div><div class=\"w-actionbox-controls\"><a class=\"w-btn us-btn-style_1 icon_atleft\" href=\"http:\/\/artofinfo.eu\/de\/kostenlose-beratung\/\" style=\"font-size:1.5rem;\"><i class=\"fas fa-envelope\"><\/i><span class=\"w-btn-label\">Ich bin interessiert!<\/span><\/a><\/div><\/div><\/div><\/div><\/div><\/div><\/div><\/section>\n","protected":false},"excerpt":{"rendered":"[vc_custom_heading text=\"Wir unterst\u00fctzen Dein Unternehmen mit unseren Branchenl\u00f6sungen\" font_container=\"tag:h2|font_size:40px|text_align:center|color:%23ffffff\" use_theme_fonts=\"yes\" css=\"%7B%22default%22%3A%7B%22font-weight%22%3A%22800%22%7D%7D\"]Unsere digitalen L\u00f6sungen steigern nicht nur die Effizienz Deines Unternehmens, sondern senken auch Deine Kosten und unterst\u00fctzen die Abl\u00e4ufe in Deinem Unternehmen mit den modernsten Tools, sei es im Finanz-, Gesundheits-, Fertigungs- oder Logistiksektor. [vc_custom_heading text=\"Banking und Versicherungen: Verbessere das Kundenerlebnis und senke gleichzeitig Deine...","protected":false},"author":123457,"featured_media":0,"parent":0,"menu_order":0,"comment_status":"closed","ping_status":"closed","template":"","meta":{"_acf_changed":false,"footnotes":""},"class_list":["post-9366","page","type-page","status-publish","hentry"],"acf":[],"yoast_head":"<!-- This site is optimized with the Yoast SEO Premium plugin v24.7 (Yoast SEO v24.7) - https:\/\/yoast.com\/wordpress\/plugins\/seo\/ -->\n<title>Branchenl\u00f6sungen I ARTofINFO<\/title>\n<meta name=\"description\" content=\"Banking und Versicherungen, Gesundheitswesen, Industrie 4.0\" \/>\n<meta name=\"robots\" content=\"index, follow, max-snippet:-1, max-image-preview:large, max-video-preview:-1\" \/>\n<link rel=\"canonical\" href=\"https:\/\/artofinfo.eu\/de\/unsere-branchenloesungen\/\" \/>\n<meta property=\"og:locale\" content=\"de_DE\" \/>\n<meta property=\"og:type\" content=\"article\" \/>\n<meta property=\"og:title\" content=\"Unsere Branchenl\u00f6sungen\" \/>\n<meta property=\"og:description\" content=\"Banking und Versicherungen, Gesundheitswesen, Industrie 4.0\" \/>\n<meta property=\"og:url\" content=\"https:\/\/artofinfo.eu\/de\/unsere-branchenloesungen\/\" \/>\n<meta property=\"og:site_name\" content=\"ArtOfInfo\" \/>\n<meta property=\"article:publisher\" content=\"https:\/\/www.facebook.com\/artofinfo\/\" \/>\n<meta property=\"article:modified_time\" content=\"2025-07-17T08:19:12+00:00\" \/>\n<meta name=\"twitter:card\" content=\"summary_large_image\" \/>\n<meta name=\"twitter:label1\" content=\"Gesch\u00e4tzte Lesezeit\" \/>\n\t<meta name=\"twitter:data1\" content=\"3\u00a0Minuten\" \/>\n<script type=\"application\/ld+json\" class=\"yoast-schema-graph\">{\"@context\":\"https:\/\/schema.org\",\"@graph\":[{\"@type\":\"WebPage\",\"@id\":\"https:\/\/artofinfo.eu\/de\/unsere-branchenloesungen\/\",\"url\":\"https:\/\/artofinfo.eu\/de\/unsere-branchenloesungen\/\",\"name\":\"Branchenl\u00f6sungen I ARTofINFO\",\"isPartOf\":{\"@id\":\"https:\/\/artofinfo.eu\/en\/#website\"},\"datePublished\":\"2023-06-07T12:36:11+00:00\",\"dateModified\":\"2025-07-17T08:19:12+00:00\",\"description\":\"Banking und Versicherungen, Gesundheitswesen, Industrie 4.0\",\"breadcrumb\":{\"@id\":\"https:\/\/artofinfo.eu\/de\/unsere-branchenloesungen\/#breadcrumb\"},\"inLanguage\":\"de\",\"potentialAction\":[{\"@type\":\"ReadAction\",\"target\":[\"https:\/\/artofinfo.eu\/de\/unsere-branchenloesungen\/\"]}]},{\"@type\":\"BreadcrumbList\",\"@id\":\"https:\/\/artofinfo.eu\/de\/unsere-branchenloesungen\/#breadcrumb\",\"itemListElement\":[{\"@type\":\"ListItem\",\"position\":1,\"name\":\"Home\",\"item\":\"https:\/\/artofinfo.eu\/en\/\"},{\"@type\":\"ListItem\",\"position\":2,\"name\":\"Unsere Branchenl\u00f6sungen\"}]},{\"@type\":\"WebSite\",\"@id\":\"https:\/\/artofinfo.eu\/en\/#website\",\"url\":\"https:\/\/artofinfo.eu\/en\/\",\"name\":\"artofinfo\",\"description\":\"\",\"publisher\":{\"@id\":\"https:\/\/artofinfo.eu\/en\/#organization\"},\"potentialAction\":[{\"@type\":\"SearchAction\",\"target\":{\"@type\":\"EntryPoint\",\"urlTemplate\":\"https:\/\/artofinfo.eu\/en\/?s={search_term_string}\"},\"query-input\":{\"@type\":\"PropertyValueSpecification\",\"valueRequired\":true,\"valueName\":\"search_term_string\"}}],\"inLanguage\":\"de\"},{\"@type\":\"Organization\",\"@id\":\"https:\/\/artofinfo.eu\/en\/#organization\",\"name\":\"ARTofINFO Kft.\",\"url\":\"https:\/\/artofinfo.eu\/en\/\",\"logo\":{\"@type\":\"ImageObject\",\"inLanguage\":\"de\",\"@id\":\"https:\/\/artofinfo.eu\/en\/#\/schema\/logo\/image\/\",\"url\":\"https:\/\/artofinfo.eu\/wp-content\/uploads\/2023\/09\/artofinfo_logo_website.svg\",\"contentUrl\":\"https:\/\/artofinfo.eu\/wp-content\/uploads\/2023\/09\/artofinfo_logo_website.svg\",\"width\":\"1024\",\"height\":\"1024\",\"caption\":\"ARTofINFO Kft.\"},\"image\":{\"@id\":\"https:\/\/artofinfo.eu\/en\/#\/schema\/logo\/image\/\"},\"sameAs\":[\"https:\/\/www.facebook.com\/artofinfo\/\",\"https:\/\/www.instagram.com\/artofinfokft\/\",\"https:\/\/hu.linkedin.com\/company\/artofinfo\",\"https:\/\/dreamjobs.hu\/hu\/company\/artofinfo-kft\"]}]}<\/script>\n<!-- \/ Yoast SEO Premium plugin. -->","yoast_head_json":{"title":"Branchenl\u00f6sungen I ARTofINFO","description":"Banking und Versicherungen, Gesundheitswesen, Industrie 4.0","robots":{"index":"index","follow":"follow","max-snippet":"max-snippet:-1","max-image-preview":"max-image-preview:large","max-video-preview":"max-video-preview:-1"},"canonical":"https:\/\/artofinfo.eu\/de\/unsere-branchenloesungen\/","og_locale":"de_DE","og_type":"article","og_title":"Unsere Branchenl\u00f6sungen","og_description":"Banking und Versicherungen, Gesundheitswesen, Industrie 4.0","og_url":"https:\/\/artofinfo.eu\/de\/unsere-branchenloesungen\/","og_site_name":"ArtOfInfo","article_publisher":"https:\/\/www.facebook.com\/artofinfo\/","article_modified_time":"2025-07-17T08:19:12+00:00","twitter_card":"summary_large_image","twitter_misc":{"Gesch\u00e4tzte Lesezeit":"3\u00a0Minuten"},"schema":{"@context":"https:\/\/schema.org","@graph":[{"@type":"WebPage","@id":"https:\/\/artofinfo.eu\/de\/unsere-branchenloesungen\/","url":"https:\/\/artofinfo.eu\/de\/unsere-branchenloesungen\/","name":"Branchenl\u00f6sungen I ARTofINFO","isPartOf":{"@id":"https:\/\/artofinfo.eu\/en\/#website"},"datePublished":"2023-06-07T12:36:11+00:00","dateModified":"2025-07-17T08:19:12+00:00","description":"Banking und Versicherungen, Gesundheitswesen, Industrie 4.0","breadcrumb":{"@id":"https:\/\/artofinfo.eu\/de\/unsere-branchenloesungen\/#breadcrumb"},"inLanguage":"de","potentialAction":[{"@type":"ReadAction","target":["https:\/\/artofinfo.eu\/de\/unsere-branchenloesungen\/"]}]},{"@type":"BreadcrumbList","@id":"https:\/\/artofinfo.eu\/de\/unsere-branchenloesungen\/#breadcrumb","itemListElement":[{"@type":"ListItem","position":1,"name":"Home","item":"https:\/\/artofinfo.eu\/en\/"},{"@type":"ListItem","position":2,"name":"Unsere Branchenl\u00f6sungen"}]},{"@type":"WebSite","@id":"https:\/\/artofinfo.eu\/en\/#website","url":"https:\/\/artofinfo.eu\/en\/","name":"artofinfo","description":"","publisher":{"@id":"https:\/\/artofinfo.eu\/en\/#organization"},"potentialAction":[{"@type":"SearchAction","target":{"@type":"EntryPoint","urlTemplate":"https:\/\/artofinfo.eu\/en\/?s={search_term_string}"},"query-input":{"@type":"PropertyValueSpecification","valueRequired":true,"valueName":"search_term_string"}}],"inLanguage":"de"},{"@type":"Organization","@id":"https:\/\/artofinfo.eu\/en\/#organization","name":"ARTofINFO Kft.","url":"https:\/\/artofinfo.eu\/en\/","logo":{"@type":"ImageObject","inLanguage":"de","@id":"https:\/\/artofinfo.eu\/en\/#\/schema\/logo\/image\/","url":"https:\/\/artofinfo.eu\/wp-content\/uploads\/2023\/09\/artofinfo_logo_website.svg","contentUrl":"https:\/\/artofinfo.eu\/wp-content\/uploads\/2023\/09\/artofinfo_logo_website.svg","width":"1024","height":"1024","caption":"ARTofINFO Kft."},"image":{"@id":"https:\/\/artofinfo.eu\/en\/#\/schema\/logo\/image\/"},"sameAs":["https:\/\/www.facebook.com\/artofinfo\/","https:\/\/www.instagram.com\/artofinfokft\/","https:\/\/hu.linkedin.com\/company\/artofinfo","https:\/\/dreamjobs.hu\/hu\/company\/artofinfo-kft"]}]}},"_links":{"self":[{"href":"https:\/\/artofinfo.eu\/de\/wp-json\/wp\/v2\/pages\/9366","targetHints":{"allow":["GET"]}}],"collection":[{"href":"https:\/\/artofinfo.eu\/de\/wp-json\/wp\/v2\/pages"}],"about":[{"href":"https:\/\/artofinfo.eu\/de\/wp-json\/wp\/v2\/types\/page"}],"author":[{"embeddable":true,"href":"https:\/\/artofinfo.eu\/de\/wp-json\/wp\/v2\/users\/123457"}],"replies":[{"embeddable":true,"href":"https:\/\/artofinfo.eu\/de\/wp-json\/wp\/v2\/comments?post=9366"}],"version-history":[{"count":16,"href":"https:\/\/artofinfo.eu\/de\/wp-json\/wp\/v2\/pages\/9366\/revisions"}],"predecessor-version":[{"id":14129,"href":"https:\/\/artofinfo.eu\/de\/wp-json\/wp\/v2\/pages\/9366\/revisions\/14129"}],"wp:attachment":[{"href":"https:\/\/artofinfo.eu\/de\/wp-json\/wp\/v2\/media?parent=9366"}],"curies":[{"name":"wp","href":"https:\/\/api.w.org\/{rel}","templated":true}]}}