{"id":9363,"date":"2023-06-07T13:36:51","date_gmt":"2023-06-07T11:36:51","guid":{"rendered":"https:\/\/localhost\/unsere-dienstleistungen\/"},"modified":"2023-10-25T09:25:28","modified_gmt":"2023-10-25T07:25:28","slug":"unsere-dienstleistungen","status":"publish","type":"page","link":"https:\/\/artofinfo.eu\/de\/unsere-dienstleistungen\/","title":{"rendered":"Unsere Dienstleistungen"},"content":{"rendered":"<section class=\"l-section wpb_row us_custom_6e704393 height_medium with_img\"><div class=\"l-section-img\" data-img-width=\"1600\" data-img-height=\"400\" style=\"background-image: url(https:\/\/artofinfo.eu\/wp-content\/uploads\/2023\/06\/szolg-teteje.png);\"><\/div><div class=\"l-section-h i-cf\"><div class=\"g-cols vc_row via_flex valign_top type_default stacking_default\"><div class=\"vc_col-sm-12 wpb_column vc_column_container\"><div class=\"vc_column-inner\"><div class=\"wpb_wrapper\">[vc_custom_heading text=&#8220;Wir finden die beste L\u00f6sung<br \/>\nf\u00fcr Deine Gesch\u00e4ftsanforderungen&#8220; font_container=&#8220;tag:h2|font_size:40px|text_align:center|color:%23ffffff&#8220; use_theme_fonts=&#8220;yes&#8220; css=&#8220;%7B%22default%22%3A%7B%22font-weight%22%3A%22800%22%7D%7D&#8220;]<div class=\"g-cols wpb_row via_flex valign_top type_default stacking_default\"><div class=\"vc_col-sm-3 wpb_column vc_column_container\"><div class=\"vc_column-inner\"><div class=\"wpb_wrapper\"><\/div><\/div><\/div><div class=\"vc_col-sm-6 wpb_column vc_column_container\"><div class=\"vc_column-inner\"><div class=\"wpb_wrapper\"><div class=\"wpb_text_column us_custom_096488a5 has_text_color\"><div class=\"wpb_wrapper\"><p style=\"text-align: center;\"><span class=\"TextRun SCXW111988475 BCX0\" lang=\"DE-DE\" xml:lang=\"DE-DE\" data-contrast=\"auto\"><span class=\"NormalTextRun SCXW111988475 BCX0\">Nachhaltigkeit und ein kontinuierliches Kundenerlebnis sind die wichtigsten Ziele unserer Dienstleistungen. Unsere Mitarbeiter mit Branchenerfahrung und fundiertem Fachwissen werden Dir in k\u00fcrzester Zeit die beste L\u00f6sung f\u00fcr Deine gesch\u00e4ftlichen Anforderungen bieten.<\/span><\/span><\/p>\n<\/div><\/div><\/div><\/div><\/div><div class=\"vc_col-sm-3 wpb_column vc_column_container\"><div class=\"vc_column-inner\"><div class=\"wpb_wrapper\"><\/div><\/div><\/div><\/div><\/div><\/div><\/div><\/div><\/div><\/section><section class=\"l-section wpb_row height_small\"><div class=\"l-section-h i-cf\"><div class=\"g-cols vc_row via_flex valign_top type_default stacking_default\"><div class=\"vc_col-sm-4 wpb_column vc_column_container\"><div class=\"vc_column-inner us_custom_82f46ca6\"><div class=\"wpb_wrapper\"><div class=\"w-image align_center\"><a href=\"http:\/\/49.12.239.193\/de\/unsere-dienstleistungen\/kundenspezifische-software-entwicklungsloesungen\/\" aria-label=\"Link\" class=\"w-image-h\"><img loading=\"lazy\" decoding=\"async\" width=\"64\" height=\"78\" src=\"https:\/\/artofinfo.eu\/wp-content\/uploads\/2023\/06\/szolgaltatas1.png\" class=\"attachment-large size-large\" alt=\"\" \/><\/a><\/div>[vc_custom_heading text=&#8220;Kundenspezifische Software-Entwicklungsl\u00f6sungen&#8220; font_container=&#8220;tag:h4|text_align:center|color:%23000000&#8243; use_theme_fonts=&#8220;yes&#8220; css=&#8220;%7B%22default%22%3A%7B%22font-weight%22%3A%22800%22%7D%7D&#8220; link=&#8220;url:http%3A%2F%2F49.12.239.193%2Fde%2Funsere-dienstleistungen%2Fkundenspezifische-software-entwicklungsloesungen%2F|&#8220;]<div class=\"wpb_text_column\"><div class=\"wpb_wrapper\"><p style=\"text-align: center;\"><span class=\"TextRun SCXW4136863 BCX0\" lang=\"DE-DE\" xml:lang=\"DE-DE\" data-contrast=\"auto\"><span class=\"NormalTextRun SCXW4136863 BCX0\">Die Implementierung von Technologie sollte kein Hindernis f\u00fcr Deine Gesch\u00e4ftsm\u00f6glichkeiten sein!<\/span> <span class=\"NormalTextRun SCXW4136863 BCX0\">Wie auch immer Deine individuellen Anforderungen an digitale L\u00f6sungen aussehen, wir <\/span><span class=\"NormalTextRun SCXW4136863 BCX0\">arbeiten <\/span><span class=\"NormalTextRun SCXW4136863 BCX0\">mit unseren Experten zusammen, um Deine Ideen in hoher Qualit\u00e4t umzusetzen.<\/span><\/span><\/p>\n<\/div><\/div><div class=\"w-separator hide_on_tablets hide_on_mobiles size_custom\" style=\"height:120px\"><\/div><div class=\"w-btn-wrapper align_center\"><a class=\"w-btn us-btn-style_22 icon_atright\" href=\"http:\/\/49.12.239.193\/de\/unsere-dienstleistungen\/kundenspezifische-software-entwicklungsloesungen\/\"><span class=\"w-btn-label\">Mehr lesen<\/span><i class=\"fas fa-arrow-right\"><\/i><\/a><\/div><div class=\"w-image us_custom_7ba9f492 align_center\"><a href=\"http:\/\/49.12.239.193\/de\/unsere-dienstleistungen\/kundenspezifische-software-entwicklungsloesungen\/\" aria-label=\"Link\" class=\"w-image-h\"><img loading=\"lazy\" decoding=\"async\" width=\"62\" height=\"10\" src=\"https:\/\/artofinfo.eu\/wp-content\/uploads\/2023\/08\/bovebben1.jpg\" class=\"attachment-large size-large\" alt=\"B\u0151vebben\" \/><\/a><\/div><\/div><\/div><\/div><div class=\"vc_col-sm-4 wpb_column vc_column_container\"><div class=\"vc_column-inner us_custom_48ca9f35\"><div class=\"wpb_wrapper\"><div class=\"w-image align_center\"><a href=\"http:\/\/49.12.239.193\/de\/unsere-dienstleistungen\/professionelle-ressourcenbereitstellung\/\" aria-label=\"Link\" class=\"w-image-h\"><img loading=\"lazy\" decoding=\"async\" width=\"70\" height=\"71\" src=\"https:\/\/artofinfo.eu\/wp-content\/uploads\/2023\/06\/szolgaltatas2.png\" class=\"attachment-large size-large\" alt=\"\" \/><\/a><\/div>[vc_custom_heading text=&#8220;Professionelle Ressourcenbereitstellung&#8220; font_container=&#8220;tag:h4|text_align:center|color:%23000000&#8243; use_theme_fonts=&#8220;yes&#8220; css=&#8220;%7B%22default%22%3A%7B%22font-weight%22%3A%22800%22%7D%7D&#8220; link=&#8220;url:http%3A%2F%2F49.12.239.193%2Fde%2Funsere-dienstleistungen%2Fprofessionelle-ressourcenbereitstellung%2F|&#8220;]<div class=\"wpb_text_column\"><div class=\"wpb_wrapper\"><p style=\"text-align: center;\"><span class=\"NormalTextRun SCXW50358762 BCX0\">Vergiss den Fach<\/span><span class=\"NormalTextRun SCXW50358762 BCX0\">kr\u00e4ftemangel<\/span><span class=\"NormalTextRun SCXW50358762 BCX0\">: Wir helfen Dir, Deine beruflichen Herausforderungen zu meistern. Wenn die digitale Entwicklung Deines Unternehmens durch einen Mangel an <\/span><span class=\"NormalTextRun SCXW50358762 BCX0\">IT<\/span><span class=\"NormalTextRun SCXW50358762 BCX0\">-Fachleuten gebremst wird, k\u00f6nnen wir eine sofortige L\u00f6sung anbieten! Wir helfen Dir dabei, dass Ressourcenengp\u00e4sse das Wachstum Deines Un<\/span><span class=\"NormalTextRun SCXW50358762 BCX0\">ternehmens nicht mehr behindern und dass fehlende Kapazit\u00e4ten Deinem Wachstum nicht mehr im Wege stehen.<\/span><\/p>\n<\/div><\/div><div class=\"w-separator hide_on_tablets hide_on_mobiles size_custom\" style=\"height:70px\"><\/div><div class=\"w-btn-wrapper align_center\"><a class=\"w-btn us-btn-style_22 icon_atright\" href=\"http:\/\/49.12.239.193\/de\/unsere-dienstleistungen\/professionelle-ressourcenbereitstellung\/\"><span class=\"w-btn-label\">Mehr lesen<\/span><i class=\"fas fa-arrow-right\"><\/i><\/a><\/div><div class=\"w-image us_custom_7ba9f492 align_center\"><a href=\"http:\/\/49.12.239.193\/de\/unsere-dienstleistungen\/kundenspezifische-software-entwicklungsloesungen\/\" aria-label=\"Link\" class=\"w-image-h\"><img loading=\"lazy\" decoding=\"async\" width=\"62\" height=\"10\" src=\"https:\/\/artofinfo.eu\/wp-content\/uploads\/2023\/08\/bovebben2.jpg\" class=\"attachment-large size-large\" alt=\"B\u0151vebben\" \/><\/a><\/div><\/div><\/div><\/div><div class=\"vc_col-sm-4 wpb_column vc_column_container\"><div class=\"vc_column-inner us_custom_2c8e4991\"><div class=\"wpb_wrapper\"><div class=\"w-image align_center\"><a href=\"http:\/\/49.12.239.193\/de\/unsere-dienstleistungen\/support-und-wartung\/\" aria-label=\"Link\" class=\"w-image-h\"><img loading=\"lazy\" decoding=\"async\" width=\"71\" height=\"69\" src=\"https:\/\/artofinfo.eu\/wp-content\/uploads\/2023\/06\/szolgaltatas3.png\" class=\"attachment-large size-large\" alt=\"\" \/><\/a><\/div>[vc_custom_heading text=&#8220;Wartung und Unterst\u00fctzung f\u00fcr einen langfristigen Betrieb&#8220; font_container=&#8220;tag:h4|text_align:center|color:%23000000&#8243; use_theme_fonts=&#8220;yes&#8220; css=&#8220;%7B%22default%22%3A%7B%22font-weight%22%3A%22800%22%7D%7D&#8220; link=&#8220;url:http%3A%2F%2F49.12.239.193%2Fde%2Funsere-dienstleistungen%2Fsupport-und-wartung%2F|&#8220;]<div class=\"wpb_text_column\"><div class=\"wpb_wrapper\"><p style=\"text-align: center;\"><span class=\"TextRun SCXW43536126 BCX0\" lang=\"DE-DE\" xml:lang=\"DE-DE\" data-contrast=\"auto\"><span class=\"NormalTextRun SCXW43536126 BCX0\">Stabilisiere und modernisiere Deine Systeme! Wenn Du feststellst, dass es eine st\u00e4ndige Herausforderung f\u00fcr Deine <\/span><span class=\"NormalTextRun SCXW43536126 BCX0\">IT<\/span><span class=\"NormalTextRun SCXW43536126 BCX0\">-Abteilung ist, Deine bestehenden Systeme am Leben zu erhalten, sie aufzur\u00fcsten und ihre Betriebskosten zu optimieren, dann wende Dich an uns. Unsere L\u00f6sungen bieten in solchen Situationen einen langfristigen, nachhaltigen und zuverl\u00e4ssigen Service.<\/span><\/span><\/p>\n<\/div><\/div><div class=\"w-separator size_medium\"><\/div><div class=\"w-btn-wrapper align_center\"><a class=\"w-btn us-btn-style_22 icon_atright\" href=\"http:\/\/49.12.239.193\/de\/unsere-dienstleistungen\/support-und-wartung\/\"><span class=\"w-btn-label\">Mehr lesen<\/span><i class=\"fas fa-arrow-right\"><\/i><\/a><\/div><div class=\"w-image us_custom_7ba9f492 align_center\"><a href=\"http:\/\/49.12.239.193\/de\/unsere-dienstleistungen\/kundenspezifische-software-entwicklungsloesungen\/\" aria-label=\"Link\" class=\"w-image-h\"><img loading=\"lazy\" decoding=\"async\" width=\"62\" height=\"10\" src=\"https:\/\/artofinfo.eu\/wp-content\/uploads\/2023\/08\/zoldcsik2.jpg\" class=\"attachment-large size-large\" alt=\"Z\u00f6ld\" \/><\/a><\/div><\/div><\/div><\/div><\/div><\/div><\/section><section class=\"l-section wpb_row height_medium\"><div class=\"l-section-h i-cf\"><div class=\"g-cols vc_row via_flex valign_top type_default stacking_default\"><div class=\"vc_col-sm-12 wpb_column vc_column_container\"><div class=\"vc_column-inner\"><div class=\"wpb_wrapper\"><div class=\"w-actionbox color_primary controls_right\"><div class=\"w-actionbox-text\"><h2 class=\"w-actionbox-title\">Kostenlose Beratung!<\/h2><div class=\"w-actionbox-description\"><p>Mithilfe unserer Experten bieten wir einen kostenlosen Beratungsworkshop an, um genau herauszufinden, wie wir Ihr Unternehmen unterst\u00fctzen k\u00f6nnen!<\/p>\n<\/div><\/div><div class=\"w-actionbox-controls\"><a class=\"w-btn us-btn-style_1 icon_atleft\" href=\"http:\/\/49.12.239.193\/de\/kostenlose-beratung\/\" style=\"font-size:1.5rem;\"><i class=\"fas fa-envelope\"><\/i><span class=\"w-btn-label\">Ich bin interessiert!<\/span><\/a><\/div><\/div><\/div><\/div><\/div><\/div><\/div><\/section>\n","protected":false},"excerpt":{"rendered":"[vc_custom_heading text=\"Wir finden die beste L\u00f6sung f\u00fcr Deine Gesch\u00e4ftsanforderungen\" font_container=\"tag:h2|font_size:40px|text_align:center|color:%23ffffff\" use_theme_fonts=\"yes\" css=\"%7B%22default%22%3A%7B%22font-weight%22%3A%22800%22%7D%7D\"]Nachhaltigkeit und ein kontinuierliches Kundenerlebnis sind die wichtigsten Ziele unserer Dienstleistungen. Unsere Mitarbeiter mit Branchenerfahrung und fundiertem Fachwissen werden Dir in k\u00fcrzester Zeit die beste L\u00f6sung f\u00fcr Deine gesch\u00e4ftlichen Anforderungen bieten. [vc_custom_heading text=\"Kundenspezifische Software-Entwicklungsl\u00f6sungen\" font_container=\"tag:h4|text_align:center|color:%23000000\" use_theme_fonts=\"yes\" css=\"%7B%22default%22%3A%7B%22font-weight%22%3A%22800%22%7D%7D\" link=\"url:http%3A%2F%2F49.12.239.193%2Fde%2Funsere-dienstleistungen%2Fkundenspezifische-software-entwicklungsloesungen%2F|\"]Die Implementierung von Technologie sollte kein Hindernis...","protected":false},"author":123457,"featured_media":0,"parent":0,"menu_order":0,"comment_status":"closed","ping_status":"closed","template":"","meta":{"_acf_changed":false,"footnotes":""},"class_list":["post-9363","page","type-page","status-publish","hentry"],"acf":[],"yoast_head":"<!-- This site is optimized with the Yoast SEO Premium plugin v24.7 (Yoast SEO v24.7) - https:\/\/yoast.com\/wordpress\/plugins\/seo\/ -->\n<title>Services I ARTofINFO<\/title>\n<meta name=\"description\" content=\"Nachhaltigkeit und ein kontinuierliches Kundenerlebnis sind die wichtigsten Ziele unserer Dienstleistungen. Unsere Mitarbeiter mit Branchenerfahrung und fundiertem Fachwissen werden Dir in k\u00fcrzester Zeit die beste L\u00f6sung f\u00fcr Deine gesch\u00e4ftlichen Anforderungen bieten.\" \/>\n<meta name=\"robots\" content=\"index, follow, max-snippet:-1, max-image-preview:large, max-video-preview:-1\" \/>\n<link rel=\"canonical\" href=\"https:\/\/artofinfo.eu\/en\/services\/\" \/>\n<meta property=\"og:locale\" content=\"de_DE\" \/>\n<meta property=\"og:type\" content=\"article\" \/>\n<meta property=\"og:title\" content=\"Unsere Dienstleistungen\" \/>\n<meta property=\"og:description\" content=\"Nachhaltigkeit und ein kontinuierliches Kundenerlebnis sind die wichtigsten Ziele unserer Dienstleistungen. Unsere Mitarbeiter mit Branchenerfahrung und fundiertem Fachwissen werden Dir in k\u00fcrzester Zeit die beste L\u00f6sung f\u00fcr Deine gesch\u00e4ftlichen Anforderungen bieten.\" \/>\n<meta property=\"og:url\" content=\"https:\/\/artofinfo.eu\/en\/services\/\" \/>\n<meta property=\"og:site_name\" content=\"ArtOfInfo\" \/>\n<meta property=\"article:publisher\" content=\"https:\/\/www.facebook.com\/artofinfo\/\" \/>\n<meta property=\"article:modified_time\" content=\"2023-10-25T07:25:28+00:00\" \/>\n<meta name=\"twitter:card\" content=\"summary_large_image\" \/>\n<meta name=\"twitter:label1\" content=\"Gesch\u00e4tzte Lesezeit\" \/>\n\t<meta name=\"twitter:data1\" content=\"2\u00a0Minuten\" \/>\n<script type=\"application\/ld+json\" class=\"yoast-schema-graph\">{\"@context\":\"https:\/\/schema.org\",\"@graph\":[{\"@type\":\"WebPage\",\"@id\":\"https:\/\/artofinfo.eu\/en\/services\/\",\"url\":\"https:\/\/artofinfo.eu\/en\/services\/\",\"name\":\"Services I ARTofINFO\",\"isPartOf\":{\"@id\":\"https:\/\/artofinfo.eu\/en\/#website\"},\"datePublished\":\"2023-06-07T11:36:51+00:00\",\"dateModified\":\"2023-10-25T07:25:28+00:00\",\"description\":\"Nachhaltigkeit und ein kontinuierliches Kundenerlebnis sind die wichtigsten Ziele unserer Dienstleistungen. Unsere Mitarbeiter mit Branchenerfahrung und fundiertem Fachwissen werden Dir in k\u00fcrzester Zeit die beste L\u00f6sung f\u00fcr Deine gesch\u00e4ftlichen Anforderungen bieten.\",\"breadcrumb\":{\"@id\":\"https:\/\/artofinfo.eu\/en\/services\/#breadcrumb\"},\"inLanguage\":\"de\",\"potentialAction\":[{\"@type\":\"ReadAction\",\"target\":[\"https:\/\/artofinfo.eu\/en\/services\/\"]}]},{\"@type\":\"BreadcrumbList\",\"@id\":\"https:\/\/artofinfo.eu\/en\/services\/#breadcrumb\",\"itemListElement\":[{\"@type\":\"ListItem\",\"position\":1,\"name\":\"Home\",\"item\":\"https:\/\/artofinfo.eu\/en\/\"},{\"@type\":\"ListItem\",\"position\":2,\"name\":\"Unsere Dienstleistungen\"}]},{\"@type\":\"WebSite\",\"@id\":\"https:\/\/artofinfo.eu\/en\/#website\",\"url\":\"https:\/\/artofinfo.eu\/en\/\",\"name\":\"artofinfo\",\"description\":\"\",\"publisher\":{\"@id\":\"https:\/\/artofinfo.eu\/en\/#organization\"},\"potentialAction\":[{\"@type\":\"SearchAction\",\"target\":{\"@type\":\"EntryPoint\",\"urlTemplate\":\"https:\/\/artofinfo.eu\/en\/?s={search_term_string}\"},\"query-input\":{\"@type\":\"PropertyValueSpecification\",\"valueRequired\":true,\"valueName\":\"search_term_string\"}}],\"inLanguage\":\"de\"},{\"@type\":\"Organization\",\"@id\":\"https:\/\/artofinfo.eu\/en\/#organization\",\"name\":\"ARTofINFO Kft.\",\"url\":\"https:\/\/artofinfo.eu\/en\/\",\"logo\":{\"@type\":\"ImageObject\",\"inLanguage\":\"de\",\"@id\":\"https:\/\/artofinfo.eu\/en\/#\/schema\/logo\/image\/\",\"url\":\"https:\/\/artofinfo.eu\/wp-content\/uploads\/2023\/09\/artofinfo_logo_website.svg\",\"contentUrl\":\"https:\/\/artofinfo.eu\/wp-content\/uploads\/2023\/09\/artofinfo_logo_website.svg\",\"width\":\"1024\",\"height\":\"1024\",\"caption\":\"ARTofINFO Kft.\"},\"image\":{\"@id\":\"https:\/\/artofinfo.eu\/en\/#\/schema\/logo\/image\/\"},\"sameAs\":[\"https:\/\/www.facebook.com\/artofinfo\/\",\"https:\/\/www.instagram.com\/artofinfokft\/\",\"https:\/\/hu.linkedin.com\/company\/artofinfo\",\"https:\/\/dreamjobs.hu\/hu\/company\/artofinfo-kft\"]}]}<\/script>\n<!-- \/ Yoast SEO Premium plugin. -->","yoast_head_json":{"title":"Services I ARTofINFO","description":"Nachhaltigkeit und ein kontinuierliches Kundenerlebnis sind die wichtigsten Ziele unserer Dienstleistungen. Unsere Mitarbeiter mit Branchenerfahrung und fundiertem Fachwissen werden Dir in k\u00fcrzester Zeit die beste L\u00f6sung f\u00fcr Deine gesch\u00e4ftlichen Anforderungen bieten.","robots":{"index":"index","follow":"follow","max-snippet":"max-snippet:-1","max-image-preview":"max-image-preview:large","max-video-preview":"max-video-preview:-1"},"canonical":"https:\/\/artofinfo.eu\/en\/services\/","og_locale":"de_DE","og_type":"article","og_title":"Unsere Dienstleistungen","og_description":"Nachhaltigkeit und ein kontinuierliches Kundenerlebnis sind die wichtigsten Ziele unserer Dienstleistungen. Unsere Mitarbeiter mit Branchenerfahrung und fundiertem Fachwissen werden Dir in k\u00fcrzester Zeit die beste L\u00f6sung f\u00fcr Deine gesch\u00e4ftlichen Anforderungen bieten.","og_url":"https:\/\/artofinfo.eu\/en\/services\/","og_site_name":"ArtOfInfo","article_publisher":"https:\/\/www.facebook.com\/artofinfo\/","article_modified_time":"2023-10-25T07:25:28+00:00","twitter_card":"summary_large_image","twitter_misc":{"Gesch\u00e4tzte Lesezeit":"2\u00a0Minuten"},"schema":{"@context":"https:\/\/schema.org","@graph":[{"@type":"WebPage","@id":"https:\/\/artofinfo.eu\/en\/services\/","url":"https:\/\/artofinfo.eu\/en\/services\/","name":"Services I ARTofINFO","isPartOf":{"@id":"https:\/\/artofinfo.eu\/en\/#website"},"datePublished":"2023-06-07T11:36:51+00:00","dateModified":"2023-10-25T07:25:28+00:00","description":"Nachhaltigkeit und ein kontinuierliches Kundenerlebnis sind die wichtigsten Ziele unserer Dienstleistungen. Unsere Mitarbeiter mit Branchenerfahrung und fundiertem Fachwissen werden Dir in k\u00fcrzester Zeit die beste L\u00f6sung f\u00fcr Deine gesch\u00e4ftlichen Anforderungen bieten.","breadcrumb":{"@id":"https:\/\/artofinfo.eu\/en\/services\/#breadcrumb"},"inLanguage":"de","potentialAction":[{"@type":"ReadAction","target":["https:\/\/artofinfo.eu\/en\/services\/"]}]},{"@type":"BreadcrumbList","@id":"https:\/\/artofinfo.eu\/en\/services\/#breadcrumb","itemListElement":[{"@type":"ListItem","position":1,"name":"Home","item":"https:\/\/artofinfo.eu\/en\/"},{"@type":"ListItem","position":2,"name":"Unsere Dienstleistungen"}]},{"@type":"WebSite","@id":"https:\/\/artofinfo.eu\/en\/#website","url":"https:\/\/artofinfo.eu\/en\/","name":"artofinfo","description":"","publisher":{"@id":"https:\/\/artofinfo.eu\/en\/#organization"},"potentialAction":[{"@type":"SearchAction","target":{"@type":"EntryPoint","urlTemplate":"https:\/\/artofinfo.eu\/en\/?s={search_term_string}"},"query-input":{"@type":"PropertyValueSpecification","valueRequired":true,"valueName":"search_term_string"}}],"inLanguage":"de"},{"@type":"Organization","@id":"https:\/\/artofinfo.eu\/en\/#organization","name":"ARTofINFO Kft.","url":"https:\/\/artofinfo.eu\/en\/","logo":{"@type":"ImageObject","inLanguage":"de","@id":"https:\/\/artofinfo.eu\/en\/#\/schema\/logo\/image\/","url":"https:\/\/artofinfo.eu\/wp-content\/uploads\/2023\/09\/artofinfo_logo_website.svg","contentUrl":"https:\/\/artofinfo.eu\/wp-content\/uploads\/2023\/09\/artofinfo_logo_website.svg","width":"1024","height":"1024","caption":"ARTofINFO Kft."},"image":{"@id":"https:\/\/artofinfo.eu\/en\/#\/schema\/logo\/image\/"},"sameAs":["https:\/\/www.facebook.com\/artofinfo\/","https:\/\/www.instagram.com\/artofinfokft\/","https:\/\/hu.linkedin.com\/company\/artofinfo","https:\/\/dreamjobs.hu\/hu\/company\/artofinfo-kft"]}]}},"_links":{"self":[{"href":"https:\/\/artofinfo.eu\/de\/wp-json\/wp\/v2\/pages\/9363","targetHints":{"allow":["GET"]}}],"collection":[{"href":"https:\/\/artofinfo.eu\/de\/wp-json\/wp\/v2\/pages"}],"about":[{"href":"https:\/\/artofinfo.eu\/de\/wp-json\/wp\/v2\/types\/page"}],"author":[{"embeddable":true,"href":"https:\/\/artofinfo.eu\/de\/wp-json\/wp\/v2\/users\/123457"}],"replies":[{"embeddable":true,"href":"https:\/\/artofinfo.eu\/de\/wp-json\/wp\/v2\/comments?post=9363"}],"version-history":[{"count":11,"href":"https:\/\/artofinfo.eu\/de\/wp-json\/wp\/v2\/pages\/9363\/revisions"}],"predecessor-version":[{"id":10570,"href":"https:\/\/artofinfo.eu\/de\/wp-json\/wp\/v2\/pages\/9363\/revisions\/10570"}],"wp:attachment":[{"href":"https:\/\/artofinfo.eu\/de\/wp-json\/wp\/v2\/media?parent=9363"}],"curies":[{"name":"wp","href":"https:\/\/api.w.org\/{rel}","templated":true}]}}