{"id":13162,"date":"2024-08-15T11:27:00","date_gmt":"2024-08-15T09:27:00","guid":{"rendered":"https:\/\/artofinfo.local\/?page_id=13162"},"modified":"2024-08-15T11:35:06","modified_gmt":"2024-08-15T09:35:06","slug":"galeriebesuch","status":"publish","type":"page","link":"https:\/\/artofinfo.eu\/de\/galeriebesuch\/","title":{"rendered":"Galeriebesuch"},"content":{"rendered":"<section class=\"l-section wpb_row us_custom_6e704393 height_medium with_img\"><div class=\"l-section-img\" data-img-width=\"1600\" data-img-height=\"400\" style=\"background-image: url(https:\/\/artofinfo.eu\/wp-content\/uploads\/2023\/06\/szolg-teteje.png);\"><\/div><div class=\"l-section-h i-cf\"><div class=\"g-cols vc_row via_flex valign_top type_default stacking_default\"><div class=\"vc_col-sm-12 wpb_column vc_column_container\"><div class=\"vc_column-inner\"><div class=\"wpb_wrapper\">[vc_custom_heading text=&#8220;Unsere Galerie kann nach vorheriger Anmeldung besichtigt werden!&#8220; font_container=&#8220;tag:h2|font_size:40px|text_align:center|color:%23ffffff&#8220; use_theme_fonts=&#8220;yes&#8220; css=&#8220;%7B%22default%22%3A%7B%22font-weight%22%3A%22800%22%7D%7D&#8220;]<div class=\"g-cols wpb_row via_flex valign_top type_default stacking_default\"><div class=\"vc_col-sm-3 wpb_column vc_column_container\"><div class=\"vc_column-inner\"><div class=\"wpb_wrapper\"><\/div><\/div><\/div><div class=\"vc_col-sm-6 wpb_column vc_column_container\"><div class=\"vc_column-inner\"><div class=\"wpb_wrapper\"><div class=\"wpb_text_column\"><div class=\"wpb_wrapper\"><p style=\"text-align: center;\"><span style=\"color: #ffffff;\">Sie k\u00f6nnen sich unter <strong><a style=\"color: #ffffff; text-decoration: underline;\" href=\"mailto:info@artofinfo.eu\">info@artofinfo.eu<\/a><\/strong> anmelden!<\/span><br \/>\n<span style=\"color: #ffffff;\"><strong>Es ist uns eine Freude, Sie in unserer Kunstgalerie begr\u00fc\u00dfen zu d\u00fcrfen!<\/strong><\/span><\/p>\n<\/div><\/div><\/div><\/div><\/div><div class=\"vc_col-sm-3 wpb_column vc_column_container\"><div class=\"vc_column-inner\"><div class=\"wpb_wrapper\"><\/div><\/div><\/div><\/div><\/div><\/div><\/div><\/div><\/div><\/section><section class=\"l-section wpb_row height_medium\"><div class=\"l-section-h i-cf\"><div class=\"g-cols vc_row via_flex valign_top type_default stacking_default\"><div class=\"vc_col-sm-6 wpb_column vc_column_container\"><div class=\"vc_column-inner\"><div class=\"wpb_wrapper\">\n<div class=\"wpcf7 no-js\" id=\"wpcf7-f10919-o1\" lang=\"hu-HU\" dir=\"ltr\" data-wpcf7-id=\"10919\">\n<div class=\"screen-reader-response\"><p role=\"status\" aria-live=\"polite\" aria-atomic=\"true\"><\/p> <ul><\/ul><\/div>\n<form action=\"\/de\/wp-json\/wp\/v2\/pages\/13162#wpcf7-f10919-o1\" method=\"post\" class=\"wpcf7-form init\" aria-label=\"Kapcsolatfelv\u00e9teli \u0171rlap\" novalidate=\"novalidate\" data-status=\"init\">\n<div style=\"display: none;\">\n<input type=\"hidden\" name=\"_wpcf7\" value=\"10919\" \/>\n<input type=\"hidden\" name=\"_wpcf7_version\" value=\"6.0.5\" \/>\n<input type=\"hidden\" name=\"_wpcf7_locale\" value=\"hu_HU\" \/>\n<input type=\"hidden\" name=\"_wpcf7_unit_tag\" value=\"wpcf7-f10919-o1\" \/>\n<input type=\"hidden\" name=\"_wpcf7_container_post\" value=\"0\" \/>\n<input type=\"hidden\" name=\"_wpcf7_posted_data_hash\" value=\"\" \/>\n<\/div>\n<p><label> <b>Name<\/b><br \/>\n<span class=\"wpcf7-form-control-wrap\" data-name=\"your-name\"><input size=\"40\" maxlength=\"400\" class=\"wpcf7-form-control wpcf7-text wpcf7-validates-as-required\" autocomplete=\"name\" aria-required=\"true\" aria-invalid=\"false\" value=\"\" type=\"text\" name=\"your-name\" \/><\/span> <\/label>\n<\/p>\n<p><label> <b>E-Mail<\/b><br \/>\n<span class=\"wpcf7-form-control-wrap\" data-name=\"your-email\"><input size=\"40\" maxlength=\"400\" class=\"wpcf7-form-control wpcf7-email wpcf7-validates-as-required wpcf7-text wpcf7-validates-as-email\" autocomplete=\"email\" aria-required=\"true\" aria-invalid=\"false\" value=\"\" type=\"email\" name=\"your-email\" \/><\/span> <\/label>\n<\/p>\n<p><label> <b>Telefonnummer<\/b><br \/>\n<span class=\"wpcf7-form-control-wrap\" data-name=\"your-phone\"><input size=\"40\" maxlength=\"400\" class=\"wpcf7-form-control wpcf7-text wpcf7-validates-as-required\" aria-required=\"true\" aria-invalid=\"false\" value=\"\" type=\"text\" name=\"your-phone\" \/><\/span> <\/label>\n<\/p>\n<p><label> <b>Wann m\u00f6chten Sie die Galerie besuchen?<\/b><br \/>\n<span class=\"wpcf7-form-control-wrap\" data-name=\"date-option-1\"><input class=\"wpcf7-form-control wpcf7-date wpcf7-validates-as-required wpcf7-validates-as-date\" min=\"2026-04-25\" aria-required=\"true\" aria-invalid=\"false\" value=\"2026-04-20\" type=\"date\" name=\"date-option-1\" \/><\/span> <\/label>\n<\/p>\n<p><label> Weitere Termine (optional)<br \/>\n<span class=\"wpcf7-form-control-wrap\" data-name=\"date-option-2\"><input class=\"wpcf7-form-control wpcf7-date wpcf7-validates-as-date\" min=\"2026-04-25\" aria-invalid=\"false\" value=\"\" type=\"date\" name=\"date-option-2\" \/><\/span> <\/label>\n<\/p>\n<p><label> <b>Bemerkungen <\/b> (zum gew\u00e4hlten Termin, Zahl der G\u00e4ste)<br \/>\n<span class=\"wpcf7-form-control-wrap\" data-name=\"your-message\"><textarea cols=\"40\" rows=\"10\" maxlength=\"2000\" class=\"wpcf7-form-control wpcf7-textarea\" aria-invalid=\"false\" name=\"your-message\"><\/textarea><\/span> <\/label>\n<\/p>\n<p><span class=\"wpcf7-form-control-wrap\" data-name=\"visszaigazolasi-feltetel\"><span class=\"wpcf7-form-control wpcf7-acceptance\"><span class=\"wpcf7-list-item\"><label><input type=\"checkbox\" name=\"visszaigazolasi-feltetel\" value=\"1\" aria-invalid=\"false\" \/><span class=\"wpcf7-list-item-label\">Ihre Reservierung ist erst dann endg\u00fcltig, wenn Sie von uns eine Best\u00e4tigung erhalten haben.<\/span><\/label><\/span><\/span><\/span><br \/>\n<span class=\"wpcf7-form-control-wrap\" data-name=\"adatkezelesi-tajekoztato\"><span class=\"wpcf7-form-control wpcf7-acceptance\"><span class=\"wpcf7-list-item\"><label><input type=\"checkbox\" name=\"adatkezelesi-tajekoztato\" value=\"1\" aria-invalid=\"false\" \/><span class=\"wpcf7-list-item-label\">Ich stimme der Verarbeitung meiner personenbezogenen Daten zu, indem ich die Informationen zur <a href=\"#\">Datenverwaltung<\/a> zur Kenntnis nehme.<\/span><\/label><\/span><\/span><\/span>\n<\/p>\n<p class=\"aiowps-captcha hide-when-displaying-tfa-input\"><label for=\"aiowps-captcha-answer\">Bitte gib eine Antwort in Ziffern ein:<\/label>\n<\/p>\n<div class=\"aiowps-captcha-equation hide-when-displaying-tfa-input\">\n\t<p><strong>3 &#215; 1 = <input type=\"hidden\" name=\"aiowps-captcha-string-info\" class=\"aiowps-captcha-string-info\" value=\"seyqv6t5it\" \/><input type=\"hidden\" name=\"aiowps-captcha-temp-string\" class=\"aiowps-captcha-temp-string\" value=\"1776554988\" \/><input type=\"text\" size=\"2\" class=\"aiowps-captcha-answer\" name=\"aiowps-captcha-answer\" value=\"\" autocomplete=\"off\" \/><\/strong>\n\t<\/p>\n<\/div>\n<p><span class='wpcf7-form-control-wrap' data-name='aiowps-captcha'><\/span>\n<\/p>\n<div class=\"recaptcha-aoi-wrap\"><div class=\"g-recaptcha\" data-sitekey=\"6LfIRKEsAAAAACEpcqi-YJw33Dw1GnLu188sBZA2\"><\/div><\/div>\n<p><input class=\"wpcf7-form-control wpcf7-submit has-spinner\" type=\"submit\" value=\"Senden\" \/>\n<\/p><div class=\"wpcf7-response-output\" aria-hidden=\"true\"><\/div>\n<\/form>\n<\/div>\n<\/div><\/div><\/div><div class=\"vc_col-sm-6 wpb_column vc_column_container\"><div class=\"vc_column-inner\"><div class=\"wpb_wrapper\"><div class=\"w-separator size_large\"><\/div><div class=\"w-image align_none\"><div class=\"w-image-h\"><img loading=\"lazy\" decoding=\"async\" width=\"802\" height=\"694\" src=\"https:\/\/artofinfo.eu\/wp-content\/uploads\/2023\/06\/egyedi-felso.jpg\" class=\"attachment-full size-full\" alt=\"Ipar 4.0 ARTofINFO\" srcset=\"https:\/\/artofinfo.eu\/wp-content\/uploads\/2023\/06\/egyedi-felso.jpg 802w, https:\/\/artofinfo.eu\/wp-content\/uploads\/2023\/06\/egyedi-felso-300x260.jpg 300w, https:\/\/artofinfo.eu\/wp-content\/uploads\/2023\/06\/egyedi-felso-600x519.jpg 600w\" sizes=\"auto, (max-width: 802px) 100vw, 802px\" \/><\/div><\/div><\/div><\/div><\/div><\/div><\/div><\/section>\n","protected":false},"excerpt":{"rendered":"[vc_custom_heading text=\"Unsere Galerie kann nach vorheriger Anmeldung besichtigt werden!\" font_container=\"tag:h2|font_size:40px|text_align:center|color:%23ffffff\" use_theme_fonts=\"yes\" css=\"%7B%22default%22%3A%7B%22font-weight%22%3A%22800%22%7D%7D\"]Sie k\u00f6nnen sich unter info@artofinfo.eu anmelden! Es ist uns eine Freude, Sie in unserer Kunstgalerie begr\u00fc\u00dfen zu d\u00fcrfen! Name E-Mail Telefonnummer Wann m\u00f6chten Sie die Galerie besuchen? Weitere Termine (optional) Bemerkungen (zum gew\u00e4hlten Termin, Zahl der G\u00e4ste) Ihre Reservierung ist erst dann endg\u00fcltig, wenn...","protected":false},"author":123462,"featured_media":11070,"parent":0,"menu_order":0,"comment_status":"closed","ping_status":"closed","template":"","meta":{"_acf_changed":false,"footnotes":""},"class_list":["post-13162","page","type-page","status-publish","has-post-thumbnail","hentry"],"acf":[],"yoast_head":"<!-- This site is optimized with the Yoast SEO Premium plugin v24.7 (Yoast SEO v24.7) - https:\/\/yoast.com\/wordpress\/plugins\/seo\/ -->\n<title>Galeriebesuch I ARTofINFO<\/title>\n<meta name=\"description\" content=\"Sie k\u00f6nnen sich unter info@artofinfo.eu anmelden! Es ist uns eine Freude, Sie in unserer Kunstgalerie begr\u00fc\u00dfen zu d\u00fcrfen!\" \/>\n<meta name=\"robots\" content=\"index, follow, max-snippet:-1, max-image-preview:large, max-video-preview:-1\" \/>\n<link rel=\"canonical\" href=\"https:\/\/artofinfo.eu\/en\/gallery-visit\/\" \/>\n<meta property=\"og:locale\" content=\"de_DE\" \/>\n<meta property=\"og:type\" content=\"article\" \/>\n<meta property=\"og:title\" content=\"Galeriebesuch\" \/>\n<meta property=\"og:description\" content=\"Sie k\u00f6nnen sich unter info@artofinfo.eu anmelden! Es ist uns eine Freude, Sie in unserer Kunstgalerie begr\u00fc\u00dfen zu d\u00fcrfen!\" \/>\n<meta property=\"og:url\" content=\"https:\/\/artofinfo.eu\/en\/gallery-visit\/\" \/>\n<meta property=\"og:site_name\" content=\"ArtOfInfo\" \/>\n<meta property=\"article:publisher\" content=\"https:\/\/www.facebook.com\/artofinfo\/\" \/>\n<meta property=\"article:modified_time\" content=\"2024-08-15T09:35:06+00:00\" \/>\n<meta property=\"og:image\" content=\"https:\/\/artofinfo.eu\/wp-content\/uploads\/2024\/01\/usiness-people-meeting-discuss-situation-marketing.jpg\" \/>\n\t<meta property=\"og:image:width\" content=\"2000\" \/>\n\t<meta property=\"og:image:height\" content=\"1217\" \/>\n\t<meta property=\"og:image:type\" content=\"image\/jpeg\" \/>\n<meta name=\"twitter:card\" content=\"summary_large_image\" \/>\n<meta name=\"twitter:label1\" content=\"Gesch\u00e4tzte Lesezeit\" \/>\n\t<meta name=\"twitter:data1\" content=\"1\u00a0Minute\" \/>\n<script type=\"application\/ld+json\" class=\"yoast-schema-graph\">{\"@context\":\"https:\/\/schema.org\",\"@graph\":[{\"@type\":\"WebPage\",\"@id\":\"https:\/\/artofinfo.eu\/en\/gallery-visit\/\",\"url\":\"https:\/\/artofinfo.eu\/en\/gallery-visit\/\",\"name\":\"Galeriebesuch I ARTofINFO\",\"isPartOf\":{\"@id\":\"https:\/\/artofinfo.eu\/en\/#website\"},\"primaryImageOfPage\":{\"@id\":\"https:\/\/artofinfo.eu\/en\/gallery-visit\/#primaryimage\"},\"image\":{\"@id\":\"https:\/\/artofinfo.eu\/en\/gallery-visit\/#primaryimage\"},\"thumbnailUrl\":\"https:\/\/artofinfo.eu\/wp-content\/uploads\/2024\/01\/usiness-people-meeting-discuss-situation-marketing.jpg\",\"datePublished\":\"2024-08-15T09:27:00+00:00\",\"dateModified\":\"2024-08-15T09:35:06+00:00\",\"description\":\"Sie k\u00f6nnen sich unter info@artofinfo.eu anmelden! Es ist uns eine Freude, Sie in unserer Kunstgalerie begr\u00fc\u00dfen zu d\u00fcrfen!\",\"breadcrumb\":{\"@id\":\"https:\/\/artofinfo.eu\/en\/gallery-visit\/#breadcrumb\"},\"inLanguage\":\"de\",\"potentialAction\":[{\"@type\":\"ReadAction\",\"target\":[\"https:\/\/artofinfo.eu\/en\/gallery-visit\/\"]}]},{\"@type\":\"ImageObject\",\"inLanguage\":\"de\",\"@id\":\"https:\/\/artofinfo.eu\/en\/gallery-visit\/#primaryimage\",\"url\":\"https:\/\/artofinfo.eu\/wp-content\/uploads\/2024\/01\/usiness-people-meeting-discuss-situation-marketing.jpg\",\"contentUrl\":\"https:\/\/artofinfo.eu\/wp-content\/uploads\/2024\/01\/usiness-people-meeting-discuss-situation-marketing.jpg\",\"width\":2000,\"height\":1217,\"caption\":\"ARTofINFO konzult\u00e1ci\u00f3\"},{\"@type\":\"BreadcrumbList\",\"@id\":\"https:\/\/artofinfo.eu\/en\/gallery-visit\/#breadcrumb\",\"itemListElement\":[{\"@type\":\"ListItem\",\"position\":1,\"name\":\"Home\",\"item\":\"https:\/\/artofinfo.eu\/en\/\"},{\"@type\":\"ListItem\",\"position\":2,\"name\":\"Galeriebesuch\"}]},{\"@type\":\"WebSite\",\"@id\":\"https:\/\/artofinfo.eu\/en\/#website\",\"url\":\"https:\/\/artofinfo.eu\/en\/\",\"name\":\"artofinfo\",\"description\":\"\",\"publisher\":{\"@id\":\"https:\/\/artofinfo.eu\/en\/#organization\"},\"potentialAction\":[{\"@type\":\"SearchAction\",\"target\":{\"@type\":\"EntryPoint\",\"urlTemplate\":\"https:\/\/artofinfo.eu\/en\/?s={search_term_string}\"},\"query-input\":{\"@type\":\"PropertyValueSpecification\",\"valueRequired\":true,\"valueName\":\"search_term_string\"}}],\"inLanguage\":\"de\"},{\"@type\":\"Organization\",\"@id\":\"https:\/\/artofinfo.eu\/en\/#organization\",\"name\":\"ARTofINFO Kft.\",\"url\":\"https:\/\/artofinfo.eu\/en\/\",\"logo\":{\"@type\":\"ImageObject\",\"inLanguage\":\"de\",\"@id\":\"https:\/\/artofinfo.eu\/en\/#\/schema\/logo\/image\/\",\"url\":\"https:\/\/artofinfo.eu\/wp-content\/uploads\/2023\/09\/artofinfo_logo_website.svg\",\"contentUrl\":\"https:\/\/artofinfo.eu\/wp-content\/uploads\/2023\/09\/artofinfo_logo_website.svg\",\"width\":\"1024\",\"height\":\"1024\",\"caption\":\"ARTofINFO Kft.\"},\"image\":{\"@id\":\"https:\/\/artofinfo.eu\/en\/#\/schema\/logo\/image\/\"},\"sameAs\":[\"https:\/\/www.facebook.com\/artofinfo\/\",\"https:\/\/www.instagram.com\/artofinfokft\/\",\"https:\/\/hu.linkedin.com\/company\/artofinfo\",\"https:\/\/dreamjobs.hu\/hu\/company\/artofinfo-kft\"]}]}<\/script>\n<!-- \/ Yoast SEO Premium plugin. -->","yoast_head_json":{"title":"Galeriebesuch I ARTofINFO","description":"Sie k\u00f6nnen sich unter info@artofinfo.eu anmelden! Es ist uns eine Freude, Sie in unserer Kunstgalerie begr\u00fc\u00dfen zu d\u00fcrfen!","robots":{"index":"index","follow":"follow","max-snippet":"max-snippet:-1","max-image-preview":"max-image-preview:large","max-video-preview":"max-video-preview:-1"},"canonical":"https:\/\/artofinfo.eu\/en\/gallery-visit\/","og_locale":"de_DE","og_type":"article","og_title":"Galeriebesuch","og_description":"Sie k\u00f6nnen sich unter info@artofinfo.eu anmelden! Es ist uns eine Freude, Sie in unserer Kunstgalerie begr\u00fc\u00dfen zu d\u00fcrfen!","og_url":"https:\/\/artofinfo.eu\/en\/gallery-visit\/","og_site_name":"ArtOfInfo","article_publisher":"https:\/\/www.facebook.com\/artofinfo\/","article_modified_time":"2024-08-15T09:35:06+00:00","og_image":[{"width":2000,"height":1217,"url":"https:\/\/artofinfo.eu\/wp-content\/uploads\/2024\/01\/usiness-people-meeting-discuss-situation-marketing.jpg","type":"image\/jpeg"}],"twitter_card":"summary_large_image","twitter_misc":{"Gesch\u00e4tzte Lesezeit":"1\u00a0Minute"},"schema":{"@context":"https:\/\/schema.org","@graph":[{"@type":"WebPage","@id":"https:\/\/artofinfo.eu\/en\/gallery-visit\/","url":"https:\/\/artofinfo.eu\/en\/gallery-visit\/","name":"Galeriebesuch I ARTofINFO","isPartOf":{"@id":"https:\/\/artofinfo.eu\/en\/#website"},"primaryImageOfPage":{"@id":"https:\/\/artofinfo.eu\/en\/gallery-visit\/#primaryimage"},"image":{"@id":"https:\/\/artofinfo.eu\/en\/gallery-visit\/#primaryimage"},"thumbnailUrl":"https:\/\/artofinfo.eu\/wp-content\/uploads\/2024\/01\/usiness-people-meeting-discuss-situation-marketing.jpg","datePublished":"2024-08-15T09:27:00+00:00","dateModified":"2024-08-15T09:35:06+00:00","description":"Sie k\u00f6nnen sich unter info@artofinfo.eu anmelden! Es ist uns eine Freude, Sie in unserer Kunstgalerie begr\u00fc\u00dfen zu d\u00fcrfen!","breadcrumb":{"@id":"https:\/\/artofinfo.eu\/en\/gallery-visit\/#breadcrumb"},"inLanguage":"de","potentialAction":[{"@type":"ReadAction","target":["https:\/\/artofinfo.eu\/en\/gallery-visit\/"]}]},{"@type":"ImageObject","inLanguage":"de","@id":"https:\/\/artofinfo.eu\/en\/gallery-visit\/#primaryimage","url":"https:\/\/artofinfo.eu\/wp-content\/uploads\/2024\/01\/usiness-people-meeting-discuss-situation-marketing.jpg","contentUrl":"https:\/\/artofinfo.eu\/wp-content\/uploads\/2024\/01\/usiness-people-meeting-discuss-situation-marketing.jpg","width":2000,"height":1217,"caption":"ARTofINFO konzult\u00e1ci\u00f3"},{"@type":"BreadcrumbList","@id":"https:\/\/artofinfo.eu\/en\/gallery-visit\/#breadcrumb","itemListElement":[{"@type":"ListItem","position":1,"name":"Home","item":"https:\/\/artofinfo.eu\/en\/"},{"@type":"ListItem","position":2,"name":"Galeriebesuch"}]},{"@type":"WebSite","@id":"https:\/\/artofinfo.eu\/en\/#website","url":"https:\/\/artofinfo.eu\/en\/","name":"artofinfo","description":"","publisher":{"@id":"https:\/\/artofinfo.eu\/en\/#organization"},"potentialAction":[{"@type":"SearchAction","target":{"@type":"EntryPoint","urlTemplate":"https:\/\/artofinfo.eu\/en\/?s={search_term_string}"},"query-input":{"@type":"PropertyValueSpecification","valueRequired":true,"valueName":"search_term_string"}}],"inLanguage":"de"},{"@type":"Organization","@id":"https:\/\/artofinfo.eu\/en\/#organization","name":"ARTofINFO Kft.","url":"https:\/\/artofinfo.eu\/en\/","logo":{"@type":"ImageObject","inLanguage":"de","@id":"https:\/\/artofinfo.eu\/en\/#\/schema\/logo\/image\/","url":"https:\/\/artofinfo.eu\/wp-content\/uploads\/2023\/09\/artofinfo_logo_website.svg","contentUrl":"https:\/\/artofinfo.eu\/wp-content\/uploads\/2023\/09\/artofinfo_logo_website.svg","width":"1024","height":"1024","caption":"ARTofINFO Kft."},"image":{"@id":"https:\/\/artofinfo.eu\/en\/#\/schema\/logo\/image\/"},"sameAs":["https:\/\/www.facebook.com\/artofinfo\/","https:\/\/www.instagram.com\/artofinfokft\/","https:\/\/hu.linkedin.com\/company\/artofinfo","https:\/\/dreamjobs.hu\/hu\/company\/artofinfo-kft"]}]}},"_links":{"self":[{"href":"https:\/\/artofinfo.eu\/de\/wp-json\/wp\/v2\/pages\/13162","targetHints":{"allow":["GET"]}}],"collection":[{"href":"https:\/\/artofinfo.eu\/de\/wp-json\/wp\/v2\/pages"}],"about":[{"href":"https:\/\/artofinfo.eu\/de\/wp-json\/wp\/v2\/types\/page"}],"author":[{"embeddable":true,"href":"https:\/\/artofinfo.eu\/de\/wp-json\/wp\/v2\/users\/123462"}],"replies":[{"embeddable":true,"href":"https:\/\/artofinfo.eu\/de\/wp-json\/wp\/v2\/comments?post=13162"}],"version-history":[{"count":3,"href":"https:\/\/artofinfo.eu\/de\/wp-json\/wp\/v2\/pages\/13162\/revisions"}],"predecessor-version":[{"id":13167,"href":"https:\/\/artofinfo.eu\/de\/wp-json\/wp\/v2\/pages\/13162\/revisions\/13167"}],"wp:featuredmedia":[{"embeddable":true,"href":"https:\/\/artofinfo.eu\/de\/wp-json\/wp\/v2\/media\/11070"}],"wp:attachment":[{"href":"https:\/\/artofinfo.eu\/de\/wp-json\/wp\/v2\/media?parent=13162"}],"curies":[{"name":"wp","href":"https:\/\/api.w.org\/{rel}","templated":true}]}}