{"id":11693,"date":"2024-03-21T16:12:30","date_gmt":"2024-03-21T14:12:30","guid":{"rendered":"https:\/\/artofinfo.local\/produkte\/warteschlangenmanagement-system\/"},"modified":"2024-04-05T09:08:12","modified_gmt":"2024-04-05T07:08:12","slug":"warteschlangenmanagement-system","status":"publish","type":"page","link":"https:\/\/artofinfo.eu\/de\/produkte\/warteschlangenmanagement-system\/","title":{"rendered":"Kundenaufrufsystem"},"content":{"rendered":"<section class=\"l-section wpb_row us_custom_de098d4d height_medium with_img parallax_ver with_shape\"><div class=\"l-section-img\" data-img-width=\"2000\" data-img-height=\"1292\" style=\"background-image: url(https:\/\/artofinfo.eu\/wp-content\/uploads\/2024\/01\/hands-with-laptop-virtual-world-map.jpg);background-repeat: no-repeat;\"><\/div><div class=\"l-section-overlay\" style=\"background:rgba(4,157,253,0.90)\"><\/div><div class=\"l-section-shape type_triangle pos_bottom\" style=\"height:10vmin;\"><svg xmlns=\"http:\/\/www.w3.org\/2000\/svg\" viewBox=\"0 0 64 8\" preserveAspectRatio=\"none\" width=\"100%\" height=\"100%\">\n\t<path fill=\"currentColor\" d=\"M64 8 L0 8 L0 0 L32 7.9 L64 0 Z\"\/>\n<\/svg><\/div><div class=\"l-section-h i-cf\"><div class=\"g-cols vc_row via_flex valign_top type_default stacking_default\"><div class=\"vc_col-sm-12 wpb_column vc_column_container\"><div class=\"vc_column-inner\"><div class=\"wpb_wrapper\"><h1 class=\"w-post-elm post_title us_custom_fedc6dd7 has_text_color align_center entry-title color_link_inherit\">Kundenaufrufsystem<\/h1><div class=\"wpb_text_column us_custom_76a46366 has_text_color\"><div class=\"wpb_wrapper\"><p style=\"text-align: center;\"><span class=\"TextRun SCXW35837436 BCX8\" lang=\"HU-HU\" xml:lang=\"HU-HU\" data-contrast=\"auto\"><span class=\"NormalTextRun SCXW35837436 BCX8\">Warteschlangenmanagementsystem <\/span><span class=\"NormalTextRun SCXW35837436 BCX8\">f\u00fcr <\/span><span class=\"NormalTextRun SCXW35837436 BCX8\">jeden <\/span><span class=\"NormalTextRun SCXW35837436 BCX8\">Art von Gesch\u00e4ft. <\/span><span class=\"NormalTextRun SCXW35837436 BCX8\">Verbesserte Wartezeit <\/span><span class=\"NormalTextRun SCXW35837436 BCX8\">f\u00fcr <\/span><span class=\"NormalTextRun SCXW35837436 BCX8\">Kunden und Mitarbeiter. <\/span><span class=\"NormalTextRun SCXW35837436 BCX8\">Zeit erleichtern war niemals <\/span><span class=\"NormalTextRun SCXW35837436 BCX8\">so einfach wie jetzt<\/span><span class=\"NormalTextRun SCXW35837436 BCX8\">.<\/span><\/span><\/p>\n<\/div><\/div><div class=\"w-image us_custom_f5c0d89d align_none\"><div class=\"w-image-h\"><img loading=\"lazy\" decoding=\"async\" width=\"1024\" height=\"1024\" src=\"https:\/\/artofinfo.eu\/wp-content\/uploads\/2023\/09\/elvalaszto-piros-1.svg\" class=\"attachment-large size-large\" alt=\"\" \/><\/div><\/div><\/div><\/div><\/div><\/div><\/div><\/section><section class=\"l-section wpb_row height_medium\"><div class=\"l-section-h i-cf\"><div class=\"g-cols vc_row via_flex valign_top type_default stacking_default\"><div class=\"vc_col-sm-12 wpb_column vc_column_container\"><div class=\"vc_column-inner\"><div class=\"wpb_wrapper\">[vc_custom_heading text=&#8220;Minimiere die Wartezeit, in dem es an die Bed\u00fcrfnisse der Kunden anpasst!&#8220; font_container=&#8220;tag:h2|text_align:center&#8220; use_theme_fonts=&#8220;yes&#8220; css=&#8220;%7B%22default%22%3A%7B%22text-align%22%3A%22left%22%2C%22font-size%22%3A%221.4rem%22%2C%22font-family%22%3A%22body%22%2C%22font-weight%22%3A%22600%22%7D%7D&#8220;]<div class=\"wpb_text_column\"><div class=\"wpb_wrapper\"><ul style=\"font-weight: 400;\">\n<li data-leveltext=\"\uf0b7\" data-font=\"Symbol\" data-listid=\"2\" data-list-defn-props=\"{\"335552541\":1,\"335559685\":720,\"335559991\":360,\"469769226\":\"Symbol\",\"469769242\":&#091;8226&#093;,\"469777803\":\"left\",\"469777804\":\"\uf0b7\",\"469777815\":\"hybridMultilevel\"}\" aria-setsize=\"-1\" data-aria-posinset=\"1\" data-aria-level=\"1\"><span class=\"TextRun SCXW206875169 BCX8\" lang=\"HU-HU\" xml:lang=\"HU-HU\" data-contrast=\"auto\"><span class=\"NormalTextRun SCXW206875169 BCX8\">Verbessertes Kundenerlebnis dank besser organisierter Warteschlangen.<\/span><\/span><\/li>\n<li data-leveltext=\"\uf0b7\" data-font=\"Symbol\" data-listid=\"2\" data-list-defn-props=\"{\"335552541\":1,\"335559685\":720,\"335559991\":360,\"469769226\":\"Symbol\",\"469769242\":&#091;8226&#093;,\"469777803\":\"left\",\"469777804\":\"\uf0b7\",\"469777815\":\"hybridMultilevel\"}\" aria-setsize=\"-1\" data-aria-posinset=\"1\" data-aria-level=\"1\"><span data-contrast=\"auto\">Echtzeitinformationen: Immer aktuelle Updates anzeigen.<\/span><\/li>\n<li data-leveltext=\"\uf0b7\" data-font=\"Symbol\" data-listid=\"2\" data-list-defn-props=\"{\"335552541\":1,\"335559685\":720,\"335559991\":360,\"469769226\":\"Symbol\",\"469769242\":&#091;8226&#093;,\"469777803\":\"left\",\"469777804\":\"\uf0b7\",\"469777815\":\"hybridMultilevel\"}\" aria-setsize=\"-1\" data-aria-posinset=\"1\" data-aria-level=\"1\"><span data-contrast=\"auto\">Teile Produktbewertungen!<\/span><\/li>\n<li data-leveltext=\"\uf0b7\" data-font=\"Symbol\" data-listid=\"2\" data-list-defn-props=\"{\"335552541\":1,\"335559685\":720,\"335559991\":360,\"469769226\":\"Symbol\",\"469769242\":&#091;8226&#093;,\"469777803\":\"left\",\"469777804\":\"\uf0b7\",\"469777815\":\"hybridMultilevel\"}\" aria-setsize=\"-1\" data-aria-posinset=\"1\" data-aria-level=\"1\"><span data-contrast=\"auto\">Zeige Videos und Bilder an, um mit Kunden in Kontakt zu treten.<\/span><\/li>\n<\/ul>\n<p style=\"text-align: justify;\"><span class=\"TextRun SCXW221934490 BCX8\" lang=\"HU-HU\" xml:lang=\"HU-HU\" data-contrast=\"auto\"><span class=\"NormalTextRun SCXW221934490 BCX8\">Unser Warteschlangenmanagementsystem wird ganz einfach an das Image Ihres Unternehmens und die Kundenanforderungen angepasst. Die Benutzeroberfl\u00e4che ist einfach <\/span><span class=\"NormalTextRun SpellingErrorV2Themed SCXW221934490 BCX8\">und \u00fcbersichtlich und Werbematerialien <\/span><span class=\"NormalTextRun SCXW221934490 BCX8\">k\u00f6nnen in <\/span><span class=\"NormalTextRun SpellingErrorV2Themed SCXW221934490 BCX8\">Form von Videos und Flie\u00dftext auf dem zentralen <\/span><span class=\"NormalTextRun SCXW221934490 BCX8\">Display angezeigt werden. <\/span><\/span><\/p>\n<\/div><\/div><\/div><\/div><\/div><div class=\"vc_col-sm-12 wpb_column vc_column_container\"><div class=\"vc_column-inner us_custom_10679678\"><div class=\"wpb_wrapper\">[vc_custom_heading text=&#8220;Woraus besteht das Kundenaufrufsystem?&#8220; font_container=&#8220;tag:h2|text_align:center&#8220; use_theme_fonts=&#8220;yes&#8220; css=&#8220;%7B%22default%22%3A%7B%22text-align%22%3A%22left%22%2C%22font-size%22%3A%221.4rem%22%2C%22font-family%22%3A%22body%22%2C%22font-weight%22%3A%22600%22%7D%7D&#8220;]<div class=\"wpb_text_column\"><div class=\"wpb_wrapper\"><p style=\"text-align: justify;\"><span data-contrast=\"auto\">Das Warteschlangenmanagementsystem informiert den Kunden au\u00dferdem \u00fcber Anzeigen dar\u00fcber, welche Rufnummer er hat und an welchen Ort er gehen soll. Die Displays k\u00f6nnen neben den T\u00fcren, erh\u00f6ht an der Wand oder an zentralen Stellen montiert werden.<\/span><span data-ccp-props=\"{\"201341983\":0,\"335551550\":6,\"335551620\":6,\"335559739\":160,\"335559740\":259}\"> <\/span><\/p>\n<p style=\"text-align: left;\"><span data-contrast=\"auto\">Zum Produkt geh\u00f6ren auch Etikettendrucker, die beim Einlass einen Beleg ausdrucken k\u00f6nnen. Auch das Format des Zettels und dessen Inhalt k\u00f6nnen individuell angepasst werden. Das gesamte System wird \u00fcber einen Hintergrundserver gesteuert.<\/span><span data-ccp-props=\"{\"201341983\":0,\"335551550\":6,\"335551620\":6,\"335559739\":160,\"335559740\":259}\"> <\/span><\/p>\n<p style=\"text-align: left;\"><span data-contrast=\"auto\">Um es zug\u00e4nglich zu machen, zeigen die Displays den Anruf mit Ton und Animation an.<\/span><\/p>\n<\/div><\/div><\/div><\/div><\/div><div class=\"vc_col-sm-12 wpb_column vc_column_container\"><div class=\"vc_column-inner us_custom_10679678\"><div class=\"wpb_wrapper\">[vc_custom_heading text=&#8220;Integriere das Warteschlangenmanagementsystem ganz einfach!&#8220; font_container=&#8220;tag:h2|text_align:center&#8220; use_theme_fonts=&#8220;yes&#8220; css=&#8220;%7B%22default%22%3A%7B%22text-align%22%3A%22left%22%2C%22font-size%22%3A%221.4rem%22%2C%22font-family%22%3A%22body%22%2C%22font-weight%22%3A%22600%22%7D%7D&#8220;]<div class=\"wpb_text_column\"><div class=\"wpb_wrapper\"><p><span class=\"TextRun SCXW215098861 BCX8\" lang=\"HU-HU\" data-contrast=\"auto\" xml:lang=\"HU-HU\">Das Kundenanrufsystem l\u00e4sst sich nahtlos in Zeitpl\u00e4ne, Serviceschalter, Untersuchungsr\u00e4ume und andere Standorte integrieren und aktualisiert die Daten automatisch.<\/span><\/p>\n<\/div><\/div><\/div><\/div><\/div><\/div><\/div><\/section><section class=\"l-section wpb_row height_medium\"><div class=\"l-section-h i-cf\"><div class=\"g-cols vc_row via_flex valign_top type_default stacking_default\"><div class=\"vc_col-sm-12 wpb_column vc_column_container\"><div class=\"vc_column-inner\"><div class=\"wpb_wrapper\"><div class=\"w-grid type_grid layout_gallery_default cols_2 valign_center with_css_animation\" id=\"us_grid_1\" data-filterable=\"true\"><style>#us_grid_1 .w-grid-item{padding:1.5rem}#us_grid_1 .w-grid-list{margin:-1.5rem}.w-grid + #us_grid_1 .w-grid-list,.w-grid-none + #us_grid_1 .w-grid-list{margin-top:1.5rem}@media (max-width:768px){#us_grid_1 .w-grid-list{margin:0}#us_grid_1 .w-grid-item{width:100%;padding:0;margin-bottom:1.5rem}}.layout_gallery_default .w-grid-item-h{}<\/style><div class=\"w-grid-list\">\t<article class=\"w-grid-item us_animate_afr post-11625 attachment type-attachment status-inherit hentry\" data-id=\"11625\" style=\"animation-delay:0s\">\n\t\t<div class=\"w-grid-item-h\">\n\t\t\t\t\t\t<div class=\"w-post-elm post_image usg_post_image_1 stretched\"><img loading=\"lazy\" decoding=\"async\" width=\"1024\" height=\"576\" src=\"https:\/\/artofinfo.eu\/wp-content\/uploads\/2024\/03\/sorszamkioszto-01-1.png\" class=\"attachment-large size-large\" alt=\"\" \/><\/div>\t\t<\/div>\n\t<\/article>\n\t<article class=\"w-grid-item us_animate_afr post-11600 attachment type-attachment status-inherit hentry\" data-id=\"11600\" style=\"animation-delay:0.1s\">\n\t\t<div class=\"w-grid-item-h\">\n\t\t\t\t\t\t<div class=\"w-post-elm post_image usg_post_image_1 stretched\"><img loading=\"lazy\" decoding=\"async\" width=\"1024\" height=\"614\" src=\"https:\/\/artofinfo.eu\/wp-content\/uploads\/2024\/03\/sorszamkioszto-02.jpg\" class=\"attachment-large size-large\" alt=\"\" \/><\/div>\t\t<\/div>\n\t<\/article>\n<\/div><div class=\"w-grid-preloader\"><div class=\"g-preloader type_1\">\n\t<div><\/div>\n<\/div>\n<\/div>\t<div class=\"w-grid-json hidden\" onclick='return {&quot;action&quot;:&quot;us_ajax_grid&quot;,&quot;ajax_url&quot;:&quot;https:\\\/\\\/artofinfo.eu\\\/wp-admin\\\/admin-ajax.php&quot;,&quot;infinite_scroll&quot;:0,&quot;max_num_pages&quot;:1,&quot;pagination&quot;:&quot;none&quot;,&quot;permalink_url&quot;:&quot;https:\\\/\\\/artofinfo.eu\\\/de\\\/wp-json\\\/wp\\\/v2\\\/pages\\\/11693\\\/&quot;,&quot;template_vars&quot;:{&quot;columns&quot;:&quot;2&quot;,&quot;exclude_items&quot;:&quot;none&quot;,&quot;img_size&quot;:&quot;default&quot;,&quot;ignore_items_size&quot;:0,&quot;items_layout&quot;:&quot;gallery_default&quot;,&quot;items_offset&quot;:&quot;1&quot;,&quot;load_animation&quot;:&quot;afr&quot;,&quot;overriding_link&quot;:&quot;none&quot;,&quot;post_id&quot;:0,&quot;query_args&quot;:{&quot;post_type&quot;:[&quot;attachment&quot;],&quot;post__in&quot;:[&quot;11623&quot;,&quot;11598&quot;],&quot;post_status&quot;:&quot;inherit&quot;,&quot;post_mime_type&quot;:&quot;image&quot;,&quot;posts_per_page&quot;:&quot;2&quot;},&quot;orderby_query_args&quot;:{&quot;orderby&quot;:{&quot;title&quot;:&quot;ASC&quot;},&quot;order&quot;:&quot;ASC&quot;},&quot;type&quot;:&quot;grid&quot;,&quot;us_grid_ajax_index&quot;:1,&quot;us_grid_filter_params&quot;:null,&quot;us_grid_index&quot;:1,&quot;_us_grid_post_type&quot;:&quot;attachment&quot;,&quot;page_args&quot;:[],&quot;lang&quot;:&quot;de&quot;}}'><\/div>\n\t<\/div><\/div><\/div><\/div><\/div><\/div><\/section><section class=\"l-section wpb_row height_medium\"><div class=\"l-section-h i-cf\"><div class=\"g-cols vc_row via_flex valign_top type_default stacking_default\"><div class=\"vc_col-sm-12 wpb_column vc_column_container\"><div class=\"vc_column-inner\"><div class=\"wpb_wrapper\"><div class=\"wpb_text_column\"><div class=\"wpb_wrapper\"><p><strong><span class=\"NormalTextRun SCXW160276082 BCX8\">Bei Interesse nimm gerne Kontakt <\/span><span class=\"NormalTextRun SCXW160276082 BCX8\">mit uns auf<\/span><span class=\"NormalTextRun SCXW160276082 BCX8\">!<\/span><\/strong><\/p>\n<\/div><\/div><div class=\"w-btn-wrapper align_left\"><a class=\"w-btn us-btn-style_1 us_custom_33b9ee00\" title=\"Kostenlose Beratung\" href=\"https:\/\/artofinfo.eu\/de\/kostenlose-beratung\/\"><span class=\"w-btn-label\">KONTAKT<\/span><\/a><\/div><\/div><\/div><\/div><\/div><\/div><\/section>\n","protected":false},"excerpt":{"rendered":"","protected":false},"author":123457,"featured_media":9233,"parent":11640,"menu_order":0,"comment_status":"closed","ping_status":"closed","template":"","meta":{"_acf_changed":false,"footnotes":""},"class_list":["post-11693","page","type-page","status-publish","has-post-thumbnail","hentry"],"acf":[],"yoast_head":"<!-- This site is optimized with the Yoast SEO Premium plugin v24.7 (Yoast SEO v24.7) - https:\/\/yoast.com\/wordpress\/plugins\/seo\/ -->\n<title>Kundenaufrufsystem I ARTofINFO<\/title>\n<meta name=\"description\" content=\"Minimiere die Wartezeit! Warteschlangenmanagementsystem f\u00fcr jeden Art von Gesch\u00e4ft. Verbesserte Wartezeit f\u00fcr Kunden und Mitarbeiter. Zeit erleichtern war niemals so einfach wie jetzt.\" \/>\n<meta name=\"robots\" content=\"index, follow, max-snippet:-1, max-image-preview:large, max-video-preview:-1\" \/>\n<link rel=\"canonical\" href=\"https:\/\/artofinfo.eu\/en\/products\/queue-management-system\/\" \/>\n<meta property=\"og:locale\" content=\"de_DE\" \/>\n<meta property=\"og:type\" content=\"article\" \/>\n<meta property=\"og:title\" content=\"Kundenaufrufsystem\" \/>\n<meta property=\"og:description\" content=\"Minimiere die Wartezeit! Warteschlangenmanagementsystem f\u00fcr jeden Art von Gesch\u00e4ft. Verbesserte Wartezeit f\u00fcr Kunden und Mitarbeiter. Zeit erleichtern war niemals so einfach wie jetzt.\" \/>\n<meta property=\"og:url\" content=\"https:\/\/artofinfo.eu\/en\/products\/queue-management-system\/\" \/>\n<meta property=\"og:site_name\" content=\"ArtOfInfo\" \/>\n<meta property=\"article:publisher\" content=\"https:\/\/www.facebook.com\/artofinfo\/\" \/>\n<meta property=\"article:modified_time\" content=\"2024-04-05T07:08:12+00:00\" \/>\n<meta property=\"og:image\" content=\"https:\/\/artofinfo.eu\/wp-content\/uploads\/2023\/06\/egeszsegugye-fokep.png\" \/>\n\t<meta property=\"og:image:width\" content=\"800\" \/>\n\t<meta property=\"og:image:height\" content=\"694\" \/>\n\t<meta property=\"og:image:type\" content=\"image\/png\" \/>\n<meta name=\"twitter:card\" content=\"summary_large_image\" \/>\n<meta name=\"twitter:label1\" content=\"Gesch\u00e4tzte Lesezeit\" \/>\n\t<meta name=\"twitter:data1\" content=\"3\u00a0Minuten\" \/>\n<script type=\"application\/ld+json\" class=\"yoast-schema-graph\">{\"@context\":\"https:\/\/schema.org\",\"@graph\":[{\"@type\":\"WebPage\",\"@id\":\"https:\/\/artofinfo.eu\/en\/products\/queue-management-system\/\",\"url\":\"https:\/\/artofinfo.eu\/en\/products\/queue-management-system\/\",\"name\":\"Kundenaufrufsystem I ARTofINFO\",\"isPartOf\":{\"@id\":\"https:\/\/artofinfo.eu\/en\/#website\"},\"primaryImageOfPage\":{\"@id\":\"https:\/\/artofinfo.eu\/en\/products\/queue-management-system\/#primaryimage\"},\"image\":{\"@id\":\"https:\/\/artofinfo.eu\/en\/products\/queue-management-system\/#primaryimage\"},\"thumbnailUrl\":\"https:\/\/artofinfo.eu\/wp-content\/uploads\/2023\/06\/egeszsegugye-fokep.png\",\"datePublished\":\"2024-03-21T14:12:30+00:00\",\"dateModified\":\"2024-04-05T07:08:12+00:00\",\"description\":\"Minimiere die Wartezeit! Warteschlangenmanagementsystem f\u00fcr jeden Art von Gesch\u00e4ft. Verbesserte Wartezeit f\u00fcr Kunden und Mitarbeiter. Zeit erleichtern war niemals so einfach wie jetzt.\",\"breadcrumb\":{\"@id\":\"https:\/\/artofinfo.eu\/en\/products\/queue-management-system\/#breadcrumb\"},\"inLanguage\":\"de\",\"potentialAction\":[{\"@type\":\"ReadAction\",\"target\":[\"https:\/\/artofinfo.eu\/en\/products\/queue-management-system\/\"]}]},{\"@type\":\"ImageObject\",\"inLanguage\":\"de\",\"@id\":\"https:\/\/artofinfo.eu\/en\/products\/queue-management-system\/#primaryimage\",\"url\":\"https:\/\/artofinfo.eu\/wp-content\/uploads\/2023\/06\/egeszsegugye-fokep.png\",\"contentUrl\":\"https:\/\/artofinfo.eu\/wp-content\/uploads\/2023\/06\/egeszsegugye-fokep.png\",\"width\":800,\"height\":694},{\"@type\":\"BreadcrumbList\",\"@id\":\"https:\/\/artofinfo.eu\/en\/products\/queue-management-system\/#breadcrumb\",\"itemListElement\":[{\"@type\":\"ListItem\",\"position\":1,\"name\":\"Home\",\"item\":\"https:\/\/artofinfo.eu\/en\/\"},{\"@type\":\"ListItem\",\"position\":2,\"name\":\"Produkte\",\"item\":\"https:\/\/artofinfo.eu\/en\/products\/\"},{\"@type\":\"ListItem\",\"position\":3,\"name\":\"Kundenaufrufsystem\"}]},{\"@type\":\"WebSite\",\"@id\":\"https:\/\/artofinfo.eu\/en\/#website\",\"url\":\"https:\/\/artofinfo.eu\/en\/\",\"name\":\"artofinfo\",\"description\":\"\",\"publisher\":{\"@id\":\"https:\/\/artofinfo.eu\/en\/#organization\"},\"potentialAction\":[{\"@type\":\"SearchAction\",\"target\":{\"@type\":\"EntryPoint\",\"urlTemplate\":\"https:\/\/artofinfo.eu\/en\/?s={search_term_string}\"},\"query-input\":{\"@type\":\"PropertyValueSpecification\",\"valueRequired\":true,\"valueName\":\"search_term_string\"}}],\"inLanguage\":\"de\"},{\"@type\":\"Organization\",\"@id\":\"https:\/\/artofinfo.eu\/en\/#organization\",\"name\":\"ARTofINFO Kft.\",\"url\":\"https:\/\/artofinfo.eu\/en\/\",\"logo\":{\"@type\":\"ImageObject\",\"inLanguage\":\"de\",\"@id\":\"https:\/\/artofinfo.eu\/en\/#\/schema\/logo\/image\/\",\"url\":\"https:\/\/artofinfo.eu\/wp-content\/uploads\/2023\/09\/artofinfo_logo_website.svg\",\"contentUrl\":\"https:\/\/artofinfo.eu\/wp-content\/uploads\/2023\/09\/artofinfo_logo_website.svg\",\"width\":\"1024\",\"height\":\"1024\",\"caption\":\"ARTofINFO Kft.\"},\"image\":{\"@id\":\"https:\/\/artofinfo.eu\/en\/#\/schema\/logo\/image\/\"},\"sameAs\":[\"https:\/\/www.facebook.com\/artofinfo\/\",\"https:\/\/www.instagram.com\/artofinfokft\/\",\"https:\/\/hu.linkedin.com\/company\/artofinfo\",\"https:\/\/dreamjobs.hu\/hu\/company\/artofinfo-kft\"]}]}<\/script>\n<!-- \/ Yoast SEO Premium plugin. -->","yoast_head_json":{"title":"Kundenaufrufsystem I ARTofINFO","description":"Minimiere die Wartezeit! Warteschlangenmanagementsystem f\u00fcr jeden Art von Gesch\u00e4ft. Verbesserte Wartezeit f\u00fcr Kunden und Mitarbeiter. Zeit erleichtern war niemals so einfach wie jetzt.","robots":{"index":"index","follow":"follow","max-snippet":"max-snippet:-1","max-image-preview":"max-image-preview:large","max-video-preview":"max-video-preview:-1"},"canonical":"https:\/\/artofinfo.eu\/en\/products\/queue-management-system\/","og_locale":"de_DE","og_type":"article","og_title":"Kundenaufrufsystem","og_description":"Minimiere die Wartezeit! Warteschlangenmanagementsystem f\u00fcr jeden Art von Gesch\u00e4ft. Verbesserte Wartezeit f\u00fcr Kunden und Mitarbeiter. Zeit erleichtern war niemals so einfach wie jetzt.","og_url":"https:\/\/artofinfo.eu\/en\/products\/queue-management-system\/","og_site_name":"ArtOfInfo","article_publisher":"https:\/\/www.facebook.com\/artofinfo\/","article_modified_time":"2024-04-05T07:08:12+00:00","og_image":[{"width":800,"height":694,"url":"https:\/\/artofinfo.eu\/wp-content\/uploads\/2023\/06\/egeszsegugye-fokep.png","type":"image\/png"}],"twitter_card":"summary_large_image","twitter_misc":{"Gesch\u00e4tzte Lesezeit":"3\u00a0Minuten"},"schema":{"@context":"https:\/\/schema.org","@graph":[{"@type":"WebPage","@id":"https:\/\/artofinfo.eu\/en\/products\/queue-management-system\/","url":"https:\/\/artofinfo.eu\/en\/products\/queue-management-system\/","name":"Kundenaufrufsystem I ARTofINFO","isPartOf":{"@id":"https:\/\/artofinfo.eu\/en\/#website"},"primaryImageOfPage":{"@id":"https:\/\/artofinfo.eu\/en\/products\/queue-management-system\/#primaryimage"},"image":{"@id":"https:\/\/artofinfo.eu\/en\/products\/queue-management-system\/#primaryimage"},"thumbnailUrl":"https:\/\/artofinfo.eu\/wp-content\/uploads\/2023\/06\/egeszsegugye-fokep.png","datePublished":"2024-03-21T14:12:30+00:00","dateModified":"2024-04-05T07:08:12+00:00","description":"Minimiere die Wartezeit! Warteschlangenmanagementsystem f\u00fcr jeden Art von Gesch\u00e4ft. Verbesserte Wartezeit f\u00fcr Kunden und Mitarbeiter. Zeit erleichtern war niemals so einfach wie jetzt.","breadcrumb":{"@id":"https:\/\/artofinfo.eu\/en\/products\/queue-management-system\/#breadcrumb"},"inLanguage":"de","potentialAction":[{"@type":"ReadAction","target":["https:\/\/artofinfo.eu\/en\/products\/queue-management-system\/"]}]},{"@type":"ImageObject","inLanguage":"de","@id":"https:\/\/artofinfo.eu\/en\/products\/queue-management-system\/#primaryimage","url":"https:\/\/artofinfo.eu\/wp-content\/uploads\/2023\/06\/egeszsegugye-fokep.png","contentUrl":"https:\/\/artofinfo.eu\/wp-content\/uploads\/2023\/06\/egeszsegugye-fokep.png","width":800,"height":694},{"@type":"BreadcrumbList","@id":"https:\/\/artofinfo.eu\/en\/products\/queue-management-system\/#breadcrumb","itemListElement":[{"@type":"ListItem","position":1,"name":"Home","item":"https:\/\/artofinfo.eu\/en\/"},{"@type":"ListItem","position":2,"name":"Produkte","item":"https:\/\/artofinfo.eu\/en\/products\/"},{"@type":"ListItem","position":3,"name":"Kundenaufrufsystem"}]},{"@type":"WebSite","@id":"https:\/\/artofinfo.eu\/en\/#website","url":"https:\/\/artofinfo.eu\/en\/","name":"artofinfo","description":"","publisher":{"@id":"https:\/\/artofinfo.eu\/en\/#organization"},"potentialAction":[{"@type":"SearchAction","target":{"@type":"EntryPoint","urlTemplate":"https:\/\/artofinfo.eu\/en\/?s={search_term_string}"},"query-input":{"@type":"PropertyValueSpecification","valueRequired":true,"valueName":"search_term_string"}}],"inLanguage":"de"},{"@type":"Organization","@id":"https:\/\/artofinfo.eu\/en\/#organization","name":"ARTofINFO Kft.","url":"https:\/\/artofinfo.eu\/en\/","logo":{"@type":"ImageObject","inLanguage":"de","@id":"https:\/\/artofinfo.eu\/en\/#\/schema\/logo\/image\/","url":"https:\/\/artofinfo.eu\/wp-content\/uploads\/2023\/09\/artofinfo_logo_website.svg","contentUrl":"https:\/\/artofinfo.eu\/wp-content\/uploads\/2023\/09\/artofinfo_logo_website.svg","width":"1024","height":"1024","caption":"ARTofINFO Kft."},"image":{"@id":"https:\/\/artofinfo.eu\/en\/#\/schema\/logo\/image\/"},"sameAs":["https:\/\/www.facebook.com\/artofinfo\/","https:\/\/www.instagram.com\/artofinfokft\/","https:\/\/hu.linkedin.com\/company\/artofinfo","https:\/\/dreamjobs.hu\/hu\/company\/artofinfo-kft"]}]}},"_links":{"self":[{"href":"https:\/\/artofinfo.eu\/de\/wp-json\/wp\/v2\/pages\/11693","targetHints":{"allow":["GET"]}}],"collection":[{"href":"https:\/\/artofinfo.eu\/de\/wp-json\/wp\/v2\/pages"}],"about":[{"href":"https:\/\/artofinfo.eu\/de\/wp-json\/wp\/v2\/types\/page"}],"author":[{"embeddable":true,"href":"https:\/\/artofinfo.eu\/de\/wp-json\/wp\/v2\/users\/123457"}],"replies":[{"embeddable":true,"href":"https:\/\/artofinfo.eu\/de\/wp-json\/wp\/v2\/comments?post=11693"}],"version-history":[{"count":7,"href":"https:\/\/artofinfo.eu\/de\/wp-json\/wp\/v2\/pages\/11693\/revisions"}],"predecessor-version":[{"id":11923,"href":"https:\/\/artofinfo.eu\/de\/wp-json\/wp\/v2\/pages\/11693\/revisions\/11923"}],"up":[{"embeddable":true,"href":"https:\/\/artofinfo.eu\/de\/wp-json\/wp\/v2\/pages\/11640"}],"wp:featuredmedia":[{"embeddable":true,"href":"https:\/\/artofinfo.eu\/de\/wp-json\/wp\/v2\/media\/9233"}],"wp:attachment":[{"href":"https:\/\/artofinfo.eu\/de\/wp-json\/wp\/v2\/media?parent=11693"}],"curies":[{"name":"wp","href":"https:\/\/api.w.org\/{rel}","templated":true}]}}