{"id":11226,"date":"2024-03-05T10:53:33","date_gmt":"2024-03-05T08:53:33","guid":{"rendered":"https:\/\/artofinfo.local\/unsere-dienstleistungen\/low-code-no-code-anwendungsentwicklung\/"},"modified":"2025-04-10T14:35:42","modified_gmt":"2025-04-10T12:35:42","slug":"low-code-no-code-anwendungsentwicklung","status":"publish","type":"page","link":"https:\/\/artofinfo.eu\/de\/unsere-dienstleistungen\/low-code-no-code-anwendungsentwicklung\/","title":{"rendered":"Low-Code-\/No-Code-Anwendungsentwicklung"},"content":{"rendered":"<section class=\"l-section wpb_row us_custom_2adc5bab height_medium with_img parallax_ver with_shape\"><div class=\"l-section-img\" data-img-width=\"2000\" data-img-height=\"1217\" style=\"background-image: url(https:\/\/artofinfo.eu\/wp-content\/uploads\/2024\/01\/usiness-people-meeting-discuss-situation-marketing.jpg);background-repeat: no-repeat;\"><\/div><div class=\"l-section-overlay\" style=\"background:rgba(4,157,253,0.80)\"><\/div><div class=\"l-section-shape type_triangle pos_bottom\" style=\"height:10vmin;\"><svg xmlns=\"http:\/\/www.w3.org\/2000\/svg\" viewBox=\"0 0 64 8\" preserveAspectRatio=\"none\" width=\"100%\" height=\"100%\">\n\t<path fill=\"currentColor\" d=\"M64 8 L0 8 L0 0 L32 7.9 L64 0 Z\"\/>\n<\/svg><\/div><div class=\"l-section-h i-cf\"><div class=\"g-cols vc_row via_flex valign_top type_default stacking_default\"><div class=\"vc_col-sm-12 wpb_column vc_column_container\"><div class=\"vc_column-inner\"><div class=\"wpb_wrapper\">[vc_custom_heading text=&#8220;Low-Code-\/No-Code-Anwendungsentwicklung&#8220; font_container=&#8220;tag:h1|text_align:center&#8220; use_theme_fonts=&#8220;yes&#8220; css=&#8220;%7B%22default%22%3A%7B%22color%22%3A%22_header_middle_bg%22%2C%22text-align%22%3A%22center%22%2C%22margin-top%22%3A%222rem%22%7D%7D&#8220;][vc_custom_heading text=&#8220;\u00dcbernimm die Kontrolle und skaliere Dein Unternehmen mit codearme Anwendungsentwicklung!&#8220; font_container=&#8220;tag:p|font_size:1.2rem|text_align:center&#8220; use_theme_fonts=&#8220;yes&#8220; css=&#8220;%7B%22default%22%3A%7B%22color%22%3A%22_header_middle_bg%22%2C%22text-align%22%3A%22center%22%2C%22font-size%22%3A%221.2rem%22%2C%22margin-bottom%22%3A%222rem%22%7D%7D&#8220;]<div class=\"w-image us_custom_f5c0d89d align_none\"><div class=\"w-image-h\"><img decoding=\"async\" src=\"https:\/\/artofinfo.eu\/wp-content\/uploads\/2023\/09\/elvalaszto-piros.svg\" class=\"attachment-full size-full\" alt=\"\" \/><\/div><\/div><\/div><\/div><\/div><\/div><\/div><\/section><section class=\"l-section wpb_row height_medium\"><div class=\"l-section-h i-cf\"><div class=\"g-cols vc_row via_flex valign_top type_default stacking_default\"><div class=\"vc_col-sm-12 wpb_column vc_column_container\"><div class=\"vc_column-inner us_custom_92b2762d\"><div class=\"wpb_wrapper\">[vc_custom_heading text=&#8220;Mendix ist eine Low-Code-Plattform, mit der Du schnell und einfach Anwendungen entsprechend deinen Gesch\u00e4ftsanforderungen erstellen kannst Mit minimalem Programmieraufwand kannst Du Gesch\u00e4ftsanwendungen auf jedem Ger\u00e4t und \u00fcber jeden Kanal entwickeln, testen und bereitstellen.&#8220; font_container=&#8220;tag:p|font_size:1.2rem|text_align:justify&#8220; use_theme_fonts=&#8220;yes&#8220; css=&#8220;%7B%22default%22%3A%7B%22font-weight%22%3A%22400%22%2C%22margin-top%22%3A%222rem%22%2C%22margin-bottom%22%3A%222rem%22%7D%7D&#8220;]<\/div><\/div><\/div><div class=\"vc_col-sm-12 wpb_column vc_column_container\"><div class=\"vc_column-inner\"><div class=\"wpb_wrapper\">[vc_custom_heading text=&#8220;Die Vorteile von Low-Code und wie es Unternehmen jeder Gr\u00f6\u00dfe zum Erfolg im digitalen Zeitalter verhelfen kann:&#8220; font_container=&#8220;tag:h4|text_align:center&#8220; use_theme_fonts=&#8220;yes&#8220; css=&#8220;%7B%22default%22%3A%7B%22font-weight%22%3A%22800%22%2C%22margin-bottom%22%3A%222rem%22%7D%7D&#8220;]<\/div><\/div><\/div><div class=\"vc_col-sm-12 wpb_column vc_column_container\"><div class=\"vc_column-inner\"><div class=\"wpb_wrapper\"><div class=\"g-cols wpb_row us_custom_938809ae via_flex valign_middle type_default stacking_default\" style=\"--additional-gap:1.5rem;\"><div class=\"vc_col-sm-4 wpb_column vc_column_container has_bg_color\"><div class=\"vc_column-inner us_custom_6e707dfc\"><div class=\"wpb_wrapper\">[vc_custom_heading text=&#8220;Eine effiziente und schnelle L\u00f6sung f\u00fcr kontinuierliche \u00c4nderungen und Gesch\u00e4ftsanforderungen.&#8220; font_container=&#8220;tag:p|text_align:center&#8220; use_theme_fonts=&#8220;yes&#8220; css=&#8220;%7B%22default%22%3A%7B%22color%22%3A%22_header_middle_bg%22%2C%22text-align%22%3A%22center%22%2C%22margin-top%22%3A%222rem%22%2C%22margin-bottom%22%3A%222rem%22%7D%7D&#8220;]<\/div><\/div><\/div><div class=\"vc_col-sm-4 wpb_column vc_column_container has_bg_color\"><div class=\"vc_column-inner us_custom_6e707dfc\"><div class=\"wpb_wrapper\">[vc_custom_heading text=&#8220;Der Fokus liegt auf der L\u00f6sung gesch\u00e4ftlicher Probleme statt auf der technischen Umsetzung.&#8220; font_container=&#8220;tag:p|text_align:center&#8220; use_theme_fonts=&#8220;yes&#8220; css=&#8220;%7B%22default%22%3A%7B%22color%22%3A%22_header_middle_bg%22%2C%22text-align%22%3A%22center%22%2C%22margin-top%22%3A%222rem%22%2C%22margin-bottom%22%3A%222rem%22%7D%7D&#8220;]<\/div><\/div><\/div><div class=\"vc_col-sm-4 wpb_column vc_column_container has_bg_color\"><div class=\"vc_column-inner us_custom_6e707dfc\"><div class=\"wpb_wrapper\">[vc_custom_heading text=&#8220;Die Plattform gew\u00e4hrleistet ein h\u00f6heres Ma\u00df an Datenschutz und Sicherheit.&#8220; font_container=&#8220;tag:p|text_align:center&#8220; use_theme_fonts=&#8220;yes&#8220; css=&#8220;%7B%22default%22%3A%7B%22color%22%3A%22_header_middle_bg%22%2C%22text-align%22%3A%22center%22%2C%22margin-top%22%3A%222rem%22%2C%22margin-bottom%22%3A%222rem%22%7D%7D&#8220;]<\/div><\/div><\/div><div class=\"vc_col-sm-4 wpb_column vc_column_container has_bg_color\"><div class=\"vc_column-inner us_custom_6e707dfc\"><div class=\"wpb_wrapper\">[vc_custom_heading text=&#8220;Neue Programmversionen werden einfach und schnell installiert.&#8220; font_container=&#8220;tag:p|text_align:center&#8220; use_theme_fonts=&#8220;yes&#8220; css=&#8220;%7B%22default%22%3A%7B%22color%22%3A%22_header_middle_bg%22%2C%22text-align%22%3A%22center%22%2C%22margin-top%22%3A%222rem%22%2C%22margin-bottom%22%3A%222rem%22%7D%7D&#8220;]<\/div><\/div><\/div><div class=\"vc_col-sm-4 wpb_column vc_column_container has_bg_color\"><div class=\"vc_column-inner us_custom_6e707dfc\"><div class=\"wpb_wrapper\">[vc_custom_heading text=&#8220;Digitale Produkte und Dienstleistungen gelangen schneller auf den Markt.&#8220; font_container=&#8220;tag:p|text_align:center&#8220; use_theme_fonts=&#8220;yes&#8220; css=&#8220;%7B%22default%22%3A%7B%22color%22%3A%22_header_middle_bg%22%2C%22text-align%22%3A%22center%22%2C%22margin-top%22%3A%222rem%22%2C%22margin-bottom%22%3A%222rem%22%7D%7D&#8220;]<\/div><\/div><\/div><div class=\"vc_col-sm-4 wpb_column vc_column_container has_bg_color\"><div class=\"vc_column-inner us_custom_6e707dfc\"><div class=\"wpb_wrapper\">[vc_custom_heading text=&#8220;Durch die k\u00fcrzere Entwicklungszeit reduzieren sich die Entwicklungskosten.&#8220; font_container=&#8220;tag:p|text_align:center&#8220; use_theme_fonts=&#8220;yes&#8220; css=&#8220;%7B%22default%22%3A%7B%22color%22%3A%22_header_middle_bg%22%2C%22text-align%22%3A%22center%22%2C%22margin-top%22%3A%222rem%22%2C%22margin-bottom%22%3A%222rem%22%7D%7D&#8220;]<\/div><\/div><\/div><\/div><\/div><\/div><\/div><\/div><\/div><\/section><section class=\"l-section wpb_row height_medium with_img parallax_ver with_shape\"><div class=\"l-section-img\" data-img-width=\"3247\" data-img-height=\"3247\" style=\"background-image: url(https:\/\/artofinfo.eu\/wp-content\/uploads\/2023\/11\/A-Vilaghaloval-kifoghato-aranyhalak-szamanak-meghatarozasa-algoritmussal-80x80-380000Ft.jpg);\"><\/div><div class=\"l-section-overlay\" style=\"background:rgba(4,157,253,0.80)\"><\/div><div class=\"l-section-shape type_triangle-2-inv pos_top\" style=\"height:10vmin;\"><svg xmlns=\"http:\/\/www.w3.org\/2000\/svg\" viewBox=\"0 0 64 8\" preserveAspectRatio=\"none\" width=\"100%\" height=\"100%\">\n\t<path fill=\"currentColor\" d=\"M64 9 L0 9 L0 7.9 L48 0 L64 7.9 Z\"\/>\n<\/svg><\/div><div class=\"l-section-shape type_triangle-2 pos_bottom hor_flip\" style=\"height:10vmin;\"><svg xmlns=\"http:\/\/www.w3.org\/2000\/svg\" viewBox=\"0 0 64 8\" preserveAspectRatio=\"none\" width=\"100%\" height=\"100%\">\n\t<path fill=\"currentColor\" d=\"M64 8 L0 8 L0 0 L48 7.9 L64 0 Z\"\/>\n<\/svg><\/div><div class=\"l-section-h i-cf\"><div class=\"g-cols vc_row via_flex valign_top type_default stacking_default\"><div class=\"vc_col-sm-12 wpb_column vc_column_container\"><div class=\"vc_column-inner\"><div class=\"wpb_wrapper\"><div class=\"w-separator size_large\"><\/div>[vc_custom_heading text=&#8220;Bereichere die digitale Customer Journey, indem die Anwendungsentwicklung vereinfacht wird.&#8220; font_container=&#8220;tag:h3|text_align:center&#8220; use_theme_fonts=&#8220;yes&#8220; css=&#8220;%7B%22default%22%3A%7B%22color%22%3A%22_header_middle_bg%22%2C%22font-weight%22%3A%22800%22%2C%22margin-bottom%22%3A%222rem%22%7D%7D&#8220;]<div class=\"w-image us_custom_f5c0d89d align_none\"><div class=\"w-image-h\"><img decoding=\"async\" src=\"https:\/\/artofinfo.eu\/wp-content\/uploads\/2023\/09\/elvalaszto-sarga-1.svg\" class=\"attachment-full size-full\" alt=\"\" \/><\/div><\/div><div class=\"w-separator size_large\"><\/div><\/div><\/div><\/div><\/div><\/div><\/section><section class=\"l-section wpb_row height_medium\"><div class=\"l-section-h i-cf\"><div class=\"g-cols vc_row via_flex valign_top type_default stacking_default\"><div class=\"vc_col-sm-12 wpb_column vc_column_container\"><div class=\"vc_column-inner us_custom_4f24afa8\"><div class=\"wpb_wrapper\">[vc_custom_heading text=&#8220;Mit unserem Team helfen wir bei der schl\u00fcsselfertigen Implementierung von Low-Code-\/No-Code-L\u00f6sungen oder der m\u00f6glichen Anpassung, Integration oder Weiterentwicklung von Low-Code-L\u00f6sungen unserer Kunden.&#8220; font_container=&#8220;tag:p|font_size:1.2rem|text_align:justify&#8220; use_theme_fonts=&#8220;yes&#8220; css=&#8220;%7B%22default%22%3A%7B%22font-weight%22%3A%22400%22%2C%22margin-top%22%3A%222rem%22%2C%22margin-bottom%22%3A%222rem%22%7D%7D&#8220;]<\/div><\/div><\/div><div class=\"vc_col-sm-6 wpb_column vc_column_container\"><div class=\"vc_column-inner\"><div class=\"wpb_wrapper\">[vc_custom_heading text=&#8220;PROZESSE&#8220; font_container=&#8220;tag:h4|text_align:left|color:%23ffffff&#8220; use_theme_fonts=&#8220;yes&#8220; css=&#8220;%7B%22default%22%3A%7B%22font-weight%22%3A%22800%22%2C%22text-transform%22%3A%22uppercase%22%2C%22background-color%22%3A%22%23F1B517%22%2C%22padding-left%22%3A%2230px%22%2C%22padding-top%22%3A%2210px%22%2C%22padding-bottom%22%3A%2210px%22%2C%22padding-right%22%3A%2210px%22%7D%7D&#8220;]<div class=\"wpb_text_column us_custom_15a09563\"><div class=\"wpb_wrapper\"><ul>\n<li><span data-contrast=\"none\">Bedarf Beurteilung<\/span><\/li>\n<li><span data-contrast=\"none\">System-Design<\/span><\/li>\n<li><span data-contrast=\"none\">Prototyp entwickeln<\/span><\/li>\n<li><span data-contrast=\"none\">Implementierung<\/span><\/li>\n<li><span data-contrast=\"none\">Pr\u00fcfung und Qualit\u00e4tssicherung<\/span><\/li>\n<li><span data-contrast=\"none\">Wartung und Support<\/span><\/li>\n<\/ul>\n<\/div><\/div><\/div><\/div><\/div><div class=\"vc_col-sm-6 wpb_column vc_column_container\"><div class=\"vc_column-inner\"><div class=\"wpb_wrapper\">[vc_custom_heading text=&#8220;ERGEBNISSE&#8220; font_container=&#8220;tag:h4|text_align:left|color:%23ffffff&#8220; use_theme_fonts=&#8220;yes&#8220; css=&#8220;%7B%22default%22%3A%7B%22font-weight%22%3A%22800%22%2C%22text-transform%22%3A%22uppercase%22%2C%22background-color%22%3A%22%231fba00%22%2C%22padding-left%22%3A%2230px%22%2C%22padding-top%22%3A%2210px%22%2C%22padding-bottom%22%3A%2210px%22%2C%22padding-right%22%3A%2210px%22%7D%7D&#8220;]<div class=\"wpb_text_column us_custom_d30e4c0c\"><div class=\"wpb_wrapper\"><ul>\n<li><span data-contrast=\"none\">Beschleunigung der digitalen Transformation<\/span><\/li>\n<li><span data-contrast=\"none\">Reduzierte Digitalisierungskosten<\/span><\/li>\n<li><span data-contrast=\"none\">Die Abh\u00e4ngigkeit von Lieferanten wird verringert<\/span><\/li>\n<li><span data-contrast=\"none\">Die Softwarequalit\u00e4t wird verbessert<\/span><\/li>\n<li><span data-contrast=\"none\">Schnellere Anpassung bei \u00c4nderungen in Ihren Prozessen<\/span><\/li>\n<li><span data-contrast=\"none\">Automatisierte Gesch\u00e4ftsprozesse von Anfang bis Ende<\/span><\/li>\n<\/ul>\n<\/div><\/div><\/div><\/div><\/div><div class=\"vc_col-sm-12 wpb_column vc_column_container\"><div class=\"vc_column-inner us_custom_cdf14ffd\"><div class=\"wpb_wrapper\"><div class=\"w-actionbox color_primary controls_right\"><div class=\"w-actionbox-text\"><div class=\"w-actionbox-description\"><p><span class=\"TextRun SCXW237789878 BCX0\" lang=\"DE-DE\" xml:lang=\"DE-DE\" data-contrast=\"none\"><strong><span class=\"NormalTextRun SCXW237789878 BCX0\">Wir <\/span><span class=\"NormalTextRun SCXW237789878 BCX0\">empfehlen<\/span><span class=\"NormalTextRun SCXW237789878 BCX0\"> den <\/span><span class=\"NormalTextRun SCXW237789878 BCX0\">Einsatz<\/span><span class=\"NormalTextRun SCXW237789878 BCX0\"> von Low-Code-<\/span><span class=\"NormalTextRun SCXW237789878 BCX0\">L\u00f6sungen<\/span><span class=\"NormalTextRun SCXW237789878 BCX0\"> in <\/span><span class=\"NormalTextRun SCXW237789878 BCX0\">Dein<\/span><span class=\"NormalTextRun SCXW237789878 BCX0\">em<\/span> <span class=\"NormalTextRun SCXW237789878 BCX0\">Unternehmen<\/span><\/strong><span class=\"NormalTextRun SCXW237789878 BCX0\">, <\/span><span class=\"NormalTextRun SCXW237789878 BCX0\">wenn<\/span> <span class=\"NormalTextRun SCXW237789878 BCX0\">Dir<\/span><span class=\"NormalTextRun SCXW237789878 BCX0\"> die <\/span><span class=\"NormalTextRun SCXW237789878 BCX0\">Digitalisierung<\/span> <span class=\"NormalTextRun SCXW237789878 BCX0\">deine<\/span><span class=\"NormalTextRun SCXW237789878 BCX0\">s<\/span> <span class=\"NormalTextRun SCXW237789878 BCX0\">Unternehmens<\/span> <span class=\"NormalTextRun SCXW237789878 BCX0\">wichtig<\/span> <span class=\"NormalTextRun SCXW237789878 BCX0\">ist<\/span><span class=\"NormalTextRun SCXW237789878 BCX0\"> und <\/span><span class=\"NormalTextRun SCXW237789878 BCX0\">Du<\/span> <span class=\"NormalTextRun SCXW237789878 BCX0\">neben<\/span><span class=\"NormalTextRun SCXW237789878 BCX0\"> der <\/span><span class=\"NormalTextRun SCXW237789878 BCX0\">Aktualit\u00e4t<\/span> <span class=\"NormalTextRun SCXW237789878 BCX0\">auch<\/span> <span class=\"NormalTextRun SCXW237789878 BCX0\">im<\/span> <span class=\"NormalTextRun SCXW237789878 BCX0\">harten<\/span> <span class=\"NormalTextRun SCXW237789878 BCX0\">Wettbewerb<\/span><span class=\"NormalTextRun SCXW237789878 BCX0\"> am Markt <\/span><span class=\"NormalTextRun SCXW237789878 BCX0\">effizient<\/span><span class=\"NormalTextRun SCXW237789878 BCX0\"> sein und <\/span><span class=\"NormalTextRun SCXW237789878 BCX0\">gleichzeitig<\/span><span class=\"NormalTextRun SCXW237789878 BCX0\"> das Kundenerlebnis und die <\/span><span class=\"NormalTextRun SCXW237789878 BCX0\">Mitarbeiterzufriedenheit<\/span> <span class=\"NormalTextRun SCXW237789878 BCX0\">verbessern<\/span> <span class=\"NormalTextRun SCXW237789878 BCX0\">m\u00f6chte<\/span><span class=\"NormalTextRun SCXW237789878 BCX0\">st<\/span><span class=\"NormalTextRun SCXW237789878 BCX0\">.<\/span><\/span><span class=\"EOP SCXW237789878 BCX0\" data-ccp-props=\"{&quot;335551550&quot;:6,&quot;335551620&quot;:6}\">\u00a0<\/span><\/p>\n<\/div><\/div><div class=\"w-actionbox-controls\"><a class=\"w-btn us-btn-style_1 icon_atleft\" href=\"https:\/\/artofinfo.eu\/de\/kostenlose-beratung\/\" style=\"font-size:1.5rem;\"><i class=\"fas fa-step-forward\"><\/i><span class=\"w-btn-label\">Ich bitte um die Demo!<\/span><\/a><\/div><\/div><\/div><\/div><\/div><\/div><\/div><\/section>\n","protected":false},"excerpt":{"rendered":"[vc_custom_heading text=\"Low-Code-\/No-Code-Anwendungsentwicklung\" font_container=\"tag:h1|text_align:center\" use_theme_fonts=\"yes\" css=\"%7B%22default%22%3A%7B%22color%22%3A%22_header_middle_bg%22%2C%22text-align%22%3A%22center%22%2C%22margin-top%22%3A%222rem%22%7D%7D\"][vc_custom_heading text=\"\u00dcbernimm die Kontrolle und skaliere Dein Unternehmen mit codearme Anwendungsentwicklung!\" font_container=\"tag:p|font_size:1.2rem|text_align:center\" use_theme_fonts=\"yes\" css=\"%7B%22default%22%3A%7B%22color%22%3A%22_header_middle_bg%22%2C%22text-align%22%3A%22center%22%2C%22font-size%22%3A%221.2rem%22%2C%22margin-bottom%22%3A%222rem%22%7D%7D\"][vc_custom_heading text=\"Mendix ist eine Low-Code-Plattform, mit der Du schnell und einfach Anwendungen entsprechend deinen Gesch\u00e4ftsanforderungen erstellen kannst Mit minimalem Programmieraufwand kannst Du Gesch\u00e4ftsanwendungen auf jedem Ger\u00e4t und \u00fcber jeden Kanal entwickeln, testen und bereitstellen.\" font_container=\"tag:p|font_size:1.2rem|text_align:justify\" use_theme_fonts=\"yes\" css=\"%7B%22default%22%3A%7B%22font-weight%22%3A%22400%22%2C%22margin-top%22%3A%222rem%22%2C%22margin-bottom%22%3A%222rem%22%7D%7D\"][vc_custom_heading text=\"Die...","protected":false},"author":123457,"featured_media":0,"parent":9363,"menu_order":0,"comment_status":"closed","ping_status":"closed","template":"","meta":{"_acf_changed":false,"footnotes":""},"class_list":["post-11226","page","type-page","status-publish","hentry"],"acf":[],"yoast_head":"<!-- This site is optimized with the Yoast SEO Premium plugin v24.7 (Yoast SEO v24.7) - https:\/\/yoast.com\/wordpress\/plugins\/seo\/ -->\n<title>Low-Code \/ No-Code-Anwendungsentwicklung I ARTofINFO<\/title>\n<meta name=\"description\" content=\"\u00dcbernimm die Kontrolle und skaliere Dein Unternehmen mit codearme Anwendungsentwicklung!\" \/>\n<meta name=\"robots\" content=\"index, follow, max-snippet:-1, max-image-preview:large, max-video-preview:-1\" \/>\n<link rel=\"canonical\" href=\"https:\/\/artofinfo.eu\/de\/unsere-dienstleistungen\/low-code-no-code-anwendungsentwicklung\/\" \/>\n<meta property=\"og:locale\" content=\"de_DE\" \/>\n<meta property=\"og:type\" content=\"article\" \/>\n<meta property=\"og:title\" content=\"Low-Code-\/No-Code-Anwendungsentwicklung\" \/>\n<meta property=\"og:description\" content=\"\u00dcbernimm die Kontrolle und skaliere Dein Unternehmen mit codearme Anwendungsentwicklung!\" \/>\n<meta property=\"og:url\" content=\"https:\/\/artofinfo.eu\/de\/unsere-dienstleistungen\/low-code-no-code-anwendungsentwicklung\/\" \/>\n<meta property=\"og:site_name\" content=\"ArtOfInfo\" \/>\n<meta property=\"article:publisher\" content=\"https:\/\/www.facebook.com\/artofinfo\/\" \/>\n<meta property=\"article:modified_time\" content=\"2025-04-10T12:35:42+00:00\" \/>\n<meta name=\"twitter:card\" content=\"summary_large_image\" \/>\n<meta name=\"twitter:label1\" content=\"Gesch\u00e4tzte Lesezeit\" \/>\n\t<meta name=\"twitter:data1\" content=\"3\u00a0Minuten\" \/>\n<script type=\"application\/ld+json\" class=\"yoast-schema-graph\">{\"@context\":\"https:\/\/schema.org\",\"@graph\":[{\"@type\":\"WebPage\",\"@id\":\"https:\/\/artofinfo.eu\/de\/unsere-dienstleistungen\/low-code-no-code-anwendungsentwicklung\/\",\"url\":\"https:\/\/artofinfo.eu\/de\/unsere-dienstleistungen\/low-code-no-code-anwendungsentwicklung\/\",\"name\":\"Low-Code \/ No-Code-Anwendungsentwicklung I ARTofINFO\",\"isPartOf\":{\"@id\":\"https:\/\/artofinfo.eu\/en\/#website\"},\"datePublished\":\"2024-03-05T08:53:33+00:00\",\"dateModified\":\"2025-04-10T12:35:42+00:00\",\"description\":\"\u00dcbernimm die Kontrolle und skaliere Dein Unternehmen mit codearme Anwendungsentwicklung!\",\"breadcrumb\":{\"@id\":\"https:\/\/artofinfo.eu\/de\/unsere-dienstleistungen\/low-code-no-code-anwendungsentwicklung\/#breadcrumb\"},\"inLanguage\":\"de\",\"potentialAction\":[{\"@type\":\"ReadAction\",\"target\":[\"https:\/\/artofinfo.eu\/de\/unsere-dienstleistungen\/low-code-no-code-anwendungsentwicklung\/\"]}]},{\"@type\":\"BreadcrumbList\",\"@id\":\"https:\/\/artofinfo.eu\/de\/unsere-dienstleistungen\/low-code-no-code-anwendungsentwicklung\/#breadcrumb\",\"itemListElement\":[{\"@type\":\"ListItem\",\"position\":1,\"name\":\"Home\",\"item\":\"https:\/\/artofinfo.eu\/en\/\"},{\"@type\":\"ListItem\",\"position\":2,\"name\":\"Unsere Dienstleistungen\",\"item\":\"https:\/\/artofinfo.eu\/en\/services\/\"},{\"@type\":\"ListItem\",\"position\":3,\"name\":\"Low-Code-\/No-Code-Anwendungsentwicklung\"}]},{\"@type\":\"WebSite\",\"@id\":\"https:\/\/artofinfo.eu\/en\/#website\",\"url\":\"https:\/\/artofinfo.eu\/en\/\",\"name\":\"artofinfo\",\"description\":\"\",\"publisher\":{\"@id\":\"https:\/\/artofinfo.eu\/en\/#organization\"},\"potentialAction\":[{\"@type\":\"SearchAction\",\"target\":{\"@type\":\"EntryPoint\",\"urlTemplate\":\"https:\/\/artofinfo.eu\/en\/?s={search_term_string}\"},\"query-input\":{\"@type\":\"PropertyValueSpecification\",\"valueRequired\":true,\"valueName\":\"search_term_string\"}}],\"inLanguage\":\"de\"},{\"@type\":\"Organization\",\"@id\":\"https:\/\/artofinfo.eu\/en\/#organization\",\"name\":\"ARTofINFO Kft.\",\"url\":\"https:\/\/artofinfo.eu\/en\/\",\"logo\":{\"@type\":\"ImageObject\",\"inLanguage\":\"de\",\"@id\":\"https:\/\/artofinfo.eu\/en\/#\/schema\/logo\/image\/\",\"url\":\"https:\/\/artofinfo.eu\/wp-content\/uploads\/2023\/09\/artofinfo_logo_website.svg\",\"contentUrl\":\"https:\/\/artofinfo.eu\/wp-content\/uploads\/2023\/09\/artofinfo_logo_website.svg\",\"width\":\"1024\",\"height\":\"1024\",\"caption\":\"ARTofINFO Kft.\"},\"image\":{\"@id\":\"https:\/\/artofinfo.eu\/en\/#\/schema\/logo\/image\/\"},\"sameAs\":[\"https:\/\/www.facebook.com\/artofinfo\/\",\"https:\/\/www.instagram.com\/artofinfokft\/\",\"https:\/\/hu.linkedin.com\/company\/artofinfo\",\"https:\/\/dreamjobs.hu\/hu\/company\/artofinfo-kft\"]}]}<\/script>\n<!-- \/ Yoast SEO Premium plugin. -->","yoast_head_json":{"title":"Low-Code \/ No-Code-Anwendungsentwicklung I ARTofINFO","description":"\u00dcbernimm die Kontrolle und skaliere Dein Unternehmen mit codearme Anwendungsentwicklung!","robots":{"index":"index","follow":"follow","max-snippet":"max-snippet:-1","max-image-preview":"max-image-preview:large","max-video-preview":"max-video-preview:-1"},"canonical":"https:\/\/artofinfo.eu\/de\/unsere-dienstleistungen\/low-code-no-code-anwendungsentwicklung\/","og_locale":"de_DE","og_type":"article","og_title":"Low-Code-\/No-Code-Anwendungsentwicklung","og_description":"\u00dcbernimm die Kontrolle und skaliere Dein Unternehmen mit codearme Anwendungsentwicklung!","og_url":"https:\/\/artofinfo.eu\/de\/unsere-dienstleistungen\/low-code-no-code-anwendungsentwicklung\/","og_site_name":"ArtOfInfo","article_publisher":"https:\/\/www.facebook.com\/artofinfo\/","article_modified_time":"2025-04-10T12:35:42+00:00","twitter_card":"summary_large_image","twitter_misc":{"Gesch\u00e4tzte Lesezeit":"3\u00a0Minuten"},"schema":{"@context":"https:\/\/schema.org","@graph":[{"@type":"WebPage","@id":"https:\/\/artofinfo.eu\/de\/unsere-dienstleistungen\/low-code-no-code-anwendungsentwicklung\/","url":"https:\/\/artofinfo.eu\/de\/unsere-dienstleistungen\/low-code-no-code-anwendungsentwicklung\/","name":"Low-Code \/ No-Code-Anwendungsentwicklung I ARTofINFO","isPartOf":{"@id":"https:\/\/artofinfo.eu\/en\/#website"},"datePublished":"2024-03-05T08:53:33+00:00","dateModified":"2025-04-10T12:35:42+00:00","description":"\u00dcbernimm die Kontrolle und skaliere Dein Unternehmen mit codearme Anwendungsentwicklung!","breadcrumb":{"@id":"https:\/\/artofinfo.eu\/de\/unsere-dienstleistungen\/low-code-no-code-anwendungsentwicklung\/#breadcrumb"},"inLanguage":"de","potentialAction":[{"@type":"ReadAction","target":["https:\/\/artofinfo.eu\/de\/unsere-dienstleistungen\/low-code-no-code-anwendungsentwicklung\/"]}]},{"@type":"BreadcrumbList","@id":"https:\/\/artofinfo.eu\/de\/unsere-dienstleistungen\/low-code-no-code-anwendungsentwicklung\/#breadcrumb","itemListElement":[{"@type":"ListItem","position":1,"name":"Home","item":"https:\/\/artofinfo.eu\/en\/"},{"@type":"ListItem","position":2,"name":"Unsere Dienstleistungen","item":"https:\/\/artofinfo.eu\/en\/services\/"},{"@type":"ListItem","position":3,"name":"Low-Code-\/No-Code-Anwendungsentwicklung"}]},{"@type":"WebSite","@id":"https:\/\/artofinfo.eu\/en\/#website","url":"https:\/\/artofinfo.eu\/en\/","name":"artofinfo","description":"","publisher":{"@id":"https:\/\/artofinfo.eu\/en\/#organization"},"potentialAction":[{"@type":"SearchAction","target":{"@type":"EntryPoint","urlTemplate":"https:\/\/artofinfo.eu\/en\/?s={search_term_string}"},"query-input":{"@type":"PropertyValueSpecification","valueRequired":true,"valueName":"search_term_string"}}],"inLanguage":"de"},{"@type":"Organization","@id":"https:\/\/artofinfo.eu\/en\/#organization","name":"ARTofINFO Kft.","url":"https:\/\/artofinfo.eu\/en\/","logo":{"@type":"ImageObject","inLanguage":"de","@id":"https:\/\/artofinfo.eu\/en\/#\/schema\/logo\/image\/","url":"https:\/\/artofinfo.eu\/wp-content\/uploads\/2023\/09\/artofinfo_logo_website.svg","contentUrl":"https:\/\/artofinfo.eu\/wp-content\/uploads\/2023\/09\/artofinfo_logo_website.svg","width":"1024","height":"1024","caption":"ARTofINFO Kft."},"image":{"@id":"https:\/\/artofinfo.eu\/en\/#\/schema\/logo\/image\/"},"sameAs":["https:\/\/www.facebook.com\/artofinfo\/","https:\/\/www.instagram.com\/artofinfokft\/","https:\/\/hu.linkedin.com\/company\/artofinfo","https:\/\/dreamjobs.hu\/hu\/company\/artofinfo-kft"]}]}},"_links":{"self":[{"href":"https:\/\/artofinfo.eu\/de\/wp-json\/wp\/v2\/pages\/11226","targetHints":{"allow":["GET"]}}],"collection":[{"href":"https:\/\/artofinfo.eu\/de\/wp-json\/wp\/v2\/pages"}],"about":[{"href":"https:\/\/artofinfo.eu\/de\/wp-json\/wp\/v2\/types\/page"}],"author":[{"embeddable":true,"href":"https:\/\/artofinfo.eu\/de\/wp-json\/wp\/v2\/users\/123457"}],"replies":[{"embeddable":true,"href":"https:\/\/artofinfo.eu\/de\/wp-json\/wp\/v2\/comments?post=11226"}],"version-history":[{"count":5,"href":"https:\/\/artofinfo.eu\/de\/wp-json\/wp\/v2\/pages\/11226\/revisions"}],"predecessor-version":[{"id":14100,"href":"https:\/\/artofinfo.eu\/de\/wp-json\/wp\/v2\/pages\/11226\/revisions\/14100"}],"up":[{"embeddable":true,"href":"https:\/\/artofinfo.eu\/de\/wp-json\/wp\/v2\/pages\/9363"}],"wp:attachment":[{"href":"https:\/\/artofinfo.eu\/de\/wp-json\/wp\/v2\/media?parent=11226"}],"curies":[{"name":"wp","href":"https:\/\/api.w.org\/{rel}","templated":true}]}}